{"id":13465,"date":"2024-09-27T13:52:58","date_gmt":"2024-09-27T13:52:58","guid":{"rendered":"https:\/\/trojan-lighting.co.uk\/beleuchtung-fuer-bildungsumgebungen\/"},"modified":"2024-11-20T10:40:27","modified_gmt":"2024-11-20T10:40:27","slug":"beleuchtung-fuer-bildungsumgebungen","status":"publish","type":"page","link":"https:\/\/trojan-lighting.co.uk\/de\/sektoren\/beleuchtung-fuer-bildungsumgebungen\/","title":{"rendered":"Beleuchtung f\u00fcr Bildungsumgebungen"},"content":{"rendered":"\t\t<div data-elementor-type=\"wp-post\" data-elementor-id=\"13465\" class=\"elementor elementor-13465 elementor-6854\" data-elementor-post-type=\"page\">\n\t\t\t\t<div class=\"elementor-element elementor-element-5de69904 e-con-full e-flex e-con e-parent\" data-id=\"5de69904\" data-element_type=\"container\" data-e-type=\"container\" data-settings=\"{&quot;background_background&quot;:&quot;classic&quot;}\">\n\t\t\t\t<div class=\"elementor-element elementor-element-1a5f76ad elementor-widget elementor-widget-heading\" data-id=\"1a5f76ad\" data-element_type=\"widget\" data-e-type=\"widget\" data-widget_type=\"heading.default\">\n\t\t\t\t<div class=\"elementor-widget-container\">\n\t\t\t\t\t<h1 class=\"elementor-heading-title elementor-size-default\">Beleuchtung f\u00fcr Bildungsumgebungen<\/h1>\t\t\t\t<\/div>\n\t\t\t\t<\/div>\n\t\t\t\t<\/div>\n\t\t\t\t<section class=\"elementor-section elementor-top-section elementor-element elementor-element-ca65a1b elementor-section-boxed elementor-section-height-default elementor-section-height-default\" data-id=\"ca65a1b\" data-element_type=\"section\" data-e-type=\"section\">\n\t\t\t\t\t\t<div class=\"elementor-container elementor-column-gap-default\">\n\t\t\t\t\t<div class=\"elementor-column elementor-col-100 elementor-top-column elementor-element elementor-element-33e621a\" data-id=\"33e621a\" data-element_type=\"column\" data-e-type=\"column\">\n\t\t\t<div class=\"elementor-widget-wrap elementor-element-populated\">\n\t\t\t\t\t\t<div class=\"elementor-element elementor-element-8c730c3 elementor-widget elementor-widget-spacer\" data-id=\"8c730c3\" data-element_type=\"widget\" data-e-type=\"widget\" data-widget_type=\"spacer.default\">\n\t\t\t\t<div class=\"elementor-widget-container\">\n\t\t\t\t\t\t\t<div class=\"elementor-spacer\">\n\t\t\t<div class=\"elementor-spacer-inner\"><\/div>\n\t\t<\/div>\n\t\t\t\t\t\t<\/div>\n\t\t\t\t<\/div>\n\t\t\t\t\t<\/div>\n\t\t<\/div>\n\t\t\t\t\t<\/div>\n\t\t<\/section>\n\t\t\t\t<section class=\"elementor-section elementor-top-section elementor-element elementor-element-679251e elementor-section-boxed elementor-section-height-default elementor-section-height-default\" data-id=\"679251e\" data-element_type=\"section\" data-e-type=\"section\">\n\t\t\t\t\t\t<div class=\"elementor-container elementor-column-gap-default\">\n\t\t\t\t\t<div class=\"elementor-column elementor-col-66 elementor-top-column elementor-element elementor-element-027261f\" data-id=\"027261f\" data-element_type=\"column\" data-e-type=\"column\">\n\t\t\t<div class=\"elementor-widget-wrap elementor-element-populated\">\n\t\t\t\t\t\t<div class=\"elementor-element elementor-element-8cd40b0 elementor-widget elementor-widget-text-editor\" data-id=\"8cd40b0\" data-element_type=\"widget\" data-e-type=\"widget\" data-widget_type=\"text-editor.default\">\n\t\t\t\t<div class=\"elementor-widget-container\">\n\t\t\t\t\t\t\t\t\t<p>Wir von Trojan Lighting Solutions wissen, welche entscheidende Rolle die Beleuchtung bei der Schaffung einer optimalen Lernumgebung spielt. Unsere Beleuchtungsl\u00f6sungen f\u00fcr Bildungseinrichtungen sind so konzipiert, dass sie die Konzentration, den Komfort und das Wohlbefinden von Sch\u00fclern und Mitarbeitern gleicherma\u00dfen f\u00f6rdern. Durch den Einsatz energieeffizienter LED-Technologie und intelligenter Steuerungen bieten wir eine flexible Beleuchtung, die sich an die verschiedenen Aktivit\u00e4ten im Klassenzimmer und das Tageslicht anpassen kann. Von Klassenzimmern und H\u00f6rs\u00e4len bis hin zu Bibliotheken und Gemeinschaftsr\u00e4umen &#8211; unsere ma\u00dfgeschneiderten Beleuchtungssysteme verbessern die Sicht, senken den Energieverbrauch und tragen zu einer nachhaltigen, produktiven Lernumgebung bei.   <\/p>\n\t\t\t\t\t\t\t\t<\/div>\n\t\t\t\t<\/div>\n\t\t\t\t\t<\/div>\n\t\t<\/div>\n\t\t\t\t<div class=\"elementor-column elementor-col-33 elementor-top-column elementor-element elementor-element-a392051\" data-id=\"a392051\" data-element_type=\"column\" data-e-type=\"column\" data-settings=\"{&quot;background_background&quot;:&quot;classic&quot;}\">\n\t\t\t<div class=\"elementor-widget-wrap elementor-element-populated\">\n\t\t\t\t\t\t<div class=\"elementor-element elementor-element-1e871ed elementor-widget elementor-widget-html\" data-id=\"1e871ed\" data-element_type=\"widget\" data-e-type=\"widget\" data-widget_type=\"html.default\">\n\t\t\t\t<div class=\"elementor-widget-container\">\n\t\t\t\t\t<a href=\"https:\/\/online.flippingbook.com\/view\/572457141\/\" class=\"fbo-embed\" data-fbo-id=\"1d3de7ae36\" data-fbo-lightbox=\"yes\" data-fbo-width=\"100%\" data-fbo-height=\"400px\" data-fbo-version=\"1\" style=\"max-width: 100%\">Trojan - Bildungsbrosch\u00fcre - WS<\/a><script async=\"\" defer src=\"https:\/\/online.flippingbook.com\/EmbedScriptUrl.aspx?m=redir&amp;hid=572457141\"><\/script>\t\t\t\t<\/div>\n\t\t\t\t<\/div>\n\t\t\t\t\t<\/div>\n\t\t<\/div>\n\t\t\t\t\t<\/div>\n\t\t<\/section>\n\t\t\t\t<section class=\"elementor-section elementor-top-section elementor-element elementor-element-24ebbe6 elementor-hidden-widescreen elementor-hidden-desktop elementor-hidden-laptop elementor-hidden-tablet_extra elementor-hidden-tablet elementor-hidden-mobile_extra elementor-hidden-mobile elementor-section-boxed elementor-section-height-default elementor-section-height-default\" data-id=\"24ebbe6\" data-element_type=\"section\" data-e-type=\"section\">\n\t\t\t\t\t\t<div class=\"elementor-container elementor-column-gap-default\">\n\t\t\t\t\t<div class=\"elementor-column elementor-col-100 elementor-top-column elementor-element elementor-element-98e72c5\" data-id=\"98e72c5\" data-element_type=\"column\" data-e-type=\"column\">\n\t\t\t<div class=\"elementor-widget-wrap elementor-element-populated\">\n\t\t\t\t\t\t<div class=\"elementor-element elementor-element-b0b9dd3 elementor-widget elementor-widget-heading\" data-id=\"b0b9dd3\" data-element_type=\"widget\" data-e-type=\"widget\" data-widget_type=\"heading.default\">\n\t\t\t\t<div class=\"elementor-widget-container\">\n\t\t\t\t\t<h2 class=\"elementor-heading-title elementor-size-default\">Neueste Nachrichten zur Beleuchtung im Gesundheitswesen:<\/h2>\t\t\t\t<\/div>\n\t\t\t\t<\/div>\n\t\t\t\t\t<\/div>\n\t\t<\/div>\n\t\t\t\t\t<\/div>\n\t\t<\/section>\n\t\t\t\t<section class=\"elementor-section elementor-top-section elementor-element elementor-element-f4ac323 elementor-section-boxed elementor-section-height-default elementor-section-height-default\" data-id=\"f4ac323\" data-element_type=\"section\" data-e-type=\"section\">\n\t\t\t\t\t\t<div class=\"elementor-container elementor-column-gap-default\">\n\t\t\t\t\t<div class=\"elementor-column elementor-col-100 elementor-top-column elementor-element elementor-element-321df469\" data-id=\"321df469\" data-element_type=\"column\" data-e-type=\"column\">\n\t\t\t<div class=\"elementor-widget-wrap elementor-element-populated\">\n\t\t\t\t\t\t<div class=\"elementor-element elementor-element-b3c72c2 elementor-widget elementor-widget-spacer\" data-id=\"b3c72c2\" data-element_type=\"widget\" data-e-type=\"widget\" data-widget_type=\"spacer.default\">\n\t\t\t\t<div class=\"elementor-widget-container\">\n\t\t\t\t\t\t\t<div class=\"elementor-spacer\">\n\t\t\t<div class=\"elementor-spacer-inner\"><\/div>\n\t\t<\/div>\n\t\t\t\t\t\t<\/div>\n\t\t\t\t<\/div>\n\t\t\t\t<div class=\"elementor-element elementor-element-3d508c12 elementor-cta--skin-classic elementor-animated-content elementor-widget elementor-widget-global elementor-global-22572 elementor-global-353 elementor-widget-call-to-action\" data-id=\"3d508c12\" data-element_type=\"widget\" data-e-type=\"widget\" data-widget_type=\"call-to-action.default\">\n\t\t\t\t<div class=\"elementor-widget-container\">\n\t\t\t\t\t\t\t<div class=\"elementor-cta\">\n\t\t\t\t\t<div class=\"elementor-cta__bg-wrapper\">\n\t\t\t\t<div class=\"elementor-cta__bg elementor-bg\" style=\"background-image: url(https:\/\/trojan-lighting.co.uk\/wp-content\/uploads\/2023\/03\/pexels-francesco-ungaro-96381.webp);\" role=\"img\" aria-label=\"Circular lights\"><\/div>\n\t\t\t\t<div class=\"elementor-cta__bg-overlay\"><\/div>\n\t\t\t<\/div>\n\t\t\t\t\t\t\t<div class=\"elementor-cta__content\">\n\t\t\t\t\n\t\t\t\t\t\t\t\t\t<h2 class=\"elementor-cta__title elementor-cta__content-item elementor-content-item\">\n\t\t\t\t\t\tKontakt aufnehmen\t\t\t\t\t<\/h2>\n\t\t\t\t\n\t\t\t\t\t\t\t\t\t<div class=\"elementor-cta__description elementor-cta__content-item elementor-content-item\">\n\t\t\t\t\t\t<p>Kontaktieren Sie Trojan Lighting f\u00fcr eine fachkundige Beratung zu Ihrem Projekt.<\/p>\n\t\t\t\t\t<\/div>\n\t\t\t\t\n\t\t\t\t\t\t\t\t\t<div class=\"elementor-cta__button-wrapper elementor-cta__content-item elementor-content-item \">\n\t\t\t\t\t<a class=\"elementor-cta__button elementor-button elementor-size-\" href=\"https:\/\/trojan-lighting.co.uk\/de\/kontakt\/\">\n\t\t\t\t\t\tKontakt aufnehmen\t\t\t\t\t<\/a>\n\t\t\t\t\t<\/div>\n\t\t\t\t\t\t\t<\/div>\n\t\t\t\t\t\t<\/div>\n\t\t\t\t\t\t<\/div>\n\t\t\t\t<\/div>\n\t\t\t\t\t<\/div>\n\t\t<\/div>\n\t\t\t\t\t<\/div>\n\t\t<\/section>\n\t\t\t\t<\/div>\n\t\t","protected":false},"excerpt":{"rendered":"<p>Beleuchtung f\u00fcr Bildungsumgebungen Wir von Trojan Lighting Solutions wissen, welche entscheidende Rolle die Beleuchtung bei der Schaffung einer optimalen Lernumgebung spielt. Unsere Beleuchtungsl\u00f6sungen f\u00fcr Bildungseinrichtungen sind so konzipiert, dass sie die Konzentration, den Komfort und das Wohlbefinden von Sch\u00fclern und Mitarbeitern gleicherma\u00dfen f\u00f6rdern. Durch den Einsatz energieeffizienter LED-Technologie und intelligenter Steuerungen bieten wir eine flexible [&hellip;]<\/p>\n","protected":false},"author":5647,"featured_media":0,"parent":22101,"menu_order":0,"comment_status":"closed","ping_status":"closed","template":"","meta":{"_acf_changed":false,"footnotes":""},"categories":[],"tags":[],"class_list":["post-13465","page","type-page","status-publish","hentry"],"acf":[],"yoast_head":"<!-- This site is optimized with the Yoast SEO plugin v27.4 - https:\/\/yoast.com\/product\/yoast-seo-wordpress\/ -->\n<title>Beleuchtung f\u00fcr Bildungsumgebungen - Trojan Intelligent Lighting L\u00f6sungen<\/title>\n<meta name=\"robots\" content=\"index, follow, max-snippet:-1, max-image-preview:large, max-video-preview:-1\" \/>\n<link rel=\"canonical\" href=\"https:\/\/trojan-lighting.co.uk\/de\/sektoren\/beleuchtung-fuer-bildungsumgebungen\/\" \/>\n<meta property=\"og:locale\" content=\"de_DE\" \/>\n<meta property=\"og:type\" content=\"article\" \/>\n<meta property=\"og:title\" content=\"Beleuchtung f\u00fcr Bildungsumgebungen - Trojan Intelligent Lighting L\u00f6sungen\" \/>\n<meta property=\"og:description\" content=\"Beleuchtung f\u00fcr Bildungsumgebungen Wir von Trojan Lighting Solutions wissen, welche entscheidende Rolle die Beleuchtung bei der Schaffung einer optimalen Lernumgebung spielt. Unsere Beleuchtungsl\u00f6sungen f\u00fcr Bildungseinrichtungen sind so konzipiert, dass sie die Konzentration, den Komfort und das Wohlbefinden von Sch\u00fclern und Mitarbeitern gleicherma\u00dfen f\u00f6rdern. Durch den Einsatz energieeffizienter LED-Technologie und intelligenter Steuerungen bieten wir eine flexible [&hellip;]\" \/>\n<meta property=\"og:url\" content=\"https:\/\/trojan-lighting.co.uk\/de\/sektoren\/beleuchtung-fuer-bildungsumgebungen\/\" \/>\n<meta property=\"og:site_name\" content=\"Trojan Intelligent Lighting L\u00f6sungen\" \/>\n<meta property=\"article:modified_time\" content=\"2024-11-20T10:40:27+00:00\" \/>\n<meta property=\"og:image\" content=\"https:\/\/trojan-lighting.co.uk\/wp-content\/uploads\/2023\/03\/background-2406119.webp\" \/>\n\t<meta property=\"og:image:width\" content=\"2048\" \/>\n\t<meta property=\"og:image:height\" content=\"1230\" \/>\n\t<meta property=\"og:image:type\" content=\"image\/jpeg\" \/>\n<meta name=\"twitter:card\" content=\"summary_large_image\" \/>\n<script type=\"application\/ld+json\" class=\"yoast-schema-graph\">{\"@context\":\"https:\\\/\\\/schema.org\",\"@graph\":[{\"@type\":\"WebPage\",\"@id\":\"https:\\\/\\\/trojan-lighting.co.uk\\\/de\\\/sektoren\\\/beleuchtung-fuer-bildungsumgebungen\\\/\",\"url\":\"https:\\\/\\\/trojan-lighting.co.uk\\\/de\\\/sektoren\\\/beleuchtung-fuer-bildungsumgebungen\\\/\",\"name\":\"Beleuchtung f\u00fcr Bildungsumgebungen - Trojan Intelligent Lighting L\u00f6sungen\",\"isPartOf\":{\"@id\":\"https:\\\/\\\/trojan-lighting.co.uk\\\/#website\"},\"datePublished\":\"2024-09-27T13:52:58+00:00\",\"dateModified\":\"2024-11-20T10:40:27+00:00\",\"breadcrumb\":{\"@id\":\"https:\\\/\\\/trojan-lighting.co.uk\\\/de\\\/sektoren\\\/beleuchtung-fuer-bildungsumgebungen\\\/#breadcrumb\"},\"inLanguage\":\"de\",\"potentialAction\":[{\"@type\":\"ReadAction\",\"target\":[\"https:\\\/\\\/trojan-lighting.co.uk\\\/de\\\/sektoren\\\/beleuchtung-fuer-bildungsumgebungen\\\/\"]}]},{\"@type\":\"BreadcrumbList\",\"@id\":\"https:\\\/\\\/trojan-lighting.co.uk\\\/de\\\/sektoren\\\/beleuchtung-fuer-bildungsumgebungen\\\/#breadcrumb\",\"itemListElement\":[{\"@type\":\"ListItem\",\"position\":1,\"name\":\"Startseite\",\"item\":\"https:\\\/\\\/trojan-lighting.co.uk\\\/de\\\/startseite\\\/\"},{\"@type\":\"ListItem\",\"position\":2,\"name\":\"Sektoren\",\"item\":\"https:\\\/\\\/trojan-lighting.co.uk\\\/de\\\/sektoren\\\/\"},{\"@type\":\"ListItem\",\"position\":3,\"name\":\"Beleuchtung f\u00fcr Bildungsumgebungen\"}]},{\"@type\":\"WebSite\",\"@id\":\"https:\\\/\\\/trojan-lighting.co.uk\\\/#website\",\"url\":\"https:\\\/\\\/trojan-lighting.co.uk\\\/\",\"name\":\"Trojan Intelligent Lighting L\u00f6sungen\",\"description\":\"An der Spitze der Beleuchtungsl\u00f6sungen\",\"publisher\":{\"@id\":\"https:\\\/\\\/trojan-lighting.co.uk\\\/#organization\"},\"potentialAction\":[{\"@type\":\"SearchAction\",\"target\":{\"@type\":\"EntryPoint\",\"urlTemplate\":\"https:\\\/\\\/trojan-lighting.co.uk\\\/?s={search_term_string}\"},\"query-input\":{\"@type\":\"PropertyValueSpecification\",\"valueRequired\":true,\"valueName\":\"search_term_string\"}}],\"inLanguage\":\"de\"},{\"@type\":\"Organization\",\"@id\":\"https:\\\/\\\/trojan-lighting.co.uk\\\/#organization\",\"name\":\"Trojanische Beleuchtung\",\"url\":\"https:\\\/\\\/trojan-lighting.co.uk\\\/\",\"logo\":{\"@type\":\"ImageObject\",\"inLanguage\":\"de\",\"@id\":\"https:\\\/\\\/trojan-lighting.co.uk\\\/#\\\/schema\\\/logo\\\/image\\\/\",\"url\":\"https:\\\/\\\/trojan-lighting.co.uk\\\/wp-content\\\/uploads\\\/2023\\\/03\\\/trojan_2-02-favicon-png.webp\",\"contentUrl\":\"https:\\\/\\\/trojan-lighting.co.uk\\\/wp-content\\\/uploads\\\/2023\\\/03\\\/trojan_2-02-favicon-png.webp\",\"width\":780,\"height\":780,\"caption\":\"Trojanische Beleuchtung\"},\"image\":{\"@id\":\"https:\\\/\\\/trojan-lighting.co.uk\\\/#\\\/schema\\\/logo\\\/image\\\/\"},\"sameAs\":[\"https:\\\/\\\/www.linkedin.com\\\/company\\\/trojan-lighting-solutions-limited\\\/\"]}]}<\/script>\n<!-- \/ Yoast SEO plugin. -->","yoast_head_json":{"title":"Beleuchtung f\u00fcr Bildungsumgebungen - Trojan Intelligent Lighting L\u00f6sungen","robots":{"index":"index","follow":"follow","max-snippet":"max-snippet:-1","max-image-preview":"max-image-preview:large","max-video-preview":"max-video-preview:-1"},"canonical":"https:\/\/trojan-lighting.co.uk\/de\/sektoren\/beleuchtung-fuer-bildungsumgebungen\/","og_locale":"de_DE","og_type":"article","og_title":"Beleuchtung f\u00fcr Bildungsumgebungen - Trojan Intelligent Lighting L\u00f6sungen","og_description":"Beleuchtung f\u00fcr Bildungsumgebungen Wir von Trojan Lighting Solutions wissen, welche entscheidende Rolle die Beleuchtung bei der Schaffung einer optimalen Lernumgebung spielt. Unsere Beleuchtungsl\u00f6sungen f\u00fcr Bildungseinrichtungen sind so konzipiert, dass sie die Konzentration, den Komfort und das Wohlbefinden von Sch\u00fclern und Mitarbeitern gleicherma\u00dfen f\u00f6rdern. Durch den Einsatz energieeffizienter LED-Technologie und intelligenter Steuerungen bieten wir eine flexible [&hellip;]","og_url":"https:\/\/trojan-lighting.co.uk\/de\/sektoren\/beleuchtung-fuer-bildungsumgebungen\/","og_site_name":"Trojan Intelligent Lighting L\u00f6sungen","article_modified_time":"2024-11-20T10:40:27+00:00","og_image":[{"width":2048,"height":1230,"url":"https:\/\/trojan-lighting.co.uk\/wp-content\/uploads\/2023\/03\/background-2406119.webp","type":"image\/jpeg"}],"twitter_card":"summary_large_image","schema":{"@context":"https:\/\/schema.org","@graph":[{"@type":"WebPage","@id":"https:\/\/trojan-lighting.co.uk\/de\/sektoren\/beleuchtung-fuer-bildungsumgebungen\/","url":"https:\/\/trojan-lighting.co.uk\/de\/sektoren\/beleuchtung-fuer-bildungsumgebungen\/","name":"Beleuchtung f\u00fcr Bildungsumgebungen - Trojan Intelligent Lighting L\u00f6sungen","isPartOf":{"@id":"https:\/\/trojan-lighting.co.uk\/#website"},"datePublished":"2024-09-27T13:52:58+00:00","dateModified":"2024-11-20T10:40:27+00:00","breadcrumb":{"@id":"https:\/\/trojan-lighting.co.uk\/de\/sektoren\/beleuchtung-fuer-bildungsumgebungen\/#breadcrumb"},"inLanguage":"de","potentialAction":[{"@type":"ReadAction","target":["https:\/\/trojan-lighting.co.uk\/de\/sektoren\/beleuchtung-fuer-bildungsumgebungen\/"]}]},{"@type":"BreadcrumbList","@id":"https:\/\/trojan-lighting.co.uk\/de\/sektoren\/beleuchtung-fuer-bildungsumgebungen\/#breadcrumb","itemListElement":[{"@type":"ListItem","position":1,"name":"Startseite","item":"https:\/\/trojan-lighting.co.uk\/de\/startseite\/"},{"@type":"ListItem","position":2,"name":"Sektoren","item":"https:\/\/trojan-lighting.co.uk\/de\/sektoren\/"},{"@type":"ListItem","position":3,"name":"Beleuchtung f\u00fcr Bildungsumgebungen"}]},{"@type":"WebSite","@id":"https:\/\/trojan-lighting.co.uk\/#website","url":"https:\/\/trojan-lighting.co.uk\/","name":"Trojan Intelligent Lighting L\u00f6sungen","description":"An der Spitze der Beleuchtungsl\u00f6sungen","publisher":{"@id":"https:\/\/trojan-lighting.co.uk\/#organization"},"potentialAction":[{"@type":"SearchAction","target":{"@type":"EntryPoint","urlTemplate":"https:\/\/trojan-lighting.co.uk\/?s={search_term_string}"},"query-input":{"@type":"PropertyValueSpecification","valueRequired":true,"valueName":"search_term_string"}}],"inLanguage":"de"},{"@type":"Organization","@id":"https:\/\/trojan-lighting.co.uk\/#organization","name":"Trojanische Beleuchtung","url":"https:\/\/trojan-lighting.co.uk\/","logo":{"@type":"ImageObject","inLanguage":"de","@id":"https:\/\/trojan-lighting.co.uk\/#\/schema\/logo\/image\/","url":"https:\/\/trojan-lighting.co.uk\/wp-content\/uploads\/2023\/03\/trojan_2-02-favicon-png.webp","contentUrl":"https:\/\/trojan-lighting.co.uk\/wp-content\/uploads\/2023\/03\/trojan_2-02-favicon-png.webp","width":780,"height":780,"caption":"Trojanische Beleuchtung"},"image":{"@id":"https:\/\/trojan-lighting.co.uk\/#\/schema\/logo\/image\/"},"sameAs":["https:\/\/www.linkedin.com\/company\/trojan-lighting-solutions-limited\/"]}]}},"_links":{"self":[{"href":"https:\/\/trojan-lighting.co.uk\/de\/wp-json\/wp\/v2\/pages\/13465","targetHints":{"allow":["GET"]}}],"collection":[{"href":"https:\/\/trojan-lighting.co.uk\/de\/wp-json\/wp\/v2\/pages"}],"about":[{"href":"https:\/\/trojan-lighting.co.uk\/de\/wp-json\/wp\/v2\/types\/page"}],"author":[{"embeddable":true,"href":"https:\/\/trojan-lighting.co.uk\/de\/wp-json\/wp\/v2\/users\/5647"}],"replies":[{"embeddable":true,"href":"https:\/\/trojan-lighting.co.uk\/de\/wp-json\/wp\/v2\/comments?post=13465"}],"version-history":[{"count":0,"href":"https:\/\/trojan-lighting.co.uk\/de\/wp-json\/wp\/v2\/pages\/13465\/revisions"}],"up":[{"embeddable":true,"href":"https:\/\/trojan-lighting.co.uk\/de\/wp-json\/wp\/v2\/pages\/22101"}],"wp:attachment":[{"href":"https:\/\/trojan-lighting.co.uk\/de\/wp-json\/wp\/v2\/media?parent=13465"}],"wp:term":[{"taxonomy":"category","embeddable":true,"href":"https:\/\/trojan-lighting.co.uk\/de\/wp-json\/wp\/v2\/categories?post=13465"},{"taxonomy":"post_tag","embeddable":true,"href":"https:\/\/trojan-lighting.co.uk\/de\/wp-json\/wp\/v2\/tags?post=13465"}],"curies":[{"name":"wp","href":"https:\/\/api.w.org\/{rel}","templated":true}]}}