{"id":15644,"date":"2024-08-10T14:24:34","date_gmt":"2024-08-10T14:24:34","guid":{"rendered":"https:\/\/trojan-lighting.co.uk\/produkte\/"},"modified":"2025-01-03T11:28:23","modified_gmt":"2025-01-03T11:28:23","slug":"produkte","status":"publish","type":"page","link":"https:\/\/trojan-lighting.co.uk\/de\/produkte\/","title":{"rendered":"Produkte"},"content":{"rendered":"\t\t<div data-elementor-type=\"wp-post\" data-elementor-id=\"15644\" class=\"elementor elementor-15644 elementor-5237\" data-elementor-post-type=\"page\">\n\t\t\t\t<div class=\"elementor-element elementor-element-d23d523 e-flex e-con-boxed e-con e-parent\" data-id=\"d23d523\" data-element_type=\"container\" data-e-type=\"container\" data-settings=\"{&quot;background_background&quot;:&quot;classic&quot;}\">\n\t\t\t\t\t<div class=\"e-con-inner\">\n\t\t\t\t<div class=\"elementor-element elementor-element-67cae32 elementor-widget elementor-widget-heading\" data-id=\"67cae32\" data-element_type=\"widget\" data-e-type=\"widget\" data-widget_type=\"heading.default\">\n\t\t\t\t<div class=\"elementor-widget-container\">\n\t\t\t\t\t<h1 class=\"elementor-heading-title elementor-size-default\">Beleuchtung Produkte<\/h1>\t\t\t\t<\/div>\n\t\t\t\t<\/div>\n\t\t<div class=\"elementor-element elementor-element-1070981 e-con-full e-flex e-con e-child\" data-id=\"1070981\" data-element_type=\"container\" data-e-type=\"container\">\n\t\t<div class=\"elementor-element elementor-element-655a43c e-con-full e-flex e-con e-child\" data-id=\"655a43c\" data-element_type=\"container\" data-e-type=\"container\" data-settings=\"{&quot;background_background&quot;:&quot;classic&quot;}\">\n\t\t\t\t<div class=\"elementor-element elementor-element-fb40009 elementor-widget elementor-widget-image\" data-id=\"fb40009\" data-element_type=\"widget\" data-e-type=\"widget\" data-widget_type=\"image.default\">\n\t\t\t\t<div class=\"elementor-widget-container\">\n\t\t\t\t\t\t\t\t\t\t\t\t\t\t\t\t<a href=\"https:\/\/trojan-lighting.co.uk\/de\/produkte\/architektonische-beleuchtung\/\">\n\t\t\t\t\t\t\t<img fetchpriority=\"high\" decoding=\"async\" width=\"800\" height=\"491\" src=\"https:\/\/trojan-lighting.co.uk\/wp-content\/uploads\/2024\/12\/poplar-1200-1-1024x628.webp\" class=\"attachment-large size-large wp-image-28836\" alt=\"architectural range\" srcset=\"https:\/\/trojan-lighting.co.uk\/wp-content\/uploads\/2024\/12\/poplar-1200-1-1024x628.webp 1024w, https:\/\/trojan-lighting.co.uk\/wp-content\/uploads\/2024\/12\/poplar-1200-1-png-600x368.webp 600w, https:\/\/trojan-lighting.co.uk\/wp-content\/uploads\/2024\/12\/poplar-1200-1-300x184.webp 300w, https:\/\/trojan-lighting.co.uk\/wp-content\/uploads\/2024\/12\/poplar-1200-1-768x471.webp 768w, https:\/\/trojan-lighting.co.uk\/wp-content\/uploads\/2024\/12\/poplar-1200-1-png.webp 1200w\" sizes=\"(max-width: 800px) 100vw, 800px\" \/>\t\t\t\t\t\t\t\t<\/a>\n\t\t\t\t\t\t\t\t\t\t\t\t\t\t\t<\/div>\n\t\t\t\t<\/div>\n\t\t\t\t<div class=\"elementor-element elementor-element-126b4b1 elementor-widget elementor-widget-text-editor\" data-id=\"126b4b1\" data-element_type=\"widget\" data-e-type=\"widget\" data-widget_type=\"text-editor.default\">\n\t\t\t\t<div class=\"elementor-widget-container\">\n\t\t\t\t\t\t\t\t\t<p style=\"text-align: center;\">Architektonische Beleuchtung<\/p>\n\t\t\t\t\t\t\t\t<\/div>\n\t\t\t\t<\/div>\n\t\t\t\t<div class=\"elementor-element elementor-element-db69366 elementor-widget elementor-widget-text-editor\" data-id=\"db69366\" data-element_type=\"widget\" data-e-type=\"widget\" data-widget_type=\"text-editor.default\">\n\t\t\t\t<div class=\"elementor-widget-container\">\n\t\t\t\t\t\t\t\t\t<p style=\"text-align: center;\"><a href=\"https:\/\/trojan-lighting.co.uk\/de\/produkte\/architektonische-beleuchtung\/\">Sehen Sie sich das Sortiment an<\/a><\/p>\n\t\t\t\t\t\t\t\t<\/div>\n\t\t\t\t<\/div>\n\t\t\t\t<\/div>\n\t\t<div class=\"elementor-element elementor-element-4c47ea8 e-con-full e-flex e-con e-child\" data-id=\"4c47ea8\" data-element_type=\"container\" data-e-type=\"container\" data-settings=\"{&quot;background_background&quot;:&quot;classic&quot;}\">\n\t\t\t\t<div class=\"elementor-element elementor-element-56ae3c4 elementor-widget elementor-widget-image\" data-id=\"56ae3c4\" data-element_type=\"widget\" data-e-type=\"widget\" data-widget_type=\"image.default\">\n\t\t\t\t<div class=\"elementor-widget-container\">\n\t\t\t\t\t\t\t\t\t\t\t\t\t\t\t\t<a href=\"https:\/\/trojan-lighting.co.uk\/de\/produkte\/kommerzielle-beleuchtung\/\">\n\t\t\t\t\t\t\t<img decoding=\"async\" width=\"800\" height=\"491\" src=\"https:\/\/trojan-lighting.co.uk\/wp-content\/uploads\/2024\/12\/range-1200-1024x628.webp\" class=\"attachment-large size-large wp-image-28832\" alt=\"range-1200\" srcset=\"https:\/\/trojan-lighting.co.uk\/wp-content\/uploads\/2024\/12\/range-1200-1024x628.webp 1024w, https:\/\/trojan-lighting.co.uk\/wp-content\/uploads\/2024\/12\/range-1200-png-600x368.webp 600w, https:\/\/trojan-lighting.co.uk\/wp-content\/uploads\/2024\/12\/range-1200-300x184.webp 300w, https:\/\/trojan-lighting.co.uk\/wp-content\/uploads\/2024\/12\/range-1200-768x471.webp 768w, https:\/\/trojan-lighting.co.uk\/wp-content\/uploads\/2024\/12\/range-1200-png.webp 1200w\" sizes=\"(max-width: 800px) 100vw, 800px\" \/>\t\t\t\t\t\t\t\t<\/a>\n\t\t\t\t\t\t\t\t\t\t\t\t\t\t\t<\/div>\n\t\t\t\t<\/div>\n\t\t\t\t<div class=\"elementor-element elementor-element-ac6c336 elementor-widget elementor-widget-text-editor\" data-id=\"ac6c336\" data-element_type=\"widget\" data-e-type=\"widget\" data-widget_type=\"text-editor.default\">\n\t\t\t\t<div class=\"elementor-widget-container\">\n\t\t\t\t\t\t\t\t\t<p style=\"text-align: center;\">Kommerzielle Beleuchtung<\/p>\n\t\t\t\t\t\t\t\t<\/div>\n\t\t\t\t<\/div>\n\t\t\t\t<div class=\"elementor-element elementor-element-de080e4 elementor-widget elementor-widget-text-editor\" data-id=\"de080e4\" data-element_type=\"widget\" data-e-type=\"widget\" data-widget_type=\"text-editor.default\">\n\t\t\t\t<div class=\"elementor-widget-container\">\n\t\t\t\t\t\t\t\t\t<p style=\"text-align: center;\"><a href=\"https:\/\/trojan-lighting.co.uk\/de\/produkte\/kommerzielle-beleuchtung\/\">Sehen Sie sich das Sortiment an<\/a><\/p>\n\t\t\t\t\t\t\t\t<\/div>\n\t\t\t\t<\/div>\n\t\t\t\t<\/div>\n\t\t\t\t<\/div>\n\t\t\t\t\t<\/div>\n\t\t\t\t<\/div>\n\t\t<div class=\"elementor-element elementor-element-94d92c6 e-flex e-con-boxed e-con e-parent\" data-id=\"94d92c6\" data-element_type=\"container\" data-e-type=\"container\" data-settings=\"{&quot;background_background&quot;:&quot;classic&quot;}\">\n\t\t\t\t\t<div class=\"e-con-inner\">\n\t\t\t\t<div class=\"elementor-element elementor-element-1372f57 elementor-widget elementor-widget-text-editor\" data-id=\"1372f57\" data-element_type=\"widget\" data-e-type=\"widget\" data-widget_type=\"text-editor.default\">\n\t\t\t\t<div class=\"elementor-widget-container\">\n\t\t\t\t\t\t\t\t\t<p data-pm-slice=\"1 1 []\">Trojan Lighting bietet ein vielseitiges Sortiment an innovativen Beleuchtungsl\u00f6sungen, die Effizienz, Langlebigkeit und Nachhaltigkeit vereinen. Von energiesparenden LED-Systemen bis hin zu intelligenten, IoT-f\u00e4higen Steuerungen eignen sich unsere L\u00f6sungen f\u00fcr architektonische, gewerbliche und industrielle Anwendungen. Sie wurden entwickelt, um Kosten und Wartung zu reduzieren, lassen sich in die bestehende Infrastruktur integrieren und unterst\u00fctzen die Netto-Null-Ziele.  <\/p>\n<p>Mit hervorragender Lichtqualit\u00e4t, Blendschutz und anpassungsf\u00e4higen Designs erh\u00f6ht unsere Beleuchtung den Komfort, die Produktivit\u00e4t und die Flexibilit\u00e4t und ist damit ideal f\u00fcr neue Projekte und Renovierungen.<\/p>\n<p>Alle unsere Produktreihen haben Standard-, dimmbare und Notfall-Varianten, wobei die meisten Produkte auch eine Option f\u00fcr Mymesh-, Casambi- oder Active Ahead Wireless-Funktionen haben.<\/p>\n\t\t\t\t\t\t\t\t<\/div>\n\t\t\t\t<\/div>\n\t\t\t\t\t<\/div>\n\t\t\t\t<\/div>\n\t\t<div class=\"elementor-element elementor-element-900e271 e-flex e-con-boxed e-con e-parent\" data-id=\"900e271\" data-element_type=\"container\" data-e-type=\"container\">\n\t\t\t\t\t<div class=\"e-con-inner\">\n\t\t\t\t<div class=\"elementor-element elementor-element-de8c0e5 elementor-widget elementor-widget-image\" data-id=\"de8c0e5\" data-element_type=\"widget\" data-e-type=\"widget\" data-widget_type=\"image.default\">\n\t\t\t\t<div class=\"elementor-widget-container\">\n\t\t\t\t\t\t\t\t\t\t\t\t\t\t\t<img decoding=\"async\" width=\"800\" height=\"141\" src=\"https:\/\/trojan-lighting.co.uk\/wp-content\/uploads\/2023\/03\/Powered-by-Tridonic-1024x180.png\" class=\"attachment-large size-large wp-image-11576\" alt=\"\" srcset=\"https:\/\/trojan-lighting.co.uk\/wp-content\/uploads\/2023\/03\/Powered-by-Tridonic-1024x180.png 1024w, https:\/\/trojan-lighting.co.uk\/wp-content\/uploads\/2023\/03\/Powered-by-Tridonic-600x105.webp 600w, https:\/\/trojan-lighting.co.uk\/wp-content\/uploads\/2023\/03\/Powered-by-Tridonic-300x53.png 300w, https:\/\/trojan-lighting.co.uk\/wp-content\/uploads\/2023\/03\/Powered-by-Tridonic-768x135.png 768w, https:\/\/trojan-lighting.co.uk\/wp-content\/uploads\/2023\/03\/Powered-by-Tridonic-1536x270.png 1536w, https:\/\/trojan-lighting.co.uk\/wp-content\/uploads\/2023\/03\/Powered-by-Tridonic-png.webp 1684w\" sizes=\"(max-width: 800px) 100vw, 800px\" \/>\t\t\t\t\t\t\t\t\t\t\t\t\t\t\t<\/div>\n\t\t\t\t<\/div>\n\t\t\t\t<div class=\"elementor-element elementor-element-68ed14e elementor-widget elementor-widget-image\" data-id=\"68ed14e\" data-element_type=\"widget\" data-e-type=\"widget\" data-widget_type=\"image.default\">\n\t\t\t\t<div class=\"elementor-widget-container\">\n\t\t\t\t\t\t\t\t\t\t\t\t\t\t\t<img loading=\"lazy\" decoding=\"async\" width=\"600\" height=\"202\" src=\"https:\/\/trojan-lighting.co.uk\/wp-content\/uploads\/2023\/03\/Casambi-Logo-black-600x202-1-png.webp\" class=\"attachment-large size-large wp-image-11594\" alt=\"\" srcset=\"https:\/\/trojan-lighting.co.uk\/wp-content\/uploads\/2023\/03\/Casambi-Logo-black-600x202-1-png.webp 600w, https:\/\/trojan-lighting.co.uk\/wp-content\/uploads\/2023\/03\/Casambi-Logo-black-600x202-1-300x101.png 300w\" sizes=\"(max-width: 600px) 100vw, 600px\" \/>\t\t\t\t\t\t\t\t\t\t\t\t\t\t\t<\/div>\n\t\t\t\t<\/div>\n\t\t\t\t<div class=\"elementor-element elementor-element-c04e66d elementor-widget elementor-widget-image\" data-id=\"c04e66d\" data-element_type=\"widget\" data-e-type=\"widget\" data-widget_type=\"image.default\">\n\t\t\t\t<div class=\"elementor-widget-container\">\n\t\t\t\t\t\t\t\t\t\t\t\t\t\t\t<img loading=\"lazy\" decoding=\"async\" width=\"800\" height=\"450\" src=\"https:\/\/trojan-lighting.co.uk\/wp-content\/uploads\/2023\/03\/Mymesh-logo-connected-LED-1024x576.png\" class=\"attachment-large size-large wp-image-11450\" alt=\"\" srcset=\"https:\/\/trojan-lighting.co.uk\/wp-content\/uploads\/2023\/03\/Mymesh-logo-connected-LED-1024x576.png 1024w, https:\/\/trojan-lighting.co.uk\/wp-content\/uploads\/2023\/03\/Mymesh-logo-connected-LED-600x338.webp 600w, https:\/\/trojan-lighting.co.uk\/wp-content\/uploads\/2023\/03\/Mymesh-logo-connected-LED-300x169.png 300w, https:\/\/trojan-lighting.co.uk\/wp-content\/uploads\/2023\/03\/Mymesh-logo-connected-LED-768x432.png 768w, https:\/\/trojan-lighting.co.uk\/wp-content\/uploads\/2023\/03\/Mymesh-logo-connected-LED-1536x864.png 1536w, https:\/\/trojan-lighting.co.uk\/wp-content\/uploads\/2023\/03\/Mymesh-logo-connected-LED-2048x1152.png 2048w\" sizes=\"(max-width: 800px) 100vw, 800px\" \/>\t\t\t\t\t\t\t\t\t\t\t\t\t\t\t<\/div>\n\t\t\t\t<\/div>\n\t\t\t\t<div class=\"elementor-element elementor-element-f372b5b elementor-widget elementor-widget-image\" data-id=\"f372b5b\" data-element_type=\"widget\" data-e-type=\"widget\" data-widget_type=\"image.default\">\n\t\t\t\t<div class=\"elementor-widget-container\">\n\t\t\t\t\t\t\t\t\t\t\t\t\t\t\t<img loading=\"lazy\" decoding=\"async\" width=\"500\" height=\"229\" src=\"https:\/\/trojan-lighting.co.uk\/wp-content\/uploads\/2023\/03\/Helvar-Logo.webp\" class=\"attachment-large size-large wp-image-11591\" alt=\"\" srcset=\"https:\/\/trojan-lighting.co.uk\/wp-content\/uploads\/2023\/03\/Helvar-Logo.webp 500w, https:\/\/trojan-lighting.co.uk\/wp-content\/uploads\/2023\/03\/Helvar-Logo-300x137.jpg 300w\" sizes=\"(max-width: 500px) 100vw, 500px\" \/>\t\t\t\t\t\t\t\t\t\t\t\t\t\t\t<\/div>\n\t\t\t\t<\/div>\n\t\t\t\t\t<\/div>\n\t\t\t\t<\/div>\n\t\t<div class=\"elementor-element elementor-element-2942b30 e-flex e-con-boxed e-con e-parent\" data-id=\"2942b30\" data-element_type=\"container\" data-e-type=\"container\" data-settings=\"{&quot;background_background&quot;:&quot;classic&quot;}\">\n\t\t\t\t\t<div class=\"e-con-inner\">\n\t\t<div class=\"elementor-element elementor-element-de8468d e-con-full e-flex e-con e-child\" data-id=\"de8468d\" data-element_type=\"container\" data-e-type=\"container\">\n\t\t\t\t<div class=\"elementor-element elementor-element-f8e4832 elementor-widget elementor-widget-text-editor\" data-id=\"f8e4832\" data-element_type=\"widget\" data-e-type=\"widget\" data-widget_type=\"text-editor.default\">\n\t\t\t\t<div class=\"elementor-widget-container\">\n\t\t\t\t\t\t\t\t\t<p>Trojan Lighting liefert und fertigt LED-Beleuchtung, intelligente Geb\u00e4udesteuerungen, Beleuchtungsnetzwerke und bietet Nachr\u00fcstungsdienstleistungen an <\/p>\n\t\t\t\t\t\t\t\t<\/div>\n\t\t\t\t<\/div>\n\t\t\t\t<\/div>\n\t\t<div class=\"elementor-element elementor-element-b4016dc e-con-full e-flex e-con e-child\" data-id=\"b4016dc\" data-element_type=\"container\" data-e-type=\"container\">\n\t\t\t\t<div class=\"elementor-element elementor-element-85de9db elementor-widget__width-initial elementor-widget elementor-widget-text-editor\" data-id=\"85de9db\" data-element_type=\"widget\" data-e-type=\"widget\" data-widget_type=\"text-editor.default\">\n\t\t\t\t<div class=\"elementor-widget-container\">\n\t\t\t\t\t\t\t\t\t<p style=\"text-align: center;\">Lassen Sie Trojan Lighting Ihr n\u00e4chstes Projekt beleuchten<\/p>\n\t\t\t\t\t\t\t\t<\/div>\n\t\t\t\t<\/div>\n\t\t\t\t<div class=\"elementor-element elementor-element-eb58a0b elementor-align-center elementor-widget elementor-widget-button\" data-id=\"eb58a0b\" data-element_type=\"widget\" data-e-type=\"widget\" data-widget_type=\"button.default\">\n\t\t\t\t<div class=\"elementor-widget-container\">\n\t\t\t\t\t\t\t\t\t<div class=\"elementor-button-wrapper\">\n\t\t\t\t\t<a class=\"elementor-button elementor-button-link elementor-size-sm\" href=\"https:\/\/trojan-lighting.co.uk\/de\/kontakt\/\" id=\"GetInTouch\">\n\t\t\t\t\t\t<span class=\"elementor-button-content-wrapper\">\n\t\t\t\t\t\t\t\t\t<span class=\"elementor-button-text\">Kontakt aufnehmen<\/span>\n\t\t\t\t\t<\/span>\n\t\t\t\t\t<\/a>\n\t\t\t\t<\/div>\n\t\t\t\t\t\t\t\t<\/div>\n\t\t\t\t<\/div>\n\t\t\t\t<\/div>\n\t\t\t\t\t<\/div>\n\t\t\t\t<\/div>\n\t\t\t\t<\/div>\n\t\t","protected":false},"excerpt":{"rendered":"<p>Beleuchtung Produkte Architektonische Beleuchtung Sehen Sie sich das Sortiment an Kommerzielle Beleuchtung Sehen Sie sich das Sortiment an Trojan Lighting bietet ein vielseitiges Sortiment an innovativen Beleuchtungsl\u00f6sungen, die Effizienz, Langlebigkeit und Nachhaltigkeit vereinen. Von energiesparenden LED-Systemen bis hin zu intelligenten, IoT-f\u00e4higen Steuerungen eignen sich unsere L\u00f6sungen f\u00fcr architektonische, gewerbliche und industrielle Anwendungen. Sie wurden entwickelt, [&hellip;]<\/p>\n","protected":false},"author":5647,"featured_media":0,"parent":0,"menu_order":0,"comment_status":"closed","ping_status":"closed","template":"","meta":{"_acf_changed":false,"footnotes":""},"categories":[],"tags":[],"class_list":["post-15644","page","type-page","status-publish","hentry"],"acf":[],"yoast_head":"<!-- This site is optimized with the Yoast SEO plugin v27.4 - https:\/\/yoast.com\/product\/yoast-seo-wordpress\/ -->\n<title>Suchen Sie unsere Beleuchtungsprodukte - Trojan Intelligent Lighting L\u00f6sungen<\/title>\n<meta name=\"description\" content=\"St\u00f6bern Sie in den Produktreihen von Trojan Lighting, um die richtige energiesparende Beleuchtung und intelligente Geb\u00e4udesteuerung f\u00fcr Ihr Beleuchtungsprojekt zu finden.\" \/>\n<meta name=\"robots\" content=\"index, follow, max-snippet:-1, max-image-preview:large, max-video-preview:-1\" \/>\n<link rel=\"canonical\" href=\"https:\/\/trojan-lighting.co.uk\/products\/\" \/>\n<meta property=\"og:locale\" content=\"de_DE\" \/>\n<meta property=\"og:type\" content=\"article\" \/>\n<meta property=\"og:title\" content=\"Suchen Sie unsere Beleuchtungsprodukte - Trojan Intelligent Lighting L\u00f6sungen\" \/>\n<meta property=\"og:description\" content=\"St\u00f6bern Sie in den Produktreihen von Trojan Lighting, um die richtige energiesparende Beleuchtung und intelligente Geb\u00e4udesteuerung f\u00fcr Ihr Beleuchtungsprojekt zu finden.\" \/>\n<meta property=\"og:url\" content=\"https:\/\/trojan-lighting.co.uk\/products\/\" \/>\n<meta property=\"og:site_name\" content=\"Trojan Intelligent Lighting L\u00f6sungen\" \/>\n<meta property=\"article:modified_time\" content=\"2025-01-03T11:28:23+00:00\" \/>\n<meta property=\"og:image\" content=\"https:\/\/trojan-lighting.co.uk\/wp-content\/uploads\/2024\/12\/poplar-1200-1-png.webp\" \/>\n\t<meta property=\"og:image:width\" content=\"1200\" \/>\n\t<meta property=\"og:image:height\" content=\"736\" \/>\n\t<meta property=\"og:image:type\" content=\"image\/png\" \/>\n<meta name=\"twitter:card\" content=\"summary_large_image\" \/>\n<script type=\"application\/ld+json\" class=\"yoast-schema-graph\">{\"@context\":\"https:\\\/\\\/schema.org\",\"@graph\":[{\"@type\":\"WebPage\",\"@id\":\"https:\\\/\\\/trojan-lighting.co.uk\\\/products\\\/\",\"url\":\"https:\\\/\\\/trojan-lighting.co.uk\\\/products\\\/\",\"name\":\"Suchen Sie unsere Beleuchtungsprodukte - Trojan Intelligent Lighting L\u00f6sungen\",\"isPartOf\":{\"@id\":\"https:\\\/\\\/trojan-lighting.co.uk\\\/#website\"},\"primaryImageOfPage\":{\"@id\":\"https:\\\/\\\/trojan-lighting.co.uk\\\/products\\\/#primaryimage\"},\"image\":{\"@id\":\"https:\\\/\\\/trojan-lighting.co.uk\\\/products\\\/#primaryimage\"},\"thumbnailUrl\":\"https:\\\/\\\/trojan-lighting.co.uk\\\/wp-content\\\/uploads\\\/2024\\\/12\\\/poplar-1200-1-1024x628.webp\",\"datePublished\":\"2024-08-10T14:24:34+00:00\",\"dateModified\":\"2025-01-03T11:28:23+00:00\",\"description\":\"St\u00f6bern Sie in den Produktreihen von Trojan Lighting, um die richtige energiesparende Beleuchtung und intelligente Geb\u00e4udesteuerung f\u00fcr Ihr Beleuchtungsprojekt zu finden.\",\"breadcrumb\":{\"@id\":\"https:\\\/\\\/trojan-lighting.co.uk\\\/products\\\/#breadcrumb\"},\"inLanguage\":\"de\",\"potentialAction\":[{\"@type\":\"ReadAction\",\"target\":[\"https:\\\/\\\/trojan-lighting.co.uk\\\/products\\\/\"]}]},{\"@type\":\"ImageObject\",\"inLanguage\":\"de\",\"@id\":\"https:\\\/\\\/trojan-lighting.co.uk\\\/products\\\/#primaryimage\",\"url\":\"https:\\\/\\\/trojan-lighting.co.uk\\\/wp-content\\\/uploads\\\/2024\\\/12\\\/poplar-1200-1-1024x628.webp\",\"contentUrl\":\"https:\\\/\\\/trojan-lighting.co.uk\\\/wp-content\\\/uploads\\\/2024\\\/12\\\/poplar-1200-1-1024x628.webp\"},{\"@type\":\"BreadcrumbList\",\"@id\":\"https:\\\/\\\/trojan-lighting.co.uk\\\/products\\\/#breadcrumb\",\"itemListElement\":[{\"@type\":\"ListItem\",\"position\":1,\"name\":\"Startseite\",\"item\":\"https:\\\/\\\/trojan-lighting.co.uk\\\/de\\\/startseite\\\/\"},{\"@type\":\"ListItem\",\"position\":2,\"name\":\"Produkte\"}]},{\"@type\":\"WebSite\",\"@id\":\"https:\\\/\\\/trojan-lighting.co.uk\\\/#website\",\"url\":\"https:\\\/\\\/trojan-lighting.co.uk\\\/\",\"name\":\"Trojan Intelligent Lighting L\u00f6sungen\",\"description\":\"An der Spitze der Beleuchtungsl\u00f6sungen\",\"publisher\":{\"@id\":\"https:\\\/\\\/trojan-lighting.co.uk\\\/#organization\"},\"potentialAction\":[{\"@type\":\"SearchAction\",\"target\":{\"@type\":\"EntryPoint\",\"urlTemplate\":\"https:\\\/\\\/trojan-lighting.co.uk\\\/?s={search_term_string}\"},\"query-input\":{\"@type\":\"PropertyValueSpecification\",\"valueRequired\":true,\"valueName\":\"search_term_string\"}}],\"inLanguage\":\"de\"},{\"@type\":\"Organization\",\"@id\":\"https:\\\/\\\/trojan-lighting.co.uk\\\/#organization\",\"name\":\"Trojanische Beleuchtung\",\"url\":\"https:\\\/\\\/trojan-lighting.co.uk\\\/\",\"logo\":{\"@type\":\"ImageObject\",\"inLanguage\":\"de\",\"@id\":\"https:\\\/\\\/trojan-lighting.co.uk\\\/#\\\/schema\\\/logo\\\/image\\\/\",\"url\":\"https:\\\/\\\/trojan-lighting.co.uk\\\/wp-content\\\/uploads\\\/2023\\\/03\\\/trojan_2-02-favicon-png.webp\",\"contentUrl\":\"https:\\\/\\\/trojan-lighting.co.uk\\\/wp-content\\\/uploads\\\/2023\\\/03\\\/trojan_2-02-favicon-png.webp\",\"width\":780,\"height\":780,\"caption\":\"Trojanische Beleuchtung\"},\"image\":{\"@id\":\"https:\\\/\\\/trojan-lighting.co.uk\\\/#\\\/schema\\\/logo\\\/image\\\/\"},\"sameAs\":[\"https:\\\/\\\/www.linkedin.com\\\/company\\\/trojan-lighting-solutions-limited\\\/\"]}]}<\/script>\n<!-- \/ Yoast SEO plugin. -->","yoast_head_json":{"title":"Suchen Sie unsere Beleuchtungsprodukte - Trojan Intelligent Lighting L\u00f6sungen","description":"St\u00f6bern Sie in den Produktreihen von Trojan Lighting, um die richtige energiesparende Beleuchtung und intelligente Geb\u00e4udesteuerung f\u00fcr Ihr Beleuchtungsprojekt zu finden.","robots":{"index":"index","follow":"follow","max-snippet":"max-snippet:-1","max-image-preview":"max-image-preview:large","max-video-preview":"max-video-preview:-1"},"canonical":"https:\/\/trojan-lighting.co.uk\/products\/","og_locale":"de_DE","og_type":"article","og_title":"Suchen Sie unsere Beleuchtungsprodukte - Trojan Intelligent Lighting L\u00f6sungen","og_description":"St\u00f6bern Sie in den Produktreihen von Trojan Lighting, um die richtige energiesparende Beleuchtung und intelligente Geb\u00e4udesteuerung f\u00fcr Ihr Beleuchtungsprojekt zu finden.","og_url":"https:\/\/trojan-lighting.co.uk\/products\/","og_site_name":"Trojan Intelligent Lighting L\u00f6sungen","article_modified_time":"2025-01-03T11:28:23+00:00","og_image":[{"width":1200,"height":736,"url":"https:\/\/trojan-lighting.co.uk\/wp-content\/uploads\/2024\/12\/poplar-1200-1-png.webp","type":"image\/png"}],"twitter_card":"summary_large_image","schema":{"@context":"https:\/\/schema.org","@graph":[{"@type":"WebPage","@id":"https:\/\/trojan-lighting.co.uk\/products\/","url":"https:\/\/trojan-lighting.co.uk\/products\/","name":"Suchen Sie unsere Beleuchtungsprodukte - Trojan Intelligent Lighting L\u00f6sungen","isPartOf":{"@id":"https:\/\/trojan-lighting.co.uk\/#website"},"primaryImageOfPage":{"@id":"https:\/\/trojan-lighting.co.uk\/products\/#primaryimage"},"image":{"@id":"https:\/\/trojan-lighting.co.uk\/products\/#primaryimage"},"thumbnailUrl":"https:\/\/trojan-lighting.co.uk\/wp-content\/uploads\/2024\/12\/poplar-1200-1-1024x628.webp","datePublished":"2024-08-10T14:24:34+00:00","dateModified":"2025-01-03T11:28:23+00:00","description":"St\u00f6bern Sie in den Produktreihen von Trojan Lighting, um die richtige energiesparende Beleuchtung und intelligente Geb\u00e4udesteuerung f\u00fcr Ihr Beleuchtungsprojekt zu finden.","breadcrumb":{"@id":"https:\/\/trojan-lighting.co.uk\/products\/#breadcrumb"},"inLanguage":"de","potentialAction":[{"@type":"ReadAction","target":["https:\/\/trojan-lighting.co.uk\/products\/"]}]},{"@type":"ImageObject","inLanguage":"de","@id":"https:\/\/trojan-lighting.co.uk\/products\/#primaryimage","url":"https:\/\/trojan-lighting.co.uk\/wp-content\/uploads\/2024\/12\/poplar-1200-1-1024x628.webp","contentUrl":"https:\/\/trojan-lighting.co.uk\/wp-content\/uploads\/2024\/12\/poplar-1200-1-1024x628.webp"},{"@type":"BreadcrumbList","@id":"https:\/\/trojan-lighting.co.uk\/products\/#breadcrumb","itemListElement":[{"@type":"ListItem","position":1,"name":"Startseite","item":"https:\/\/trojan-lighting.co.uk\/de\/startseite\/"},{"@type":"ListItem","position":2,"name":"Produkte"}]},{"@type":"WebSite","@id":"https:\/\/trojan-lighting.co.uk\/#website","url":"https:\/\/trojan-lighting.co.uk\/","name":"Trojan Intelligent Lighting L\u00f6sungen","description":"An der Spitze der Beleuchtungsl\u00f6sungen","publisher":{"@id":"https:\/\/trojan-lighting.co.uk\/#organization"},"potentialAction":[{"@type":"SearchAction","target":{"@type":"EntryPoint","urlTemplate":"https:\/\/trojan-lighting.co.uk\/?s={search_term_string}"},"query-input":{"@type":"PropertyValueSpecification","valueRequired":true,"valueName":"search_term_string"}}],"inLanguage":"de"},{"@type":"Organization","@id":"https:\/\/trojan-lighting.co.uk\/#organization","name":"Trojanische Beleuchtung","url":"https:\/\/trojan-lighting.co.uk\/","logo":{"@type":"ImageObject","inLanguage":"de","@id":"https:\/\/trojan-lighting.co.uk\/#\/schema\/logo\/image\/","url":"https:\/\/trojan-lighting.co.uk\/wp-content\/uploads\/2023\/03\/trojan_2-02-favicon-png.webp","contentUrl":"https:\/\/trojan-lighting.co.uk\/wp-content\/uploads\/2023\/03\/trojan_2-02-favicon-png.webp","width":780,"height":780,"caption":"Trojanische Beleuchtung"},"image":{"@id":"https:\/\/trojan-lighting.co.uk\/#\/schema\/logo\/image\/"},"sameAs":["https:\/\/www.linkedin.com\/company\/trojan-lighting-solutions-limited\/"]}]}},"_links":{"self":[{"href":"https:\/\/trojan-lighting.co.uk\/de\/wp-json\/wp\/v2\/pages\/15644","targetHints":{"allow":["GET"]}}],"collection":[{"href":"https:\/\/trojan-lighting.co.uk\/de\/wp-json\/wp\/v2\/pages"}],"about":[{"href":"https:\/\/trojan-lighting.co.uk\/de\/wp-json\/wp\/v2\/types\/page"}],"author":[{"embeddable":true,"href":"https:\/\/trojan-lighting.co.uk\/de\/wp-json\/wp\/v2\/users\/5647"}],"replies":[{"embeddable":true,"href":"https:\/\/trojan-lighting.co.uk\/de\/wp-json\/wp\/v2\/comments?post=15644"}],"version-history":[{"count":0,"href":"https:\/\/trojan-lighting.co.uk\/de\/wp-json\/wp\/v2\/pages\/15644\/revisions"}],"wp:attachment":[{"href":"https:\/\/trojan-lighting.co.uk\/de\/wp-json\/wp\/v2\/media?parent=15644"}],"wp:term":[{"taxonomy":"category","embeddable":true,"href":"https:\/\/trojan-lighting.co.uk\/de\/wp-json\/wp\/v2\/categories?post=15644"},{"taxonomy":"post_tag","embeddable":true,"href":"https:\/\/trojan-lighting.co.uk\/de\/wp-json\/wp\/v2\/tags?post=15644"}],"curies":[{"name":"wp","href":"https:\/\/api.w.org\/{rel}","templated":true}]}}