{"id":15652,"date":"2024-08-10T14:17:34","date_gmt":"2024-08-10T13:17:34","guid":{"rendered":"https:\/\/trojan-lighting.co.uk\/produkte\/kommerzielle-beleuchtung\/"},"modified":"2025-02-20T14:40:16","modified_gmt":"2025-02-20T14:40:16","slug":"kommerzielle-beleuchtung","status":"publish","type":"page","link":"https:\/\/trojan-lighting.co.uk\/de\/produkte\/kommerzielle-beleuchtung\/","title":{"rendered":"Kommerzielle Beleuchtung"},"content":{"rendered":"\t\t<div data-elementor-type=\"wp-post\" data-elementor-id=\"15652\" class=\"elementor elementor-15652 elementor-5361\" data-elementor-post-type=\"page\">\n\t\t\t\t<div class=\"elementor-element elementor-element-694e64f9 e-flex e-con-boxed e-con e-parent\" data-id=\"694e64f9\" data-element_type=\"container\" data-e-type=\"container\" data-settings=\"{&quot;background_background&quot;:&quot;classic&quot;}\">\n\t\t\t\t\t<div class=\"e-con-inner\">\n\t\t<div class=\"elementor-element elementor-element-13f48fe0 e-con-full e-flex e-con e-child\" data-id=\"13f48fe0\" data-element_type=\"container\" data-e-type=\"container\">\n\t\t\t\t<div class=\"elementor-element elementor-element-3272ef2c elementor-widget elementor-widget-text-editor\" data-id=\"3272ef2c\" data-element_type=\"widget\" data-e-type=\"widget\" data-widget_type=\"text-editor.default\">\n\t\t\t\t<div class=\"elementor-widget-container\">\n\t\t\t\t\t\t\t\t\t<h1><strong>Commerci\u00eble verlichtingsproducten<\/strong><\/h1>\n\t\t\t\t\t\t\t\t<\/div>\n\t\t\t\t<\/div>\n\t\t\t\t<div class=\"elementor-element elementor-element-a8ef347 elementor-widget-widescreen__width-initial elementor-widget elementor-widget-text-editor\" data-id=\"a8ef347\" data-element_type=\"widget\" data-e-type=\"widget\" data-widget_type=\"text-editor.default\">\n\t\t\t\t<div class=\"elementor-widget-container\">\n\t\t\t\t\t\t\t\t\t<p>Trojan Lighting bietet ein umfassendes Sortiment an gewerblichen Beleuchtungsprodukten, die auf die unterschiedlichen Anforderungen moderner Arbeitsbereiche und Einrichtungen zugeschnitten sind. Unsere Kollektion umfasst Schott- und Wandleuchten f\u00fcr den zuverl\u00e4ssigen t\u00e4glichen Gebrauch, Downlights f\u00fcr eine raffinierte Beleuchtung und modulare Beleuchtungsl\u00f6sungen f\u00fcr anpassungsf\u00e4hige Layouts. Wir sind auch spezialisiert auf Industriebeleuchtung f\u00fcr anspruchsvolle Umgebungen, Notbeleuchtung zur Gew\u00e4hrleistung von Sicherheit und Compliance sowie Anti-Ligatur-Beleuchtung f\u00fcr sichere Umgebungen. Erg\u00e4nzt werden diese durch unsere Au\u00dfenbeleuchtungsprodukte f\u00fcr langlebige Leistung im Au\u00dfenbereich und lineare Beleuchtung f\u00fcr schlanke, vielseitige Designs. Was auch immer Ihre Anforderungen an die gewerbliche Beleuchtung sind, unsere L\u00f6sungen sind auf Zuverl\u00e4ssigkeit, Effizienz und Praktikabilit\u00e4t ausgelegt.    <\/p>\n\t\t\t\t\t\t\t\t<\/div>\n\t\t\t\t<\/div>\n\t\t\t\t<\/div>\n\t\t<div class=\"elementor-element elementor-element-7d839734 e-con-full e-flex e-con e-child\" data-id=\"7d839734\" data-element_type=\"container\" data-e-type=\"container\">\n\t\t\t\t<div class=\"elementor-element elementor-element-2dcaadce elementor-widget elementor-widget-image\" data-id=\"2dcaadce\" data-element_type=\"widget\" data-e-type=\"widget\" data-widget_type=\"image.default\">\n\t\t\t\t<div class=\"elementor-widget-container\">\n\t\t\t\t\t\t\t\t\t\t\t\t\t\t\t<img fetchpriority=\"high\" decoding=\"async\" width=\"800\" height=\"638\" src=\"https:\/\/trojan-lighting.co.uk\/wp-content\/uploads\/2024\/12\/hero-1200-1024x816.webp\" class=\"attachment-large size-large wp-image-28930\" alt=\"Retail lighting product ranges\" srcset=\"https:\/\/trojan-lighting.co.uk\/wp-content\/uploads\/2024\/12\/hero-1200-1024x816.webp 1024w, https:\/\/trojan-lighting.co.uk\/wp-content\/uploads\/2024\/12\/hero-1200-png-600x478.webp 600w, https:\/\/trojan-lighting.co.uk\/wp-content\/uploads\/2024\/12\/hero-1200-300x239.webp 300w, https:\/\/trojan-lighting.co.uk\/wp-content\/uploads\/2024\/12\/hero-1200-768x612.webp 768w, https:\/\/trojan-lighting.co.uk\/wp-content\/uploads\/2024\/12\/hero-1200-png.webp 1200w\" sizes=\"(max-width: 800px) 100vw, 800px\" \/>\t\t\t\t\t\t\t\t\t\t\t\t\t\t\t<\/div>\n\t\t\t\t<\/div>\n\t\t\t\t<\/div>\n\t\t\t\t\t<\/div>\n\t\t\t\t<\/div>\n\t\t<div class=\"elementor-element elementor-element-046e339 e-flex e-con-boxed e-con e-parent\" data-id=\"046e339\" data-element_type=\"container\" data-e-type=\"container\" lighting=\"\">\n\t\t\t\t\t<div class=\"e-con-inner\">\n\t\t\t\t<div class=\"elementor-element elementor-element-eac2640 elementor-widget__width-auto elementor-widget elementor-widget-table-of-contents\" data-id=\"eac2640\" data-element_type=\"widget\" data-e-type=\"widget\" data-settings=\"{&quot;headings_by_tags&quot;:[&quot;h4&quot;],&quot;exclude_headings_by_selector&quot;:[],&quot;marker_view&quot;:&quot;bullets&quot;,&quot;icon&quot;:{&quot;value&quot;:&quot;&quot;,&quot;library&quot;:&quot;&quot;},&quot;collapse_subitems&quot;:&quot;yes&quot;,&quot;no_headings_message&quot;:&quot;No headings were found on this page.&quot;,&quot;hierarchical_view&quot;:&quot;yes&quot;,&quot;min_height&quot;:{&quot;unit&quot;:&quot;px&quot;,&quot;size&quot;:&quot;&quot;,&quot;sizes&quot;:[]},&quot;min_height_widescreen&quot;:{&quot;unit&quot;:&quot;px&quot;,&quot;size&quot;:&quot;&quot;,&quot;sizes&quot;:[]},&quot;min_height_laptop&quot;:{&quot;unit&quot;:&quot;px&quot;,&quot;size&quot;:&quot;&quot;,&quot;sizes&quot;:[]},&quot;min_height_tablet_extra&quot;:{&quot;unit&quot;:&quot;px&quot;,&quot;size&quot;:&quot;&quot;,&quot;sizes&quot;:[]},&quot;min_height_tablet&quot;:{&quot;unit&quot;:&quot;px&quot;,&quot;size&quot;:&quot;&quot;,&quot;sizes&quot;:[]},&quot;min_height_mobile_extra&quot;:{&quot;unit&quot;:&quot;px&quot;,&quot;size&quot;:&quot;&quot;,&quot;sizes&quot;:[]},&quot;min_height_mobile&quot;:{&quot;unit&quot;:&quot;px&quot;,&quot;size&quot;:&quot;&quot;,&quot;sizes&quot;:[]}}\" data-widget_type=\"table-of-contents.default\">\n\t\t\t\t<div class=\"elementor-widget-container\">\n\t\t\t\t\t\t\t\t\t<div id=\"elementor-toc__eac2640\" class=\"elementor-toc__body elementor-toc__list-items--collapsible\">\n\t\t\t<div class=\"elementor-toc__spinner-container\">\n\t\t\t\t<svg class=\"elementor-toc__spinner eicon-animation-spin e-font-icon-svg e-eicon-loading\" aria-hidden=\"true\" viewBox=\"0 0 1000 1000\" xmlns=\"http:\/\/www.w3.org\/2000\/svg\"><path d=\"M500 975V858C696 858 858 696 858 500S696 142 500 142 142 304 142 500H25C25 237 238 25 500 25S975 237 975 500 763 975 500 975Z\"><\/path><\/svg>\t\t\t<\/div>\n\t\t<\/div>\n\t\t\t\t\t\t<\/div>\n\t\t\t\t<\/div>\n\t\t\t\t<div class=\"elementor-element elementor-element-ae72620 elementor-widget elementor-widget-text-editor\" data-id=\"ae72620\" data-element_type=\"widget\" data-e-type=\"widget\" data-widget_type=\"text-editor.default\">\n\t\t\t\t<div class=\"elementor-widget-container\">\n\t\t\t\t\t\t\t\t\t<h4>Schotts und Wandleuchten<\/h4>\n\t\t\t\t\t\t\t\t<\/div>\n\t\t\t\t<\/div>\n\t\t\t\t<div class=\"elementor-element elementor-element-39fa1f8 elementor-widget elementor-widget-text-editor\" data-id=\"39fa1f8\" data-element_type=\"widget\" data-e-type=\"widget\" data-widget_type=\"text-editor.default\">\n\t\t\t\t<div class=\"elementor-widget-container\">\n\t\t\t\t\t\t\t\t\t<h4>Downlights<\/h4>\n\t\t\t\t\t\t\t\t<\/div>\n\t\t\t\t<\/div>\n\t\t\t\t<div class=\"elementor-element elementor-element-f1a0067 elementor-widget elementor-widget-text-editor\" data-id=\"f1a0067\" data-element_type=\"widget\" data-e-type=\"widget\" data-widget_type=\"text-editor.default\">\n\t\t\t\t<div class=\"elementor-widget-container\">\n\t\t\t\t\t\t\t\t\t<h4>Modulare Beleuchtung<\/h4>\n\t\t\t\t\t\t\t\t<\/div>\n\t\t\t\t<\/div>\n\t\t\t\t<div class=\"elementor-element elementor-element-6b3c821 elementor-widget elementor-widget-text-editor\" data-id=\"6b3c821\" data-element_type=\"widget\" data-e-type=\"widget\" data-widget_type=\"text-editor.default\">\n\t\t\t\t<div class=\"elementor-widget-container\">\n\t\t\t\t\t\t\t\t\t<h4>Industrielle Beleuchtung<\/h4>\n\t\t\t\t\t\t\t\t<\/div>\n\t\t\t\t<\/div>\n\t\t\t\t<div class=\"elementor-element elementor-element-011b779 elementor-widget elementor-widget-text-editor\" data-id=\"011b779\" data-element_type=\"widget\" data-e-type=\"widget\" data-widget_type=\"text-editor.default\">\n\t\t\t\t<div class=\"elementor-widget-container\">\n\t\t\t\t\t\t\t\t\t<h4>Notbeleuchtung<\/h4>\n\t\t\t\t\t\t\t\t<\/div>\n\t\t\t\t<\/div>\n\t\t\t\t<div class=\"elementor-element elementor-element-e44ec71 elementor-widget elementor-widget-text-editor\" data-id=\"e44ec71\" data-element_type=\"widget\" data-e-type=\"widget\" data-widget_type=\"text-editor.default\">\n\t\t\t\t<div class=\"elementor-widget-container\">\n\t\t\t\t\t\t\t\t\t<h4>Anti-Ligatur-Beleuchtung<\/h4>\n\t\t\t\t\t\t\t\t<\/div>\n\t\t\t\t<\/div>\n\t\t\t\t<div class=\"elementor-element elementor-element-3947300 elementor-grid-6 elementor-posts--align-center elementor-posts__hover-none elementor-grid-tablet-4 elementor-grid-mobile_extra-4 elementor-grid-mobile-2 elementor-posts--thumbnail-top elementor-widget elementor-widget-posts\" data-id=\"3947300\" data-element_type=\"widget\" data-e-type=\"widget\" data-settings=\"{&quot;cards_columns&quot;:&quot;6&quot;,&quot;cards_row_gap&quot;:{&quot;unit&quot;:&quot;px&quot;,&quot;size&quot;:20,&quot;sizes&quot;:[]},&quot;cards_columns_tablet&quot;:&quot;4&quot;,&quot;cards_columns_mobile_extra&quot;:&quot;4&quot;,&quot;cards_columns_mobile&quot;:&quot;2&quot;,&quot;cards_row_gap_widescreen&quot;:{&quot;unit&quot;:&quot;px&quot;,&quot;size&quot;:&quot;&quot;,&quot;sizes&quot;:[]},&quot;cards_row_gap_laptop&quot;:{&quot;unit&quot;:&quot;px&quot;,&quot;size&quot;:&quot;&quot;,&quot;sizes&quot;:[]},&quot;cards_row_gap_tablet_extra&quot;:{&quot;unit&quot;:&quot;px&quot;,&quot;size&quot;:&quot;&quot;,&quot;sizes&quot;:[]},&quot;cards_row_gap_tablet&quot;:{&quot;unit&quot;:&quot;px&quot;,&quot;size&quot;:&quot;&quot;,&quot;sizes&quot;:[]},&quot;cards_row_gap_mobile_extra&quot;:{&quot;unit&quot;:&quot;px&quot;,&quot;size&quot;:&quot;&quot;,&quot;sizes&quot;:[]},&quot;cards_row_gap_mobile&quot;:{&quot;unit&quot;:&quot;px&quot;,&quot;size&quot;:&quot;&quot;,&quot;sizes&quot;:[]}}\" data-widget_type=\"posts.cards\">\n\t\t\t\t<div class=\"elementor-widget-container\">\n\t\t\t\t\t\t\t<div class=\"elementor-posts-container elementor-posts elementor-posts--skin-cards elementor-grid\" role=\"list\">\n\t\t\t\t<article class=\"elementor-post elementor-grid-item post-22041 page type-page status-publish has-post-thumbnail hentry tag-anti-ligature-lighting\" role=\"listitem\">\n\t\t\t<div class=\"elementor-post__card\">\n\t\t\t\t<a class=\"elementor-post__thumbnail__link\" href=\"https:\/\/trojan-lighting.co.uk\/de\/kommerzieller-bulkhead-und-wandmontagebereich\/earhart-reichweite\/\" tabindex=\"-1\" ><div class=\"elementor-post__thumbnail\"><img decoding=\"async\" width=\"300\" height=\"300\" src=\"https:\/\/trojan-lighting.co.uk\/wp-content\/uploads\/2025\/05\/earhart-300x300.webp\" class=\"attachment-medium size-medium wp-image-39029\" alt=\"earhart bulkhead\" srcset=\"https:\/\/trojan-lighting.co.uk\/wp-content\/uploads\/2025\/05\/earhart-300x300.webp 300w, https:\/\/trojan-lighting.co.uk\/wp-content\/uploads\/2025\/05\/earhart-150x150.webp 150w, https:\/\/trojan-lighting.co.uk\/wp-content\/uploads\/2025\/05\/earhart-100x100.webp 100w, https:\/\/trojan-lighting.co.uk\/wp-content\/uploads\/2025\/05\/earhart.webp 500w\" sizes=\"(max-width: 300px) 100vw, 300px\" \/><\/div><\/a>\n\t\t\t\t<div class=\"elementor-post__text\">\n\t\t\t\t<h3 class=\"elementor-post__title\">\n\t\t\t<a href=\"https:\/\/trojan-lighting.co.uk\/de\/kommerzieller-bulkhead-und-wandmontagebereich\/earhart-reichweite\/\" >\n\t\t\t\tEarhart Reichweite\t\t\t<\/a>\n\t\t<\/h3>\n\t\t\t\t<\/div>\n\t\t\t\t\t<\/div>\n\t\t<\/article>\n\t\t\t\t<\/div>\n\t\t\n\t\t\t\t\t\t<\/div>\n\t\t\t\t<\/div>\n\t\t\t\t<div class=\"elementor-element elementor-element-ed9ab45 elementor-widget elementor-widget-text-editor\" data-id=\"ed9ab45\" data-element_type=\"widget\" data-e-type=\"widget\" data-widget_type=\"text-editor.default\">\n\t\t\t\t<div class=\"elementor-widget-container\">\n\t\t\t\t\t\t\t\t\t<h4>\u00c4u\u00dfere Beleuchtung<\/h4>\n\t\t\t\t\t\t\t\t<\/div>\n\t\t\t\t<\/div>\n\t\t\t\t<div class=\"elementor-element elementor-element-3f4c9c8 elementor-widget elementor-widget-text-editor\" data-id=\"3f4c9c8\" data-element_type=\"widget\" data-e-type=\"widget\" data-widget_type=\"text-editor.default\">\n\t\t\t\t<div class=\"elementor-widget-container\">\n\t\t\t\t\t\t\t\t\t<h4>Lineare Beleuchtung<\/h4>\n\t\t\t\t\t\t\t\t<\/div>\n\t\t\t\t<\/div>\n\t\t\t\t\t<\/div>\n\t\t\t\t<\/div>\n\t\t<div class=\"elementor-element elementor-element-15b25f0 e-flex e-con-boxed e-con e-parent\" data-id=\"15b25f0\" data-element_type=\"container\" data-e-type=\"container\">\n\t\t\t\t\t<div class=\"e-con-inner\">\n\t\t\t\t<div class=\"elementor-element elementor-element-d617f6b elementor-widget elementor-widget-spacer\" data-id=\"d617f6b\" data-element_type=\"widget\" data-e-type=\"widget\" data-widget_type=\"spacer.default\">\n\t\t\t\t<div class=\"elementor-widget-container\">\n\t\t\t\t\t\t\t<div class=\"elementor-spacer\">\n\t\t\t<div class=\"elementor-spacer-inner\"><\/div>\n\t\t<\/div>\n\t\t\t\t\t\t<\/div>\n\t\t\t\t<\/div>\n\t\t\t\t<div class=\"elementor-element elementor-element-45e4be1 elementor-cta--skin-classic elementor-animated-content elementor-widget elementor-widget-call-to-action\" data-id=\"45e4be1\" data-element_type=\"widget\" data-e-type=\"widget\" data-widget_type=\"call-to-action.default\">\n\t\t\t\t<div class=\"elementor-widget-container\">\n\t\t\t\t\t\t\t<div class=\"elementor-cta\">\n\t\t\t\t\t<div class=\"elementor-cta__bg-wrapper\">\n\t\t\t\t<div class=\"elementor-cta__bg elementor-bg\" style=\"background-image: url(https:\/\/trojan-lighting.co.uk\/wp-content\/uploads\/2023\/03\/pexels-francesco-ungaro-96381.webp);\" role=\"img\" aria-label=\"Circular lights\"><\/div>\n\t\t\t\t<div class=\"elementor-cta__bg-overlay\"><\/div>\n\t\t\t<\/div>\n\t\t\t\t\t\t\t<div class=\"elementor-cta__content\">\n\t\t\t\t\n\t\t\t\t\t\t\t\t\t<h2 class=\"elementor-cta__title elementor-cta__content-item elementor-content-item\">\n\t\t\t\t\t\tKontakt aufnehmen\t\t\t\t\t<\/h2>\n\t\t\t\t\n\t\t\t\t\t\t\t\t\t<div class=\"elementor-cta__description elementor-cta__content-item elementor-content-item\">\n\t\t\t\t\t\t<p>Kontaktieren Sie Trojan Lighting f\u00fcr eine fachkundige Beratung zu Ihrem Projekt.<\/p>\n\t\t\t\t\t<\/div>\n\t\t\t\t\n\t\t\t\t\t\t\t\t\t<div class=\"elementor-cta__button-wrapper elementor-cta__content-item elementor-content-item \">\n\t\t\t\t\t<a class=\"elementor-cta__button elementor-button elementor-size-\" href=\"https:\/\/trojan-lighting.co.uk\/de\/kontakt\/\">\n\t\t\t\t\t\tKontakt aufnehmen\t\t\t\t\t<\/a>\n\t\t\t\t\t<\/div>\n\t\t\t\t\t\t\t<\/div>\n\t\t\t\t\t\t<\/div>\n\t\t\t\t\t\t<\/div>\n\t\t\t\t<\/div>\n\t\t\t\t\t<\/div>\n\t\t\t\t<\/div>\n\t\t\t\t<\/div>\n\t\t","protected":false},"excerpt":{"rendered":"<p>Gewerbliche Beleuchtung von Trojan Lighting Solutions<\/p>\n","protected":false},"author":5647,"featured_media":12461,"parent":15644,"menu_order":0,"comment_status":"closed","ping_status":"closed","template":"","meta":{"_acf_changed":false,"footnotes":""},"categories":[],"tags":[],"class_list":["post-15652","page","type-page","status-publish","has-post-thumbnail","hentry"],"acf":[],"yoast_head":"<!-- This site is optimized with the Yoast SEO plugin v27.3 - https:\/\/yoast.com\/product\/yoast-seo-wordpress\/ -->\n<title>Suchen Sie in unseren kommerziellen Beleuchtungsprodukten - Trojan Intelligent Lighting L\u00f6sungen<\/title>\n<meta name=\"description\" content=\"St\u00f6bern Sie in den gewerblichen Produktpaletten von Trojan Lighting, um das richtige Beleuchtungssystem f\u00fcr Sie zu finden - Schotten, Au\u00dfenw\u00e4nde, Downlights, Paneele und mehr\" \/>\n<meta name=\"robots\" content=\"index, follow, max-snippet:-1, max-image-preview:large, max-video-preview:-1\" \/>\n<link rel=\"canonical\" href=\"https:\/\/trojan-lighting.co.uk\/de\/produkte\/kommerzielle-beleuchtung\/\" \/>\n<meta property=\"og:locale\" content=\"de_DE\" \/>\n<meta property=\"og:type\" content=\"article\" \/>\n<meta property=\"og:title\" content=\"Suchen Sie in unseren kommerziellen Beleuchtungsprodukten - Trojan Intelligent Lighting L\u00f6sungen\" \/>\n<meta property=\"og:description\" content=\"St\u00f6bern Sie in den gewerblichen Produktpaletten von Trojan Lighting, um das richtige Beleuchtungssystem f\u00fcr Sie zu finden - Schotten, Au\u00dfenw\u00e4nde, Downlights, Paneele und mehr\" \/>\n<meta property=\"og:url\" content=\"https:\/\/trojan-lighting.co.uk\/de\/produkte\/kommerzielle-beleuchtung\/\" \/>\n<meta property=\"og:site_name\" content=\"Trojan Intelligent Lighting L\u00f6sungen\" \/>\n<meta property=\"article:modified_time\" content=\"2025-02-20T14:40:16+00:00\" \/>\n<meta property=\"og:image\" content=\"https:\/\/trojan-lighting.co.uk\/wp-content\/uploads\/2024\/01\/dorchester-recessed-image-1-png.webp\" \/>\n\t<meta property=\"og:image:width\" content=\"830\" \/>\n\t<meta property=\"og:image:height\" content=\"470\" \/>\n\t<meta property=\"og:image:type\" content=\"image\/png\" \/>\n<meta name=\"twitter:card\" content=\"summary_large_image\" \/>\n<script type=\"application\/ld+json\" class=\"yoast-schema-graph\">{\"@context\":\"https:\\\/\\\/schema.org\",\"@graph\":[{\"@type\":\"WebPage\",\"@id\":\"https:\\\/\\\/trojan-lighting.co.uk\\\/de\\\/produkte\\\/kommerzielle-beleuchtung\\\/\",\"url\":\"https:\\\/\\\/trojan-lighting.co.uk\\\/de\\\/produkte\\\/kommerzielle-beleuchtung\\\/\",\"name\":\"Suchen Sie in unseren kommerziellen Beleuchtungsprodukten - Trojan Intelligent Lighting L\u00f6sungen\",\"isPartOf\":{\"@id\":\"https:\\\/\\\/trojan-lighting.co.uk\\\/#website\"},\"primaryImageOfPage\":{\"@id\":\"https:\\\/\\\/trojan-lighting.co.uk\\\/de\\\/produkte\\\/kommerzielle-beleuchtung\\\/#primaryimage\"},\"image\":{\"@id\":\"https:\\\/\\\/trojan-lighting.co.uk\\\/de\\\/produkte\\\/kommerzielle-beleuchtung\\\/#primaryimage\"},\"thumbnailUrl\":\"https:\\\/\\\/trojan-lighting.co.uk\\\/wp-content\\\/uploads\\\/2024\\\/01\\\/dorchester-recessed-image-1-png.webp\",\"datePublished\":\"2024-08-10T13:17:34+00:00\",\"dateModified\":\"2025-02-20T14:40:16+00:00\",\"description\":\"St\u00f6bern Sie in den gewerblichen Produktpaletten von Trojan Lighting, um das richtige Beleuchtungssystem f\u00fcr Sie zu finden - Schotten, Au\u00dfenw\u00e4nde, Downlights, Paneele und mehr\",\"breadcrumb\":{\"@id\":\"https:\\\/\\\/trojan-lighting.co.uk\\\/de\\\/produkte\\\/kommerzielle-beleuchtung\\\/#breadcrumb\"},\"inLanguage\":\"de\",\"potentialAction\":[{\"@type\":\"ReadAction\",\"target\":[\"https:\\\/\\\/trojan-lighting.co.uk\\\/de\\\/produkte\\\/kommerzielle-beleuchtung\\\/\"]}]},{\"@type\":\"ImageObject\",\"inLanguage\":\"de\",\"@id\":\"https:\\\/\\\/trojan-lighting.co.uk\\\/de\\\/produkte\\\/kommerzielle-beleuchtung\\\/#primaryimage\",\"url\":\"https:\\\/\\\/trojan-lighting.co.uk\\\/wp-content\\\/uploads\\\/2024\\\/01\\\/dorchester-recessed-image-1-png.webp\",\"contentUrl\":\"https:\\\/\\\/trojan-lighting.co.uk\\\/wp-content\\\/uploads\\\/2024\\\/01\\\/dorchester-recessed-image-1-png.webp\",\"width\":830,\"height\":470},{\"@type\":\"BreadcrumbList\",\"@id\":\"https:\\\/\\\/trojan-lighting.co.uk\\\/de\\\/produkte\\\/kommerzielle-beleuchtung\\\/#breadcrumb\",\"itemListElement\":[{\"@type\":\"ListItem\",\"position\":1,\"name\":\"Startseite\",\"item\":\"https:\\\/\\\/trojan-lighting.co.uk\\\/de\\\/startseite\\\/\"},{\"@type\":\"ListItem\",\"position\":2,\"name\":\"Produkte\",\"item\":\"https:\\\/\\\/trojan-lighting.co.uk\\\/products\\\/\"},{\"@type\":\"ListItem\",\"position\":3,\"name\":\"Kommerzielle Beleuchtung\"}]},{\"@type\":\"WebSite\",\"@id\":\"https:\\\/\\\/trojan-lighting.co.uk\\\/#website\",\"url\":\"https:\\\/\\\/trojan-lighting.co.uk\\\/\",\"name\":\"Trojan Intelligent Lighting L\u00f6sungen\",\"description\":\"An der Spitze der Beleuchtungsl\u00f6sungen\",\"publisher\":{\"@id\":\"https:\\\/\\\/trojan-lighting.co.uk\\\/#organization\"},\"potentialAction\":[{\"@type\":\"SearchAction\",\"target\":{\"@type\":\"EntryPoint\",\"urlTemplate\":\"https:\\\/\\\/trojan-lighting.co.uk\\\/?s={search_term_string}\"},\"query-input\":{\"@type\":\"PropertyValueSpecification\",\"valueRequired\":true,\"valueName\":\"search_term_string\"}}],\"inLanguage\":\"de\"},{\"@type\":\"Organization\",\"@id\":\"https:\\\/\\\/trojan-lighting.co.uk\\\/#organization\",\"name\":\"Trojanische Beleuchtung\",\"url\":\"https:\\\/\\\/trojan-lighting.co.uk\\\/\",\"logo\":{\"@type\":\"ImageObject\",\"inLanguage\":\"de\",\"@id\":\"https:\\\/\\\/trojan-lighting.co.uk\\\/#\\\/schema\\\/logo\\\/image\\\/\",\"url\":\"https:\\\/\\\/trojan-lighting.co.uk\\\/wp-content\\\/uploads\\\/2023\\\/03\\\/trojan_2-02-favicon-png.webp\",\"contentUrl\":\"https:\\\/\\\/trojan-lighting.co.uk\\\/wp-content\\\/uploads\\\/2023\\\/03\\\/trojan_2-02-favicon-png.webp\",\"width\":780,\"height\":780,\"caption\":\"Trojanische Beleuchtung\"},\"image\":{\"@id\":\"https:\\\/\\\/trojan-lighting.co.uk\\\/#\\\/schema\\\/logo\\\/image\\\/\"},\"sameAs\":[\"https:\\\/\\\/www.linkedin.com\\\/company\\\/trojan-lighting-solutions-limited\\\/\"]}]}<\/script>\n<!-- \/ Yoast SEO plugin. -->","yoast_head_json":{"title":"Suchen Sie in unseren kommerziellen Beleuchtungsprodukten - Trojan Intelligent Lighting L\u00f6sungen","description":"St\u00f6bern Sie in den gewerblichen Produktpaletten von Trojan Lighting, um das richtige Beleuchtungssystem f\u00fcr Sie zu finden - Schotten, Au\u00dfenw\u00e4nde, Downlights, Paneele und mehr","robots":{"index":"index","follow":"follow","max-snippet":"max-snippet:-1","max-image-preview":"max-image-preview:large","max-video-preview":"max-video-preview:-1"},"canonical":"https:\/\/trojan-lighting.co.uk\/de\/produkte\/kommerzielle-beleuchtung\/","og_locale":"de_DE","og_type":"article","og_title":"Suchen Sie in unseren kommerziellen Beleuchtungsprodukten - Trojan Intelligent Lighting L\u00f6sungen","og_description":"St\u00f6bern Sie in den gewerblichen Produktpaletten von Trojan Lighting, um das richtige Beleuchtungssystem f\u00fcr Sie zu finden - Schotten, Au\u00dfenw\u00e4nde, Downlights, Paneele und mehr","og_url":"https:\/\/trojan-lighting.co.uk\/de\/produkte\/kommerzielle-beleuchtung\/","og_site_name":"Trojan Intelligent Lighting L\u00f6sungen","article_modified_time":"2025-02-20T14:40:16+00:00","og_image":[{"width":830,"height":470,"url":"https:\/\/trojan-lighting.co.uk\/wp-content\/uploads\/2024\/01\/dorchester-recessed-image-1-png.webp","type":"image\/png"}],"twitter_card":"summary_large_image","schema":{"@context":"https:\/\/schema.org","@graph":[{"@type":"WebPage","@id":"https:\/\/trojan-lighting.co.uk\/de\/produkte\/kommerzielle-beleuchtung\/","url":"https:\/\/trojan-lighting.co.uk\/de\/produkte\/kommerzielle-beleuchtung\/","name":"Suchen Sie in unseren kommerziellen Beleuchtungsprodukten - Trojan Intelligent Lighting L\u00f6sungen","isPartOf":{"@id":"https:\/\/trojan-lighting.co.uk\/#website"},"primaryImageOfPage":{"@id":"https:\/\/trojan-lighting.co.uk\/de\/produkte\/kommerzielle-beleuchtung\/#primaryimage"},"image":{"@id":"https:\/\/trojan-lighting.co.uk\/de\/produkte\/kommerzielle-beleuchtung\/#primaryimage"},"thumbnailUrl":"https:\/\/trojan-lighting.co.uk\/wp-content\/uploads\/2024\/01\/dorchester-recessed-image-1-png.webp","datePublished":"2024-08-10T13:17:34+00:00","dateModified":"2025-02-20T14:40:16+00:00","description":"St\u00f6bern Sie in den gewerblichen Produktpaletten von Trojan Lighting, um das richtige Beleuchtungssystem f\u00fcr Sie zu finden - Schotten, Au\u00dfenw\u00e4nde, Downlights, Paneele und mehr","breadcrumb":{"@id":"https:\/\/trojan-lighting.co.uk\/de\/produkte\/kommerzielle-beleuchtung\/#breadcrumb"},"inLanguage":"de","potentialAction":[{"@type":"ReadAction","target":["https:\/\/trojan-lighting.co.uk\/de\/produkte\/kommerzielle-beleuchtung\/"]}]},{"@type":"ImageObject","inLanguage":"de","@id":"https:\/\/trojan-lighting.co.uk\/de\/produkte\/kommerzielle-beleuchtung\/#primaryimage","url":"https:\/\/trojan-lighting.co.uk\/wp-content\/uploads\/2024\/01\/dorchester-recessed-image-1-png.webp","contentUrl":"https:\/\/trojan-lighting.co.uk\/wp-content\/uploads\/2024\/01\/dorchester-recessed-image-1-png.webp","width":830,"height":470},{"@type":"BreadcrumbList","@id":"https:\/\/trojan-lighting.co.uk\/de\/produkte\/kommerzielle-beleuchtung\/#breadcrumb","itemListElement":[{"@type":"ListItem","position":1,"name":"Startseite","item":"https:\/\/trojan-lighting.co.uk\/de\/startseite\/"},{"@type":"ListItem","position":2,"name":"Produkte","item":"https:\/\/trojan-lighting.co.uk\/products\/"},{"@type":"ListItem","position":3,"name":"Kommerzielle Beleuchtung"}]},{"@type":"WebSite","@id":"https:\/\/trojan-lighting.co.uk\/#website","url":"https:\/\/trojan-lighting.co.uk\/","name":"Trojan Intelligent Lighting L\u00f6sungen","description":"An der Spitze der Beleuchtungsl\u00f6sungen","publisher":{"@id":"https:\/\/trojan-lighting.co.uk\/#organization"},"potentialAction":[{"@type":"SearchAction","target":{"@type":"EntryPoint","urlTemplate":"https:\/\/trojan-lighting.co.uk\/?s={search_term_string}"},"query-input":{"@type":"PropertyValueSpecification","valueRequired":true,"valueName":"search_term_string"}}],"inLanguage":"de"},{"@type":"Organization","@id":"https:\/\/trojan-lighting.co.uk\/#organization","name":"Trojanische Beleuchtung","url":"https:\/\/trojan-lighting.co.uk\/","logo":{"@type":"ImageObject","inLanguage":"de","@id":"https:\/\/trojan-lighting.co.uk\/#\/schema\/logo\/image\/","url":"https:\/\/trojan-lighting.co.uk\/wp-content\/uploads\/2023\/03\/trojan_2-02-favicon-png.webp","contentUrl":"https:\/\/trojan-lighting.co.uk\/wp-content\/uploads\/2023\/03\/trojan_2-02-favicon-png.webp","width":780,"height":780,"caption":"Trojanische Beleuchtung"},"image":{"@id":"https:\/\/trojan-lighting.co.uk\/#\/schema\/logo\/image\/"},"sameAs":["https:\/\/www.linkedin.com\/company\/trojan-lighting-solutions-limited\/"]}]}},"_links":{"self":[{"href":"https:\/\/trojan-lighting.co.uk\/de\/wp-json\/wp\/v2\/pages\/15652","targetHints":{"allow":["GET"]}}],"collection":[{"href":"https:\/\/trojan-lighting.co.uk\/de\/wp-json\/wp\/v2\/pages"}],"about":[{"href":"https:\/\/trojan-lighting.co.uk\/de\/wp-json\/wp\/v2\/types\/page"}],"author":[{"embeddable":true,"href":"https:\/\/trojan-lighting.co.uk\/de\/wp-json\/wp\/v2\/users\/5647"}],"replies":[{"embeddable":true,"href":"https:\/\/trojan-lighting.co.uk\/de\/wp-json\/wp\/v2\/comments?post=15652"}],"version-history":[{"count":0,"href":"https:\/\/trojan-lighting.co.uk\/de\/wp-json\/wp\/v2\/pages\/15652\/revisions"}],"up":[{"embeddable":true,"href":"https:\/\/trojan-lighting.co.uk\/de\/wp-json\/wp\/v2\/pages\/15644"}],"wp:featuredmedia":[{"embeddable":true,"href":"https:\/\/trojan-lighting.co.uk\/de\/wp-json\/wp\/v2\/media\/12461"}],"wp:attachment":[{"href":"https:\/\/trojan-lighting.co.uk\/de\/wp-json\/wp\/v2\/media?parent=15652"}],"wp:term":[{"taxonomy":"category","embeddable":true,"href":"https:\/\/trojan-lighting.co.uk\/de\/wp-json\/wp\/v2\/categories?post=15652"},{"taxonomy":"post_tag","embeddable":true,"href":"https:\/\/trojan-lighting.co.uk\/de\/wp-json\/wp\/v2\/tags?post=15652"}],"curies":[{"name":"wp","href":"https:\/\/api.w.org\/{rel}","templated":true}]}}