{"id":21854,"date":"2023-11-11T15:05:41","date_gmt":"2023-11-11T15:05:41","guid":{"rendered":"https:\/\/trojan-lighting.co.uk\/modulare-beleuchtung\/"},"modified":"2024-11-20T10:36:59","modified_gmt":"2024-11-20T10:36:59","slug":"modulare-beleuchtung","status":"publish","type":"page","link":"https:\/\/trojan-lighting.co.uk\/de\/modulare-beleuchtung\/","title":{"rendered":"Modulare Beleuchtung"},"content":{"rendered":"\t\t<div data-elementor-type=\"wp-post\" data-elementor-id=\"21854\" class=\"elementor elementor-21854 elementor-1831\" data-elementor-post-type=\"page\">\n\t\t\t\t\t\t<section class=\"elementor-section elementor-top-section elementor-element elementor-element-b20a8e1 elementor-section-full_width elementor-section-height-min-height animated-slow elementor-section-height-default elementor-section-items-middle elementor-invisible\" data-id=\"b20a8e1\" data-element_type=\"section\" data-e-type=\"section\" data-settings=\"{&quot;background_background&quot;:&quot;classic&quot;,&quot;animation&quot;:&quot;fadeIn&quot;}\">\n\t\t\t\t\t\t\t<div class=\"elementor-background-overlay\"><\/div>\n\t\t\t\t\t\t\t<div class=\"elementor-container elementor-column-gap-default\">\n\t\t\t\t\t<div class=\"elementor-column elementor-col-100 elementor-top-column elementor-element elementor-element-6451cf5b\" data-id=\"6451cf5b\" data-element_type=\"column\" data-e-type=\"column\">\n\t\t\t<div class=\"elementor-widget-wrap elementor-element-populated\">\n\t\t\t\t\t\t<div class=\"elementor-element elementor-element-16fc47f2 elementor-widget elementor-widget-heading\" data-id=\"16fc47f2\" data-element_type=\"widget\" data-e-type=\"widget\" data-widget_type=\"heading.default\">\n\t\t\t\t<div class=\"elementor-widget-container\">\n\t\t\t\t\t<h1 class=\"elementor-heading-title elementor-size-default\">Modulare Beleuchtung<\/h1>\t\t\t\t<\/div>\n\t\t\t\t<\/div>\n\t\t\t\t\t<\/div>\n\t\t<\/div>\n\t\t\t\t\t<\/div>\n\t\t<\/section>\n\t\t\t\t<section class=\"elementor-section elementor-top-section elementor-element elementor-element-afe51ba elementor-section-boxed elementor-section-height-default elementor-section-height-default\" data-id=\"afe51ba\" data-element_type=\"section\" data-e-type=\"section\">\n\t\t\t\t\t\t<div class=\"elementor-container elementor-column-gap-default\">\n\t\t\t\t\t<div class=\"elementor-column elementor-col-100 elementor-top-column elementor-element elementor-element-d323560\" data-id=\"d323560\" data-element_type=\"column\" data-e-type=\"column\">\n\t\t\t<div class=\"elementor-widget-wrap elementor-element-populated\">\n\t\t\t\t\t\t<div class=\"elementor-element elementor-element-08839ad elementor-widget elementor-widget-text-editor\" data-id=\"08839ad\" data-element_type=\"widget\" data-e-type=\"widget\" data-widget_type=\"text-editor.default\">\n\t\t\t\t<div class=\"elementor-widget-container\">\n\t\t\t\t\t\t\t\t\t<p>Entdecken Sie die modulare Beleuchtungsserie von Trojan Lighting Solutions &#8211; eine vielseitige L\u00f6sung, die auf Anpassungsf\u00e4higkeit und Benutzerfreundlichkeit ausgelegt ist. Unsere modularen Leuchten wurden mit Blick auf Flexibilit\u00e4t entwickelt und bieten anpassbare Optionen f\u00fcr verschiedene Umgebungen. Egal, ob Sie dynamische Beleuchtungsinstallationen schaffen oder sich an wechselnde r\u00e4umliche Anforderungen anpassen wollen, die modulare Beleuchtungsreihe von Trojan gew\u00e4hrleistet Einfachheit und Effizienz.  <\/p>\n\t\t\t\t\t\t\t\t<\/div>\n\t\t\t\t<\/div>\n\t\t\t\t\t<\/div>\n\t\t<\/div>\n\t\t\t\t\t<\/div>\n\t\t<\/section>\n\t\t<div class=\"elementor-element elementor-element-26ff3504 e-grid e-con-boxed e-con e-parent\" data-id=\"26ff3504\" data-element_type=\"container\" data-e-type=\"container\">\n\t\t\t\t\t<div class=\"e-con-inner\">\n\t\t\t\t\t<\/div>\n\t\t\t\t<\/div>\n\t\t\t\t<section class=\"elementor-section elementor-top-section elementor-element elementor-element-5a5a7bc7 elementor-section-boxed elementor-section-height-default elementor-section-height-default\" data-id=\"5a5a7bc7\" data-element_type=\"section\" data-e-type=\"section\">\n\t\t\t\t\t\t<div class=\"elementor-container elementor-column-gap-default\">\n\t\t\t\t\t<div class=\"elementor-column elementor-col-100 elementor-top-column elementor-element elementor-element-783100c3\" data-id=\"783100c3\" data-element_type=\"column\" data-e-type=\"column\">\n\t\t\t<div class=\"elementor-widget-wrap elementor-element-populated\">\n\t\t\t\t\t\t<div class=\"elementor-element elementor-element-22fb610a elementor-widget elementor-widget-spacer\" data-id=\"22fb610a\" data-element_type=\"widget\" data-e-type=\"widget\" data-widget_type=\"spacer.default\">\n\t\t\t\t<div class=\"elementor-widget-container\">\n\t\t\t\t\t\t\t<div class=\"elementor-spacer\">\n\t\t\t<div class=\"elementor-spacer-inner\"><\/div>\n\t\t<\/div>\n\t\t\t\t\t\t<\/div>\n\t\t\t\t<\/div>\n\t\t\t\t<div class=\"elementor-element elementor-element-5c3cca37 elementor-cta--skin-classic elementor-animated-content elementor-widget elementor-widget-global elementor-global-22572 elementor-global-353 elementor-widget-call-to-action\" data-id=\"5c3cca37\" data-element_type=\"widget\" data-e-type=\"widget\" data-widget_type=\"call-to-action.default\">\n\t\t\t\t<div class=\"elementor-widget-container\">\n\t\t\t\t\t\t\t<div class=\"elementor-cta\">\n\t\t\t\t\t<div class=\"elementor-cta__bg-wrapper\">\n\t\t\t\t<div class=\"elementor-cta__bg elementor-bg\" style=\"background-image: url(https:\/\/trojan-lighting.co.uk\/wp-content\/uploads\/2023\/03\/pexels-francesco-ungaro-96381.webp);\" role=\"img\" aria-label=\"Circular lights\"><\/div>\n\t\t\t\t<div class=\"elementor-cta__bg-overlay\"><\/div>\n\t\t\t<\/div>\n\t\t\t\t\t\t\t<div class=\"elementor-cta__content\">\n\t\t\t\t\n\t\t\t\t\t\t\t\t\t<h2 class=\"elementor-cta__title elementor-cta__content-item elementor-content-item\">\n\t\t\t\t\t\tKontakt aufnehmen\t\t\t\t\t<\/h2>\n\t\t\t\t\n\t\t\t\t\t\t\t\t\t<div class=\"elementor-cta__description elementor-cta__content-item elementor-content-item\">\n\t\t\t\t\t\t<p>Kontaktieren Sie Trojan Lighting f\u00fcr eine fachkundige Beratung zu Ihrem Projekt.<\/p>\n\t\t\t\t\t<\/div>\n\t\t\t\t\n\t\t\t\t\t\t\t\t\t<div class=\"elementor-cta__button-wrapper elementor-cta__content-item elementor-content-item \">\n\t\t\t\t\t<a class=\"elementor-cta__button elementor-button elementor-size-\" href=\"https:\/\/trojan-lighting.co.uk\/de\/kontakt\/\">\n\t\t\t\t\t\tKontakt aufnehmen\t\t\t\t\t<\/a>\n\t\t\t\t\t<\/div>\n\t\t\t\t\t\t\t<\/div>\n\t\t\t\t\t\t<\/div>\n\t\t\t\t\t\t<\/div>\n\t\t\t\t<\/div>\n\t\t\t\t\t<\/div>\n\t\t<\/div>\n\t\t\t\t\t<\/div>\n\t\t<\/section>\n\t\t\t\t<\/div>\n\t\t","protected":false},"excerpt":{"rendered":"<p>Entdecken Sie die modulare Beleuchtungsserie von Trojan Lighting Solutions &#8211; eine vielseitige L\u00f6sung, die auf Anpassungsf\u00e4higkeit und Benutzerfreundlichkeit ausgelegt ist.<\/p>\n","protected":false},"author":5647,"featured_media":12197,"parent":0,"menu_order":0,"comment_status":"closed","ping_status":"closed","template":"","meta":{"_acf_changed":false,"footnotes":""},"categories":[],"tags":[],"class_list":["post-21854","page","type-page","status-publish","has-post-thumbnail","hentry"],"acf":[],"yoast_head":"<!-- This site is optimized with the Yoast SEO plugin v27.3 - https:\/\/yoast.com\/product\/yoast-seo-wordpress\/ -->\n<title>Modulare Beleuchtung - Trojan Intelligent Lighting L\u00f6sungen<\/title>\n<meta name=\"robots\" content=\"index, follow, max-snippet:-1, max-image-preview:large, max-video-preview:-1\" \/>\n<link rel=\"canonical\" href=\"https:\/\/trojan-lighting.co.uk\/de\/modulare-beleuchtung\/\" \/>\n<meta property=\"og:locale\" content=\"de_DE\" \/>\n<meta property=\"og:type\" content=\"article\" \/>\n<meta property=\"og:title\" content=\"Modulare Beleuchtung - Trojan Intelligent Lighting L\u00f6sungen\" \/>\n<meta property=\"og:description\" content=\"Entdecken Sie die modulare Beleuchtungsserie von Trojan Lighting Solutions - eine vielseitige L\u00f6sung, die auf Anpassungsf\u00e4higkeit und Benutzerfreundlichkeit ausgelegt ist.\" \/>\n<meta property=\"og:url\" content=\"https:\/\/trojan-lighting.co.uk\/de\/modulare-beleuchtung\/\" \/>\n<meta property=\"og:site_name\" content=\"Trojan Intelligent Lighting L\u00f6sungen\" \/>\n<meta property=\"article:modified_time\" content=\"2024-11-20T10:36:59+00:00\" \/>\n<meta property=\"og:image\" content=\"https:\/\/trojan-lighting.co.uk\/wp-content\/uploads\/2023\/11\/lowcroft-image.png\" \/>\n\t<meta property=\"og:image:width\" content=\"673\" \/>\n\t<meta property=\"og:image:height\" content=\"442\" \/>\n\t<meta property=\"og:image:type\" content=\"image\/png\" \/>\n<meta name=\"twitter:card\" content=\"summary_large_image\" \/>\n<script type=\"application\/ld+json\" class=\"yoast-schema-graph\">{\"@context\":\"https:\\\/\\\/schema.org\",\"@graph\":[{\"@type\":\"WebPage\",\"@id\":\"https:\\\/\\\/trojan-lighting.co.uk\\\/de\\\/modulare-beleuchtung\\\/\",\"url\":\"https:\\\/\\\/trojan-lighting.co.uk\\\/de\\\/modulare-beleuchtung\\\/\",\"name\":\"Modulare Beleuchtung - Trojan Intelligent Lighting L\u00f6sungen\",\"isPartOf\":{\"@id\":\"https:\\\/\\\/trojan-lighting.co.uk\\\/#website\"},\"primaryImageOfPage\":{\"@id\":\"https:\\\/\\\/trojan-lighting.co.uk\\\/de\\\/modulare-beleuchtung\\\/#primaryimage\"},\"image\":{\"@id\":\"https:\\\/\\\/trojan-lighting.co.uk\\\/de\\\/modulare-beleuchtung\\\/#primaryimage\"},\"thumbnailUrl\":\"https:\\\/\\\/trojan-lighting.co.uk\\\/wp-content\\\/uploads\\\/2023\\\/11\\\/lowcroft-image-png.webp\",\"datePublished\":\"2023-11-11T15:05:41+00:00\",\"dateModified\":\"2024-11-20T10:36:59+00:00\",\"breadcrumb\":{\"@id\":\"https:\\\/\\\/trojan-lighting.co.uk\\\/de\\\/modulare-beleuchtung\\\/#breadcrumb\"},\"inLanguage\":\"de\",\"potentialAction\":[{\"@type\":\"ReadAction\",\"target\":[\"https:\\\/\\\/trojan-lighting.co.uk\\\/de\\\/modulare-beleuchtung\\\/\"]}]},{\"@type\":\"ImageObject\",\"inLanguage\":\"de\",\"@id\":\"https:\\\/\\\/trojan-lighting.co.uk\\\/de\\\/modulare-beleuchtung\\\/#primaryimage\",\"url\":\"https:\\\/\\\/trojan-lighting.co.uk\\\/wp-content\\\/uploads\\\/2023\\\/11\\\/lowcroft-image-png.webp\",\"contentUrl\":\"https:\\\/\\\/trojan-lighting.co.uk\\\/wp-content\\\/uploads\\\/2023\\\/11\\\/lowcroft-image-png.webp\",\"width\":673,\"height\":442},{\"@type\":\"BreadcrumbList\",\"@id\":\"https:\\\/\\\/trojan-lighting.co.uk\\\/de\\\/modulare-beleuchtung\\\/#breadcrumb\",\"itemListElement\":[{\"@type\":\"ListItem\",\"position\":1,\"name\":\"Startseite\",\"item\":\"https:\\\/\\\/trojan-lighting.co.uk\\\/de\\\/startseite\\\/\"},{\"@type\":\"ListItem\",\"position\":2,\"name\":\"Modulare Beleuchtung\"}]},{\"@type\":\"WebSite\",\"@id\":\"https:\\\/\\\/trojan-lighting.co.uk\\\/#website\",\"url\":\"https:\\\/\\\/trojan-lighting.co.uk\\\/\",\"name\":\"Trojan Intelligent Lighting L\u00f6sungen\",\"description\":\"An der Spitze der Beleuchtungsl\u00f6sungen\",\"publisher\":{\"@id\":\"https:\\\/\\\/trojan-lighting.co.uk\\\/#organization\"},\"potentialAction\":[{\"@type\":\"SearchAction\",\"target\":{\"@type\":\"EntryPoint\",\"urlTemplate\":\"https:\\\/\\\/trojan-lighting.co.uk\\\/?s={search_term_string}\"},\"query-input\":{\"@type\":\"PropertyValueSpecification\",\"valueRequired\":true,\"valueName\":\"search_term_string\"}}],\"inLanguage\":\"de\"},{\"@type\":\"Organization\",\"@id\":\"https:\\\/\\\/trojan-lighting.co.uk\\\/#organization\",\"name\":\"Trojanische Beleuchtung\",\"url\":\"https:\\\/\\\/trojan-lighting.co.uk\\\/\",\"logo\":{\"@type\":\"ImageObject\",\"inLanguage\":\"de\",\"@id\":\"https:\\\/\\\/trojan-lighting.co.uk\\\/#\\\/schema\\\/logo\\\/image\\\/\",\"url\":\"https:\\\/\\\/trojan-lighting.co.uk\\\/wp-content\\\/uploads\\\/2023\\\/03\\\/trojan_2-02-favicon-png.webp\",\"contentUrl\":\"https:\\\/\\\/trojan-lighting.co.uk\\\/wp-content\\\/uploads\\\/2023\\\/03\\\/trojan_2-02-favicon-png.webp\",\"width\":780,\"height\":780,\"caption\":\"Trojanische Beleuchtung\"},\"image\":{\"@id\":\"https:\\\/\\\/trojan-lighting.co.uk\\\/#\\\/schema\\\/logo\\\/image\\\/\"},\"sameAs\":[\"https:\\\/\\\/www.linkedin.com\\\/company\\\/trojan-lighting-solutions-limited\\\/\"]}]}<\/script>\n<!-- \/ Yoast SEO plugin. -->","yoast_head_json":{"title":"Modulare Beleuchtung - Trojan Intelligent Lighting L\u00f6sungen","robots":{"index":"index","follow":"follow","max-snippet":"max-snippet:-1","max-image-preview":"max-image-preview:large","max-video-preview":"max-video-preview:-1"},"canonical":"https:\/\/trojan-lighting.co.uk\/de\/modulare-beleuchtung\/","og_locale":"de_DE","og_type":"article","og_title":"Modulare Beleuchtung - Trojan Intelligent Lighting L\u00f6sungen","og_description":"Entdecken Sie die modulare Beleuchtungsserie von Trojan Lighting Solutions - eine vielseitige L\u00f6sung, die auf Anpassungsf\u00e4higkeit und Benutzerfreundlichkeit ausgelegt ist.","og_url":"https:\/\/trojan-lighting.co.uk\/de\/modulare-beleuchtung\/","og_site_name":"Trojan Intelligent Lighting L\u00f6sungen","article_modified_time":"2024-11-20T10:36:59+00:00","og_image":[{"width":673,"height":442,"url":"https:\/\/trojan-lighting.co.uk\/wp-content\/uploads\/2023\/11\/lowcroft-image.png","type":"image\/png"}],"twitter_card":"summary_large_image","schema":{"@context":"https:\/\/schema.org","@graph":[{"@type":"WebPage","@id":"https:\/\/trojan-lighting.co.uk\/de\/modulare-beleuchtung\/","url":"https:\/\/trojan-lighting.co.uk\/de\/modulare-beleuchtung\/","name":"Modulare Beleuchtung - Trojan Intelligent Lighting L\u00f6sungen","isPartOf":{"@id":"https:\/\/trojan-lighting.co.uk\/#website"},"primaryImageOfPage":{"@id":"https:\/\/trojan-lighting.co.uk\/de\/modulare-beleuchtung\/#primaryimage"},"image":{"@id":"https:\/\/trojan-lighting.co.uk\/de\/modulare-beleuchtung\/#primaryimage"},"thumbnailUrl":"https:\/\/trojan-lighting.co.uk\/wp-content\/uploads\/2023\/11\/lowcroft-image-png.webp","datePublished":"2023-11-11T15:05:41+00:00","dateModified":"2024-11-20T10:36:59+00:00","breadcrumb":{"@id":"https:\/\/trojan-lighting.co.uk\/de\/modulare-beleuchtung\/#breadcrumb"},"inLanguage":"de","potentialAction":[{"@type":"ReadAction","target":["https:\/\/trojan-lighting.co.uk\/de\/modulare-beleuchtung\/"]}]},{"@type":"ImageObject","inLanguage":"de","@id":"https:\/\/trojan-lighting.co.uk\/de\/modulare-beleuchtung\/#primaryimage","url":"https:\/\/trojan-lighting.co.uk\/wp-content\/uploads\/2023\/11\/lowcroft-image-png.webp","contentUrl":"https:\/\/trojan-lighting.co.uk\/wp-content\/uploads\/2023\/11\/lowcroft-image-png.webp","width":673,"height":442},{"@type":"BreadcrumbList","@id":"https:\/\/trojan-lighting.co.uk\/de\/modulare-beleuchtung\/#breadcrumb","itemListElement":[{"@type":"ListItem","position":1,"name":"Startseite","item":"https:\/\/trojan-lighting.co.uk\/de\/startseite\/"},{"@type":"ListItem","position":2,"name":"Modulare Beleuchtung"}]},{"@type":"WebSite","@id":"https:\/\/trojan-lighting.co.uk\/#website","url":"https:\/\/trojan-lighting.co.uk\/","name":"Trojan Intelligent Lighting L\u00f6sungen","description":"An der Spitze der Beleuchtungsl\u00f6sungen","publisher":{"@id":"https:\/\/trojan-lighting.co.uk\/#organization"},"potentialAction":[{"@type":"SearchAction","target":{"@type":"EntryPoint","urlTemplate":"https:\/\/trojan-lighting.co.uk\/?s={search_term_string}"},"query-input":{"@type":"PropertyValueSpecification","valueRequired":true,"valueName":"search_term_string"}}],"inLanguage":"de"},{"@type":"Organization","@id":"https:\/\/trojan-lighting.co.uk\/#organization","name":"Trojanische Beleuchtung","url":"https:\/\/trojan-lighting.co.uk\/","logo":{"@type":"ImageObject","inLanguage":"de","@id":"https:\/\/trojan-lighting.co.uk\/#\/schema\/logo\/image\/","url":"https:\/\/trojan-lighting.co.uk\/wp-content\/uploads\/2023\/03\/trojan_2-02-favicon-png.webp","contentUrl":"https:\/\/trojan-lighting.co.uk\/wp-content\/uploads\/2023\/03\/trojan_2-02-favicon-png.webp","width":780,"height":780,"caption":"Trojanische Beleuchtung"},"image":{"@id":"https:\/\/trojan-lighting.co.uk\/#\/schema\/logo\/image\/"},"sameAs":["https:\/\/www.linkedin.com\/company\/trojan-lighting-solutions-limited\/"]}]}},"_links":{"self":[{"href":"https:\/\/trojan-lighting.co.uk\/de\/wp-json\/wp\/v2\/pages\/21854","targetHints":{"allow":["GET"]}}],"collection":[{"href":"https:\/\/trojan-lighting.co.uk\/de\/wp-json\/wp\/v2\/pages"}],"about":[{"href":"https:\/\/trojan-lighting.co.uk\/de\/wp-json\/wp\/v2\/types\/page"}],"author":[{"embeddable":true,"href":"https:\/\/trojan-lighting.co.uk\/de\/wp-json\/wp\/v2\/users\/5647"}],"replies":[{"embeddable":true,"href":"https:\/\/trojan-lighting.co.uk\/de\/wp-json\/wp\/v2\/comments?post=21854"}],"version-history":[{"count":0,"href":"https:\/\/trojan-lighting.co.uk\/de\/wp-json\/wp\/v2\/pages\/21854\/revisions"}],"wp:featuredmedia":[{"embeddable":true,"href":"https:\/\/trojan-lighting.co.uk\/de\/wp-json\/wp\/v2\/media\/12197"}],"wp:attachment":[{"href":"https:\/\/trojan-lighting.co.uk\/de\/wp-json\/wp\/v2\/media?parent=21854"}],"wp:term":[{"taxonomy":"category","embeddable":true,"href":"https:\/\/trojan-lighting.co.uk\/de\/wp-json\/wp\/v2\/categories?post=21854"},{"taxonomy":"post_tag","embeddable":true,"href":"https:\/\/trojan-lighting.co.uk\/de\/wp-json\/wp\/v2\/tags?post=21854"}],"curies":[{"name":"wp","href":"https:\/\/api.w.org\/{rel}","templated":true}]}}