{"id":21912,"date":"2023-11-20T14:34:45","date_gmt":"2023-11-20T14:34:45","guid":{"rendered":"https:\/\/trojan-lighting.co.uk\/nachruestbare-loesungen\/"},"modified":"2025-01-13T14:58:20","modified_gmt":"2025-01-13T14:58:20","slug":"nachruestbare-loesungen","status":"publish","type":"page","link":"https:\/\/trojan-lighting.co.uk\/de\/sektoren\/nachruestbare-loesungen\/","title":{"rendered":"Nachr\u00fcstbare L\u00f6sungen"},"content":{"rendered":"\t\t<div data-elementor-type=\"wp-post\" data-elementor-id=\"21912\" class=\"elementor elementor-21912 elementor-1899\" data-elementor-post-type=\"page\">\n\t\t\t\t<div class=\"elementor-element elementor-element-32a24e0e e-flex e-con-boxed e-con e-parent\" data-id=\"32a24e0e\" data-element_type=\"container\" data-e-type=\"container\" data-settings=\"{&quot;background_background&quot;:&quot;classic&quot;}\">\n\t\t\t\t\t<div class=\"e-con-inner\">\n\t\t<div class=\"elementor-element elementor-element-17eb4904 e-con-full e-flex e-con e-child\" data-id=\"17eb4904\" data-element_type=\"container\" data-e-type=\"container\">\n\t\t\t\t<div class=\"elementor-element elementor-element-50a3ca2b elementor-widget elementor-widget-text-editor\" data-id=\"50a3ca2b\" data-element_type=\"widget\" data-e-type=\"widget\" data-widget_type=\"text-editor.default\">\n\t\t\t\t<div class=\"elementor-widget-container\">\n\t\t\t\t\t\t\t\t\t<h1><strong>Lighting Retrofit Solutions<\/strong><\/h1>\n\t\t\t\t\t\t\t\t<\/div>\n\t\t\t\t<\/div>\n\t\t\t\t<div class=\"elementor-element elementor-element-48d2ed08 elementor-widget-widescreen__width-initial elementor-widget elementor-widget-text-editor\" data-id=\"48d2ed08\" data-element_type=\"widget\" data-e-type=\"widget\" data-widget_type=\"text-editor.default\">\n\t\t\t\t<div class=\"elementor-widget-container\">\n\t\t\t\t\t\t\t\t\t<p>Bei Trojan Lighting Solutions sind unsere Nachr\u00fcstungsservices darauf ausgelegt, bestehenden Beleuchtungssystemen neues Leben einzuhauchen und gleichzeitig die Energieeffizienz erheblich zu verbessern und die Betriebskosten zu senken. Durch die Aufr\u00fcstung veralteter Leuchten mit fortschrittlicher LED-Technologie und intelligenter Steuerung helfen wir unseren Kunden, die Beleuchtungsleistung zu verbessern, ohne dass gr\u00f6\u00dfere strukturelle \u00c4nderungen erforderlich sind. Unsere ma\u00dfgeschneiderten L\u00f6sungen f\u00fcr die Nachr\u00fcstung von Leuchten erm\u00f6glichen die Integration in bestehende Infrastrukturen, minimieren Unterbrechungen und verl\u00e4ngern die Lebensdauer der Leuchten. Von Gewerber\u00e4umen bis hin zu Einrichtungen im Gesundheitswesen sind unsere Nachr\u00fcstl\u00f6sungen auf die individuellen Anforderungen jedes Projekts zugeschnitten und liefern nachhaltige, kosteneffektive Ergebnisse.   <\/p>\n\t\t\t\t\t\t\t\t<\/div>\n\t\t\t\t<\/div>\n\t\t\t\t<\/div>\n\t\t<div class=\"elementor-element elementor-element-6a955ef4 e-con-full e-flex e-con e-child\" data-id=\"6a955ef4\" data-element_type=\"container\" data-e-type=\"container\">\n\t\t\t\t<div class=\"elementor-element elementor-element-5f96de13 elementor-widget elementor-widget-image\" data-id=\"5f96de13\" data-element_type=\"widget\" data-e-type=\"widget\" data-widget_type=\"image.default\">\n\t\t\t\t<div class=\"elementor-widget-container\">\n\t\t\t\t\t\t\t\t\t\t\t\t\t\t\t<img fetchpriority=\"high\" decoding=\"async\" width=\"800\" height=\"491\" src=\"https:\/\/trojan-lighting.co.uk\/wp-content\/uploads\/2024\/12\/range-1200-1024x628.webp\" class=\"attachment-large size-large wp-image-28832\" alt=\"range-1200\" srcset=\"https:\/\/trojan-lighting.co.uk\/wp-content\/uploads\/2024\/12\/range-1200-1024x628.webp 1024w, https:\/\/trojan-lighting.co.uk\/wp-content\/uploads\/2024\/12\/range-1200-png-600x368.webp 600w, https:\/\/trojan-lighting.co.uk\/wp-content\/uploads\/2024\/12\/range-1200-300x184.webp 300w, https:\/\/trojan-lighting.co.uk\/wp-content\/uploads\/2024\/12\/range-1200-768x471.webp 768w, https:\/\/trojan-lighting.co.uk\/wp-content\/uploads\/2024\/12\/range-1200-png.webp 1200w\" sizes=\"(max-width: 800px) 100vw, 800px\" \/>\t\t\t\t\t\t\t\t\t\t\t\t\t\t\t<\/div>\n\t\t\t\t<\/div>\n\t\t\t\t<\/div>\n\t\t\t\t\t<\/div>\n\t\t\t\t<\/div>\n\t\t<div class=\"elementor-element elementor-element-3d3f2cf e-flex e-con-boxed e-con e-parent\" data-id=\"3d3f2cf\" data-element_type=\"container\" data-e-type=\"container\">\n\t\t\t\t\t<div class=\"e-con-inner\">\n\t\t<div class=\"elementor-element elementor-element-9e1cedb e-con-full e-flex e-con e-child\" data-id=\"9e1cedb\" data-element_type=\"container\" data-e-type=\"container\">\n\t\t\t\t<div class=\"elementor-element elementor-element-29b6cf1 elementor-widget elementor-widget-heading\" data-id=\"29b6cf1\" data-element_type=\"widget\" data-e-type=\"widget\" data-widget_type=\"heading.default\">\n\t\t\t\t<div class=\"elementor-widget-container\">\n\t\t\t\t\t<h4 class=\"elementor-heading-title elementor-size-default\">Neuigkeiten und Fallstudien zur Beleuchtungs-Retrofit:<\/h4>\t\t\t\t<\/div>\n\t\t\t\t<\/div>\n\t\t\t\t<\/div>\n\t\t\t\t\t<\/div>\n\t\t\t\t<\/div>\n\t\t<div class=\"elementor-element elementor-element-d3547a3 e-flex e-con-boxed e-con e-parent\" data-id=\"d3547a3\" data-element_type=\"container\" data-e-type=\"container\" data-settings=\"{&quot;background_background&quot;:&quot;classic&quot;}\">\n\t\t\t\t\t<div class=\"e-con-inner\">\n\t\t\t\t\t<\/div>\n\t\t\t\t<\/div>\n\t\t\t\t<section class=\"elementor-section elementor-top-section elementor-element elementor-element-f4ac323 elementor-section-boxed elementor-section-height-default elementor-section-height-default\" data-id=\"f4ac323\" data-element_type=\"section\" data-e-type=\"section\">\n\t\t\t\t\t\t<div class=\"elementor-container elementor-column-gap-default\">\n\t\t\t\t\t<div class=\"elementor-column elementor-col-100 elementor-top-column elementor-element elementor-element-321df469\" data-id=\"321df469\" data-element_type=\"column\" data-e-type=\"column\">\n\t\t\t<div class=\"elementor-widget-wrap elementor-element-populated\">\n\t\t\t\t\t\t<div class=\"elementor-element elementor-element-3d508c12 elementor-cta--skin-classic elementor-animated-content elementor-widget elementor-widget-global elementor-global-22572 elementor-global-353 elementor-widget-call-to-action\" data-id=\"3d508c12\" data-element_type=\"widget\" data-e-type=\"widget\" data-widget_type=\"call-to-action.default\">\n\t\t\t\t<div class=\"elementor-widget-container\">\n\t\t\t\t\t\t\t<div class=\"elementor-cta\">\n\t\t\t\t\t<div class=\"elementor-cta__bg-wrapper\">\n\t\t\t\t<div class=\"elementor-cta__bg elementor-bg\" style=\"background-image: url(https:\/\/trojan-lighting.co.uk\/wp-content\/uploads\/2023\/03\/pexels-francesco-ungaro-96381.webp);\" role=\"img\" aria-label=\"Circular lights\"><\/div>\n\t\t\t\t<div class=\"elementor-cta__bg-overlay\"><\/div>\n\t\t\t<\/div>\n\t\t\t\t\t\t\t<div class=\"elementor-cta__content\">\n\t\t\t\t\n\t\t\t\t\t\t\t\t\t<h2 class=\"elementor-cta__title elementor-cta__content-item elementor-content-item\">\n\t\t\t\t\t\tKontakt aufnehmen\t\t\t\t\t<\/h2>\n\t\t\t\t\n\t\t\t\t\t\t\t\t\t<div class=\"elementor-cta__description elementor-cta__content-item elementor-content-item\">\n\t\t\t\t\t\t<p>Kontaktieren Sie Trojan Lighting f\u00fcr eine fachkundige Beratung zu Ihrem Projekt.<\/p>\n\t\t\t\t\t<\/div>\n\t\t\t\t\n\t\t\t\t\t\t\t\t\t<div class=\"elementor-cta__button-wrapper elementor-cta__content-item elementor-content-item \">\n\t\t\t\t\t<a class=\"elementor-cta__button elementor-button elementor-size-\" href=\"https:\/\/trojan-lighting.co.uk\/de\/kontakt\/\">\n\t\t\t\t\t\tKontakt aufnehmen\t\t\t\t\t<\/a>\n\t\t\t\t\t<\/div>\n\t\t\t\t\t\t\t<\/div>\n\t\t\t\t\t\t<\/div>\n\t\t\t\t\t\t<\/div>\n\t\t\t\t<\/div>\n\t\t\t\t\t<\/div>\n\t\t<\/div>\n\t\t\t\t\t<\/div>\n\t\t<\/section>\n\t\t\t\t<\/div>\n\t\t","protected":false},"excerpt":{"rendered":"<p>Lighting Retrofit Solutions Bei Trojan Lighting Solutions sind unsere Nachr\u00fcstungsservices darauf ausgelegt, bestehenden Beleuchtungssystemen neues Leben einzuhauchen und gleichzeitig die Energieeffizienz erheblich zu verbessern und die Betriebskosten zu senken. Durch die Aufr\u00fcstung veralteter Leuchten mit fortschrittlicher LED-Technologie und intelligenter Steuerung helfen wir unseren Kunden, die Beleuchtungsleistung zu verbessern, ohne dass gr\u00f6\u00dfere strukturelle \u00c4nderungen erforderlich sind. [&hellip;]<\/p>\n","protected":false},"author":5647,"featured_media":0,"parent":22101,"menu_order":0,"comment_status":"closed","ping_status":"closed","template":"","meta":{"_acf_changed":false,"footnotes":""},"categories":[],"tags":[],"class_list":["post-21912","page","type-page","status-publish","hentry"],"acf":[],"yoast_head":"<!-- This site is optimized with the Yoast SEO plugin v27.4 - https:\/\/yoast.com\/product\/yoast-seo-wordpress\/ -->\n<title>Retrofit-L\u00f6sungen f\u00fcr die Beleuchtung von Trojan Lighting<\/title>\n<meta name=\"description\" content=\"Verwalten Sie ein Geb\u00e4ude mit strukturellen Einschr\u00e4nkungen, m\u00f6chten Sie aber Ihre Beleuchtung aufwerten? Wir bieten Retrofit-L\u00f6sungen f\u00fcr die Modernisierung Ihrer Beleuchtungsinfrastruktur.\" \/>\n<meta name=\"robots\" content=\"index, follow, max-snippet:-1, max-image-preview:large, max-video-preview:-1\" \/>\n<link rel=\"canonical\" href=\"https:\/\/trojan-lighting.co.uk\/sectors\/retrofit-solutions\/\" \/>\n<meta property=\"og:locale\" content=\"de_DE\" \/>\n<meta property=\"og:type\" content=\"article\" \/>\n<meta property=\"og:title\" content=\"Retrofit-L\u00f6sungen f\u00fcr die Beleuchtung von Trojan Lighting\" \/>\n<meta property=\"og:description\" content=\"Verwalten Sie ein Geb\u00e4ude mit strukturellen Einschr\u00e4nkungen, m\u00f6chten Sie aber Ihre Beleuchtung aufwerten? Wir bieten Retrofit-L\u00f6sungen f\u00fcr die Modernisierung Ihrer Beleuchtungsinfrastruktur.\" \/>\n<meta property=\"og:url\" content=\"https:\/\/trojan-lighting.co.uk\/sectors\/retrofit-solutions\/\" \/>\n<meta property=\"og:site_name\" content=\"Trojan Intelligent Lighting L\u00f6sungen\" \/>\n<meta property=\"article:modified_time\" content=\"2025-01-13T14:58:20+00:00\" \/>\n<meta property=\"og:image\" content=\"https:\/\/trojan-lighting.co.uk\/wp-content\/uploads\/2024\/12\/range-1200-png.webp\" \/>\n\t<meta property=\"og:image:width\" content=\"1200\" \/>\n\t<meta property=\"og:image:height\" content=\"736\" \/>\n\t<meta property=\"og:image:type\" content=\"image\/png\" \/>\n<meta name=\"twitter:card\" content=\"summary_large_image\" \/>\n<script type=\"application\/ld+json\" class=\"yoast-schema-graph\">{\"@context\":\"https:\\\/\\\/schema.org\",\"@graph\":[{\"@type\":\"WebPage\",\"@id\":\"https:\\\/\\\/trojan-lighting.co.uk\\\/sectors\\\/retrofit-solutions\\\/\",\"url\":\"https:\\\/\\\/trojan-lighting.co.uk\\\/sectors\\\/retrofit-solutions\\\/\",\"name\":\"Retrofit-L\u00f6sungen f\u00fcr die Beleuchtung von Trojan Lighting\",\"isPartOf\":{\"@id\":\"https:\\\/\\\/trojan-lighting.co.uk\\\/#website\"},\"primaryImageOfPage\":{\"@id\":\"https:\\\/\\\/trojan-lighting.co.uk\\\/sectors\\\/retrofit-solutions\\\/#primaryimage\"},\"image\":{\"@id\":\"https:\\\/\\\/trojan-lighting.co.uk\\\/sectors\\\/retrofit-solutions\\\/#primaryimage\"},\"thumbnailUrl\":\"https:\\\/\\\/trojan-lighting.co.uk\\\/wp-content\\\/uploads\\\/2024\\\/12\\\/range-1200-1024x628.webp\",\"datePublished\":\"2023-11-20T14:34:45+00:00\",\"dateModified\":\"2025-01-13T14:58:20+00:00\",\"description\":\"Verwalten Sie ein Geb\u00e4ude mit strukturellen Einschr\u00e4nkungen, m\u00f6chten Sie aber Ihre Beleuchtung aufwerten? Wir bieten Retrofit-L\u00f6sungen f\u00fcr die Modernisierung Ihrer Beleuchtungsinfrastruktur.\",\"breadcrumb\":{\"@id\":\"https:\\\/\\\/trojan-lighting.co.uk\\\/sectors\\\/retrofit-solutions\\\/#breadcrumb\"},\"inLanguage\":\"de\",\"potentialAction\":[{\"@type\":\"ReadAction\",\"target\":[\"https:\\\/\\\/trojan-lighting.co.uk\\\/sectors\\\/retrofit-solutions\\\/\"]}]},{\"@type\":\"ImageObject\",\"inLanguage\":\"de\",\"@id\":\"https:\\\/\\\/trojan-lighting.co.uk\\\/sectors\\\/retrofit-solutions\\\/#primaryimage\",\"url\":\"https:\\\/\\\/trojan-lighting.co.uk\\\/wp-content\\\/uploads\\\/2024\\\/12\\\/range-1200-1024x628.webp\",\"contentUrl\":\"https:\\\/\\\/trojan-lighting.co.uk\\\/wp-content\\\/uploads\\\/2024\\\/12\\\/range-1200-1024x628.webp\"},{\"@type\":\"BreadcrumbList\",\"@id\":\"https:\\\/\\\/trojan-lighting.co.uk\\\/sectors\\\/retrofit-solutions\\\/#breadcrumb\",\"itemListElement\":[{\"@type\":\"ListItem\",\"position\":1,\"name\":\"Startseite\",\"item\":\"https:\\\/\\\/trojan-lighting.co.uk\\\/de\\\/startseite\\\/\"},{\"@type\":\"ListItem\",\"position\":2,\"name\":\"Sektoren\",\"item\":\"https:\\\/\\\/trojan-lighting.co.uk\\\/de\\\/sektoren\\\/\"},{\"@type\":\"ListItem\",\"position\":3,\"name\":\"Nachr\u00fcstbare L\u00f6sungen\"}]},{\"@type\":\"WebSite\",\"@id\":\"https:\\\/\\\/trojan-lighting.co.uk\\\/#website\",\"url\":\"https:\\\/\\\/trojan-lighting.co.uk\\\/\",\"name\":\"Trojan Intelligent Lighting L\u00f6sungen\",\"description\":\"An der Spitze der Beleuchtungsl\u00f6sungen\",\"publisher\":{\"@id\":\"https:\\\/\\\/trojan-lighting.co.uk\\\/#organization\"},\"potentialAction\":[{\"@type\":\"SearchAction\",\"target\":{\"@type\":\"EntryPoint\",\"urlTemplate\":\"https:\\\/\\\/trojan-lighting.co.uk\\\/?s={search_term_string}\"},\"query-input\":{\"@type\":\"PropertyValueSpecification\",\"valueRequired\":true,\"valueName\":\"search_term_string\"}}],\"inLanguage\":\"de\"},{\"@type\":\"Organization\",\"@id\":\"https:\\\/\\\/trojan-lighting.co.uk\\\/#organization\",\"name\":\"Trojanische Beleuchtung\",\"url\":\"https:\\\/\\\/trojan-lighting.co.uk\\\/\",\"logo\":{\"@type\":\"ImageObject\",\"inLanguage\":\"de\",\"@id\":\"https:\\\/\\\/trojan-lighting.co.uk\\\/#\\\/schema\\\/logo\\\/image\\\/\",\"url\":\"https:\\\/\\\/trojan-lighting.co.uk\\\/wp-content\\\/uploads\\\/2023\\\/03\\\/trojan_2-02-favicon-png.webp\",\"contentUrl\":\"https:\\\/\\\/trojan-lighting.co.uk\\\/wp-content\\\/uploads\\\/2023\\\/03\\\/trojan_2-02-favicon-png.webp\",\"width\":780,\"height\":780,\"caption\":\"Trojanische Beleuchtung\"},\"image\":{\"@id\":\"https:\\\/\\\/trojan-lighting.co.uk\\\/#\\\/schema\\\/logo\\\/image\\\/\"},\"sameAs\":[\"https:\\\/\\\/www.linkedin.com\\\/company\\\/trojan-lighting-solutions-limited\\\/\"]}]}<\/script>\n<!-- \/ Yoast SEO plugin. -->","yoast_head_json":{"title":"Retrofit-L\u00f6sungen f\u00fcr die Beleuchtung von Trojan Lighting","description":"Verwalten Sie ein Geb\u00e4ude mit strukturellen Einschr\u00e4nkungen, m\u00f6chten Sie aber Ihre Beleuchtung aufwerten? Wir bieten Retrofit-L\u00f6sungen f\u00fcr die Modernisierung Ihrer Beleuchtungsinfrastruktur.","robots":{"index":"index","follow":"follow","max-snippet":"max-snippet:-1","max-image-preview":"max-image-preview:large","max-video-preview":"max-video-preview:-1"},"canonical":"https:\/\/trojan-lighting.co.uk\/sectors\/retrofit-solutions\/","og_locale":"de_DE","og_type":"article","og_title":"Retrofit-L\u00f6sungen f\u00fcr die Beleuchtung von Trojan Lighting","og_description":"Verwalten Sie ein Geb\u00e4ude mit strukturellen Einschr\u00e4nkungen, m\u00f6chten Sie aber Ihre Beleuchtung aufwerten? Wir bieten Retrofit-L\u00f6sungen f\u00fcr die Modernisierung Ihrer Beleuchtungsinfrastruktur.","og_url":"https:\/\/trojan-lighting.co.uk\/sectors\/retrofit-solutions\/","og_site_name":"Trojan Intelligent Lighting L\u00f6sungen","article_modified_time":"2025-01-13T14:58:20+00:00","og_image":[{"width":1200,"height":736,"url":"https:\/\/trojan-lighting.co.uk\/wp-content\/uploads\/2024\/12\/range-1200-png.webp","type":"image\/png"}],"twitter_card":"summary_large_image","schema":{"@context":"https:\/\/schema.org","@graph":[{"@type":"WebPage","@id":"https:\/\/trojan-lighting.co.uk\/sectors\/retrofit-solutions\/","url":"https:\/\/trojan-lighting.co.uk\/sectors\/retrofit-solutions\/","name":"Retrofit-L\u00f6sungen f\u00fcr die Beleuchtung von Trojan Lighting","isPartOf":{"@id":"https:\/\/trojan-lighting.co.uk\/#website"},"primaryImageOfPage":{"@id":"https:\/\/trojan-lighting.co.uk\/sectors\/retrofit-solutions\/#primaryimage"},"image":{"@id":"https:\/\/trojan-lighting.co.uk\/sectors\/retrofit-solutions\/#primaryimage"},"thumbnailUrl":"https:\/\/trojan-lighting.co.uk\/wp-content\/uploads\/2024\/12\/range-1200-1024x628.webp","datePublished":"2023-11-20T14:34:45+00:00","dateModified":"2025-01-13T14:58:20+00:00","description":"Verwalten Sie ein Geb\u00e4ude mit strukturellen Einschr\u00e4nkungen, m\u00f6chten Sie aber Ihre Beleuchtung aufwerten? Wir bieten Retrofit-L\u00f6sungen f\u00fcr die Modernisierung Ihrer Beleuchtungsinfrastruktur.","breadcrumb":{"@id":"https:\/\/trojan-lighting.co.uk\/sectors\/retrofit-solutions\/#breadcrumb"},"inLanguage":"de","potentialAction":[{"@type":"ReadAction","target":["https:\/\/trojan-lighting.co.uk\/sectors\/retrofit-solutions\/"]}]},{"@type":"ImageObject","inLanguage":"de","@id":"https:\/\/trojan-lighting.co.uk\/sectors\/retrofit-solutions\/#primaryimage","url":"https:\/\/trojan-lighting.co.uk\/wp-content\/uploads\/2024\/12\/range-1200-1024x628.webp","contentUrl":"https:\/\/trojan-lighting.co.uk\/wp-content\/uploads\/2024\/12\/range-1200-1024x628.webp"},{"@type":"BreadcrumbList","@id":"https:\/\/trojan-lighting.co.uk\/sectors\/retrofit-solutions\/#breadcrumb","itemListElement":[{"@type":"ListItem","position":1,"name":"Startseite","item":"https:\/\/trojan-lighting.co.uk\/de\/startseite\/"},{"@type":"ListItem","position":2,"name":"Sektoren","item":"https:\/\/trojan-lighting.co.uk\/de\/sektoren\/"},{"@type":"ListItem","position":3,"name":"Nachr\u00fcstbare L\u00f6sungen"}]},{"@type":"WebSite","@id":"https:\/\/trojan-lighting.co.uk\/#website","url":"https:\/\/trojan-lighting.co.uk\/","name":"Trojan Intelligent Lighting L\u00f6sungen","description":"An der Spitze der Beleuchtungsl\u00f6sungen","publisher":{"@id":"https:\/\/trojan-lighting.co.uk\/#organization"},"potentialAction":[{"@type":"SearchAction","target":{"@type":"EntryPoint","urlTemplate":"https:\/\/trojan-lighting.co.uk\/?s={search_term_string}"},"query-input":{"@type":"PropertyValueSpecification","valueRequired":true,"valueName":"search_term_string"}}],"inLanguage":"de"},{"@type":"Organization","@id":"https:\/\/trojan-lighting.co.uk\/#organization","name":"Trojanische Beleuchtung","url":"https:\/\/trojan-lighting.co.uk\/","logo":{"@type":"ImageObject","inLanguage":"de","@id":"https:\/\/trojan-lighting.co.uk\/#\/schema\/logo\/image\/","url":"https:\/\/trojan-lighting.co.uk\/wp-content\/uploads\/2023\/03\/trojan_2-02-favicon-png.webp","contentUrl":"https:\/\/trojan-lighting.co.uk\/wp-content\/uploads\/2023\/03\/trojan_2-02-favicon-png.webp","width":780,"height":780,"caption":"Trojanische Beleuchtung"},"image":{"@id":"https:\/\/trojan-lighting.co.uk\/#\/schema\/logo\/image\/"},"sameAs":["https:\/\/www.linkedin.com\/company\/trojan-lighting-solutions-limited\/"]}]}},"_links":{"self":[{"href":"https:\/\/trojan-lighting.co.uk\/de\/wp-json\/wp\/v2\/pages\/21912","targetHints":{"allow":["GET"]}}],"collection":[{"href":"https:\/\/trojan-lighting.co.uk\/de\/wp-json\/wp\/v2\/pages"}],"about":[{"href":"https:\/\/trojan-lighting.co.uk\/de\/wp-json\/wp\/v2\/types\/page"}],"author":[{"embeddable":true,"href":"https:\/\/trojan-lighting.co.uk\/de\/wp-json\/wp\/v2\/users\/5647"}],"replies":[{"embeddable":true,"href":"https:\/\/trojan-lighting.co.uk\/de\/wp-json\/wp\/v2\/comments?post=21912"}],"version-history":[{"count":0,"href":"https:\/\/trojan-lighting.co.uk\/de\/wp-json\/wp\/v2\/pages\/21912\/revisions"}],"up":[{"embeddable":true,"href":"https:\/\/trojan-lighting.co.uk\/de\/wp-json\/wp\/v2\/pages\/22101"}],"wp:attachment":[{"href":"https:\/\/trojan-lighting.co.uk\/de\/wp-json\/wp\/v2\/media?parent=21912"}],"wp:term":[{"taxonomy":"category","embeddable":true,"href":"https:\/\/trojan-lighting.co.uk\/de\/wp-json\/wp\/v2\/categories?post=21912"},{"taxonomy":"post_tag","embeddable":true,"href":"https:\/\/trojan-lighting.co.uk\/de\/wp-json\/wp\/v2\/tags?post=21912"}],"curies":[{"name":"wp","href":"https:\/\/api.w.org\/{rel}","templated":true}]}}