{"id":22110,"date":"2023-03-15T07:50:43","date_gmt":"2023-03-15T07:50:43","guid":{"rendered":"https:\/\/trojan-lighting.co.uk\/gefoerderte-loesungen\/"},"modified":"2025-02-20T14:42:44","modified_gmt":"2025-02-20T14:42:44","slug":"gefoerderte-loesungen","status":"publish","type":"page","link":"https:\/\/trojan-lighting.co.uk\/de\/gefoerderte-loesungen\/","title":{"rendered":"Gef\u00f6rderte L\u00f6sungen"},"content":{"rendered":"\t\t<div data-elementor-type=\"wp-post\" data-elementor-id=\"22110\" class=\"elementor elementor-22110 elementor-212\" data-elementor-post-type=\"page\">\n\t\t\t\t<div class=\"elementor-element elementor-element-afffbce e-flex e-con-boxed e-con e-parent\" data-id=\"afffbce\" data-element_type=\"container\" data-e-type=\"container\" data-settings=\"{&quot;background_background&quot;:&quot;classic&quot;}\">\n\t\t\t\t\t<div class=\"e-con-inner\">\n\t\t<div class=\"elementor-element elementor-element-760de1e6 e-con-full e-flex e-con e-child\" data-id=\"760de1e6\" data-element_type=\"container\" data-e-type=\"container\">\n\t\t\t\t<div class=\"elementor-element elementor-element-19891e06 elementor-widget elementor-widget-text-editor\" data-id=\"19891e06\" data-element_type=\"widget\" data-e-type=\"widget\" data-widget_type=\"text-editor.default\">\n\t\t\t\t<div class=\"elementor-widget-container\">\n\t\t\t\t\t\t\t\t\t<h1><strong>Gef\u00f6rderte L\u00f6sungen<\/strong><\/h1>\n\t\t\t\t\t\t\t\t<\/div>\n\t\t\t\t<\/div>\n\t\t\t\t<div class=\"elementor-element elementor-element-4e369955 elementor-widget-widescreen__width-initial elementor-widget elementor-widget-text-editor\" data-id=\"4e369955\" data-element_type=\"widget\" data-e-type=\"widget\" data-widget_type=\"text-editor.default\">\n\t\t\t\t<div class=\"elementor-widget-container\">\n\t\t\t\t\t\t\t\t\t<p>R\u00fcsten Sie mit den von Trojan Lighting finanzierten L\u00f6sungen ohne Vorabkosten auf energieeffiziente Beleuchtung auf. Wir haben uns mit ELS zusammengetan, um flexible Leasingoptionen anzubieten und Upgrades f\u00fcr LED-Beleuchtung erschwinglich zu machen. Ganz gleich, ob es sich um die Finanzierung von Nachr\u00fcstungen, die Finanzierung von Gesch\u00e4ftsbeleuchtungen oder Projektbeleuchtungsl\u00f6sungen handelt, wir helfen Ihnen, Kosten zu senken und gleichzeitig die Effizienz zu verbessern.  <\/p>\n\t\t\t\t\t\t\t\t<\/div>\n\t\t\t\t<\/div>\n\t\t\t\t<\/div>\n\t\t<div class=\"elementor-element elementor-element-75c00a81 e-con-full e-flex e-con e-child\" data-id=\"75c00a81\" data-element_type=\"container\" data-e-type=\"container\">\n\t\t\t\t<div class=\"elementor-element elementor-element-4e0e7441 elementor-widget elementor-widget-image\" data-id=\"4e0e7441\" data-element_type=\"widget\" data-e-type=\"widget\" data-widget_type=\"image.default\">\n\t\t\t\t<div class=\"elementor-widget-container\">\n\t\t\t\t\t\t\t\t\t\t\t\t\t\t\t<img fetchpriority=\"high\" decoding=\"async\" width=\"800\" height=\"259\" src=\"https:\/\/trojan-lighting.co.uk\/wp-content\/uploads\/2025\/01\/trojan_2-01-1024x332.webp\" class=\"attachment-large size-large wp-image-31897\" alt=\"trojan logo white\" srcset=\"https:\/\/trojan-lighting.co.uk\/wp-content\/uploads\/2025\/01\/trojan_2-01-1024x332.webp 1024w, https:\/\/trojan-lighting.co.uk\/wp-content\/uploads\/2025\/01\/trojan_2-01-png-600x194.webp 600w, https:\/\/trojan-lighting.co.uk\/wp-content\/uploads\/2025\/01\/trojan_2-01-300x97.webp 300w, https:\/\/trojan-lighting.co.uk\/wp-content\/uploads\/2025\/01\/trojan_2-01-768x249.webp 768w, https:\/\/trojan-lighting.co.uk\/wp-content\/uploads\/2025\/01\/trojan_2-01-1536x497.webp 1536w, https:\/\/trojan-lighting.co.uk\/wp-content\/uploads\/2025\/01\/trojan_2-01-2048x663.webp 2048w\" sizes=\"(max-width: 800px) 100vw, 800px\" \/>\t\t\t\t\t\t\t\t\t\t\t\t\t\t\t<\/div>\n\t\t\t\t<\/div>\n\t\t\t\t<div class=\"elementor-element elementor-element-9646d12 elementor-widget elementor-widget-image\" data-id=\"9646d12\" data-element_type=\"widget\" data-e-type=\"widget\" data-widget_type=\"image.default\">\n\t\t\t\t<div class=\"elementor-widget-container\">\n\t\t\t\t\t\t\t\t\t\t\t\t\t\t\t<img decoding=\"async\" width=\"800\" height=\"344\" src=\"https:\/\/trojan-lighting.co.uk\/wp-content\/uploads\/2024\/10\/els-logo-1-1024x440.png\" class=\"attachment-large size-large wp-image-19070\" alt=\"\" srcset=\"https:\/\/trojan-lighting.co.uk\/wp-content\/uploads\/2024\/10\/els-logo-1-1024x440.png 1024w, https:\/\/trojan-lighting.co.uk\/wp-content\/uploads\/2024\/10\/els-logo-1-600x258.webp 600w, https:\/\/trojan-lighting.co.uk\/wp-content\/uploads\/2024\/10\/els-logo-1-300x129.png 300w, https:\/\/trojan-lighting.co.uk\/wp-content\/uploads\/2024\/10\/els-logo-1-768x330.png 768w, https:\/\/trojan-lighting.co.uk\/wp-content\/uploads\/2024\/10\/els-logo-1-1536x659.png 1536w, https:\/\/trojan-lighting.co.uk\/wp-content\/uploads\/2024\/10\/els-logo-1-2048x879.png 2048w\" sizes=\"(max-width: 800px) 100vw, 800px\" \/>\t\t\t\t\t\t\t\t\t\t\t\t\t\t\t<\/div>\n\t\t\t\t<\/div>\n\t\t\t\t<\/div>\n\t\t\t\t\t<\/div>\n\t\t\t\t<\/div>\n\t\t<div class=\"elementor-element elementor-element-2cfb727 e-flex e-con-boxed e-con e-parent\" data-id=\"2cfb727\" data-element_type=\"container\" data-e-type=\"container\">\n\t\t\t\t\t<div class=\"e-con-inner\">\n\t\t\t\t<div class=\"elementor-element elementor-element-7471798 elementor-widget elementor-widget-text-editor\" data-id=\"7471798\" data-element_type=\"widget\" data-e-type=\"widget\" data-widget_type=\"text-editor.default\">\n\t\t\t\t<div class=\"elementor-widget-container\">\n\t\t\t\t\t\t\t\t\t<h3>Warum sollten Sie sich f\u00fcr Trojan Lighting &amp; ELS entscheiden?<\/h3>\n<ul>\n<li><strong>Keine Vorabkosten<\/strong>: Beginnen Sie noch heute mit der Aufr\u00fcstung Ihrer Gesch\u00e4ftsbeleuchtung ohne Anfangsinvestition. Unsere Vermietungsl\u00f6sungen erm\u00f6glichen es Ihnen, die Kosten \u00fcber die Zeit zu verteilen, was es einfacher macht, Ihr Budget zu verwalten und gleichzeitig die unmittelbaren Vorteile eines gut beleuchteten, energieeffizienten Raums durch den Einsatz von LED-Beleuchtung zu genie\u00dfen. Dies bedeutet auch, dass die Unternehmen ihr Kapital f\u00fcr andere Investitionen behalten und so die Belastung durch hohe Vorabkosten vermeiden. Leasingzahlungen sind oft zu 100 % steuerlich absetzbar, was den zu versteuernden Gewinn und die finanzielle Gesamtbelastung reduziert.\n<\/li>\n<li><strong>Sofortige Rendite: LED-Beleuchtung<\/strong> kann den Energieverbrauch um bis zu <strong>65 %<\/strong> senken und so die Betriebskosten erheblich senken. Durch die reduzierten Energiekosten stellen viele unserer Kunden fest, dass die Einsparungen oft die Leasingzahlungen \u00fcbersteigen, so dass die Vereinbarung vom ersten Tag <strong>an cash-positiv<\/strong> ist.\n<\/li>\n<li><strong>Flexible Leasingoptionen<\/strong>: Wir haben uns mit ELS zusammengetan, weil sie sich auf die Finanzierung von LED-Beleuchtung spezialisiert haben und ma\u00dfgeschneiderte Vereinbarungen anbieten, die auf Ihre Budgetzyklen und finanziellen Ziele abgestimmt sind. Ihr Know-how stellt sicher, dass Sie die Kontrolle \u00fcber das Upgrade gewinnen und gleichzeitig von energieeffizienten L\u00f6sungen profitieren.  Leasingvereinbarungen k\u00f6nnen an die Gesch\u00e4ftsanforderungen angepasst werden, was eine schrittweise Implementierung an mehreren Standorten erm\u00f6glicht.\n<\/li>\n<li><strong>Unterst\u00fctzen Sie Ihre Nachhaltigkeitsziele<\/strong>: Der Umstieg auf energieeffiziente LED-Beleuchtung mit Hilfe der ELS-Finanzierung reduziert nicht nur Ihren CO2-Fu\u00dfabdruck, sondern beschleunigt auch Ihren Fortschritt bei der Erreichung der Nachhaltigkeitsziele. Durch die Nutzung flexibler Finanzierungsoptionen k\u00f6nnen Sie schneller aufr\u00fcsten und zu einer gr\u00fcneren Zukunft beitragen, w\u00e4hrend Sie gleichzeitig von sofortigen Energieeinsparungen profitieren.\n<\/li>\n<\/ul>\n<h3>NHS-Lieferkette zugelassen<\/h3>\n<p>Die Finanzierungspartner von ELS haben das NHS Finance Solutions Framework, so dass Sie als NHS-Organisation sicher sein k\u00f6nnen, dass alle Leasingl\u00f6sungen \u00fcber einen zugelassenen Anbieter abgewickelt werden. <\/p>\n<h3>Beleuchtungsl\u00f6sungen, die f\u00fcr Sie arbeiten<\/h3>\n<p>Ganz gleich, ob Sie die Beleuchtung in Schulen, Gesundheitseinrichtungen, Einzelhandelsfl\u00e4chen oder Industriestandorten aufr\u00fcsten, unsere Finanzierung f\u00fcr Gesch\u00e4ftsbeleuchtung macht es einfach und erschwinglich. Von der Planung \u00fcber die Installation bis hin zur Wartung begleiten Sie unser Team und ELS bei jedem Schritt, um einen nahtlosen \u00dcbergang zu moderner, leistungsstarker Beleuchtung zu gew\u00e4hrleisten. <\/p>\n<h3>Wie funktioniert es?<\/h3>\n<ol>\n<li> <strong> Beratung &amp; Design<\/strong>: Unsere Experten bewerten Ihre aktuelle Beleuchtung und entwerfen eine ma\u00dfgeschneiderte L\u00f6sung, die Ihren Bed\u00fcrfnissen entspricht.<\/li>\n<li> <strong> Finanzierungsvertrag<\/strong>: Mit ELS erstellen Sie einen Leasingplan, der zu Ihrem Budget passt \u2013 es sind keine Vorauszahlungen erforderlich.<\/li>\n<li> <strong> Installation und laufender Support<\/strong>: Wir k\u00fcmmern uns um die Installation und bieten kontinuierlichen Support, um sicherzustellen, dass Ihre Beleuchtung weiterhin optimal funktioniert.<\/li>\n<\/ol>\n<h3>Finden Sie heraus, wie viel Sie sparen k\u00f6nnen<\/h3>\n<p>Geben Sie unten die Kosten Ihres Projekts ein, dr\u00fccken Sie die Eingabetaste und sehen Sie, wie viel Sie mit einer Leasingl\u00f6sung sparen k\u00f6nnen. In Kombination mit den Kosteneinsparungen, die Sie durch den Einsatz der neuesten LED-Technologie erzielen, ist die Nutzung unserer finanzierten L\u00f6sung eine einfache M\u00f6glichkeit, Geld zu sparen. <\/p>\n\t\t\t\t\t\t\t\t<\/div>\n\t\t\t\t<\/div>\n\t\t\t\t<div class=\"elementor-element elementor-element-02015ee elementor-widget elementor-widget-html\" data-id=\"02015ee\" data-element_type=\"widget\" data-e-type=\"widget\" data-widget_type=\"html.default\">\n\t\t\t\t<div class=\"elementor-widget-container\">\n\t\t\t\t\t<iframe scrolling=\"no\" height=\"600px\" src=\"https:\/\/designer.spreadsheetweb.com\/a\/els-quote-calculator-for-testing\"><\/iframe>\t\t\t\t<\/div>\n\t\t\t\t<\/div>\n\t\t\t\t<div class=\"elementor-element elementor-element-60dfc98 elementor-widget elementor-widget-text-editor\" data-id=\"60dfc98\" data-element_type=\"widget\" data-e-type=\"widget\" data-widget_type=\"text-editor.default\">\n\t\t\t\t<div class=\"elementor-widget-container\">\n\t\t\t\t\t\t\t\t\t<h3>Bereit f\u00fcr den Wechsel?<\/h3>\n<p>Verwandeln Sie Ihren Raum noch heute mit Trojan Lighting und ELS. <a href=\"https:\/\/trojan-lighting.co.uk\/de\/kontakt\/\">Kontaktieren Sie uns jetzt<\/a> , um Energiekosten zu sparen und gleichzeitig eine hellere, effizientere Beleuchtung zu genie\u00dfen.<\/p>\n\t\t\t\t\t\t\t\t<\/div>\n\t\t\t\t<\/div>\n\t\t\t\t\t<\/div>\n\t\t\t\t<\/div>\n\t\t<div class=\"elementor-element elementor-element-18827fc e-flex e-con-boxed e-con e-parent\" data-id=\"18827fc\" data-element_type=\"container\" data-e-type=\"container\">\n\t\t\t\t\t<div class=\"e-con-inner\">\n\t\t\t\t\t<\/div>\n\t\t\t\t<\/div>\n\t\t<div class=\"elementor-element elementor-element-0024b3d e-flex e-con-boxed e-con e-parent\" data-id=\"0024b3d\" data-element_type=\"container\" data-e-type=\"container\">\n\t\t\t\t\t<div class=\"e-con-inner\">\n\t\t<div class=\"elementor-element elementor-element-f019570 e-con-full e-flex e-con e-child\" data-id=\"f019570\" data-element_type=\"container\" data-e-type=\"container\">\n\t\t\t\t<div class=\"elementor-element elementor-element-0f974df elementor-cta--skin-classic elementor-animated-content elementor-widget elementor-widget-call-to-action\" data-id=\"0f974df\" data-element_type=\"widget\" data-e-type=\"widget\" data-widget_type=\"call-to-action.default\">\n\t\t\t\t<div class=\"elementor-widget-container\">\n\t\t\t\t\t\t\t<div class=\"elementor-cta\">\n\t\t\t\t\t<div class=\"elementor-cta__bg-wrapper\">\n\t\t\t\t<div class=\"elementor-cta__bg elementor-bg\" style=\"background-image: url(https:\/\/trojan-lighting.co.uk\/wp-content\/uploads\/2023\/03\/pexels-francesco-ungaro-96381.webp);\" role=\"img\" aria-label=\"Circular lights\"><\/div>\n\t\t\t\t<div class=\"elementor-cta__bg-overlay\"><\/div>\n\t\t\t<\/div>\n\t\t\t\t\t\t\t<div class=\"elementor-cta__content\">\n\t\t\t\t\n\t\t\t\t\t\t\t\t\t<h2 class=\"elementor-cta__title elementor-cta__content-item elementor-content-item\">\n\t\t\t\t\t\tKontakt aufnehmen\t\t\t\t\t<\/h2>\n\t\t\t\t\n\t\t\t\t\t\t\t\t\t<div class=\"elementor-cta__description elementor-cta__content-item elementor-content-item\">\n\t\t\t\t\t\t<p>Kontaktieren Sie Trojan Lighting f\u00fcr eine fachkundige Beratung zu Ihrem Projekt.<\/p>\n\t\t\t\t\t<\/div>\n\t\t\t\t\n\t\t\t\t\t\t\t\t\t<div class=\"elementor-cta__button-wrapper elementor-cta__content-item elementor-content-item \">\n\t\t\t\t\t<a class=\"elementor-cta__button elementor-button elementor-size-\" href=\"https:\/\/trojan-lighting.co.uk\/de\/kontakt\/\">\n\t\t\t\t\t\tKontakt aufnehmen\t\t\t\t\t<\/a>\n\t\t\t\t\t<\/div>\n\t\t\t\t\t\t\t<\/div>\n\t\t\t\t\t\t<\/div>\n\t\t\t\t\t\t<\/div>\n\t\t\t\t<\/div>\n\t\t\t\t<\/div>\n\t\t\t\t\t<\/div>\n\t\t\t\t<\/div>\n\t\t\t\t<\/div>\n\t\t","protected":false},"excerpt":{"rendered":"<p>Gef\u00f6rderte L\u00f6sungen R\u00fcsten Sie mit den von Trojan Lighting finanzierten L\u00f6sungen ohne Vorabkosten auf energieeffiziente Beleuchtung auf. Wir haben uns mit ELS zusammengetan, um flexible Leasingoptionen anzubieten und Upgrades f\u00fcr LED-Beleuchtung erschwinglich zu machen. Ganz gleich, ob es sich um die Finanzierung von Nachr\u00fcstungen, die Finanzierung von Gesch\u00e4ftsbeleuchtungen oder Projektbeleuchtungsl\u00f6sungen handelt, wir helfen Ihnen, Kosten [&hellip;]<\/p>\n","protected":false},"author":5647,"featured_media":21359,"parent":0,"menu_order":0,"comment_status":"closed","ping_status":"closed","template":"","meta":{"_acf_changed":false,"footnotes":""},"categories":[],"tags":[],"class_list":["post-22110","page","type-page","status-publish","has-post-thumbnail","hentry"],"acf":[],"yoast_head":"<!-- This site is optimized with the Yoast SEO plugin v27.4 - https:\/\/yoast.com\/product\/yoast-seo-wordpress\/ -->\n<title>Finanzieren Sie Ihr Beleuchtungsprojekt mit unseren Finanzierungsl\u00f6sungen - Trojan Intelligent Lighting L\u00f6sungen<\/title>\n<meta name=\"description\" content=\"M\u00f6chten Sie in Ihrem Unternehmen auf LED-Beleuchtung umsteigen? Unsere Finanzierungsl\u00f6sungen f\u00fcr LED-Beleuchtung machen es einfach und erschwinglich.\" \/>\n<meta name=\"robots\" content=\"index, follow, max-snippet:-1, max-image-preview:large, max-video-preview:-1\" \/>\n<link rel=\"canonical\" href=\"https:\/\/trojan-lighting.co.uk\/de\/gefoerderte-loesungen\/\" \/>\n<meta property=\"og:locale\" content=\"de_DE\" \/>\n<meta property=\"og:type\" content=\"article\" \/>\n<meta property=\"og:title\" content=\"Finanzieren Sie Ihr Beleuchtungsprojekt mit unseren Finanzierungsl\u00f6sungen - Trojan Intelligent Lighting L\u00f6sungen\" \/>\n<meta property=\"og:description\" content=\"M\u00f6chten Sie in Ihrem Unternehmen auf LED-Beleuchtung umsteigen? Unsere Finanzierungsl\u00f6sungen f\u00fcr LED-Beleuchtung machen es einfach und erschwinglich.\" \/>\n<meta property=\"og:url\" content=\"https:\/\/trojan-lighting.co.uk\/de\/gefoerderte-loesungen\/\" \/>\n<meta property=\"og:site_name\" content=\"Trojan Intelligent Lighting L\u00f6sungen\" \/>\n<meta property=\"article:modified_time\" content=\"2025-02-20T14:42:44+00:00\" \/>\n<meta property=\"og:image\" content=\"https:\/\/trojan-lighting.co.uk\/wp-content\/uploads\/2024\/11\/lighting-survey.webp\" \/>\n\t<meta property=\"og:image:width\" content=\"1024\" \/>\n\t<meta property=\"og:image:height\" content=\"1020\" \/>\n\t<meta property=\"og:image:type\" content=\"image\/jpeg\" \/>\n<meta name=\"twitter:card\" content=\"summary_large_image\" \/>\n<script type=\"application\/ld+json\" class=\"yoast-schema-graph\">{\"@context\":\"https:\\\/\\\/schema.org\",\"@graph\":[{\"@type\":\"WebPage\",\"@id\":\"https:\\\/\\\/trojan-lighting.co.uk\\\/de\\\/gefoerderte-loesungen\\\/\",\"url\":\"https:\\\/\\\/trojan-lighting.co.uk\\\/de\\\/gefoerderte-loesungen\\\/\",\"name\":\"Finanzieren Sie Ihr Beleuchtungsprojekt mit unseren Finanzierungsl\u00f6sungen - Trojan Intelligent Lighting L\u00f6sungen\",\"isPartOf\":{\"@id\":\"https:\\\/\\\/trojan-lighting.co.uk\\\/#website\"},\"primaryImageOfPage\":{\"@id\":\"https:\\\/\\\/trojan-lighting.co.uk\\\/de\\\/gefoerderte-loesungen\\\/#primaryimage\"},\"image\":{\"@id\":\"https:\\\/\\\/trojan-lighting.co.uk\\\/de\\\/gefoerderte-loesungen\\\/#primaryimage\"},\"thumbnailUrl\":\"https:\\\/\\\/trojan-lighting.co.uk\\\/wp-content\\\/uploads\\\/2024\\\/11\\\/lighting-survey.webp\",\"datePublished\":\"2023-03-15T07:50:43+00:00\",\"dateModified\":\"2025-02-20T14:42:44+00:00\",\"description\":\"M\u00f6chten Sie in Ihrem Unternehmen auf LED-Beleuchtung umsteigen? Unsere Finanzierungsl\u00f6sungen f\u00fcr LED-Beleuchtung machen es einfach und erschwinglich.\",\"breadcrumb\":{\"@id\":\"https:\\\/\\\/trojan-lighting.co.uk\\\/de\\\/gefoerderte-loesungen\\\/#breadcrumb\"},\"inLanguage\":\"de\",\"potentialAction\":[{\"@type\":\"ReadAction\",\"target\":[\"https:\\\/\\\/trojan-lighting.co.uk\\\/de\\\/gefoerderte-loesungen\\\/\"]}]},{\"@type\":\"ImageObject\",\"inLanguage\":\"de\",\"@id\":\"https:\\\/\\\/trojan-lighting.co.uk\\\/de\\\/gefoerderte-loesungen\\\/#primaryimage\",\"url\":\"https:\\\/\\\/trojan-lighting.co.uk\\\/wp-content\\\/uploads\\\/2024\\\/11\\\/lighting-survey.webp\",\"contentUrl\":\"https:\\\/\\\/trojan-lighting.co.uk\\\/wp-content\\\/uploads\\\/2024\\\/11\\\/lighting-survey.webp\",\"width\":1024,\"height\":1020},{\"@type\":\"BreadcrumbList\",\"@id\":\"https:\\\/\\\/trojan-lighting.co.uk\\\/de\\\/gefoerderte-loesungen\\\/#breadcrumb\",\"itemListElement\":[{\"@type\":\"ListItem\",\"position\":1,\"name\":\"Startseite\",\"item\":\"https:\\\/\\\/trojan-lighting.co.uk\\\/de\\\/startseite\\\/\"},{\"@type\":\"ListItem\",\"position\":2,\"name\":\"Gef\u00f6rderte L\u00f6sungen\"}]},{\"@type\":\"WebSite\",\"@id\":\"https:\\\/\\\/trojan-lighting.co.uk\\\/#website\",\"url\":\"https:\\\/\\\/trojan-lighting.co.uk\\\/\",\"name\":\"Trojan Intelligent Lighting L\u00f6sungen\",\"description\":\"An der Spitze der Beleuchtungsl\u00f6sungen\",\"publisher\":{\"@id\":\"https:\\\/\\\/trojan-lighting.co.uk\\\/#organization\"},\"potentialAction\":[{\"@type\":\"SearchAction\",\"target\":{\"@type\":\"EntryPoint\",\"urlTemplate\":\"https:\\\/\\\/trojan-lighting.co.uk\\\/?s={search_term_string}\"},\"query-input\":{\"@type\":\"PropertyValueSpecification\",\"valueRequired\":true,\"valueName\":\"search_term_string\"}}],\"inLanguage\":\"de\"},{\"@type\":\"Organization\",\"@id\":\"https:\\\/\\\/trojan-lighting.co.uk\\\/#organization\",\"name\":\"Trojanische Beleuchtung\",\"url\":\"https:\\\/\\\/trojan-lighting.co.uk\\\/\",\"logo\":{\"@type\":\"ImageObject\",\"inLanguage\":\"de\",\"@id\":\"https:\\\/\\\/trojan-lighting.co.uk\\\/#\\\/schema\\\/logo\\\/image\\\/\",\"url\":\"https:\\\/\\\/trojan-lighting.co.uk\\\/wp-content\\\/uploads\\\/2023\\\/03\\\/trojan_2-02-favicon-png.webp\",\"contentUrl\":\"https:\\\/\\\/trojan-lighting.co.uk\\\/wp-content\\\/uploads\\\/2023\\\/03\\\/trojan_2-02-favicon-png.webp\",\"width\":780,\"height\":780,\"caption\":\"Trojanische Beleuchtung\"},\"image\":{\"@id\":\"https:\\\/\\\/trojan-lighting.co.uk\\\/#\\\/schema\\\/logo\\\/image\\\/\"},\"sameAs\":[\"https:\\\/\\\/www.linkedin.com\\\/company\\\/trojan-lighting-solutions-limited\\\/\"]}]}<\/script>\n<!-- \/ Yoast SEO plugin. -->","yoast_head_json":{"title":"Finanzieren Sie Ihr Beleuchtungsprojekt mit unseren Finanzierungsl\u00f6sungen - Trojan Intelligent Lighting L\u00f6sungen","description":"M\u00f6chten Sie in Ihrem Unternehmen auf LED-Beleuchtung umsteigen? Unsere Finanzierungsl\u00f6sungen f\u00fcr LED-Beleuchtung machen es einfach und erschwinglich.","robots":{"index":"index","follow":"follow","max-snippet":"max-snippet:-1","max-image-preview":"max-image-preview:large","max-video-preview":"max-video-preview:-1"},"canonical":"https:\/\/trojan-lighting.co.uk\/de\/gefoerderte-loesungen\/","og_locale":"de_DE","og_type":"article","og_title":"Finanzieren Sie Ihr Beleuchtungsprojekt mit unseren Finanzierungsl\u00f6sungen - Trojan Intelligent Lighting L\u00f6sungen","og_description":"M\u00f6chten Sie in Ihrem Unternehmen auf LED-Beleuchtung umsteigen? Unsere Finanzierungsl\u00f6sungen f\u00fcr LED-Beleuchtung machen es einfach und erschwinglich.","og_url":"https:\/\/trojan-lighting.co.uk\/de\/gefoerderte-loesungen\/","og_site_name":"Trojan Intelligent Lighting L\u00f6sungen","article_modified_time":"2025-02-20T14:42:44+00:00","og_image":[{"width":1024,"height":1020,"url":"https:\/\/trojan-lighting.co.uk\/wp-content\/uploads\/2024\/11\/lighting-survey.webp","type":"image\/jpeg"}],"twitter_card":"summary_large_image","schema":{"@context":"https:\/\/schema.org","@graph":[{"@type":"WebPage","@id":"https:\/\/trojan-lighting.co.uk\/de\/gefoerderte-loesungen\/","url":"https:\/\/trojan-lighting.co.uk\/de\/gefoerderte-loesungen\/","name":"Finanzieren Sie Ihr Beleuchtungsprojekt mit unseren Finanzierungsl\u00f6sungen - Trojan Intelligent Lighting L\u00f6sungen","isPartOf":{"@id":"https:\/\/trojan-lighting.co.uk\/#website"},"primaryImageOfPage":{"@id":"https:\/\/trojan-lighting.co.uk\/de\/gefoerderte-loesungen\/#primaryimage"},"image":{"@id":"https:\/\/trojan-lighting.co.uk\/de\/gefoerderte-loesungen\/#primaryimage"},"thumbnailUrl":"https:\/\/trojan-lighting.co.uk\/wp-content\/uploads\/2024\/11\/lighting-survey.webp","datePublished":"2023-03-15T07:50:43+00:00","dateModified":"2025-02-20T14:42:44+00:00","description":"M\u00f6chten Sie in Ihrem Unternehmen auf LED-Beleuchtung umsteigen? Unsere Finanzierungsl\u00f6sungen f\u00fcr LED-Beleuchtung machen es einfach und erschwinglich.","breadcrumb":{"@id":"https:\/\/trojan-lighting.co.uk\/de\/gefoerderte-loesungen\/#breadcrumb"},"inLanguage":"de","potentialAction":[{"@type":"ReadAction","target":["https:\/\/trojan-lighting.co.uk\/de\/gefoerderte-loesungen\/"]}]},{"@type":"ImageObject","inLanguage":"de","@id":"https:\/\/trojan-lighting.co.uk\/de\/gefoerderte-loesungen\/#primaryimage","url":"https:\/\/trojan-lighting.co.uk\/wp-content\/uploads\/2024\/11\/lighting-survey.webp","contentUrl":"https:\/\/trojan-lighting.co.uk\/wp-content\/uploads\/2024\/11\/lighting-survey.webp","width":1024,"height":1020},{"@type":"BreadcrumbList","@id":"https:\/\/trojan-lighting.co.uk\/de\/gefoerderte-loesungen\/#breadcrumb","itemListElement":[{"@type":"ListItem","position":1,"name":"Startseite","item":"https:\/\/trojan-lighting.co.uk\/de\/startseite\/"},{"@type":"ListItem","position":2,"name":"Gef\u00f6rderte L\u00f6sungen"}]},{"@type":"WebSite","@id":"https:\/\/trojan-lighting.co.uk\/#website","url":"https:\/\/trojan-lighting.co.uk\/","name":"Trojan Intelligent Lighting L\u00f6sungen","description":"An der Spitze der Beleuchtungsl\u00f6sungen","publisher":{"@id":"https:\/\/trojan-lighting.co.uk\/#organization"},"potentialAction":[{"@type":"SearchAction","target":{"@type":"EntryPoint","urlTemplate":"https:\/\/trojan-lighting.co.uk\/?s={search_term_string}"},"query-input":{"@type":"PropertyValueSpecification","valueRequired":true,"valueName":"search_term_string"}}],"inLanguage":"de"},{"@type":"Organization","@id":"https:\/\/trojan-lighting.co.uk\/#organization","name":"Trojanische Beleuchtung","url":"https:\/\/trojan-lighting.co.uk\/","logo":{"@type":"ImageObject","inLanguage":"de","@id":"https:\/\/trojan-lighting.co.uk\/#\/schema\/logo\/image\/","url":"https:\/\/trojan-lighting.co.uk\/wp-content\/uploads\/2023\/03\/trojan_2-02-favicon-png.webp","contentUrl":"https:\/\/trojan-lighting.co.uk\/wp-content\/uploads\/2023\/03\/trojan_2-02-favicon-png.webp","width":780,"height":780,"caption":"Trojanische Beleuchtung"},"image":{"@id":"https:\/\/trojan-lighting.co.uk\/#\/schema\/logo\/image\/"},"sameAs":["https:\/\/www.linkedin.com\/company\/trojan-lighting-solutions-limited\/"]}]}},"_links":{"self":[{"href":"https:\/\/trojan-lighting.co.uk\/de\/wp-json\/wp\/v2\/pages\/22110","targetHints":{"allow":["GET"]}}],"collection":[{"href":"https:\/\/trojan-lighting.co.uk\/de\/wp-json\/wp\/v2\/pages"}],"about":[{"href":"https:\/\/trojan-lighting.co.uk\/de\/wp-json\/wp\/v2\/types\/page"}],"author":[{"embeddable":true,"href":"https:\/\/trojan-lighting.co.uk\/de\/wp-json\/wp\/v2\/users\/5647"}],"replies":[{"embeddable":true,"href":"https:\/\/trojan-lighting.co.uk\/de\/wp-json\/wp\/v2\/comments?post=22110"}],"version-history":[{"count":0,"href":"https:\/\/trojan-lighting.co.uk\/de\/wp-json\/wp\/v2\/pages\/22110\/revisions"}],"wp:featuredmedia":[{"embeddable":true,"href":"https:\/\/trojan-lighting.co.uk\/de\/wp-json\/wp\/v2\/media\/21359"}],"wp:attachment":[{"href":"https:\/\/trojan-lighting.co.uk\/de\/wp-json\/wp\/v2\/media?parent=22110"}],"wp:term":[{"taxonomy":"category","embeddable":true,"href":"https:\/\/trojan-lighting.co.uk\/de\/wp-json\/wp\/v2\/categories?post=22110"},{"taxonomy":"post_tag","embeddable":true,"href":"https:\/\/trojan-lighting.co.uk\/de\/wp-json\/wp\/v2\/tags?post=22110"}],"curies":[{"name":"wp","href":"https:\/\/api.w.org\/{rel}","templated":true}]}}