{"id":22129,"date":"2023-03-16T16:33:29","date_gmt":"2023-03-16T16:33:29","guid":{"rendered":"https:\/\/trojan-lighting.co.uk\/datenschutzrichtlinie\/"},"modified":"2024-11-20T12:04:02","modified_gmt":"2024-11-20T12:04:02","slug":"datenschutzrichtlinie","status":"publish","type":"page","link":"https:\/\/trojan-lighting.co.uk\/de\/datenschutzrichtlinie\/","title":{"rendered":"Datenschutzrichtlinie"},"content":{"rendered":"\t\t<div data-elementor-type=\"wp-post\" data-elementor-id=\"22129\" class=\"elementor elementor-22129 elementor-289\" data-elementor-post-type=\"page\">\n\t\t\t\t\t\t<section class=\"elementor-section elementor-top-section elementor-element elementor-element-4316aec elementor-section-boxed elementor-section-height-default elementor-section-height-default\" data-id=\"4316aec\" data-element_type=\"section\" data-e-type=\"section\">\n\t\t\t\t\t\t<div class=\"elementor-container elementor-column-gap-default\">\n\t\t\t\t\t<div class=\"elementor-column elementor-col-100 elementor-top-column elementor-element elementor-element-538ff75\" data-id=\"538ff75\" data-element_type=\"column\" data-e-type=\"column\">\n\t\t\t<div class=\"elementor-widget-wrap elementor-element-populated\">\n\t\t\t\t\t\t<div class=\"elementor-element elementor-element-4faea6e elementor-widget elementor-widget-heading\" data-id=\"4faea6e\" data-element_type=\"widget\" data-e-type=\"widget\" data-widget_type=\"heading.default\">\n\t\t\t\t<div class=\"elementor-widget-container\">\n\t\t\t\t\t<h2 class=\"elementor-heading-title elementor-size-default\">Datenschutzrichtlinie<\/h2>\t\t\t\t<\/div>\n\t\t\t\t<\/div>\n\t\t\t\t\t<\/div>\n\t\t<\/div>\n\t\t\t\t\t<\/div>\n\t\t<\/section>\n\t\t\t\t<section class=\"elementor-section elementor-top-section elementor-element elementor-element-4a64631 elementor-section-boxed elementor-section-height-default elementor-section-height-default\" data-id=\"4a64631\" data-element_type=\"section\" data-e-type=\"section\">\n\t\t\t\t\t\t<div class=\"elementor-container elementor-column-gap-default\">\n\t\t\t\t\t<div class=\"elementor-column elementor-col-100 elementor-top-column elementor-element elementor-element-0fc2e63\" data-id=\"0fc2e63\" data-element_type=\"column\" data-e-type=\"column\">\n\t\t\t<div class=\"elementor-widget-wrap elementor-element-populated\">\n\t\t\t\t\t\t<div class=\"elementor-element elementor-element-633b7e7 elementor-widget elementor-widget-text-editor\" data-id=\"633b7e7\" data-element_type=\"widget\" data-e-type=\"widget\" data-widget_type=\"text-editor.default\">\n\t\t\t\t<div class=\"elementor-widget-container\">\n\t\t\t\t\t\t\t\t\t<p><strong>Datum des Inkrafttretens: 27. November 2023<\/strong><\/p>\n\n<p><strong>1. Einleitung<\/strong><\/p>\n\n<p>Trojan Lighting Solutions (&#8222;wir&#8220;, &#8222;uns&#8220; oder &#8222;unser&#8220;) verpflichtet sich, Ihre Privatsph\u00e4re zu sch\u00fctzen. Diese Datenschutzrichtlinie beschreibt, wie wir Ihre personenbezogenen Daten sammeln, verwenden, offenlegen und sch\u00fctzen. Durch den Zugriff auf unsere Website oder die Nutzung unserer Dienste erkl\u00e4ren Sie sich mit den in dieser Datenschutzrichtlinie dargelegten Bedingungen einverstanden.  <\/p>\n\n<p><strong>2. Informationen, die wir sammeln<\/strong><\/p>\n\n<p>Wir erheben und verarbeiten personenbezogene Daten in \u00dcbereinstimmung mit der Datenschutz-Grundverordnung (DSGVO). Dazu geh\u00f6ren unter anderem: \n<\/p><ul>\n \t<li>Kontaktinformationen: Name, E-Mail-Adresse, Telefonnummer.<\/li>\n \t<li>Identifikatoren: IP-Adresse, Ger\u00e4te-ID.<\/li>\n \t<li>Informationen, die Sie uns zur Verf\u00fcgung stellen: Wenn Sie uns kontaktieren, sich f\u00fcr Newsletter anmelden oder sich an anderen Mitteilungen beteiligen.<\/li>\n<\/ul>\n\n<p><strong>3. Wie wir Ihre Daten verwenden<\/strong><\/p>\n\n<p>Wir verwenden Ihre personenbezogenen Daten f\u00fcr die folgenden Zwecke:\n<\/p><ul>\n \t<li>Um unsere Dienstleistungen bereitzustellen und zu verbessern.<\/li>\n \t<li>Um mit Ihnen zu kommunizieren.<\/li>\n \t<li>Um Newsletter und Werbematerialien zu versenden.<\/li>\n \t<li>Um gesetzlichen Verpflichtungen nachzukommen.<\/li>\n<\/ul>\n\n<p><strong>4. E-Mail-Verarbeitung<\/strong><\/p>\n\n<p>Wenn Sie uns Ihre E-Mail-Adresse zur Verf\u00fcgung stellen, verarbeiten wir diese, um Ihnen Informationen zu senden, auf Anfragen zu antworten und Updates bereitzustellen. Wir verwenden sichere Methoden, um Ihre E-Mail-Daten zu sch\u00fctzen. <\/p>\n\n<p><strong>5. Sicherheit Ihrer Daten<\/strong><\/p>\n\n<p>Wir ergreifen angemessene Ma\u00dfnahmen, um Ihre personenbezogenen Daten vor unbefugtem Zugriff oder unbefugter Offenlegung zu sch\u00fctzen. Keine Methode der \u00dcbertragung \u00fcber das Internet oder der elektronischen Speicherung ist jedoch zu 100 % sicher. <\/p>\n\n<p><strong>6. Offenlegung durch Dritte<\/strong><\/p>\n\n<p>Wir verkaufen, handeln oder \u00fcbertragen Ihre personenbezogenen Daten nicht ohne Ihre Zustimmung an Dritte, es sei denn, dies ist gesetzlich vorgeschrieben.<\/p>\n\n<p><strong>7. Einhaltung der DSGVO<\/strong><\/p>\n\n<p>Wir halten uns an die DSGVO-Grunds\u00e4tze f\u00fcr die Verarbeitung personenbezogener Daten. Sie haben das Recht auf Zugang, Berichtigung und L\u00f6schung Ihrer Daten sowie das Recht, der Verarbeitung zu widersprechen oder diese einzuschr\u00e4nken. Um diese Rechte auszu\u00fcben, kontaktieren Sie uns bitte unter sales@trojan-lighting.co.uk.  <\/p>\n\n<p><strong>8. \u00c4nderungen an dieser Datenschutzrichtlinie<\/strong><\/p>\n\n<p>Wir behalten uns das Recht vor, diese Datenschutzrichtlinie zu aktualisieren. Die \u00c4nderungen werden auf dieser Seite mit einem aktualisierten Datum des Inkrafttretens ver\u00f6ffentlicht. <\/p>\n\n<p><strong>9. Kontaktieren Sie uns<\/strong><\/p>\n\n<p>Wenn Sie Fragen oder Bedenken bez\u00fcglich unserer Datenschutzrichtlinie haben, kontaktieren Sie uns bitte unter sales@trojan-lighting.co.uk.<\/p>\n\n<p>Vielen Dank f\u00fcr Ihr Vertrauen in Trojan Lighting Solutions.<\/p>\t\t\t\t\t\t\t\t<\/div>\n\t\t\t\t<\/div>\n\t\t\t\t\t<\/div>\n\t\t<\/div>\n\t\t\t\t\t<\/div>\n\t\t<\/section>\n\t\t\t\t<\/div>\n\t\t","protected":false},"excerpt":{"rendered":"<p>Datenschutzrichtlinie Datum des Inkrafttretens: 27. November 2023 1. Einleitung Trojan Lighting Solutions (&#8222;wir&#8220;, &#8222;uns&#8220; oder &#8222;unser&#8220;) verpflichtet sich, Ihre Privatsph\u00e4re zu sch\u00fctzen. Diese Datenschutzrichtlinie beschreibt, wie wir Ihre personenbezogenen Daten sammeln, verwenden, offenlegen und sch\u00fctzen. Durch den Zugriff auf unsere Website oder die Nutzung unserer Dienste erkl\u00e4ren Sie sich mit den in dieser Datenschutzrichtlinie dargelegten [&hellip;]<\/p>\n","protected":false},"author":5647,"featured_media":0,"parent":0,"menu_order":0,"comment_status":"closed","ping_status":"closed","template":"","meta":{"_acf_changed":false,"footnotes":""},"categories":[],"tags":[],"class_list":["post-22129","page","type-page","status-publish","hentry"],"acf":[],"yoast_head":"<!-- This site is optimized with the Yoast SEO plugin v27.4 - https:\/\/yoast.com\/product\/yoast-seo-wordpress\/ -->\n<title>Datenschutzrichtlinie - Trojan Intelligent Lighting L\u00f6sungen<\/title>\n<meta name=\"robots\" content=\"index, follow, max-snippet:-1, max-image-preview:large, max-video-preview:-1\" \/>\n<link rel=\"canonical\" href=\"https:\/\/trojan-lighting.co.uk\/de\/datenschutzrichtlinie\/\" \/>\n<meta property=\"og:locale\" content=\"de_DE\" \/>\n<meta property=\"og:type\" content=\"article\" \/>\n<meta property=\"og:title\" content=\"Datenschutzrichtlinie - Trojan Intelligent Lighting L\u00f6sungen\" \/>\n<meta property=\"og:description\" content=\"Datenschutzrichtlinie Datum des Inkrafttretens: 27. November 2023 1. Einleitung Trojan Lighting Solutions (&#8222;wir&#8220;, &#8222;uns&#8220; oder &#8222;unser&#8220;) verpflichtet sich, Ihre Privatsph\u00e4re zu sch\u00fctzen. Diese Datenschutzrichtlinie beschreibt, wie wir Ihre personenbezogenen Daten sammeln, verwenden, offenlegen und sch\u00fctzen. Durch den Zugriff auf unsere Website oder die Nutzung unserer Dienste erkl\u00e4ren Sie sich mit den in dieser Datenschutzrichtlinie dargelegten [&hellip;]\" \/>\n<meta property=\"og:url\" content=\"https:\/\/trojan-lighting.co.uk\/de\/datenschutzrichtlinie\/\" \/>\n<meta property=\"og:site_name\" content=\"Trojan Intelligent Lighting L\u00f6sungen\" \/>\n<meta property=\"article:modified_time\" content=\"2024-11-20T12:04:02+00:00\" \/>\n<meta property=\"og:image\" content=\"https:\/\/trojan-lighting.co.uk\/wp-content\/uploads\/2023\/03\/background-2406119.webp\" \/>\n\t<meta property=\"og:image:width\" content=\"2048\" \/>\n\t<meta property=\"og:image:height\" content=\"1230\" \/>\n\t<meta property=\"og:image:type\" content=\"image\/jpeg\" \/>\n<meta name=\"twitter:card\" content=\"summary_large_image\" \/>\n<script type=\"application\/ld+json\" class=\"yoast-schema-graph\">{\"@context\":\"https:\\\/\\\/schema.org\",\"@graph\":[{\"@type\":\"WebPage\",\"@id\":\"https:\\\/\\\/trojan-lighting.co.uk\\\/de\\\/datenschutzrichtlinie\\\/\",\"url\":\"https:\\\/\\\/trojan-lighting.co.uk\\\/de\\\/datenschutzrichtlinie\\\/\",\"name\":\"Datenschutzrichtlinie - Trojan Intelligent Lighting L\u00f6sungen\",\"isPartOf\":{\"@id\":\"https:\\\/\\\/trojan-lighting.co.uk\\\/#website\"},\"datePublished\":\"2023-03-16T16:33:29+00:00\",\"dateModified\":\"2024-11-20T12:04:02+00:00\",\"breadcrumb\":{\"@id\":\"https:\\\/\\\/trojan-lighting.co.uk\\\/de\\\/datenschutzrichtlinie\\\/#breadcrumb\"},\"inLanguage\":\"de\",\"potentialAction\":[{\"@type\":\"ReadAction\",\"target\":[\"https:\\\/\\\/trojan-lighting.co.uk\\\/de\\\/datenschutzrichtlinie\\\/\"]}]},{\"@type\":\"BreadcrumbList\",\"@id\":\"https:\\\/\\\/trojan-lighting.co.uk\\\/de\\\/datenschutzrichtlinie\\\/#breadcrumb\",\"itemListElement\":[{\"@type\":\"ListItem\",\"position\":1,\"name\":\"Startseite\",\"item\":\"https:\\\/\\\/trojan-lighting.co.uk\\\/de\\\/startseite\\\/\"},{\"@type\":\"ListItem\",\"position\":2,\"name\":\"Datenschutzrichtlinie\"}]},{\"@type\":\"WebSite\",\"@id\":\"https:\\\/\\\/trojan-lighting.co.uk\\\/#website\",\"url\":\"https:\\\/\\\/trojan-lighting.co.uk\\\/\",\"name\":\"Trojan Intelligent Lighting L\u00f6sungen\",\"description\":\"An der Spitze der Beleuchtungsl\u00f6sungen\",\"publisher\":{\"@id\":\"https:\\\/\\\/trojan-lighting.co.uk\\\/#organization\"},\"potentialAction\":[{\"@type\":\"SearchAction\",\"target\":{\"@type\":\"EntryPoint\",\"urlTemplate\":\"https:\\\/\\\/trojan-lighting.co.uk\\\/?s={search_term_string}\"},\"query-input\":{\"@type\":\"PropertyValueSpecification\",\"valueRequired\":true,\"valueName\":\"search_term_string\"}}],\"inLanguage\":\"de\"},{\"@type\":\"Organization\",\"@id\":\"https:\\\/\\\/trojan-lighting.co.uk\\\/#organization\",\"name\":\"Trojanische Beleuchtung\",\"url\":\"https:\\\/\\\/trojan-lighting.co.uk\\\/\",\"logo\":{\"@type\":\"ImageObject\",\"inLanguage\":\"de\",\"@id\":\"https:\\\/\\\/trojan-lighting.co.uk\\\/#\\\/schema\\\/logo\\\/image\\\/\",\"url\":\"https:\\\/\\\/trojan-lighting.co.uk\\\/wp-content\\\/uploads\\\/2023\\\/03\\\/trojan_2-02-favicon-png.webp\",\"contentUrl\":\"https:\\\/\\\/trojan-lighting.co.uk\\\/wp-content\\\/uploads\\\/2023\\\/03\\\/trojan_2-02-favicon-png.webp\",\"width\":780,\"height\":780,\"caption\":\"Trojanische Beleuchtung\"},\"image\":{\"@id\":\"https:\\\/\\\/trojan-lighting.co.uk\\\/#\\\/schema\\\/logo\\\/image\\\/\"},\"sameAs\":[\"https:\\\/\\\/www.linkedin.com\\\/company\\\/trojan-lighting-solutions-limited\\\/\"]}]}<\/script>\n<!-- \/ Yoast SEO plugin. -->","yoast_head_json":{"title":"Datenschutzrichtlinie - Trojan Intelligent Lighting L\u00f6sungen","robots":{"index":"index","follow":"follow","max-snippet":"max-snippet:-1","max-image-preview":"max-image-preview:large","max-video-preview":"max-video-preview:-1"},"canonical":"https:\/\/trojan-lighting.co.uk\/de\/datenschutzrichtlinie\/","og_locale":"de_DE","og_type":"article","og_title":"Datenschutzrichtlinie - Trojan Intelligent Lighting L\u00f6sungen","og_description":"Datenschutzrichtlinie Datum des Inkrafttretens: 27. November 2023 1. Einleitung Trojan Lighting Solutions (&#8222;wir&#8220;, &#8222;uns&#8220; oder &#8222;unser&#8220;) verpflichtet sich, Ihre Privatsph\u00e4re zu sch\u00fctzen. Diese Datenschutzrichtlinie beschreibt, wie wir Ihre personenbezogenen Daten sammeln, verwenden, offenlegen und sch\u00fctzen. Durch den Zugriff auf unsere Website oder die Nutzung unserer Dienste erkl\u00e4ren Sie sich mit den in dieser Datenschutzrichtlinie dargelegten [&hellip;]","og_url":"https:\/\/trojan-lighting.co.uk\/de\/datenschutzrichtlinie\/","og_site_name":"Trojan Intelligent Lighting L\u00f6sungen","article_modified_time":"2024-11-20T12:04:02+00:00","og_image":[{"width":2048,"height":1230,"url":"https:\/\/trojan-lighting.co.uk\/wp-content\/uploads\/2023\/03\/background-2406119.webp","type":"image\/jpeg"}],"twitter_card":"summary_large_image","schema":{"@context":"https:\/\/schema.org","@graph":[{"@type":"WebPage","@id":"https:\/\/trojan-lighting.co.uk\/de\/datenschutzrichtlinie\/","url":"https:\/\/trojan-lighting.co.uk\/de\/datenschutzrichtlinie\/","name":"Datenschutzrichtlinie - Trojan Intelligent Lighting L\u00f6sungen","isPartOf":{"@id":"https:\/\/trojan-lighting.co.uk\/#website"},"datePublished":"2023-03-16T16:33:29+00:00","dateModified":"2024-11-20T12:04:02+00:00","breadcrumb":{"@id":"https:\/\/trojan-lighting.co.uk\/de\/datenschutzrichtlinie\/#breadcrumb"},"inLanguage":"de","potentialAction":[{"@type":"ReadAction","target":["https:\/\/trojan-lighting.co.uk\/de\/datenschutzrichtlinie\/"]}]},{"@type":"BreadcrumbList","@id":"https:\/\/trojan-lighting.co.uk\/de\/datenschutzrichtlinie\/#breadcrumb","itemListElement":[{"@type":"ListItem","position":1,"name":"Startseite","item":"https:\/\/trojan-lighting.co.uk\/de\/startseite\/"},{"@type":"ListItem","position":2,"name":"Datenschutzrichtlinie"}]},{"@type":"WebSite","@id":"https:\/\/trojan-lighting.co.uk\/#website","url":"https:\/\/trojan-lighting.co.uk\/","name":"Trojan Intelligent Lighting L\u00f6sungen","description":"An der Spitze der Beleuchtungsl\u00f6sungen","publisher":{"@id":"https:\/\/trojan-lighting.co.uk\/#organization"},"potentialAction":[{"@type":"SearchAction","target":{"@type":"EntryPoint","urlTemplate":"https:\/\/trojan-lighting.co.uk\/?s={search_term_string}"},"query-input":{"@type":"PropertyValueSpecification","valueRequired":true,"valueName":"search_term_string"}}],"inLanguage":"de"},{"@type":"Organization","@id":"https:\/\/trojan-lighting.co.uk\/#organization","name":"Trojanische Beleuchtung","url":"https:\/\/trojan-lighting.co.uk\/","logo":{"@type":"ImageObject","inLanguage":"de","@id":"https:\/\/trojan-lighting.co.uk\/#\/schema\/logo\/image\/","url":"https:\/\/trojan-lighting.co.uk\/wp-content\/uploads\/2023\/03\/trojan_2-02-favicon-png.webp","contentUrl":"https:\/\/trojan-lighting.co.uk\/wp-content\/uploads\/2023\/03\/trojan_2-02-favicon-png.webp","width":780,"height":780,"caption":"Trojanische Beleuchtung"},"image":{"@id":"https:\/\/trojan-lighting.co.uk\/#\/schema\/logo\/image\/"},"sameAs":["https:\/\/www.linkedin.com\/company\/trojan-lighting-solutions-limited\/"]}]}},"_links":{"self":[{"href":"https:\/\/trojan-lighting.co.uk\/de\/wp-json\/wp\/v2\/pages\/22129","targetHints":{"allow":["GET"]}}],"collection":[{"href":"https:\/\/trojan-lighting.co.uk\/de\/wp-json\/wp\/v2\/pages"}],"about":[{"href":"https:\/\/trojan-lighting.co.uk\/de\/wp-json\/wp\/v2\/types\/page"}],"author":[{"embeddable":true,"href":"https:\/\/trojan-lighting.co.uk\/de\/wp-json\/wp\/v2\/users\/5647"}],"replies":[{"embeddable":true,"href":"https:\/\/trojan-lighting.co.uk\/de\/wp-json\/wp\/v2\/comments?post=22129"}],"version-history":[{"count":0,"href":"https:\/\/trojan-lighting.co.uk\/de\/wp-json\/wp\/v2\/pages\/22129\/revisions"}],"wp:attachment":[{"href":"https:\/\/trojan-lighting.co.uk\/de\/wp-json\/wp\/v2\/media?parent=22129"}],"wp:term":[{"taxonomy":"category","embeddable":true,"href":"https:\/\/trojan-lighting.co.uk\/de\/wp-json\/wp\/v2\/categories?post=22129"},{"taxonomy":"post_tag","embeddable":true,"href":"https:\/\/trojan-lighting.co.uk\/de\/wp-json\/wp\/v2\/tags?post=22129"}],"curies":[{"name":"wp","href":"https:\/\/api.w.org\/{rel}","templated":true}]}}