{"id":22261,"date":"2023-03-16T16:40:23","date_gmt":"2023-03-16T16:40:23","guid":{"rendered":"https:\/\/trojan-lighting.co.uk\/bedingungen-konditionen\/"},"modified":"2024-11-20T10:44:13","modified_gmt":"2024-11-20T10:44:13","slug":"bedingungen-konditionen","status":"publish","type":"page","link":"https:\/\/trojan-lighting.co.uk\/de\/bedingungen-konditionen\/","title":{"rendered":"Bedingungen &amp; Konditionen"},"content":{"rendered":"\t\t<div data-elementor-type=\"wp-post\" data-elementor-id=\"22261\" class=\"elementor elementor-22261 elementor-297\" data-elementor-post-type=\"page\">\n\t\t\t\t\t\t<section class=\"elementor-section elementor-top-section elementor-element elementor-element-4316aec elementor-section-boxed elementor-section-height-default elementor-section-height-default\" data-id=\"4316aec\" data-element_type=\"section\" data-e-type=\"section\">\n\t\t\t\t\t\t<div class=\"elementor-container elementor-column-gap-default\">\n\t\t\t\t\t<div class=\"elementor-column elementor-col-100 elementor-top-column elementor-element elementor-element-538ff75\" data-id=\"538ff75\" data-element_type=\"column\" data-e-type=\"column\">\n\t\t\t<div class=\"elementor-widget-wrap elementor-element-populated\">\n\t\t\t\t\t\t<div class=\"elementor-element elementor-element-4faea6e elementor-widget elementor-widget-heading\" data-id=\"4faea6e\" data-element_type=\"widget\" data-e-type=\"widget\" data-widget_type=\"heading.default\">\n\t\t\t\t<div class=\"elementor-widget-container\">\n\t\t\t\t\t<h2 class=\"elementor-heading-title elementor-size-default\">Bedingungen &amp; Konditionen<\/h2>\t\t\t\t<\/div>\n\t\t\t\t<\/div>\n\t\t\t\t\t<\/div>\n\t\t<\/div>\n\t\t\t\t\t<\/div>\n\t\t<\/section>\n\t\t\t\t<section class=\"elementor-section elementor-top-section elementor-element elementor-element-4a64631 elementor-section-boxed elementor-section-height-default elementor-section-height-default\" data-id=\"4a64631\" data-element_type=\"section\" data-e-type=\"section\">\n\t\t\t\t\t\t<div class=\"elementor-container elementor-column-gap-default\">\n\t\t\t\t\t<div class=\"elementor-column elementor-col-100 elementor-top-column elementor-element elementor-element-0fc2e63\" data-id=\"0fc2e63\" data-element_type=\"column\" data-e-type=\"column\">\n\t\t\t<div class=\"elementor-widget-wrap elementor-element-populated\">\n\t\t\t\t\t\t<div class=\"elementor-element elementor-element-633b7e7 elementor-widget elementor-widget-text-editor\" data-id=\"633b7e7\" data-element_type=\"widget\" data-e-type=\"widget\" data-widget_type=\"text-editor.default\">\n\t\t\t\t<div class=\"elementor-widget-container\">\n\t\t\t\t\t\t\t\t\t<ol>\n<li><span data-offset-key=\"bcmc1-11-0\">Benutzer<\/span><span data-offset-key=\"bcmc1-12-0\"> m\u00fcssen<\/span><span data-offset-key=\"bcmc1-13-0\"> sein.<\/span><span data-offset-key=\"bcmc1-14-0\"> bei<\/span><span data-offset-key=\"bcmc1-15-0\"> mindestens<\/span><span data-offset-key=\"bcmc1-16-0\"> 18<\/span><span data-offset-key=\"bcmc1-17-0\"> Jahre<\/span><span data-offset-key=\"bcmc1-18-0\"> von<\/span><span data-offset-key=\"bcmc1-19-0\"> Alter<\/span><span data-offset-key=\"bcmc1-20-0\"> zu<\/span><span data-offset-key=\"bcmc1-21-0\"> Zugang zu<\/span><span data-offset-key=\"bcmc1-22-0\"> die<\/span><span data-offset-key=\"bcmc1-23-0\"> Website<\/span><span data-offset-key=\"bcmc1-24-0\">.<\/span><\/li>\n<li><span data-offset-key=\"bcmc1-29-0\">Benutzer<\/span><span data-offset-key=\"bcmc1-30-0\"> sind<\/span><span data-offset-key=\"bcmc1-31-0\"> verboten<\/span><span data-offset-key=\"bcmc1-32-0\"> zu verwenden.<\/span><span data-offset-key=\"bcmc1-33-0\"> zu verwenden.<\/span><span data-offset-key=\"bcmc1-34-0\"> die<\/span><span data-offset-key=\"bcmc1-35-0\"> Website<\/span><span data-offset-key=\"bcmc1-36-0\"> f\u00fcr<\/span><span data-offset-key=\"bcmc1-37-0\"> jegliche<\/span><span data-offset-key=\"bcmc1-38-0\"> illegale<\/span><span data-offset-key=\"bcmc1-39-0\"> Aktivit\u00e4ten<\/span><span data-offset-key=\"bcmc1-40-0\">.<\/span><\/li>\n<li><span data-offset-key=\"bcmc1-45-0\">Benutzer<\/span><span data-offset-key=\"bcmc1-46-0\">  sind<\/span><span data-offset-key=\"bcmc1-47-0\">  verboten<\/span><span data-offset-key=\"bcmc1-48-0\">  von<\/span><span data-offset-key=\"bcmc1-49-0\">  mit<\/span><span data-offset-key=\"bcmc1-50-0\">  die<\/span><span data-offset-key=\"bcmc1-51-0\">  Website<\/span><span data-offset-key=\"bcmc1-52-0\">  zu<\/span><span data-offset-key=\"bcmc1-53-0\">  Senden<\/span><span data-offset-key=\"bcmc1-54-0\">  jede<\/span><span data-offset-key=\"bcmc1-55-0\">  Formular<\/span><span data-offset-key=\"bcmc1-56-0\">  von<\/span><span data-offset-key=\"bcmc1-57-0\">  b\u00f6sartig<\/span><span data-offset-key=\"bcmc1-58-0\">  Software<\/span><span data-offset-key=\"bcmc1-59-0\">,<\/span><span data-offset-key=\"bcmc1-60-0\">  Malware<\/span><span data-offset-key=\"bcmc1-61-0\">,<\/span><span data-offset-key=\"bcmc1-62-0\">  oder<\/span><span data-offset-key=\"bcmc1-63-0\">  andere<\/span><span data-offset-key=\"bcmc1-64-0\">  sch\u00e4dlich<\/span><span data-offset-key=\"bcmc1-65-0\">  Material<\/span><span data-offset-key=\"bcmc1-66-0\">.<\/span><\/li>\n<li><span data-offset-key=\"bcmc1-71-0\">Benutzer<\/span><span data-offset-key=\"bcmc1-72-0\">  sind<\/span><span data-offset-key=\"bcmc1-73-0\">  verboten<\/span><span data-offset-key=\"bcmc1-74-0\">  von<\/span><span data-offset-key=\"bcmc1-75-0\">  mit<\/span><span data-offset-key=\"bcmc1-76-0\">  die<\/span><span data-offset-key=\"bcmc1-77-0\">  Website<\/span><span data-offset-key=\"bcmc1-78-0\">  zu<\/span><span data-offset-key=\"bcmc1-79-0\">  Beitrag<\/span><span data-offset-key=\"bcmc1-80-0\">,<\/span><span data-offset-key=\"bcmc1-81-0\">  speichern<\/span><span data-offset-key=\"bcmc1-82-0\">,<\/span><span data-offset-key=\"bcmc1-83-0\">  oder<\/span><span data-offset-key=\"bcmc1-84-0\">  Senden<\/span><span data-offset-key=\"bcmc1-85-0\">  jede<\/span><span data-offset-key=\"bcmc1-86-0\">  Material<\/span><span data-offset-key=\"bcmc1-87-0\">  dass<\/span><span data-offset-key=\"bcmc1-88-0\">  ist<\/span><span data-offset-key=\"bcmc1-89-0\">  Offensive<\/span><span data-offset-key=\"bcmc1-90-0\">,<\/span><span data-offset-key=\"bcmc1-91-0\">  pornografisch<\/span><span data-offset-key=\"bcmc1-92-0\">,<\/span><span data-offset-key=\"bcmc1-93-0\">  oder<\/span><span data-offset-key=\"bcmc1-94-0\">  sonst<\/span><span data-offset-key=\"bcmc1-95-0\">  Ungeeignet<\/span><span data-offset-key=\"bcmc1-96-0\">.<\/span><\/li>\n<li><span data-offset-key=\"bcmc1-101-0\">Benutzer<\/span><span data-offset-key=\"bcmc1-102-0\">  sind<\/span><span data-offset-key=\"bcmc1-103-0\">  verboten<\/span><span data-offset-key=\"bcmc1-104-0\">  von<\/span><span data-offset-key=\"bcmc1-105-0\">  mit<\/span><span data-offset-key=\"bcmc1-106-0\">  die<\/span><span data-offset-key=\"bcmc1-107-0\">  Website<\/span><span data-offset-key=\"bcmc1-108-0\">  zu<\/span><span data-offset-key=\"bcmc1-109-0\">  engagieren<\/span><span data-offset-key=\"bcmc1-110-0\">  in<\/span><span data-offset-key=\"bcmc1-111-0\">  jede<\/span><span data-offset-key=\"bcmc1-112-0\">  Formular<\/span><span data-offset-key=\"bcmc1-113-0\">  von<\/span><span data-offset-key=\"bcmc1-114-0\">  Hacken<\/span><span data-offset-key=\"bcmc1-115-0\">,<\/span><span data-offset-key=\"bcmc1-116-0\">  Knacken<\/span><span data-offset-key=\"bcmc1-117-0\">,<\/span><span data-offset-key=\"bcmc1-118-0\">  oder<\/span><span data-offset-key=\"bcmc1-119-0\">  andere<\/span><span data-offset-key=\"bcmc1-120-0\">  b\u00f6sartig<\/span><span data-offset-key=\"bcmc1-121-0\">  Aktivit\u00e4ten<\/span><span data-offset-key=\"bcmc1-122-0\">.<\/span><\/li>\n<li><span data-offset-key=\"bcmc1-174-0\">Die<\/span><span data-offset-key=\"bcmc1-175-0\">  Website<\/span><span data-offset-key=\"bcmc1-176-0\">  Reserven<\/span><span data-offset-key=\"bcmc1-177-0\">  die<\/span><span data-offset-key=\"bcmc1-178-0\">  rechts<\/span><span data-offset-key=\"bcmc1-179-0\">  zu<\/span><span data-offset-key=\"bcmc1-180-0\">  \u00e4ndern.<\/span><span data-offset-key=\"bcmc1-181-0\">  oder<\/span><span data-offset-key=\"bcmc1-182-0\">  Abbruch<\/span><span data-offset-key=\"bcmc1-183-0\">ue<\/span><span data-offset-key=\"bcmc1-184-0\">  jede<\/span><span data-offset-key=\"bcmc1-185-0\">  Inhalt<\/span><span data-offset-key=\"bcmc1-186-0\">  oder<\/span><span data-offset-key=\"bcmc1-187-0\">  Funktionen<\/span><span data-offset-key=\"bcmc1-188-0\">  von<\/span><span data-offset-key=\"bcmc1-189-0\">  die<\/span><span data-offset-key=\"bcmc1-190-0\">  Website<\/span><span data-offset-key=\"bcmc1-191-0\">  unter<\/span><span data-offset-key=\"bcmc1-192-0\">  jede<\/span><span data-offset-key=\"bcmc1-193-0\">  Zeit<\/span><span data-offset-key=\"bcmc1-194-0\">  mit<\/span><span data-offset-key=\"bcmc1-195-0\">  oder<\/span><span data-offset-key=\"bcmc1-196-0\">  ohne<\/span><span data-offset-key=\"bcmc1-197-0\">  vor<\/span><span data-offset-key=\"bcmc1-198-0\">  Hinweis<\/span><span data-offset-key=\"bcmc1-199-0\">.<\/span><\/li>\n<li><span data-offset-key=\"bcmc1-204-0\">Die<\/span><span data-offset-key=\"bcmc1-205-0\">  Website<\/span><span data-offset-key=\"bcmc1-206-0\">  ist<\/span><span data-offset-key=\"bcmc1-207-0\">  bereitgestellt<\/span><span data-offset-key=\"bcmc1-208-0\">  &#8222;<\/span><span data-offset-key=\"bcmc1-209-0\">als<\/span><span data-offset-key=\"bcmc1-210-0\">  ist<\/span><span data-offset-key=\"bcmc1-211-0\">&#8222;<\/span><span data-offset-key=\"bcmc1-212-0\">  und<\/span><span data-offset-key=\"bcmc1-213-0\">  die<\/span><span data-offset-key=\"bcmc1-214-0\">  Website<\/span><span data-offset-key=\"bcmc1-215-0\">  macht<\/span><span data-offset-key=\"bcmc1-216-0\">  keine<\/span><span data-offset-key=\"bcmc1-217-0\">  Garantien<\/span><span data-offset-key=\"bcmc1-218-0\">  oder<\/span><span data-offset-key=\"bcmc1-219-0\">  Vertretungen<\/span><span data-offset-key=\"bcmc1-220-0\">  bez\u00fcglich<\/span><span data-offset-key=\"bcmc1-221-0\">  die<\/span><span data-offset-key=\"bcmc1-222-0\">  Website<\/span><span data-offset-key=\"bcmc1-223-0\">  oder<\/span><span data-offset-key=\"bcmc1-224-0\">  seine<\/span><span data-offset-key=\"bcmc1-225-0\">  Inhalt<\/span><span data-offset-key=\"bcmc1-226-0\">.<\/span><\/li>\n<li><span data-offset-key=\"bcmc1-231-0\">Die<\/span><span data-offset-key=\"bcmc1-232-0\">  Website<\/span><span data-offset-key=\"bcmc1-233-0\">  ist<\/span><span data-offset-key=\"bcmc1-234-0\">  nicht<\/span><span data-offset-key=\"bcmc1-235-0\">  verantwortlich<\/span><span data-offset-key=\"bcmc1-236-0\">  f\u00fcr<\/span><span data-offset-key=\"bcmc1-237-0\">  jede<\/span><span data-offset-key=\"bcmc1-238-0\">  Sch\u00e4den<\/span><span data-offset-key=\"bcmc1-239-0\">  oder<\/span><span data-offset-key=\"bcmc1-240-0\">  Verluste<\/span><span data-offset-key=\"bcmc1-241-0\">  entstanden<\/span><span data-offset-key=\"bcmc1-242-0\">  von<\/span><span data-offset-key=\"bcmc1-243-0\">  jede<\/span><span data-offset-key=\"bcmc1-244-0\">  Benutzer<\/span><span data-offset-key=\"bcmc1-245-0\">  als<\/span><span data-offset-key=\"bcmc1-246-0\">  a<\/span><span data-offset-key=\"bcmc1-247-0\">  Ergebnis<\/span><span data-offset-key=\"bcmc1-248-0\">  von<\/span><span data-offset-key=\"bcmc1-249-0\">  mit<\/span><span data-offset-key=\"bcmc1-250-0\">  die<\/span><span data-offset-key=\"bcmc1-251-0\">  Website<\/span><span data-offset-key=\"bcmc1-252-0\">.<\/span><\/li>\n<\/ol>\n\t\t\t\t\t\t\t\t<\/div>\n\t\t\t\t<\/div>\n\t\t\t\t\t<\/div>\n\t\t<\/div>\n\t\t\t\t\t<\/div>\n\t\t<\/section>\n\t\t\t\t<\/div>\n\t\t","protected":false},"excerpt":{"rendered":"<p>Bedingungen &amp; Konditionen Benutzer m\u00fcssen sein. bei mindestens 18 Jahre von Alter zu Zugang zu die Website. Benutzer sind verboten zu verwenden. zu verwenden. die Website f\u00fcr jegliche illegale Aktivit\u00e4ten. Benutzer sind verboten von mit die Website zu Senden jede Formular von b\u00f6sartig Software, Malware, oder andere sch\u00e4dlich Material. Benutzer sind verboten von mit die [&hellip;]<\/p>\n","protected":false},"author":5647,"featured_media":0,"parent":0,"menu_order":0,"comment_status":"closed","ping_status":"closed","template":"","meta":{"_acf_changed":false,"footnotes":""},"categories":[],"tags":[],"class_list":["post-22261","page","type-page","status-publish","hentry"],"acf":[],"yoast_head":"<!-- This site is optimized with the Yoast SEO plugin v27.3 - https:\/\/yoast.com\/product\/yoast-seo-wordpress\/ -->\n<title>Bedingungen &amp; Konditionen - Trojan Intelligent Lighting L\u00f6sungen<\/title>\n<meta name=\"robots\" content=\"index, follow, max-snippet:-1, max-image-preview:large, max-video-preview:-1\" \/>\n<link rel=\"canonical\" href=\"https:\/\/trojan-lighting.co.uk\/de\/bedingungen-konditionen\/\" \/>\n<meta property=\"og:locale\" content=\"de_DE\" \/>\n<meta property=\"og:type\" content=\"article\" \/>\n<meta property=\"og:title\" content=\"Bedingungen &amp; Konditionen - Trojan Intelligent Lighting L\u00f6sungen\" \/>\n<meta property=\"og:description\" content=\"Bedingungen &amp; Konditionen Benutzer m\u00fcssen sein. bei mindestens 18 Jahre von Alter zu Zugang zu die Website. Benutzer sind verboten zu verwenden. zu verwenden. die Website f\u00fcr jegliche illegale Aktivit\u00e4ten. Benutzer sind verboten von mit die Website zu Senden jede Formular von b\u00f6sartig Software, Malware, oder andere sch\u00e4dlich Material. Benutzer sind verboten von mit die [&hellip;]\" \/>\n<meta property=\"og:url\" content=\"https:\/\/trojan-lighting.co.uk\/de\/bedingungen-konditionen\/\" \/>\n<meta property=\"og:site_name\" content=\"Trojan Intelligent Lighting L\u00f6sungen\" \/>\n<meta property=\"article:modified_time\" content=\"2024-11-20T10:44:13+00:00\" \/>\n<meta property=\"og:image\" content=\"https:\/\/trojan-lighting.co.uk\/wp-content\/uploads\/2023\/03\/background-2406119.webp\" \/>\n\t<meta property=\"og:image:width\" content=\"2048\" \/>\n\t<meta property=\"og:image:height\" content=\"1230\" \/>\n\t<meta property=\"og:image:type\" content=\"image\/jpeg\" \/>\n<meta name=\"twitter:card\" content=\"summary_large_image\" \/>\n<script type=\"application\/ld+json\" class=\"yoast-schema-graph\">{\"@context\":\"https:\\\/\\\/schema.org\",\"@graph\":[{\"@type\":\"WebPage\",\"@id\":\"https:\\\/\\\/trojan-lighting.co.uk\\\/de\\\/bedingungen-konditionen\\\/\",\"url\":\"https:\\\/\\\/trojan-lighting.co.uk\\\/de\\\/bedingungen-konditionen\\\/\",\"name\":\"Bedingungen &amp; Konditionen - Trojan Intelligent Lighting L\u00f6sungen\",\"isPartOf\":{\"@id\":\"https:\\\/\\\/trojan-lighting.co.uk\\\/#website\"},\"datePublished\":\"2023-03-16T16:40:23+00:00\",\"dateModified\":\"2024-11-20T10:44:13+00:00\",\"breadcrumb\":{\"@id\":\"https:\\\/\\\/trojan-lighting.co.uk\\\/de\\\/bedingungen-konditionen\\\/#breadcrumb\"},\"inLanguage\":\"de\",\"potentialAction\":[{\"@type\":\"ReadAction\",\"target\":[\"https:\\\/\\\/trojan-lighting.co.uk\\\/de\\\/bedingungen-konditionen\\\/\"]}]},{\"@type\":\"BreadcrumbList\",\"@id\":\"https:\\\/\\\/trojan-lighting.co.uk\\\/de\\\/bedingungen-konditionen\\\/#breadcrumb\",\"itemListElement\":[{\"@type\":\"ListItem\",\"position\":1,\"name\":\"Startseite\",\"item\":\"https:\\\/\\\/trojan-lighting.co.uk\\\/de\\\/startseite\\\/\"},{\"@type\":\"ListItem\",\"position\":2,\"name\":\"Bedingungen &amp; Konditionen\"}]},{\"@type\":\"WebSite\",\"@id\":\"https:\\\/\\\/trojan-lighting.co.uk\\\/#website\",\"url\":\"https:\\\/\\\/trojan-lighting.co.uk\\\/\",\"name\":\"Trojan Intelligent Lighting L\u00f6sungen\",\"description\":\"An der Spitze der Beleuchtungsl\u00f6sungen\",\"publisher\":{\"@id\":\"https:\\\/\\\/trojan-lighting.co.uk\\\/#organization\"},\"potentialAction\":[{\"@type\":\"SearchAction\",\"target\":{\"@type\":\"EntryPoint\",\"urlTemplate\":\"https:\\\/\\\/trojan-lighting.co.uk\\\/?s={search_term_string}\"},\"query-input\":{\"@type\":\"PropertyValueSpecification\",\"valueRequired\":true,\"valueName\":\"search_term_string\"}}],\"inLanguage\":\"de\"},{\"@type\":\"Organization\",\"@id\":\"https:\\\/\\\/trojan-lighting.co.uk\\\/#organization\",\"name\":\"Trojanische Beleuchtung\",\"url\":\"https:\\\/\\\/trojan-lighting.co.uk\\\/\",\"logo\":{\"@type\":\"ImageObject\",\"inLanguage\":\"de\",\"@id\":\"https:\\\/\\\/trojan-lighting.co.uk\\\/#\\\/schema\\\/logo\\\/image\\\/\",\"url\":\"https:\\\/\\\/trojan-lighting.co.uk\\\/wp-content\\\/uploads\\\/2023\\\/03\\\/trojan_2-02-favicon-png.webp\",\"contentUrl\":\"https:\\\/\\\/trojan-lighting.co.uk\\\/wp-content\\\/uploads\\\/2023\\\/03\\\/trojan_2-02-favicon-png.webp\",\"width\":780,\"height\":780,\"caption\":\"Trojanische Beleuchtung\"},\"image\":{\"@id\":\"https:\\\/\\\/trojan-lighting.co.uk\\\/#\\\/schema\\\/logo\\\/image\\\/\"},\"sameAs\":[\"https:\\\/\\\/www.linkedin.com\\\/company\\\/trojan-lighting-solutions-limited\\\/\"]}]}<\/script>\n<!-- \/ Yoast SEO plugin. -->","yoast_head_json":{"title":"Bedingungen &amp; Konditionen - Trojan Intelligent Lighting L\u00f6sungen","robots":{"index":"index","follow":"follow","max-snippet":"max-snippet:-1","max-image-preview":"max-image-preview:large","max-video-preview":"max-video-preview:-1"},"canonical":"https:\/\/trojan-lighting.co.uk\/de\/bedingungen-konditionen\/","og_locale":"de_DE","og_type":"article","og_title":"Bedingungen &amp; Konditionen - Trojan Intelligent Lighting L\u00f6sungen","og_description":"Bedingungen &amp; Konditionen Benutzer m\u00fcssen sein. bei mindestens 18 Jahre von Alter zu Zugang zu die Website. Benutzer sind verboten zu verwenden. zu verwenden. die Website f\u00fcr jegliche illegale Aktivit\u00e4ten. Benutzer sind verboten von mit die Website zu Senden jede Formular von b\u00f6sartig Software, Malware, oder andere sch\u00e4dlich Material. Benutzer sind verboten von mit die [&hellip;]","og_url":"https:\/\/trojan-lighting.co.uk\/de\/bedingungen-konditionen\/","og_site_name":"Trojan Intelligent Lighting L\u00f6sungen","article_modified_time":"2024-11-20T10:44:13+00:00","og_image":[{"width":2048,"height":1230,"url":"https:\/\/trojan-lighting.co.uk\/wp-content\/uploads\/2023\/03\/background-2406119.webp","type":"image\/jpeg"}],"twitter_card":"summary_large_image","schema":{"@context":"https:\/\/schema.org","@graph":[{"@type":"WebPage","@id":"https:\/\/trojan-lighting.co.uk\/de\/bedingungen-konditionen\/","url":"https:\/\/trojan-lighting.co.uk\/de\/bedingungen-konditionen\/","name":"Bedingungen &amp; Konditionen - Trojan Intelligent Lighting L\u00f6sungen","isPartOf":{"@id":"https:\/\/trojan-lighting.co.uk\/#website"},"datePublished":"2023-03-16T16:40:23+00:00","dateModified":"2024-11-20T10:44:13+00:00","breadcrumb":{"@id":"https:\/\/trojan-lighting.co.uk\/de\/bedingungen-konditionen\/#breadcrumb"},"inLanguage":"de","potentialAction":[{"@type":"ReadAction","target":["https:\/\/trojan-lighting.co.uk\/de\/bedingungen-konditionen\/"]}]},{"@type":"BreadcrumbList","@id":"https:\/\/trojan-lighting.co.uk\/de\/bedingungen-konditionen\/#breadcrumb","itemListElement":[{"@type":"ListItem","position":1,"name":"Startseite","item":"https:\/\/trojan-lighting.co.uk\/de\/startseite\/"},{"@type":"ListItem","position":2,"name":"Bedingungen &amp; Konditionen"}]},{"@type":"WebSite","@id":"https:\/\/trojan-lighting.co.uk\/#website","url":"https:\/\/trojan-lighting.co.uk\/","name":"Trojan Intelligent Lighting L\u00f6sungen","description":"An der Spitze der Beleuchtungsl\u00f6sungen","publisher":{"@id":"https:\/\/trojan-lighting.co.uk\/#organization"},"potentialAction":[{"@type":"SearchAction","target":{"@type":"EntryPoint","urlTemplate":"https:\/\/trojan-lighting.co.uk\/?s={search_term_string}"},"query-input":{"@type":"PropertyValueSpecification","valueRequired":true,"valueName":"search_term_string"}}],"inLanguage":"de"},{"@type":"Organization","@id":"https:\/\/trojan-lighting.co.uk\/#organization","name":"Trojanische Beleuchtung","url":"https:\/\/trojan-lighting.co.uk\/","logo":{"@type":"ImageObject","inLanguage":"de","@id":"https:\/\/trojan-lighting.co.uk\/#\/schema\/logo\/image\/","url":"https:\/\/trojan-lighting.co.uk\/wp-content\/uploads\/2023\/03\/trojan_2-02-favicon-png.webp","contentUrl":"https:\/\/trojan-lighting.co.uk\/wp-content\/uploads\/2023\/03\/trojan_2-02-favicon-png.webp","width":780,"height":780,"caption":"Trojanische Beleuchtung"},"image":{"@id":"https:\/\/trojan-lighting.co.uk\/#\/schema\/logo\/image\/"},"sameAs":["https:\/\/www.linkedin.com\/company\/trojan-lighting-solutions-limited\/"]}]}},"_links":{"self":[{"href":"https:\/\/trojan-lighting.co.uk\/de\/wp-json\/wp\/v2\/pages\/22261","targetHints":{"allow":["GET"]}}],"collection":[{"href":"https:\/\/trojan-lighting.co.uk\/de\/wp-json\/wp\/v2\/pages"}],"about":[{"href":"https:\/\/trojan-lighting.co.uk\/de\/wp-json\/wp\/v2\/types\/page"}],"author":[{"embeddable":true,"href":"https:\/\/trojan-lighting.co.uk\/de\/wp-json\/wp\/v2\/users\/5647"}],"replies":[{"embeddable":true,"href":"https:\/\/trojan-lighting.co.uk\/de\/wp-json\/wp\/v2\/comments?post=22261"}],"version-history":[{"count":0,"href":"https:\/\/trojan-lighting.co.uk\/de\/wp-json\/wp\/v2\/pages\/22261\/revisions"}],"wp:attachment":[{"href":"https:\/\/trojan-lighting.co.uk\/de\/wp-json\/wp\/v2\/media?parent=22261"}],"wp:term":[{"taxonomy":"category","embeddable":true,"href":"https:\/\/trojan-lighting.co.uk\/de\/wp-json\/wp\/v2\/categories?post=22261"},{"taxonomy":"post_tag","embeddable":true,"href":"https:\/\/trojan-lighting.co.uk\/de\/wp-json\/wp\/v2\/tags?post=22261"}],"curies":[{"name":"wp","href":"https:\/\/api.w.org\/{rel}","templated":true}]}}