{"id":22435,"date":"2023-11-20T14:08:28","date_gmt":"2023-11-20T14:08:28","guid":{"rendered":"https:\/\/trojan-lighting.co.uk\/sektoren\/loesungen-fuer-die-beleuchtung-von-parkplaetzen\/"},"modified":"2024-11-20T13:42:37","modified_gmt":"2024-11-20T13:42:37","slug":"loesungen-fuer-die-beleuchtung-von-parkplaetzen","status":"publish","type":"page","link":"https:\/\/trojan-lighting.co.uk\/de\/sektoren\/loesungen-fuer-die-beleuchtung-von-parkplaetzen\/","title":{"rendered":"L\u00f6sungen f\u00fcr die Beleuchtung von Parkpl\u00e4tzen"},"content":{"rendered":"\t\t<div data-elementor-type=\"wp-post\" data-elementor-id=\"22435\" class=\"elementor elementor-22435 elementor-1866\" data-elementor-post-type=\"page\">\n\t\t\t\t\t\t<section class=\"elementor-section elementor-top-section elementor-element elementor-element-52b81a82 elementor-section-full_width elementor-section-height-min-height animated-slow elementor-section-height-default elementor-section-items-middle elementor-invisible\" data-id=\"52b81a82\" data-element_type=\"section\" data-e-type=\"section\" data-settings=\"{&quot;background_background&quot;:&quot;classic&quot;,&quot;animation&quot;:&quot;fadeIn&quot;}\">\n\t\t\t\t\t\t\t<div class=\"elementor-background-overlay\"><\/div>\n\t\t\t\t\t\t\t<div class=\"elementor-container elementor-column-gap-default\">\n\t\t\t\t\t<div class=\"elementor-column elementor-col-100 elementor-top-column elementor-element elementor-element-24da21d\" data-id=\"24da21d\" data-element_type=\"column\" data-e-type=\"column\">\n\t\t\t<div class=\"elementor-widget-wrap elementor-element-populated\">\n\t\t\t\t\t\t<div class=\"elementor-element elementor-element-2a8c4b9 elementor-widget elementor-widget-heading\" data-id=\"2a8c4b9\" data-element_type=\"widget\" data-e-type=\"widget\" data-widget_type=\"heading.default\">\n\t\t\t\t<div class=\"elementor-widget-container\">\n\t\t\t\t\t<h1 class=\"elementor-heading-title elementor-size-default\">L\u00f6sungen f\u00fcr die Beleuchtung von Parkpl\u00e4tzen<\/h1>\t\t\t\t<\/div>\n\t\t\t\t<\/div>\n\t\t\t\t\t<\/div>\n\t\t<\/div>\n\t\t\t\t\t<\/div>\n\t\t<\/section>\n\t\t\t\t<section class=\"elementor-section elementor-top-section elementor-element elementor-element-ca65a1b elementor-section-boxed elementor-section-height-default elementor-section-height-default\" data-id=\"ca65a1b\" data-element_type=\"section\" data-e-type=\"section\">\n\t\t\t\t\t\t<div class=\"elementor-container elementor-column-gap-default\">\n\t\t\t\t\t<div class=\"elementor-column elementor-col-100 elementor-top-column elementor-element elementor-element-33e621a\" data-id=\"33e621a\" data-element_type=\"column\" data-e-type=\"column\">\n\t\t\t<div class=\"elementor-widget-wrap elementor-element-populated\">\n\t\t\t\t\t\t<div class=\"elementor-element elementor-element-8c730c3 elementor-widget elementor-widget-spacer\" data-id=\"8c730c3\" data-element_type=\"widget\" data-e-type=\"widget\" data-widget_type=\"spacer.default\">\n\t\t\t\t<div class=\"elementor-widget-container\">\n\t\t\t\t\t\t\t<div class=\"elementor-spacer\">\n\t\t\t<div class=\"elementor-spacer-inner\"><\/div>\n\t\t<\/div>\n\t\t\t\t\t\t<\/div>\n\t\t\t\t<\/div>\n\t\t\t\t\t<\/div>\n\t\t<\/div>\n\t\t\t\t\t<\/div>\n\t\t<\/section>\n\t\t\t\t<section class=\"elementor-section elementor-top-section elementor-element elementor-element-a869e6d elementor-section-boxed elementor-section-height-default elementor-section-height-default\" data-id=\"a869e6d\" data-element_type=\"section\" data-e-type=\"section\">\n\t\t\t\t\t\t<div class=\"elementor-container elementor-column-gap-default\">\n\t\t\t\t\t<div class=\"elementor-column elementor-col-100 elementor-top-column elementor-element elementor-element-8632479\" data-id=\"8632479\" data-element_type=\"column\" data-e-type=\"column\">\n\t\t\t<div class=\"elementor-widget-wrap elementor-element-populated\">\n\t\t\t\t\t\t<div class=\"elementor-element elementor-element-8cd40b0 elementor-widget elementor-widget-text-editor\" data-id=\"8cd40b0\" data-element_type=\"widget\" data-e-type=\"widget\" data-widget_type=\"text-editor.default\">\n\t\t\t\t<div class=\"elementor-widget-container\">\n\t\t\t\t\t\t\t\t\t<p>Trojan Lighting Solutions ist f\u00fchrend in der Bereitstellung modernster Beleuchtungsl\u00f6sungen f\u00fcr Parkh\u00e4user und legt dabei gro\u00dfen Wert auf Nachhaltigkeit und Energieeffizienz. Als Spezialist f\u00fcr LED-Lichttechnologien bieten wir fortschrittliche Beleuchtungssysteme, die nicht nur die Sichtbarkeit und Sicherheit verbessern, sondern auch einen wichtigen Beitrag zu den Umweltzielen leisten. Durch strategische Partnerschaften mit Branchenf\u00fchrern wie Tridonic und MyMesh gew\u00e4hrleistet Trojan intelligente Steuerungen f\u00fcr nahtlosen Betrieb und Fernverwaltung. Die Integration der MyMesh-Technologie erm\u00f6glicht eine effiziente Kommunikation zwischen LED-Leuchten und damit eine intelligente, reaktionsschnelle und energiesparende Beleuchtungsinfrastruktur. Trojan Lighting Solutions setzt den Ma\u00dfstab f\u00fcr die Beleuchtung von Parkpl\u00e4tzen und kombiniert die Brillanz von LEDs mit nachhaltigen Praktiken und hochmodernen Steuerungssystemen, um eine sicherere, umweltfreundlichere und technologisch fortschrittliche Parkumgebung zu schaffen.    <\/p>\n\t\t\t\t\t\t\t\t<\/div>\n\t\t\t\t<\/div>\n\t\t\t\t<div class=\"elementor-element elementor-element-5593063 elementor-widget elementor-widget-heading\" data-id=\"5593063\" data-element_type=\"widget\" data-e-type=\"widget\" data-widget_type=\"heading.default\">\n\t\t\t\t<div class=\"elementor-widget-container\">\n\t\t\t\t\t<h4 class=\"elementor-heading-title elementor-size-default\">Unsere Arbeit:<\/h4>\t\t\t\t<\/div>\n\t\t\t\t<\/div>\n\t\t\t\t\t<\/div>\n\t\t<\/div>\n\t\t\t\t\t<\/div>\n\t\t<\/section>\n\t\t\t\t<section class=\"elementor-section elementor-top-section elementor-element elementor-element-f4ac323 elementor-section-boxed elementor-section-height-default elementor-section-height-default\" data-id=\"f4ac323\" data-element_type=\"section\" data-e-type=\"section\">\n\t\t\t\t\t\t<div class=\"elementor-container elementor-column-gap-default\">\n\t\t\t\t\t<div class=\"elementor-column elementor-col-100 elementor-top-column elementor-element elementor-element-321df469\" data-id=\"321df469\" data-element_type=\"column\" data-e-type=\"column\">\n\t\t\t<div class=\"elementor-widget-wrap elementor-element-populated\">\n\t\t\t\t\t\t<div class=\"elementor-element elementor-element-3d508c12 elementor-cta--skin-classic elementor-animated-content elementor-widget elementor-widget-global elementor-global-22572 elementor-global-353 elementor-widget-call-to-action\" data-id=\"3d508c12\" data-element_type=\"widget\" data-e-type=\"widget\" data-widget_type=\"call-to-action.default\">\n\t\t\t\t<div class=\"elementor-widget-container\">\n\t\t\t\t\t\t\t<div class=\"elementor-cta\">\n\t\t\t\t\t<div class=\"elementor-cta__bg-wrapper\">\n\t\t\t\t<div class=\"elementor-cta__bg elementor-bg\" style=\"background-image: url(https:\/\/trojan-lighting.co.uk\/wp-content\/uploads\/2023\/03\/pexels-francesco-ungaro-96381.webp);\" role=\"img\" aria-label=\"Circular lights\"><\/div>\n\t\t\t\t<div class=\"elementor-cta__bg-overlay\"><\/div>\n\t\t\t<\/div>\n\t\t\t\t\t\t\t<div class=\"elementor-cta__content\">\n\t\t\t\t\n\t\t\t\t\t\t\t\t\t<h2 class=\"elementor-cta__title elementor-cta__content-item elementor-content-item\">\n\t\t\t\t\t\tKontakt aufnehmen\t\t\t\t\t<\/h2>\n\t\t\t\t\n\t\t\t\t\t\t\t\t\t<div class=\"elementor-cta__description elementor-cta__content-item elementor-content-item\">\n\t\t\t\t\t\t<p>Kontaktieren Sie Trojan Lighting f\u00fcr eine fachkundige Beratung zu Ihrem Projekt.<\/p>\n\t\t\t\t\t<\/div>\n\t\t\t\t\n\t\t\t\t\t\t\t\t\t<div class=\"elementor-cta__button-wrapper elementor-cta__content-item elementor-content-item \">\n\t\t\t\t\t<a class=\"elementor-cta__button elementor-button elementor-size-\" href=\"https:\/\/trojan-lighting.co.uk\/de\/kontakt\/\">\n\t\t\t\t\t\tKontakt aufnehmen\t\t\t\t\t<\/a>\n\t\t\t\t\t<\/div>\n\t\t\t\t\t\t\t<\/div>\n\t\t\t\t\t\t<\/div>\n\t\t\t\t\t\t<\/div>\n\t\t\t\t<\/div>\n\t\t\t\t\t<\/div>\n\t\t<\/div>\n\t\t\t\t\t<\/div>\n\t\t<\/section>\n\t\t\t\t<\/div>\n\t\t","protected":false},"excerpt":{"rendered":"<p>L\u00f6sungen f\u00fcr die Beleuchtung von Parkpl\u00e4tzen Trojan Lighting Solutions ist f\u00fchrend in der Bereitstellung modernster Beleuchtungsl\u00f6sungen f\u00fcr Parkh\u00e4user und legt dabei gro\u00dfen Wert auf Nachhaltigkeit und Energieeffizienz. Als Spezialist f\u00fcr LED-Lichttechnologien bieten wir fortschrittliche Beleuchtungssysteme, die nicht nur die Sichtbarkeit und Sicherheit verbessern, sondern auch einen wichtigen Beitrag zu den Umweltzielen leisten. Durch strategische Partnerschaften [&hellip;]<\/p>\n","protected":false},"author":5647,"featured_media":0,"parent":22101,"menu_order":0,"comment_status":"closed","ping_status":"closed","template":"","meta":{"_acf_changed":false,"footnotes":""},"categories":[],"tags":[],"class_list":["post-22435","page","type-page","status-publish","hentry"],"acf":[],"yoast_head":"<!-- This site is optimized with the Yoast SEO plugin v27.4 - https:\/\/yoast.com\/product\/yoast-seo-wordpress\/ -->\n<title>L\u00f6sungen f\u00fcr die Beleuchtung von Parkpl\u00e4tzen - Trojan Intelligent Lighting L\u00f6sungen<\/title>\n<meta name=\"description\" content=\"Entdecken Sie die Trojan-Parkplatzbeleuchtungsl\u00f6sungen - energiesparende Leistung und Brillanz mit modernsten LED-Leuchten.\" \/>\n<meta name=\"robots\" content=\"index, follow, max-snippet:-1, max-image-preview:large, max-video-preview:-1\" \/>\n<link rel=\"canonical\" href=\"https:\/\/trojan-lighting.co.uk\/de\/sektoren\/loesungen-fuer-die-beleuchtung-von-parkplaetzen\/\" \/>\n<meta property=\"og:locale\" content=\"de_DE\" \/>\n<meta property=\"og:type\" content=\"article\" \/>\n<meta property=\"og:title\" content=\"L\u00f6sungen f\u00fcr die Beleuchtung von Parkpl\u00e4tzen - Trojan Intelligent Lighting L\u00f6sungen\" \/>\n<meta property=\"og:description\" content=\"Entdecken Sie die Trojan-Parkplatzbeleuchtungsl\u00f6sungen - energiesparende Leistung und Brillanz mit modernsten LED-Leuchten.\" \/>\n<meta property=\"og:url\" content=\"https:\/\/trojan-lighting.co.uk\/de\/sektoren\/loesungen-fuer-die-beleuchtung-von-parkplaetzen\/\" \/>\n<meta property=\"og:site_name\" content=\"Trojan Intelligent Lighting L\u00f6sungen\" \/>\n<meta property=\"article:modified_time\" content=\"2024-11-20T13:42:37+00:00\" \/>\n<meta property=\"og:image\" content=\"https:\/\/trojan-lighting.co.uk\/wp-content\/uploads\/2023\/03\/background-2406119.webp\" \/>\n\t<meta property=\"og:image:width\" content=\"2048\" \/>\n\t<meta property=\"og:image:height\" content=\"1230\" \/>\n\t<meta property=\"og:image:type\" content=\"image\/jpeg\" \/>\n<meta name=\"twitter:card\" content=\"summary_large_image\" \/>\n<script type=\"application\/ld+json\" class=\"yoast-schema-graph\">{\"@context\":\"https:\\\/\\\/schema.org\",\"@graph\":[{\"@type\":\"WebPage\",\"@id\":\"https:\\\/\\\/trojan-lighting.co.uk\\\/de\\\/sektoren\\\/loesungen-fuer-die-beleuchtung-von-parkplaetzen\\\/\",\"url\":\"https:\\\/\\\/trojan-lighting.co.uk\\\/de\\\/sektoren\\\/loesungen-fuer-die-beleuchtung-von-parkplaetzen\\\/\",\"name\":\"L\u00f6sungen f\u00fcr die Beleuchtung von Parkpl\u00e4tzen - Trojan Intelligent Lighting L\u00f6sungen\",\"isPartOf\":{\"@id\":\"https:\\\/\\\/trojan-lighting.co.uk\\\/#website\"},\"datePublished\":\"2023-11-20T14:08:28+00:00\",\"dateModified\":\"2024-11-20T13:42:37+00:00\",\"description\":\"Entdecken Sie die Trojan-Parkplatzbeleuchtungsl\u00f6sungen - energiesparende Leistung und Brillanz mit modernsten LED-Leuchten.\",\"breadcrumb\":{\"@id\":\"https:\\\/\\\/trojan-lighting.co.uk\\\/de\\\/sektoren\\\/loesungen-fuer-die-beleuchtung-von-parkplaetzen\\\/#breadcrumb\"},\"inLanguage\":\"de\",\"potentialAction\":[{\"@type\":\"ReadAction\",\"target\":[\"https:\\\/\\\/trojan-lighting.co.uk\\\/de\\\/sektoren\\\/loesungen-fuer-die-beleuchtung-von-parkplaetzen\\\/\"]}]},{\"@type\":\"BreadcrumbList\",\"@id\":\"https:\\\/\\\/trojan-lighting.co.uk\\\/de\\\/sektoren\\\/loesungen-fuer-die-beleuchtung-von-parkplaetzen\\\/#breadcrumb\",\"itemListElement\":[{\"@type\":\"ListItem\",\"position\":1,\"name\":\"Startseite\",\"item\":\"https:\\\/\\\/trojan-lighting.co.uk\\\/de\\\/startseite\\\/\"},{\"@type\":\"ListItem\",\"position\":2,\"name\":\"Sektoren\",\"item\":\"https:\\\/\\\/trojan-lighting.co.uk\\\/de\\\/sektoren\\\/\"},{\"@type\":\"ListItem\",\"position\":3,\"name\":\"L\u00f6sungen f\u00fcr die Beleuchtung von Parkpl\u00e4tzen\"}]},{\"@type\":\"WebSite\",\"@id\":\"https:\\\/\\\/trojan-lighting.co.uk\\\/#website\",\"url\":\"https:\\\/\\\/trojan-lighting.co.uk\\\/\",\"name\":\"Trojan Intelligent Lighting L\u00f6sungen\",\"description\":\"An der Spitze der Beleuchtungsl\u00f6sungen\",\"publisher\":{\"@id\":\"https:\\\/\\\/trojan-lighting.co.uk\\\/#organization\"},\"potentialAction\":[{\"@type\":\"SearchAction\",\"target\":{\"@type\":\"EntryPoint\",\"urlTemplate\":\"https:\\\/\\\/trojan-lighting.co.uk\\\/?s={search_term_string}\"},\"query-input\":{\"@type\":\"PropertyValueSpecification\",\"valueRequired\":true,\"valueName\":\"search_term_string\"}}],\"inLanguage\":\"de\"},{\"@type\":\"Organization\",\"@id\":\"https:\\\/\\\/trojan-lighting.co.uk\\\/#organization\",\"name\":\"Trojanische Beleuchtung\",\"url\":\"https:\\\/\\\/trojan-lighting.co.uk\\\/\",\"logo\":{\"@type\":\"ImageObject\",\"inLanguage\":\"de\",\"@id\":\"https:\\\/\\\/trojan-lighting.co.uk\\\/#\\\/schema\\\/logo\\\/image\\\/\",\"url\":\"https:\\\/\\\/trojan-lighting.co.uk\\\/wp-content\\\/uploads\\\/2023\\\/03\\\/trojan_2-02-favicon-png.webp\",\"contentUrl\":\"https:\\\/\\\/trojan-lighting.co.uk\\\/wp-content\\\/uploads\\\/2023\\\/03\\\/trojan_2-02-favicon-png.webp\",\"width\":780,\"height\":780,\"caption\":\"Trojanische Beleuchtung\"},\"image\":{\"@id\":\"https:\\\/\\\/trojan-lighting.co.uk\\\/#\\\/schema\\\/logo\\\/image\\\/\"},\"sameAs\":[\"https:\\\/\\\/www.linkedin.com\\\/company\\\/trojan-lighting-solutions-limited\\\/\"]}]}<\/script>\n<!-- \/ Yoast SEO plugin. -->","yoast_head_json":{"title":"L\u00f6sungen f\u00fcr die Beleuchtung von Parkpl\u00e4tzen - Trojan Intelligent Lighting L\u00f6sungen","description":"Entdecken Sie die Trojan-Parkplatzbeleuchtungsl\u00f6sungen - energiesparende Leistung und Brillanz mit modernsten LED-Leuchten.","robots":{"index":"index","follow":"follow","max-snippet":"max-snippet:-1","max-image-preview":"max-image-preview:large","max-video-preview":"max-video-preview:-1"},"canonical":"https:\/\/trojan-lighting.co.uk\/de\/sektoren\/loesungen-fuer-die-beleuchtung-von-parkplaetzen\/","og_locale":"de_DE","og_type":"article","og_title":"L\u00f6sungen f\u00fcr die Beleuchtung von Parkpl\u00e4tzen - Trojan Intelligent Lighting L\u00f6sungen","og_description":"Entdecken Sie die Trojan-Parkplatzbeleuchtungsl\u00f6sungen - energiesparende Leistung und Brillanz mit modernsten LED-Leuchten.","og_url":"https:\/\/trojan-lighting.co.uk\/de\/sektoren\/loesungen-fuer-die-beleuchtung-von-parkplaetzen\/","og_site_name":"Trojan Intelligent Lighting L\u00f6sungen","article_modified_time":"2024-11-20T13:42:37+00:00","og_image":[{"width":2048,"height":1230,"url":"https:\/\/trojan-lighting.co.uk\/wp-content\/uploads\/2023\/03\/background-2406119.webp","type":"image\/jpeg"}],"twitter_card":"summary_large_image","schema":{"@context":"https:\/\/schema.org","@graph":[{"@type":"WebPage","@id":"https:\/\/trojan-lighting.co.uk\/de\/sektoren\/loesungen-fuer-die-beleuchtung-von-parkplaetzen\/","url":"https:\/\/trojan-lighting.co.uk\/de\/sektoren\/loesungen-fuer-die-beleuchtung-von-parkplaetzen\/","name":"L\u00f6sungen f\u00fcr die Beleuchtung von Parkpl\u00e4tzen - Trojan Intelligent Lighting L\u00f6sungen","isPartOf":{"@id":"https:\/\/trojan-lighting.co.uk\/#website"},"datePublished":"2023-11-20T14:08:28+00:00","dateModified":"2024-11-20T13:42:37+00:00","description":"Entdecken Sie die Trojan-Parkplatzbeleuchtungsl\u00f6sungen - energiesparende Leistung und Brillanz mit modernsten LED-Leuchten.","breadcrumb":{"@id":"https:\/\/trojan-lighting.co.uk\/de\/sektoren\/loesungen-fuer-die-beleuchtung-von-parkplaetzen\/#breadcrumb"},"inLanguage":"de","potentialAction":[{"@type":"ReadAction","target":["https:\/\/trojan-lighting.co.uk\/de\/sektoren\/loesungen-fuer-die-beleuchtung-von-parkplaetzen\/"]}]},{"@type":"BreadcrumbList","@id":"https:\/\/trojan-lighting.co.uk\/de\/sektoren\/loesungen-fuer-die-beleuchtung-von-parkplaetzen\/#breadcrumb","itemListElement":[{"@type":"ListItem","position":1,"name":"Startseite","item":"https:\/\/trojan-lighting.co.uk\/de\/startseite\/"},{"@type":"ListItem","position":2,"name":"Sektoren","item":"https:\/\/trojan-lighting.co.uk\/de\/sektoren\/"},{"@type":"ListItem","position":3,"name":"L\u00f6sungen f\u00fcr die Beleuchtung von Parkpl\u00e4tzen"}]},{"@type":"WebSite","@id":"https:\/\/trojan-lighting.co.uk\/#website","url":"https:\/\/trojan-lighting.co.uk\/","name":"Trojan Intelligent Lighting L\u00f6sungen","description":"An der Spitze der Beleuchtungsl\u00f6sungen","publisher":{"@id":"https:\/\/trojan-lighting.co.uk\/#organization"},"potentialAction":[{"@type":"SearchAction","target":{"@type":"EntryPoint","urlTemplate":"https:\/\/trojan-lighting.co.uk\/?s={search_term_string}"},"query-input":{"@type":"PropertyValueSpecification","valueRequired":true,"valueName":"search_term_string"}}],"inLanguage":"de"},{"@type":"Organization","@id":"https:\/\/trojan-lighting.co.uk\/#organization","name":"Trojanische Beleuchtung","url":"https:\/\/trojan-lighting.co.uk\/","logo":{"@type":"ImageObject","inLanguage":"de","@id":"https:\/\/trojan-lighting.co.uk\/#\/schema\/logo\/image\/","url":"https:\/\/trojan-lighting.co.uk\/wp-content\/uploads\/2023\/03\/trojan_2-02-favicon-png.webp","contentUrl":"https:\/\/trojan-lighting.co.uk\/wp-content\/uploads\/2023\/03\/trojan_2-02-favicon-png.webp","width":780,"height":780,"caption":"Trojanische Beleuchtung"},"image":{"@id":"https:\/\/trojan-lighting.co.uk\/#\/schema\/logo\/image\/"},"sameAs":["https:\/\/www.linkedin.com\/company\/trojan-lighting-solutions-limited\/"]}]}},"_links":{"self":[{"href":"https:\/\/trojan-lighting.co.uk\/de\/wp-json\/wp\/v2\/pages\/22435","targetHints":{"allow":["GET"]}}],"collection":[{"href":"https:\/\/trojan-lighting.co.uk\/de\/wp-json\/wp\/v2\/pages"}],"about":[{"href":"https:\/\/trojan-lighting.co.uk\/de\/wp-json\/wp\/v2\/types\/page"}],"author":[{"embeddable":true,"href":"https:\/\/trojan-lighting.co.uk\/de\/wp-json\/wp\/v2\/users\/5647"}],"replies":[{"embeddable":true,"href":"https:\/\/trojan-lighting.co.uk\/de\/wp-json\/wp\/v2\/comments?post=22435"}],"version-history":[{"count":0,"href":"https:\/\/trojan-lighting.co.uk\/de\/wp-json\/wp\/v2\/pages\/22435\/revisions"}],"up":[{"embeddable":true,"href":"https:\/\/trojan-lighting.co.uk\/de\/wp-json\/wp\/v2\/pages\/22101"}],"wp:attachment":[{"href":"https:\/\/trojan-lighting.co.uk\/de\/wp-json\/wp\/v2\/media?parent=22435"}],"wp:term":[{"taxonomy":"category","embeddable":true,"href":"https:\/\/trojan-lighting.co.uk\/de\/wp-json\/wp\/v2\/categories?post=22435"},{"taxonomy":"post_tag","embeddable":true,"href":"https:\/\/trojan-lighting.co.uk\/de\/wp-json\/wp\/v2\/tags?post=22435"}],"curies":[{"name":"wp","href":"https:\/\/api.w.org\/{rel}","templated":true}]}}