{"id":43613,"date":"2025-07-01T13:36:57","date_gmt":"2025-07-01T12:36:57","guid":{"rendered":"https:\/\/trojan-lighting.co.uk\/csr\/"},"modified":"2025-07-09T13:55:38","modified_gmt":"2025-07-09T12:55:38","slug":"csr","status":"publish","type":"page","link":"https:\/\/trojan-lighting.co.uk\/de\/csr\/","title":{"rendered":"CSR"},"content":{"rendered":"\t\t<div data-elementor-type=\"wp-post\" data-elementor-id=\"43613\" class=\"elementor elementor-43613 elementor-42904\" data-elementor-post-type=\"page\">\n\t\t\t\t<div class=\"elementor-element elementor-element-303d9a72 e-flex e-con-boxed e-con e-parent\" data-id=\"303d9a72\" data-element_type=\"container\" data-e-type=\"container\" data-settings=\"{&quot;background_background&quot;:&quot;classic&quot;}\">\n\t\t\t\t\t<div class=\"e-con-inner\">\n\t\t<div class=\"elementor-element elementor-element-11c94b1f e-con-full e-flex e-con e-child\" data-id=\"11c94b1f\" data-element_type=\"container\" data-e-type=\"container\">\n\t\t\t\t<div class=\"elementor-element elementor-element-326cb09a elementor-widget elementor-widget-text-editor\" data-id=\"326cb09a\" data-element_type=\"widget\" data-e-type=\"widget\" data-widget_type=\"text-editor.default\">\n\t\t\t\t<div class=\"elementor-widget-container\">\n\t\t\t\t\t\t\t\t\t<h1><strong>Unser Engagement f\u00fcr Gemeinschaft und Verantwortung<\/strong><\/h1>\t\t\t\t\t\t\t\t<\/div>\n\t\t\t\t<\/div>\n\t\t\t\t<div class=\"elementor-element elementor-element-6e7b4788 elementor-widget-widescreen__width-initial elementor-widget elementor-widget-text-editor\" data-id=\"6e7b4788\" data-element_type=\"widget\" data-e-type=\"widget\" data-widget_type=\"text-editor.default\">\n\t\t\t\t<div class=\"elementor-widget-container\">\n\t\t\t\t\t\t\t\t\t<p>Wir bei Trojan Lighting Solutions sind der Meinung, dass Unternehmen die Werte der Menschen widerspiegeln sollten, die dahinter stehen. Corporate Social Responsibility ist ein zentraler Bestandteil unserer Arbeitsweise. Wir unterst\u00fctzen lokale Initiativen, reduzieren unsere Umweltbelastung und suchen nach praktischen Wegen, unsere F\u00e4higkeiten und Ressourcen zu nutzen, um anderen zu helfen.  <\/p>\t\t\t\t\t\t\t\t<\/div>\n\t\t\t\t<\/div>\n\t\t\t\t<\/div>\n\t\t<div class=\"elementor-element elementor-element-455987b3 e-con-full e-flex e-con e-child\" data-id=\"455987b3\" data-element_type=\"container\" data-e-type=\"container\">\n\t\t\t\t<div class=\"elementor-element elementor-element-6e7fd2f1 elementor-widget elementor-widget-image\" data-id=\"6e7fd2f1\" data-element_type=\"widget\" data-e-type=\"widget\" data-widget_type=\"image.default\">\n\t\t\t\t<div class=\"elementor-widget-container\">\n\t\t\t\t\t\t\t\t\t\t\t\t\t\t\t<img fetchpriority=\"high\" decoding=\"async\" width=\"780\" height=\"780\" src=\"https:\/\/trojan-lighting.co.uk\/wp-content\/uploads\/2023\/03\/trojan_2-02-favicon-png.webp\" class=\"attachment-large size-large wp-image-11354\" alt=\"\" srcset=\"https:\/\/trojan-lighting.co.uk\/wp-content\/uploads\/2023\/03\/trojan_2-02-favicon-png.webp 780w, https:\/\/trojan-lighting.co.uk\/wp-content\/uploads\/2023\/03\/trojan_2-02-favicon-300x300.png 300w, https:\/\/trojan-lighting.co.uk\/wp-content\/uploads\/2023\/03\/trojan_2-02-favicon-100x100.webp 100w, https:\/\/trojan-lighting.co.uk\/wp-content\/uploads\/2023\/03\/trojan_2-02-favicon-600x600.webp 600w, https:\/\/trojan-lighting.co.uk\/wp-content\/uploads\/2023\/03\/trojan_2-02-favicon-150x150.png 150w, https:\/\/trojan-lighting.co.uk\/wp-content\/uploads\/2023\/03\/trojan_2-02-favicon-768x768.png 768w\" sizes=\"(max-width: 780px) 100vw, 780px\" \/>\t\t\t\t\t\t\t\t\t\t\t\t\t\t\t<\/div>\n\t\t\t\t<\/div>\n\t\t\t\t<\/div>\n\t\t\t\t\t<\/div>\n\t\t\t\t<\/div>\n\t\t<div class=\"elementor-element elementor-element-c66bfb2 e-flex e-con-boxed e-con e-parent\" data-id=\"c66bfb2\" data-element_type=\"container\" data-e-type=\"container\">\n\t\t\t\t\t<div class=\"e-con-inner\">\n\t\t\t\t<div class=\"elementor-element elementor-element-b718fc0 elementor-widget__width-inherit elementor-widget elementor-widget-text-editor\" data-id=\"b718fc0\" data-element_type=\"widget\" data-e-type=\"widget\" data-widget_type=\"text-editor.default\">\n\t\t\t\t<div class=\"elementor-widget-container\">\n\t\t\t\t\t\t\t\t\t<h2 data-start=\"489\" data-end=\"521\">Unterst\u00fctzung von Graswurzel-Anliegen<\/h2><p data-start=\"523\" data-end=\"642\">Wir sponsern regelm\u00e4\u00dfig lokale Teams und Einzelpersonen, die die Werte widerspiegeln, die wir bewundern: Engagement, harte Arbeit und Ehrgeiz.<\/p><ul data-start=\"644\" data-end=\"949\"><li data-start=\"644\" data-end=\"798\"><p data-start=\"646\" data-end=\"798\"><strong data-start=\"646\" data-end=\"681\">Wigan Aces Junior Football Club<\/strong><br data-start=\"681\" data-end=\"684\">Wir helfen bei der Deckung der Kosten f\u00fcr die Miete von Ausr\u00fcstung, Ausr\u00fcstung und Spielfeld und bieten jungen Spielern ein besseres Umfeld zum Trainieren, Spielen und Wachsen.<\/p><\/li><li data-start=\"800\" data-end=\"949\"><p data-start=\"802\" data-end=\"949\"><strong data-start=\"802\" data-end=\"823\">Leo Jenson Racing<\/strong><br data-start=\"823\" data-end=\"826\">Wir unterst\u00fctzen den aufstrebenden Kartfahrer Leo Jenson. Sein Fokus und seine Tatkraft stehen f\u00fcr die Art von Talent, auf die wir stolz sind. <\/p><\/li><\/ul><h2 data-start=\"951\" data-end=\"983\">Der Gemeinschaft etwas zur\u00fcckgeben<\/h2><p data-start=\"985\" data-end=\"1052\">Wir unterst\u00fctzen auch Anliegen, die einen direkten Einfluss auf das Leben der Menschen haben.<\/p><ul data-start=\"1054\" data-end=\"1400\"><li data-start=\"1054\" data-end=\"1223\"><p data-start=\"1056\" data-end=\"1223\"><a href=\"https:\/\/doingitforduncan.uk\/\" target=\"_blank\" rel=\"noopener\"><strong data-start=\"1056\" data-end=\"1079\">Es f\u00fcr Duncan tun<\/strong><\/a><br data-start=\"1079\" data-end=\"1082\">Wir haben an der Wohlt\u00e4tigkeitsveranstaltung zum Gedenken an Duncan Browne teilgenommen, bei der \u00fcber 9.000 Pfund f\u00fcr das Walton Centre zur Unterst\u00fctzung der neurologischen Versorgung gesammelt wurden.<\/p><\/li><li data-start=\"1225\" data-end=\"1400\"><p data-start=\"1227\" data-end=\"1400\"><strong data-start=\"1227\" data-end=\"1256\">Standish Kinderzimmer f\u00fcr Kinder unter 5 Jahren<\/strong><br data-start=\"1256\" data-end=\"1259\">Wir haben ein komplettes LED-Beleuchtungs-Upgrade kostenlos zur Verf\u00fcgung gestellt. Das neue System verbesserte den Komfort, die Sicht und den Energieverbrauch f\u00fcr Kinder und Mitarbeiter. <\/p><\/li><li data-start=\"1225\" data-end=\"1400\"><a href=\"https:\/\/www.actionforchildren.org.uk\/\" target=\"_blank\" rel=\"noopener\">Aktion f\u00fcr Kinder<\/a><br>Wir unterst\u00fctzen diese wichtige Wohlt\u00e4tigkeitsorganisation, die gef\u00e4hrdeten Jugendlichen wichtige Dienste leistet und sich f\u00fcr einen systemischen Wandel einsetzt.<\/li><\/ul>\t\t\t\t\t\t\t\t<\/div>\n\t\t\t\t<\/div>\n\t\t\t\t\t<\/div>\n\t\t\t\t<\/div>\n\t\t\t\t<\/div>\n\t\t","protected":false},"excerpt":{"rendered":"<p>Erfahren Sie, wie Trojan Lighting lokale Gemeinschaften, Jugendinitiativen und Nachhaltigkeit durch praktische, kontinuierliche Bem\u00fchungen zur Unternehmensverantwortung unterst\u00fctzt.<\/p>\n","protected":false},"author":5647,"featured_media":26553,"parent":0,"menu_order":0,"comment_status":"closed","ping_status":"closed","template":"","meta":{"_acf_changed":false,"footnotes":""},"categories":[],"tags":[],"class_list":["post-43613","page","type-page","status-publish","has-post-thumbnail","hentry"],"acf":[],"yoast_head":"<!-- This site is optimized with the Yoast SEO plugin v27.3 - https:\/\/yoast.com\/product\/yoast-seo-wordpress\/ -->\n<title>Das Engagement von Trojan Lighting f\u00fcr Gemeinschaft und Verantwortung<\/title>\n<meta name=\"description\" content=\"Erfahren Sie, wie Trojan Lighting lokale Gemeinschaften und Jugendinitiativen durch praktische, kontinuierliche Bem\u00fchungen zur Unternehmensverantwortung unterst\u00fctzt.\" \/>\n<meta name=\"robots\" content=\"index, follow, max-snippet:-1, max-image-preview:large, max-video-preview:-1\" \/>\n<link rel=\"canonical\" href=\"https:\/\/trojan-lighting.co.uk\/de\/csr\/\" \/>\n<meta property=\"og:locale\" content=\"de_DE\" \/>\n<meta property=\"og:type\" content=\"article\" \/>\n<meta property=\"og:title\" content=\"Das Engagement von Trojan Lighting f\u00fcr Gemeinschaft und Verantwortung\" \/>\n<meta property=\"og:description\" content=\"Erfahren Sie, wie Trojan Lighting lokale Gemeinschaften und Jugendinitiativen durch praktische, kontinuierliche Bem\u00fchungen zur Unternehmensverantwortung unterst\u00fctzt.\" \/>\n<meta property=\"og:url\" content=\"https:\/\/trojan-lighting.co.uk\/de\/csr\/\" \/>\n<meta property=\"og:site_name\" content=\"Trojan Intelligent Lighting L\u00f6sungen\" \/>\n<meta property=\"article:modified_time\" content=\"2025-07-09T12:55:38+00:00\" \/>\n<meta property=\"og:image\" content=\"https:\/\/trojan-lighting.co.uk\/wp-content\/uploads\/2024\/12\/brent-cross-troughs-after.webp\" \/>\n\t<meta property=\"og:image:width\" content=\"1600\" \/>\n\t<meta property=\"og:image:height\" content=\"1200\" \/>\n\t<meta property=\"og:image:type\" content=\"image\/jpeg\" \/>\n<meta name=\"twitter:card\" content=\"summary_large_image\" \/>\n<script type=\"application\/ld+json\" class=\"yoast-schema-graph\">{\"@context\":\"https:\\\/\\\/schema.org\",\"@graph\":[{\"@type\":\"WebPage\",\"@id\":\"https:\\\/\\\/trojan-lighting.co.uk\\\/de\\\/csr\\\/\",\"url\":\"https:\\\/\\\/trojan-lighting.co.uk\\\/de\\\/csr\\\/\",\"name\":\"Das Engagement von Trojan Lighting f\u00fcr Gemeinschaft und Verantwortung\",\"isPartOf\":{\"@id\":\"https:\\\/\\\/trojan-lighting.co.uk\\\/#website\"},\"primaryImageOfPage\":{\"@id\":\"https:\\\/\\\/trojan-lighting.co.uk\\\/de\\\/csr\\\/#primaryimage\"},\"image\":{\"@id\":\"https:\\\/\\\/trojan-lighting.co.uk\\\/de\\\/csr\\\/#primaryimage\"},\"thumbnailUrl\":\"https:\\\/\\\/trojan-lighting.co.uk\\\/wp-content\\\/uploads\\\/2024\\\/12\\\/brent-cross-troughs-after.webp\",\"datePublished\":\"2025-07-01T12:36:57+00:00\",\"dateModified\":\"2025-07-09T12:55:38+00:00\",\"description\":\"Erfahren Sie, wie Trojan Lighting lokale Gemeinschaften und Jugendinitiativen durch praktische, kontinuierliche Bem\u00fchungen zur Unternehmensverantwortung unterst\u00fctzt.\",\"breadcrumb\":{\"@id\":\"https:\\\/\\\/trojan-lighting.co.uk\\\/de\\\/csr\\\/#breadcrumb\"},\"inLanguage\":\"de\",\"potentialAction\":[{\"@type\":\"ReadAction\",\"target\":[\"https:\\\/\\\/trojan-lighting.co.uk\\\/de\\\/csr\\\/\"]}]},{\"@type\":\"ImageObject\",\"inLanguage\":\"de\",\"@id\":\"https:\\\/\\\/trojan-lighting.co.uk\\\/de\\\/csr\\\/#primaryimage\",\"url\":\"https:\\\/\\\/trojan-lighting.co.uk\\\/wp-content\\\/uploads\\\/2024\\\/12\\\/brent-cross-troughs-after.webp\",\"contentUrl\":\"https:\\\/\\\/trojan-lighting.co.uk\\\/wp-content\\\/uploads\\\/2024\\\/12\\\/brent-cross-troughs-after.webp\",\"width\":1600,\"height\":1200,\"caption\":\"New Brent Cross lighting\"},{\"@type\":\"BreadcrumbList\",\"@id\":\"https:\\\/\\\/trojan-lighting.co.uk\\\/de\\\/csr\\\/#breadcrumb\",\"itemListElement\":[{\"@type\":\"ListItem\",\"position\":1,\"name\":\"Startseite\",\"item\":\"https:\\\/\\\/trojan-lighting.co.uk\\\/de\\\/startseite\\\/\"},{\"@type\":\"ListItem\",\"position\":2,\"name\":\"CSR\"}]},{\"@type\":\"WebSite\",\"@id\":\"https:\\\/\\\/trojan-lighting.co.uk\\\/#website\",\"url\":\"https:\\\/\\\/trojan-lighting.co.uk\\\/\",\"name\":\"Trojan Intelligent Lighting L\u00f6sungen\",\"description\":\"An der Spitze der Beleuchtungsl\u00f6sungen\",\"publisher\":{\"@id\":\"https:\\\/\\\/trojan-lighting.co.uk\\\/#organization\"},\"potentialAction\":[{\"@type\":\"SearchAction\",\"target\":{\"@type\":\"EntryPoint\",\"urlTemplate\":\"https:\\\/\\\/trojan-lighting.co.uk\\\/?s={search_term_string}\"},\"query-input\":{\"@type\":\"PropertyValueSpecification\",\"valueRequired\":true,\"valueName\":\"search_term_string\"}}],\"inLanguage\":\"de\"},{\"@type\":\"Organization\",\"@id\":\"https:\\\/\\\/trojan-lighting.co.uk\\\/#organization\",\"name\":\"Trojanische Beleuchtung\",\"url\":\"https:\\\/\\\/trojan-lighting.co.uk\\\/\",\"logo\":{\"@type\":\"ImageObject\",\"inLanguage\":\"de\",\"@id\":\"https:\\\/\\\/trojan-lighting.co.uk\\\/#\\\/schema\\\/logo\\\/image\\\/\",\"url\":\"https:\\\/\\\/trojan-lighting.co.uk\\\/wp-content\\\/uploads\\\/2023\\\/03\\\/trojan_2-02-favicon-png.webp\",\"contentUrl\":\"https:\\\/\\\/trojan-lighting.co.uk\\\/wp-content\\\/uploads\\\/2023\\\/03\\\/trojan_2-02-favicon-png.webp\",\"width\":780,\"height\":780,\"caption\":\"Trojanische Beleuchtung\"},\"image\":{\"@id\":\"https:\\\/\\\/trojan-lighting.co.uk\\\/#\\\/schema\\\/logo\\\/image\\\/\"},\"sameAs\":[\"https:\\\/\\\/www.linkedin.com\\\/company\\\/trojan-lighting-solutions-limited\\\/\"]}]}<\/script>\n<!-- \/ Yoast SEO plugin. -->","yoast_head_json":{"title":"Das Engagement von Trojan Lighting f\u00fcr Gemeinschaft und Verantwortung","description":"Erfahren Sie, wie Trojan Lighting lokale Gemeinschaften und Jugendinitiativen durch praktische, kontinuierliche Bem\u00fchungen zur Unternehmensverantwortung unterst\u00fctzt.","robots":{"index":"index","follow":"follow","max-snippet":"max-snippet:-1","max-image-preview":"max-image-preview:large","max-video-preview":"max-video-preview:-1"},"canonical":"https:\/\/trojan-lighting.co.uk\/de\/csr\/","og_locale":"de_DE","og_type":"article","og_title":"Das Engagement von Trojan Lighting f\u00fcr Gemeinschaft und Verantwortung","og_description":"Erfahren Sie, wie Trojan Lighting lokale Gemeinschaften und Jugendinitiativen durch praktische, kontinuierliche Bem\u00fchungen zur Unternehmensverantwortung unterst\u00fctzt.","og_url":"https:\/\/trojan-lighting.co.uk\/de\/csr\/","og_site_name":"Trojan Intelligent Lighting L\u00f6sungen","article_modified_time":"2025-07-09T12:55:38+00:00","og_image":[{"width":1600,"height":1200,"url":"https:\/\/trojan-lighting.co.uk\/wp-content\/uploads\/2024\/12\/brent-cross-troughs-after.webp","type":"image\/jpeg"}],"twitter_card":"summary_large_image","schema":{"@context":"https:\/\/schema.org","@graph":[{"@type":"WebPage","@id":"https:\/\/trojan-lighting.co.uk\/de\/csr\/","url":"https:\/\/trojan-lighting.co.uk\/de\/csr\/","name":"Das Engagement von Trojan Lighting f\u00fcr Gemeinschaft und Verantwortung","isPartOf":{"@id":"https:\/\/trojan-lighting.co.uk\/#website"},"primaryImageOfPage":{"@id":"https:\/\/trojan-lighting.co.uk\/de\/csr\/#primaryimage"},"image":{"@id":"https:\/\/trojan-lighting.co.uk\/de\/csr\/#primaryimage"},"thumbnailUrl":"https:\/\/trojan-lighting.co.uk\/wp-content\/uploads\/2024\/12\/brent-cross-troughs-after.webp","datePublished":"2025-07-01T12:36:57+00:00","dateModified":"2025-07-09T12:55:38+00:00","description":"Erfahren Sie, wie Trojan Lighting lokale Gemeinschaften und Jugendinitiativen durch praktische, kontinuierliche Bem\u00fchungen zur Unternehmensverantwortung unterst\u00fctzt.","breadcrumb":{"@id":"https:\/\/trojan-lighting.co.uk\/de\/csr\/#breadcrumb"},"inLanguage":"de","potentialAction":[{"@type":"ReadAction","target":["https:\/\/trojan-lighting.co.uk\/de\/csr\/"]}]},{"@type":"ImageObject","inLanguage":"de","@id":"https:\/\/trojan-lighting.co.uk\/de\/csr\/#primaryimage","url":"https:\/\/trojan-lighting.co.uk\/wp-content\/uploads\/2024\/12\/brent-cross-troughs-after.webp","contentUrl":"https:\/\/trojan-lighting.co.uk\/wp-content\/uploads\/2024\/12\/brent-cross-troughs-after.webp","width":1600,"height":1200,"caption":"New Brent Cross lighting"},{"@type":"BreadcrumbList","@id":"https:\/\/trojan-lighting.co.uk\/de\/csr\/#breadcrumb","itemListElement":[{"@type":"ListItem","position":1,"name":"Startseite","item":"https:\/\/trojan-lighting.co.uk\/de\/startseite\/"},{"@type":"ListItem","position":2,"name":"CSR"}]},{"@type":"WebSite","@id":"https:\/\/trojan-lighting.co.uk\/#website","url":"https:\/\/trojan-lighting.co.uk\/","name":"Trojan Intelligent Lighting L\u00f6sungen","description":"An der Spitze der Beleuchtungsl\u00f6sungen","publisher":{"@id":"https:\/\/trojan-lighting.co.uk\/#organization"},"potentialAction":[{"@type":"SearchAction","target":{"@type":"EntryPoint","urlTemplate":"https:\/\/trojan-lighting.co.uk\/?s={search_term_string}"},"query-input":{"@type":"PropertyValueSpecification","valueRequired":true,"valueName":"search_term_string"}}],"inLanguage":"de"},{"@type":"Organization","@id":"https:\/\/trojan-lighting.co.uk\/#organization","name":"Trojanische Beleuchtung","url":"https:\/\/trojan-lighting.co.uk\/","logo":{"@type":"ImageObject","inLanguage":"de","@id":"https:\/\/trojan-lighting.co.uk\/#\/schema\/logo\/image\/","url":"https:\/\/trojan-lighting.co.uk\/wp-content\/uploads\/2023\/03\/trojan_2-02-favicon-png.webp","contentUrl":"https:\/\/trojan-lighting.co.uk\/wp-content\/uploads\/2023\/03\/trojan_2-02-favicon-png.webp","width":780,"height":780,"caption":"Trojanische Beleuchtung"},"image":{"@id":"https:\/\/trojan-lighting.co.uk\/#\/schema\/logo\/image\/"},"sameAs":["https:\/\/www.linkedin.com\/company\/trojan-lighting-solutions-limited\/"]}]}},"_links":{"self":[{"href":"https:\/\/trojan-lighting.co.uk\/de\/wp-json\/wp\/v2\/pages\/43613","targetHints":{"allow":["GET"]}}],"collection":[{"href":"https:\/\/trojan-lighting.co.uk\/de\/wp-json\/wp\/v2\/pages"}],"about":[{"href":"https:\/\/trojan-lighting.co.uk\/de\/wp-json\/wp\/v2\/types\/page"}],"author":[{"embeddable":true,"href":"https:\/\/trojan-lighting.co.uk\/de\/wp-json\/wp\/v2\/users\/5647"}],"replies":[{"embeddable":true,"href":"https:\/\/trojan-lighting.co.uk\/de\/wp-json\/wp\/v2\/comments?post=43613"}],"version-history":[{"count":1,"href":"https:\/\/trojan-lighting.co.uk\/de\/wp-json\/wp\/v2\/pages\/43613\/revisions"}],"predecessor-version":[{"id":43614,"href":"https:\/\/trojan-lighting.co.uk\/de\/wp-json\/wp\/v2\/pages\/43613\/revisions\/43614"}],"wp:featuredmedia":[{"embeddable":true,"href":"https:\/\/trojan-lighting.co.uk\/de\/wp-json\/wp\/v2\/media\/26553"}],"wp:attachment":[{"href":"https:\/\/trojan-lighting.co.uk\/de\/wp-json\/wp\/v2\/media?parent=43613"}],"wp:term":[{"taxonomy":"category","embeddable":true,"href":"https:\/\/trojan-lighting.co.uk\/de\/wp-json\/wp\/v2\/categories?post=43613"},{"taxonomy":"post_tag","embeddable":true,"href":"https:\/\/trojan-lighting.co.uk\/de\/wp-json\/wp\/v2\/tags?post=43613"}],"curies":[{"name":"wp","href":"https:\/\/api.w.org\/{rel}","templated":true}]}}