{"id":15641,"date":"2024-06-09T14:21:04","date_gmt":"2024-06-09T14:21:04","guid":{"rendered":"https:\/\/trojan-lighting.co.uk\/politiques\/"},"modified":"2024-11-20T10:19:51","modified_gmt":"2024-11-20T10:19:51","slug":"politiques","status":"publish","type":"page","link":"https:\/\/trojan-lighting.co.uk\/fr\/politiques\/","title":{"rendered":"Politiques"},"content":{"rendered":"\t\t<div data-elementor-type=\"wp-page\" data-elementor-id=\"15641\" class=\"elementor elementor-15641 elementor-4134\" data-elementor-post-type=\"page\">\n\t\t\t\t<div class=\"elementor-element elementor-element-bac2e0e e-con-full e-flex e-con e-parent\" data-id=\"bac2e0e\" data-element_type=\"container\" data-e-type=\"container\">\n\t\t\t\t<div class=\"elementor-element elementor-element-f2f2e1a elementor-widget elementor-widget-heading\" data-id=\"f2f2e1a\" data-element_type=\"widget\" data-e-type=\"widget\" data-widget_type=\"heading.default\">\n\t\t\t\t<div class=\"elementor-widget-container\">\n\t\t\t\t\t<h1 class=\"elementor-heading-title elementor-size-default\">Politiques<\/h1>\t\t\t\t<\/div>\n\t\t\t\t<\/div>\n\t\t\t\t<\/div>\n\t\t<div class=\"elementor-element elementor-element-f8qJ09G e-flex e-con-boxed e-con e-parent\" data-id=\"f8qJ09G\" data-element_type=\"container\" data-e-type=\"container\">\n\t\t\t\t\t<div class=\"e-con-inner\">\n\t\t<div class=\"elementor-element elementor-element-zi4I9NK e-con-full animated-slow e-flex e-con e-child\" data-id=\"zi4I9NK\" data-element_type=\"container\" data-e-type=\"container\" data-settings=\"{&quot;animation&quot;:&quot;none&quot;,&quot;animation_delay&quot;:500}\">\n\t\t\t\t<div class=\"elementor-element elementor-element-a06d24a elementor-widget elementor-widget-text-editor\" data-id=\"a06d24a\" data-element_type=\"widget\" data-e-type=\"widget\" data-widget_type=\"text-editor.default\">\n\t\t\t\t<div class=\"elementor-widget-container\">\n\t\t\t\t\t\t\t\t\t<ul>\n<li><a href=\"https:\/\/trojan-lighting.co.uk\/wp-content\/uploads\/2024\/06\/POL05-Trojan-Anti-Bribery-Corruption-Policy.pdf\">Politique de lutte contre la corruption<\/a><\/li>\n<li><a href=\"https:\/\/trojan-lighting.co.uk\/wp-content\/uploads\/2024\/06\/POL03-Trojan-Environmental-Policy.pdf\">Politique environnementale<\/a><\/li>\n<li><a href=\"https:\/\/trojan-lighting.co.uk\/wp-content\/uploads\/2024\/06\/POL04-Trojan-Equality-Diversity-Policy.pdf\">Politique d&rsquo;\u00e9galit\u00e9 et de diversit\u00e9<\/a><\/li>\n<li><a href=\"https:\/\/trojan-lighting.co.uk\/wp-content\/uploads\/2024\/06\/POL01-Trojan-Quality-Policy-.pdf\">Politique de sant\u00e9 et de s\u00e9curit\u00e9<\/a><\/li>\n<li><a href=\"https:\/\/trojan-lighting.co.uk\/wp-content\/uploads\/2024\/06\/POL06-Trojan-Modern-Slavery-Policy.pdf\">Politique en mati\u00e8re d&rsquo;esclavage moderne<\/a><\/li>\n<li><a href=\"https:\/\/trojan-lighting.co.uk\/wp-content\/uploads\/2024\/08\/TROJAN-LIGHTING-SOLUTIONS-LTD-2022-TERMS-and-CONDITIONS-of-SALE.pdf\">Conditions g\u00e9n\u00e9rales de vente<\/a><\/li>\n<li><a href=\"https:\/\/trojan-lighting.co.uk\/wp-content\/uploads\/2024\/06\/POL01-Trojan-Quality-Policy-.pdf\">Politique de qualit\u00e9<\/a><\/li>\n<\/ul>\n\t\t\t\t\t\t\t\t<\/div>\n\t\t\t\t<\/div>\n\t\t\t\t<\/div>\n\t\t\t\t\t<\/div>\n\t\t\t\t<\/div>\n\t\t\t\t<\/div>\n\t\t","protected":false},"excerpt":{"rendered":"<p>Politiques Politique de lutte contre la corruption Politique environnementale Politique d&rsquo;\u00e9galit\u00e9 et de diversit\u00e9 Politique de sant\u00e9 et de s\u00e9curit\u00e9 Politique en mati\u00e8re d&rsquo;esclavage moderne Conditions g\u00e9n\u00e9rales de vente Politique de qualit\u00e9<\/p>\n","protected":false},"author":5647,"featured_media":0,"parent":0,"menu_order":0,"comment_status":"closed","ping_status":"closed","template":"","meta":{"_acf_changed":false,"footnotes":""},"categories":[],"tags":[],"class_list":["post-15641","page","type-page","status-publish","hentry"],"acf":[],"yoast_head":"<!-- This site is optimized with the Yoast SEO plugin v27.3 - https:\/\/yoast.com\/product\/yoast-seo-wordpress\/ -->\n<title>Politiques - Solutions d\u2019\u00e9clairage intelligentes Trojan<\/title>\n<meta name=\"robots\" content=\"index, follow, max-snippet:-1, max-image-preview:large, max-video-preview:-1\" \/>\n<link rel=\"canonical\" href=\"https:\/\/trojan-lighting.co.uk\/fr\/politiques\/\" \/>\n<meta property=\"og:locale\" content=\"fr_FR\" \/>\n<meta property=\"og:type\" content=\"article\" \/>\n<meta property=\"og:title\" content=\"Politiques - Solutions d\u2019\u00e9clairage intelligentes Trojan\" \/>\n<meta property=\"og:description\" content=\"Politiques Politique de lutte contre la corruption Politique environnementale Politique d&rsquo;\u00e9galit\u00e9 et de diversit\u00e9 Politique de sant\u00e9 et de s\u00e9curit\u00e9 Politique en mati\u00e8re d&rsquo;esclavage moderne Conditions g\u00e9n\u00e9rales de vente Politique de qualit\u00e9\" \/>\n<meta property=\"og:url\" content=\"https:\/\/trojan-lighting.co.uk\/fr\/politiques\/\" \/>\n<meta property=\"og:site_name\" content=\"Solutions d\u2019\u00e9clairage intelligentes Trojan\" \/>\n<meta property=\"article:modified_time\" content=\"2024-11-20T10:19:51+00:00\" \/>\n<meta property=\"og:image\" content=\"https:\/\/trojan-lighting.co.uk\/wp-content\/uploads\/2023\/03\/background-2406119.webp\" \/>\n\t<meta property=\"og:image:width\" content=\"2048\" \/>\n\t<meta property=\"og:image:height\" content=\"1230\" \/>\n\t<meta property=\"og:image:type\" content=\"image\/jpeg\" \/>\n<meta name=\"twitter:card\" content=\"summary_large_image\" \/>\n<script type=\"application\/ld+json\" class=\"yoast-schema-graph\">{\"@context\":\"https:\\\/\\\/schema.org\",\"@graph\":[{\"@type\":\"WebPage\",\"@id\":\"https:\\\/\\\/trojan-lighting.co.uk\\\/fr\\\/politiques\\\/\",\"url\":\"https:\\\/\\\/trojan-lighting.co.uk\\\/fr\\\/politiques\\\/\",\"name\":\"Politiques - Solutions d\u2019\u00e9clairage intelligentes Trojan\",\"isPartOf\":{\"@id\":\"https:\\\/\\\/trojan-lighting.co.uk\\\/#website\"},\"datePublished\":\"2024-06-09T14:21:04+00:00\",\"dateModified\":\"2024-11-20T10:19:51+00:00\",\"breadcrumb\":{\"@id\":\"https:\\\/\\\/trojan-lighting.co.uk\\\/fr\\\/politiques\\\/#breadcrumb\"},\"inLanguage\":\"fr-FR\",\"potentialAction\":[{\"@type\":\"ReadAction\",\"target\":[\"https:\\\/\\\/trojan-lighting.co.uk\\\/fr\\\/politiques\\\/\"]}]},{\"@type\":\"BreadcrumbList\",\"@id\":\"https:\\\/\\\/trojan-lighting.co.uk\\\/fr\\\/politiques\\\/#breadcrumb\",\"itemListElement\":[{\"@type\":\"ListItem\",\"position\":1,\"name\":\"Accueil\",\"item\":\"https:\\\/\\\/trojan-lighting.co.uk\\\/fr\\\/accueil\\\/\"},{\"@type\":\"ListItem\",\"position\":2,\"name\":\"Politiques\"}]},{\"@type\":\"WebSite\",\"@id\":\"https:\\\/\\\/trojan-lighting.co.uk\\\/#website\",\"url\":\"https:\\\/\\\/trojan-lighting.co.uk\\\/\",\"name\":\"Solutions d\u2019\u00e9clairage intelligentes Trojan\",\"description\":\"\u00c0 la pointe des solutions d'\u00e9clairage\",\"publisher\":{\"@id\":\"https:\\\/\\\/trojan-lighting.co.uk\\\/#organization\"},\"potentialAction\":[{\"@type\":\"SearchAction\",\"target\":{\"@type\":\"EntryPoint\",\"urlTemplate\":\"https:\\\/\\\/trojan-lighting.co.uk\\\/?s={search_term_string}\"},\"query-input\":{\"@type\":\"PropertyValueSpecification\",\"valueRequired\":true,\"valueName\":\"search_term_string\"}}],\"inLanguage\":\"fr-FR\"},{\"@type\":\"Organization\",\"@id\":\"https:\\\/\\\/trojan-lighting.co.uk\\\/#organization\",\"name\":\"\u00c9clairage troyen\",\"url\":\"https:\\\/\\\/trojan-lighting.co.uk\\\/\",\"logo\":{\"@type\":\"ImageObject\",\"inLanguage\":\"fr-FR\",\"@id\":\"https:\\\/\\\/trojan-lighting.co.uk\\\/#\\\/schema\\\/logo\\\/image\\\/\",\"url\":\"https:\\\/\\\/trojan-lighting.co.uk\\\/wp-content\\\/uploads\\\/2023\\\/03\\\/trojan_2-02-favicon-png.webp\",\"contentUrl\":\"https:\\\/\\\/trojan-lighting.co.uk\\\/wp-content\\\/uploads\\\/2023\\\/03\\\/trojan_2-02-favicon-png.webp\",\"width\":780,\"height\":780,\"caption\":\"\u00c9clairage troyen\"},\"image\":{\"@id\":\"https:\\\/\\\/trojan-lighting.co.uk\\\/#\\\/schema\\\/logo\\\/image\\\/\"},\"sameAs\":[\"https:\\\/\\\/www.linkedin.com\\\/company\\\/trojan-lighting-solutions-limited\\\/\"]}]}<\/script>\n<!-- \/ Yoast SEO plugin. -->","yoast_head_json":{"title":"Politiques - Solutions d\u2019\u00e9clairage intelligentes Trojan","robots":{"index":"index","follow":"follow","max-snippet":"max-snippet:-1","max-image-preview":"max-image-preview:large","max-video-preview":"max-video-preview:-1"},"canonical":"https:\/\/trojan-lighting.co.uk\/fr\/politiques\/","og_locale":"fr_FR","og_type":"article","og_title":"Politiques - Solutions d\u2019\u00e9clairage intelligentes Trojan","og_description":"Politiques Politique de lutte contre la corruption Politique environnementale Politique d&rsquo;\u00e9galit\u00e9 et de diversit\u00e9 Politique de sant\u00e9 et de s\u00e9curit\u00e9 Politique en mati\u00e8re d&rsquo;esclavage moderne Conditions g\u00e9n\u00e9rales de vente Politique de qualit\u00e9","og_url":"https:\/\/trojan-lighting.co.uk\/fr\/politiques\/","og_site_name":"Solutions d\u2019\u00e9clairage intelligentes Trojan","article_modified_time":"2024-11-20T10:19:51+00:00","og_image":[{"width":2048,"height":1230,"url":"https:\/\/trojan-lighting.co.uk\/wp-content\/uploads\/2023\/03\/background-2406119.webp","type":"image\/jpeg"}],"twitter_card":"summary_large_image","schema":{"@context":"https:\/\/schema.org","@graph":[{"@type":"WebPage","@id":"https:\/\/trojan-lighting.co.uk\/fr\/politiques\/","url":"https:\/\/trojan-lighting.co.uk\/fr\/politiques\/","name":"Politiques - Solutions d\u2019\u00e9clairage intelligentes Trojan","isPartOf":{"@id":"https:\/\/trojan-lighting.co.uk\/#website"},"datePublished":"2024-06-09T14:21:04+00:00","dateModified":"2024-11-20T10:19:51+00:00","breadcrumb":{"@id":"https:\/\/trojan-lighting.co.uk\/fr\/politiques\/#breadcrumb"},"inLanguage":"fr-FR","potentialAction":[{"@type":"ReadAction","target":["https:\/\/trojan-lighting.co.uk\/fr\/politiques\/"]}]},{"@type":"BreadcrumbList","@id":"https:\/\/trojan-lighting.co.uk\/fr\/politiques\/#breadcrumb","itemListElement":[{"@type":"ListItem","position":1,"name":"Accueil","item":"https:\/\/trojan-lighting.co.uk\/fr\/accueil\/"},{"@type":"ListItem","position":2,"name":"Politiques"}]},{"@type":"WebSite","@id":"https:\/\/trojan-lighting.co.uk\/#website","url":"https:\/\/trojan-lighting.co.uk\/","name":"Solutions d\u2019\u00e9clairage intelligentes Trojan","description":"\u00c0 la pointe des solutions d'\u00e9clairage","publisher":{"@id":"https:\/\/trojan-lighting.co.uk\/#organization"},"potentialAction":[{"@type":"SearchAction","target":{"@type":"EntryPoint","urlTemplate":"https:\/\/trojan-lighting.co.uk\/?s={search_term_string}"},"query-input":{"@type":"PropertyValueSpecification","valueRequired":true,"valueName":"search_term_string"}}],"inLanguage":"fr-FR"},{"@type":"Organization","@id":"https:\/\/trojan-lighting.co.uk\/#organization","name":"\u00c9clairage troyen","url":"https:\/\/trojan-lighting.co.uk\/","logo":{"@type":"ImageObject","inLanguage":"fr-FR","@id":"https:\/\/trojan-lighting.co.uk\/#\/schema\/logo\/image\/","url":"https:\/\/trojan-lighting.co.uk\/wp-content\/uploads\/2023\/03\/trojan_2-02-favicon-png.webp","contentUrl":"https:\/\/trojan-lighting.co.uk\/wp-content\/uploads\/2023\/03\/trojan_2-02-favicon-png.webp","width":780,"height":780,"caption":"\u00c9clairage troyen"},"image":{"@id":"https:\/\/trojan-lighting.co.uk\/#\/schema\/logo\/image\/"},"sameAs":["https:\/\/www.linkedin.com\/company\/trojan-lighting-solutions-limited\/"]}]}},"_links":{"self":[{"href":"https:\/\/trojan-lighting.co.uk\/fr\/wp-json\/wp\/v2\/pages\/15641","targetHints":{"allow":["GET"]}}],"collection":[{"href":"https:\/\/trojan-lighting.co.uk\/fr\/wp-json\/wp\/v2\/pages"}],"about":[{"href":"https:\/\/trojan-lighting.co.uk\/fr\/wp-json\/wp\/v2\/types\/page"}],"author":[{"embeddable":true,"href":"https:\/\/trojan-lighting.co.uk\/fr\/wp-json\/wp\/v2\/users\/5647"}],"replies":[{"embeddable":true,"href":"https:\/\/trojan-lighting.co.uk\/fr\/wp-json\/wp\/v2\/comments?post=15641"}],"version-history":[{"count":0,"href":"https:\/\/trojan-lighting.co.uk\/fr\/wp-json\/wp\/v2\/pages\/15641\/revisions"}],"wp:attachment":[{"href":"https:\/\/trojan-lighting.co.uk\/fr\/wp-json\/wp\/v2\/media?parent=15641"}],"wp:term":[{"taxonomy":"category","embeddable":true,"href":"https:\/\/trojan-lighting.co.uk\/fr\/wp-json\/wp\/v2\/categories?post=15641"},{"taxonomy":"post_tag","embeddable":true,"href":"https:\/\/trojan-lighting.co.uk\/fr\/wp-json\/wp\/v2\/tags?post=15641"}],"curies":[{"name":"wp","href":"https:\/\/api.w.org\/{rel}","templated":true}]}}