{"id":15647,"date":"2024-08-10T14:24:34","date_gmt":"2024-08-10T14:24:34","guid":{"rendered":"https:\/\/trojan-lighting.co.uk\/produits\/"},"modified":"2025-01-03T11:28:23","modified_gmt":"2025-01-03T11:28:23","slug":"produits","status":"publish","type":"page","link":"https:\/\/trojan-lighting.co.uk\/fr\/produits\/","title":{"rendered":"Produits"},"content":{"rendered":"\t\t<div data-elementor-type=\"wp-post\" data-elementor-id=\"15647\" class=\"elementor elementor-15647 elementor-5237\" data-elementor-post-type=\"page\">\n\t\t\t\t<div class=\"elementor-element elementor-element-d23d523 e-flex e-con-boxed e-con e-parent\" data-id=\"d23d523\" data-element_type=\"container\" data-e-type=\"container\" data-settings=\"{&quot;background_background&quot;:&quot;classic&quot;}\">\n\t\t\t\t\t<div class=\"e-con-inner\">\n\t\t\t\t<div class=\"elementor-element elementor-element-67cae32 elementor-widget elementor-widget-heading\" data-id=\"67cae32\" data-element_type=\"widget\" data-e-type=\"widget\" data-widget_type=\"heading.default\">\n\t\t\t\t<div class=\"elementor-widget-container\">\n\t\t\t\t\t<h1 class=\"elementor-heading-title elementor-size-default\">Produits d'\u00e9clairage<\/h1>\t\t\t\t<\/div>\n\t\t\t\t<\/div>\n\t\t<div class=\"elementor-element elementor-element-1070981 e-con-full e-flex e-con e-child\" data-id=\"1070981\" data-element_type=\"container\" data-e-type=\"container\">\n\t\t<div class=\"elementor-element elementor-element-655a43c e-con-full e-flex e-con e-child\" data-id=\"655a43c\" data-element_type=\"container\" data-e-type=\"container\" data-settings=\"{&quot;background_background&quot;:&quot;classic&quot;}\">\n\t\t\t\t<div class=\"elementor-element elementor-element-fb40009 elementor-widget elementor-widget-image\" data-id=\"fb40009\" data-element_type=\"widget\" data-e-type=\"widget\" data-widget_type=\"image.default\">\n\t\t\t\t<div class=\"elementor-widget-container\">\n\t\t\t\t\t\t\t\t\t\t\t\t\t\t\t\t<a href=\"https:\/\/trojan-lighting.co.uk\/fr\/produits\/eclairage-architectural\/\">\n\t\t\t\t\t\t\t<img fetchpriority=\"high\" decoding=\"async\" width=\"800\" height=\"491\" src=\"https:\/\/trojan-lighting.co.uk\/wp-content\/uploads\/2024\/12\/poplar-1200-1-1024x628.webp\" class=\"attachment-large size-large wp-image-28835\" alt=\"architectural range\" srcset=\"https:\/\/trojan-lighting.co.uk\/wp-content\/uploads\/2024\/12\/poplar-1200-1-1024x628.webp 1024w, https:\/\/trojan-lighting.co.uk\/wp-content\/uploads\/2024\/12\/poplar-1200-1-png-600x368.webp 600w, https:\/\/trojan-lighting.co.uk\/wp-content\/uploads\/2024\/12\/poplar-1200-1-300x184.webp 300w, https:\/\/trojan-lighting.co.uk\/wp-content\/uploads\/2024\/12\/poplar-1200-1-768x471.webp 768w, https:\/\/trojan-lighting.co.uk\/wp-content\/uploads\/2024\/12\/poplar-1200-1-png.webp 1200w\" sizes=\"(max-width: 800px) 100vw, 800px\" \/>\t\t\t\t\t\t\t\t<\/a>\n\t\t\t\t\t\t\t\t\t\t\t\t\t\t\t<\/div>\n\t\t\t\t<\/div>\n\t\t\t\t<div class=\"elementor-element elementor-element-126b4b1 elementor-widget elementor-widget-text-editor\" data-id=\"126b4b1\" data-element_type=\"widget\" data-e-type=\"widget\" data-widget_type=\"text-editor.default\">\n\t\t\t\t<div class=\"elementor-widget-container\">\n\t\t\t\t\t\t\t\t\t<p style=\"text-align: center;\">\u00c9clairage architectural<\/p>\n\t\t\t\t\t\t\t\t<\/div>\n\t\t\t\t<\/div>\n\t\t\t\t<div class=\"elementor-element elementor-element-db69366 elementor-widget elementor-widget-text-editor\" data-id=\"db69366\" data-element_type=\"widget\" data-e-type=\"widget\" data-widget_type=\"text-editor.default\">\n\t\t\t\t<div class=\"elementor-widget-container\">\n\t\t\t\t\t\t\t\t\t<p style=\"text-align: center;\"><a href=\"https:\/\/trojan-lighting.co.uk\/fr\/produits\/eclairage-architectural\/\">Voir la gamme<\/a><\/p>\n\t\t\t\t\t\t\t\t<\/div>\n\t\t\t\t<\/div>\n\t\t\t\t<\/div>\n\t\t<div class=\"elementor-element elementor-element-4c47ea8 e-con-full e-flex e-con e-child\" data-id=\"4c47ea8\" data-element_type=\"container\" data-e-type=\"container\" data-settings=\"{&quot;background_background&quot;:&quot;classic&quot;}\">\n\t\t\t\t<div class=\"elementor-element elementor-element-56ae3c4 elementor-widget elementor-widget-image\" data-id=\"56ae3c4\" data-element_type=\"widget\" data-e-type=\"widget\" data-widget_type=\"image.default\">\n\t\t\t\t<div class=\"elementor-widget-container\">\n\t\t\t\t\t\t\t\t\t\t\t\t\t\t\t\t<a href=\"https:\/\/trojan-lighting.co.uk\/fr\/produits\/eclairage-commercial\/\">\n\t\t\t\t\t\t\t<img decoding=\"async\" width=\"800\" height=\"491\" src=\"https:\/\/trojan-lighting.co.uk\/wp-content\/uploads\/2024\/12\/range-1200-1024x628.webp\" class=\"attachment-large size-large wp-image-28831\" alt=\"range-1200\" srcset=\"https:\/\/trojan-lighting.co.uk\/wp-content\/uploads\/2024\/12\/range-1200-1024x628.webp 1024w, https:\/\/trojan-lighting.co.uk\/wp-content\/uploads\/2024\/12\/range-1200-png-600x368.webp 600w, https:\/\/trojan-lighting.co.uk\/wp-content\/uploads\/2024\/12\/range-1200-300x184.webp 300w, https:\/\/trojan-lighting.co.uk\/wp-content\/uploads\/2024\/12\/range-1200-768x471.webp 768w, https:\/\/trojan-lighting.co.uk\/wp-content\/uploads\/2024\/12\/range-1200-png.webp 1200w\" sizes=\"(max-width: 800px) 100vw, 800px\" \/>\t\t\t\t\t\t\t\t<\/a>\n\t\t\t\t\t\t\t\t\t\t\t\t\t\t\t<\/div>\n\t\t\t\t<\/div>\n\t\t\t\t<div class=\"elementor-element elementor-element-ac6c336 elementor-widget elementor-widget-text-editor\" data-id=\"ac6c336\" data-element_type=\"widget\" data-e-type=\"widget\" data-widget_type=\"text-editor.default\">\n\t\t\t\t<div class=\"elementor-widget-container\">\n\t\t\t\t\t\t\t\t\t<p style=\"text-align: center;\">\u00c9clairage commercial<\/p>\n\t\t\t\t\t\t\t\t<\/div>\n\t\t\t\t<\/div>\n\t\t\t\t<div class=\"elementor-element elementor-element-de080e4 elementor-widget elementor-widget-text-editor\" data-id=\"de080e4\" data-element_type=\"widget\" data-e-type=\"widget\" data-widget_type=\"text-editor.default\">\n\t\t\t\t<div class=\"elementor-widget-container\">\n\t\t\t\t\t\t\t\t\t<p style=\"text-align: center;\"><a href=\"https:\/\/trojan-lighting.co.uk\/fr\/produits\/eclairage-commercial\/\">Voir la gamme<\/a><\/p>\n\t\t\t\t\t\t\t\t<\/div>\n\t\t\t\t<\/div>\n\t\t\t\t<\/div>\n\t\t\t\t<\/div>\n\t\t\t\t\t<\/div>\n\t\t\t\t<\/div>\n\t\t<div class=\"elementor-element elementor-element-94d92c6 e-flex e-con-boxed e-con e-parent\" data-id=\"94d92c6\" data-element_type=\"container\" data-e-type=\"container\" data-settings=\"{&quot;background_background&quot;:&quot;classic&quot;}\">\n\t\t\t\t\t<div class=\"e-con-inner\">\n\t\t\t\t<div class=\"elementor-element elementor-element-1372f57 elementor-widget elementor-widget-text-editor\" data-id=\"1372f57\" data-element_type=\"widget\" data-e-type=\"widget\" data-widget_type=\"text-editor.default\">\n\t\t\t\t<div class=\"elementor-widget-container\">\n\t\t\t\t\t\t\t\t\t<p data-pm-slice=\"1 1 []\">Trojan Lighting propose une gamme polyvalente de solutions d\u2019\u00e9clairage innovantes alliant efficacit\u00e9, durabilit\u00e9 et durabilit\u00e9. Qu\u2019il s\u2019agisse de syst\u00e8mes LED \u00e0 \u00e9conomie d\u2019\u00e9nergie ou de commandes intelligentes compatibles avec l\u2019IoT, nos solutions conviennent aux applications architecturales, commerciales et industrielles. Con\u00e7us pour r\u00e9duire les co\u00fbts et la maintenance, ils s\u2019int\u00e8grent \u00e0 l\u2019infrastructure existante et soutiennent les objectifs Net Zero.  <\/p>\n<p>Avec une excellente qualit\u00e9 de lumi\u00e8re, un contr\u00f4le de l\u2019\u00e9blouissement et des conceptions adaptables, notre \u00e9clairage am\u00e9liore le confort, la productivit\u00e9 et la flexibilit\u00e9, ce qui le rend id\u00e9al pour les nouveaux projets et les r\u00e9novations.<\/p>\n<p>Toutes nos gammes de produits ont des variantes standard, \u00e0 gradation et de secours, la plupart des produits ayant \u00e9galement une option pour les fonctionnalit\u00e9s Mymesh, Casambi ou Active Ahead Wireless.<\/p>\n\t\t\t\t\t\t\t\t<\/div>\n\t\t\t\t<\/div>\n\t\t\t\t\t<\/div>\n\t\t\t\t<\/div>\n\t\t<div class=\"elementor-element elementor-element-900e271 e-flex e-con-boxed e-con e-parent\" data-id=\"900e271\" data-element_type=\"container\" data-e-type=\"container\">\n\t\t\t\t\t<div class=\"e-con-inner\">\n\t\t\t\t<div class=\"elementor-element elementor-element-de8c0e5 elementor-widget elementor-widget-image\" data-id=\"de8c0e5\" data-element_type=\"widget\" data-e-type=\"widget\" data-widget_type=\"image.default\">\n\t\t\t\t<div class=\"elementor-widget-container\">\n\t\t\t\t\t\t\t\t\t\t\t\t\t\t\t<img decoding=\"async\" width=\"800\" height=\"141\" src=\"https:\/\/trojan-lighting.co.uk\/wp-content\/uploads\/2023\/03\/Powered-by-Tridonic-1024x180.png\" class=\"attachment-large size-large wp-image-11575\" alt=\"\" srcset=\"https:\/\/trojan-lighting.co.uk\/wp-content\/uploads\/2023\/03\/Powered-by-Tridonic-1024x180.png 1024w, https:\/\/trojan-lighting.co.uk\/wp-content\/uploads\/2023\/03\/Powered-by-Tridonic-600x105.webp 600w, https:\/\/trojan-lighting.co.uk\/wp-content\/uploads\/2023\/03\/Powered-by-Tridonic-300x53.png 300w, https:\/\/trojan-lighting.co.uk\/wp-content\/uploads\/2023\/03\/Powered-by-Tridonic-768x135.png 768w, https:\/\/trojan-lighting.co.uk\/wp-content\/uploads\/2023\/03\/Powered-by-Tridonic-1536x270.png 1536w, https:\/\/trojan-lighting.co.uk\/wp-content\/uploads\/2023\/03\/Powered-by-Tridonic-png.webp 1684w\" sizes=\"(max-width: 800px) 100vw, 800px\" \/>\t\t\t\t\t\t\t\t\t\t\t\t\t\t\t<\/div>\n\t\t\t\t<\/div>\n\t\t\t\t<div class=\"elementor-element elementor-element-68ed14e elementor-widget elementor-widget-image\" data-id=\"68ed14e\" data-element_type=\"widget\" data-e-type=\"widget\" data-widget_type=\"image.default\">\n\t\t\t\t<div class=\"elementor-widget-container\">\n\t\t\t\t\t\t\t\t\t\t\t\t\t\t\t<img loading=\"lazy\" decoding=\"async\" width=\"600\" height=\"202\" src=\"https:\/\/trojan-lighting.co.uk\/wp-content\/uploads\/2023\/03\/Casambi-Logo-black-600x202-1-png.webp\" class=\"attachment-large size-large wp-image-11593\" alt=\"\" srcset=\"https:\/\/trojan-lighting.co.uk\/wp-content\/uploads\/2023\/03\/Casambi-Logo-black-600x202-1-png.webp 600w, https:\/\/trojan-lighting.co.uk\/wp-content\/uploads\/2023\/03\/Casambi-Logo-black-600x202-1-300x101.png 300w\" sizes=\"(max-width: 600px) 100vw, 600px\" \/>\t\t\t\t\t\t\t\t\t\t\t\t\t\t\t<\/div>\n\t\t\t\t<\/div>\n\t\t\t\t<div class=\"elementor-element elementor-element-c04e66d elementor-widget elementor-widget-image\" data-id=\"c04e66d\" data-element_type=\"widget\" data-e-type=\"widget\" data-widget_type=\"image.default\">\n\t\t\t\t<div class=\"elementor-widget-container\">\n\t\t\t\t\t\t\t\t\t\t\t\t\t\t\t<img loading=\"lazy\" decoding=\"async\" width=\"800\" height=\"450\" src=\"https:\/\/trojan-lighting.co.uk\/wp-content\/uploads\/2023\/03\/Mymesh-logo-connected-LED-1024x576.png\" class=\"attachment-large size-large wp-image-11449\" alt=\"\" srcset=\"https:\/\/trojan-lighting.co.uk\/wp-content\/uploads\/2023\/03\/Mymesh-logo-connected-LED-1024x576.png 1024w, https:\/\/trojan-lighting.co.uk\/wp-content\/uploads\/2023\/03\/Mymesh-logo-connected-LED-600x338.webp 600w, https:\/\/trojan-lighting.co.uk\/wp-content\/uploads\/2023\/03\/Mymesh-logo-connected-LED-300x169.png 300w, https:\/\/trojan-lighting.co.uk\/wp-content\/uploads\/2023\/03\/Mymesh-logo-connected-LED-768x432.png 768w, https:\/\/trojan-lighting.co.uk\/wp-content\/uploads\/2023\/03\/Mymesh-logo-connected-LED-1536x864.png 1536w, https:\/\/trojan-lighting.co.uk\/wp-content\/uploads\/2023\/03\/Mymesh-logo-connected-LED-2048x1152.png 2048w\" sizes=\"(max-width: 800px) 100vw, 800px\" \/>\t\t\t\t\t\t\t\t\t\t\t\t\t\t\t<\/div>\n\t\t\t\t<\/div>\n\t\t\t\t<div class=\"elementor-element elementor-element-f372b5b elementor-widget elementor-widget-image\" data-id=\"f372b5b\" data-element_type=\"widget\" data-e-type=\"widget\" data-widget_type=\"image.default\">\n\t\t\t\t<div class=\"elementor-widget-container\">\n\t\t\t\t\t\t\t\t\t\t\t\t\t\t\t<img loading=\"lazy\" decoding=\"async\" width=\"500\" height=\"229\" src=\"https:\/\/trojan-lighting.co.uk\/wp-content\/uploads\/2023\/03\/Helvar-Logo.webp\" class=\"attachment-large size-large wp-image-11590\" alt=\"\" srcset=\"https:\/\/trojan-lighting.co.uk\/wp-content\/uploads\/2023\/03\/Helvar-Logo.webp 500w, https:\/\/trojan-lighting.co.uk\/wp-content\/uploads\/2023\/03\/Helvar-Logo-300x137.jpg 300w\" sizes=\"(max-width: 500px) 100vw, 500px\" \/>\t\t\t\t\t\t\t\t\t\t\t\t\t\t\t<\/div>\n\t\t\t\t<\/div>\n\t\t\t\t\t<\/div>\n\t\t\t\t<\/div>\n\t\t<div class=\"elementor-element elementor-element-2942b30 e-flex e-con-boxed e-con e-parent\" data-id=\"2942b30\" data-element_type=\"container\" data-e-type=\"container\" data-settings=\"{&quot;background_background&quot;:&quot;classic&quot;}\">\n\t\t\t\t\t<div class=\"e-con-inner\">\n\t\t<div class=\"elementor-element elementor-element-de8468d e-con-full e-flex e-con e-child\" data-id=\"de8468d\" data-element_type=\"container\" data-e-type=\"container\">\n\t\t\t\t<div class=\"elementor-element elementor-element-f8e4832 elementor-widget elementor-widget-text-editor\" data-id=\"f8e4832\" data-element_type=\"widget\" data-e-type=\"widget\" data-widget_type=\"text-editor.default\">\n\t\t\t\t<div class=\"elementor-widget-container\">\n\t\t\t\t\t\t\t\t\t<p>Trojan Lighting fournit et fabrique des \u00e9clairages LED, des commandes de b\u00e2timents intelligents, des r\u00e9seaux d\u2019\u00e9clairage et fournit des services de r\u00e9novation <\/p>\n\t\t\t\t\t\t\t\t<\/div>\n\t\t\t\t<\/div>\n\t\t\t\t<\/div>\n\t\t<div class=\"elementor-element elementor-element-b4016dc e-con-full e-flex e-con e-child\" data-id=\"b4016dc\" data-element_type=\"container\" data-e-type=\"container\">\n\t\t\t\t<div class=\"elementor-element elementor-element-85de9db elementor-widget__width-initial elementor-widget elementor-widget-text-editor\" data-id=\"85de9db\" data-element_type=\"widget\" data-e-type=\"widget\" data-widget_type=\"text-editor.default\">\n\t\t\t\t<div class=\"elementor-widget-container\">\n\t\t\t\t\t\t\t\t\t<p style=\"text-align: center;\">Laissez Trojan Lighting illuminer votre prochain projet<\/p>\n\t\t\t\t\t\t\t\t<\/div>\n\t\t\t\t<\/div>\n\t\t\t\t<div class=\"elementor-element elementor-element-eb58a0b elementor-align-center elementor-widget elementor-widget-button\" data-id=\"eb58a0b\" data-element_type=\"widget\" data-e-type=\"widget\" data-widget_type=\"button.default\">\n\t\t\t\t<div class=\"elementor-widget-container\">\n\t\t\t\t\t\t\t\t\t<div class=\"elementor-button-wrapper\">\n\t\t\t\t\t<a class=\"elementor-button elementor-button-link elementor-size-sm\" href=\"https:\/\/trojan-lighting.co.uk\/fr\/contact\/\" id=\"GetInTouch\">\n\t\t\t\t\t\t<span class=\"elementor-button-content-wrapper\">\n\t\t\t\t\t\t\t\t\t<span class=\"elementor-button-text\">Prenez contact avec nous<\/span>\n\t\t\t\t\t<\/span>\n\t\t\t\t\t<\/a>\n\t\t\t\t<\/div>\n\t\t\t\t\t\t\t\t<\/div>\n\t\t\t\t<\/div>\n\t\t\t\t<\/div>\n\t\t\t\t\t<\/div>\n\t\t\t\t<\/div>\n\t\t\t\t<\/div>\n\t\t","protected":false},"excerpt":{"rendered":"<p>Produits d&rsquo;\u00e9clairage \u00c9clairage architectural Voir la gamme \u00c9clairage commercial Voir la gamme Trojan Lighting propose une gamme polyvalente de solutions d\u2019\u00e9clairage innovantes alliant efficacit\u00e9, durabilit\u00e9 et durabilit\u00e9. Qu\u2019il s\u2019agisse de syst\u00e8mes LED \u00e0 \u00e9conomie d\u2019\u00e9nergie ou de commandes intelligentes compatibles avec l\u2019IoT, nos solutions conviennent aux applications architecturales, commerciales et industrielles. Con\u00e7us pour r\u00e9duire les [&hellip;]<\/p>\n","protected":false},"author":5647,"featured_media":0,"parent":0,"menu_order":0,"comment_status":"closed","ping_status":"closed","template":"","meta":{"_acf_changed":false,"footnotes":""},"categories":[],"tags":[],"class_list":["post-15647","page","type-page","status-publish","hentry"],"acf":[],"yoast_head":"<!-- This site is optimized with the Yoast SEO plugin v27.3 - https:\/\/yoast.com\/product\/yoast-seo-wordpress\/ -->\n<title>Recherchez nos produits d&#039;\u00e9clairage - Solutions d\u2019\u00e9clairage intelligentes Trojan<\/title>\n<meta name=\"description\" content=\"Parcourez les gammes de produits de Trojan Lighting pour trouver l&#039;\u00e9clairage \u00e0 \u00e9conomie d&#039;\u00e9nergie et les commandes intelligentes de b\u00e2timent qui conviennent \u00e0 votre projet d&#039;\u00e9clairage.\" \/>\n<meta name=\"robots\" content=\"index, follow, max-snippet:-1, max-image-preview:large, max-video-preview:-1\" \/>\n<link rel=\"canonical\" href=\"https:\/\/trojan-lighting.co.uk\/products\/\" \/>\n<meta property=\"og:locale\" content=\"fr_FR\" \/>\n<meta property=\"og:type\" content=\"article\" \/>\n<meta property=\"og:title\" content=\"Recherchez nos produits d&#039;\u00e9clairage - Solutions d\u2019\u00e9clairage intelligentes Trojan\" \/>\n<meta property=\"og:description\" content=\"Parcourez les gammes de produits de Trojan Lighting pour trouver l&#039;\u00e9clairage \u00e0 \u00e9conomie d&#039;\u00e9nergie et les commandes intelligentes de b\u00e2timent qui conviennent \u00e0 votre projet d&#039;\u00e9clairage.\" \/>\n<meta property=\"og:url\" content=\"https:\/\/trojan-lighting.co.uk\/products\/\" \/>\n<meta property=\"og:site_name\" content=\"Solutions d\u2019\u00e9clairage intelligentes Trojan\" \/>\n<meta property=\"article:modified_time\" content=\"2025-01-03T11:28:23+00:00\" \/>\n<meta property=\"og:image\" content=\"https:\/\/trojan-lighting.co.uk\/wp-content\/uploads\/2024\/12\/poplar-1200-1-png.webp\" \/>\n\t<meta property=\"og:image:width\" content=\"1200\" \/>\n\t<meta property=\"og:image:height\" content=\"736\" \/>\n\t<meta property=\"og:image:type\" content=\"image\/png\" \/>\n<meta name=\"twitter:card\" content=\"summary_large_image\" \/>\n<script type=\"application\/ld+json\" class=\"yoast-schema-graph\">{\"@context\":\"https:\\\/\\\/schema.org\",\"@graph\":[{\"@type\":\"WebPage\",\"@id\":\"https:\\\/\\\/trojan-lighting.co.uk\\\/products\\\/\",\"url\":\"https:\\\/\\\/trojan-lighting.co.uk\\\/products\\\/\",\"name\":\"Recherchez nos produits d'\u00e9clairage - Solutions d\u2019\u00e9clairage intelligentes Trojan\",\"isPartOf\":{\"@id\":\"https:\\\/\\\/trojan-lighting.co.uk\\\/#website\"},\"primaryImageOfPage\":{\"@id\":\"https:\\\/\\\/trojan-lighting.co.uk\\\/products\\\/#primaryimage\"},\"image\":{\"@id\":\"https:\\\/\\\/trojan-lighting.co.uk\\\/products\\\/#primaryimage\"},\"thumbnailUrl\":\"https:\\\/\\\/trojan-lighting.co.uk\\\/wp-content\\\/uploads\\\/2024\\\/12\\\/poplar-1200-1-1024x628.webp\",\"datePublished\":\"2024-08-10T14:24:34+00:00\",\"dateModified\":\"2025-01-03T11:28:23+00:00\",\"description\":\"Parcourez les gammes de produits de Trojan Lighting pour trouver l'\u00e9clairage \u00e0 \u00e9conomie d'\u00e9nergie et les commandes intelligentes de b\u00e2timent qui conviennent \u00e0 votre projet d'\u00e9clairage.\",\"breadcrumb\":{\"@id\":\"https:\\\/\\\/trojan-lighting.co.uk\\\/products\\\/#breadcrumb\"},\"inLanguage\":\"fr-FR\",\"potentialAction\":[{\"@type\":\"ReadAction\",\"target\":[\"https:\\\/\\\/trojan-lighting.co.uk\\\/products\\\/\"]}]},{\"@type\":\"ImageObject\",\"inLanguage\":\"fr-FR\",\"@id\":\"https:\\\/\\\/trojan-lighting.co.uk\\\/products\\\/#primaryimage\",\"url\":\"https:\\\/\\\/trojan-lighting.co.uk\\\/wp-content\\\/uploads\\\/2024\\\/12\\\/poplar-1200-1-1024x628.webp\",\"contentUrl\":\"https:\\\/\\\/trojan-lighting.co.uk\\\/wp-content\\\/uploads\\\/2024\\\/12\\\/poplar-1200-1-1024x628.webp\"},{\"@type\":\"BreadcrumbList\",\"@id\":\"https:\\\/\\\/trojan-lighting.co.uk\\\/products\\\/#breadcrumb\",\"itemListElement\":[{\"@type\":\"ListItem\",\"position\":1,\"name\":\"Accueil\",\"item\":\"https:\\\/\\\/trojan-lighting.co.uk\\\/fr\\\/accueil\\\/\"},{\"@type\":\"ListItem\",\"position\":2,\"name\":\"Produits\"}]},{\"@type\":\"WebSite\",\"@id\":\"https:\\\/\\\/trojan-lighting.co.uk\\\/#website\",\"url\":\"https:\\\/\\\/trojan-lighting.co.uk\\\/\",\"name\":\"Solutions d\u2019\u00e9clairage intelligentes Trojan\",\"description\":\"\u00c0 la pointe des solutions d'\u00e9clairage\",\"publisher\":{\"@id\":\"https:\\\/\\\/trojan-lighting.co.uk\\\/#organization\"},\"potentialAction\":[{\"@type\":\"SearchAction\",\"target\":{\"@type\":\"EntryPoint\",\"urlTemplate\":\"https:\\\/\\\/trojan-lighting.co.uk\\\/?s={search_term_string}\"},\"query-input\":{\"@type\":\"PropertyValueSpecification\",\"valueRequired\":true,\"valueName\":\"search_term_string\"}}],\"inLanguage\":\"fr-FR\"},{\"@type\":\"Organization\",\"@id\":\"https:\\\/\\\/trojan-lighting.co.uk\\\/#organization\",\"name\":\"\u00c9clairage troyen\",\"url\":\"https:\\\/\\\/trojan-lighting.co.uk\\\/\",\"logo\":{\"@type\":\"ImageObject\",\"inLanguage\":\"fr-FR\",\"@id\":\"https:\\\/\\\/trojan-lighting.co.uk\\\/#\\\/schema\\\/logo\\\/image\\\/\",\"url\":\"https:\\\/\\\/trojan-lighting.co.uk\\\/wp-content\\\/uploads\\\/2023\\\/03\\\/trojan_2-02-favicon-png.webp\",\"contentUrl\":\"https:\\\/\\\/trojan-lighting.co.uk\\\/wp-content\\\/uploads\\\/2023\\\/03\\\/trojan_2-02-favicon-png.webp\",\"width\":780,\"height\":780,\"caption\":\"\u00c9clairage troyen\"},\"image\":{\"@id\":\"https:\\\/\\\/trojan-lighting.co.uk\\\/#\\\/schema\\\/logo\\\/image\\\/\"},\"sameAs\":[\"https:\\\/\\\/www.linkedin.com\\\/company\\\/trojan-lighting-solutions-limited\\\/\"]}]}<\/script>\n<!-- \/ Yoast SEO plugin. -->","yoast_head_json":{"title":"Recherchez nos produits d'\u00e9clairage - Solutions d\u2019\u00e9clairage intelligentes Trojan","description":"Parcourez les gammes de produits de Trojan Lighting pour trouver l'\u00e9clairage \u00e0 \u00e9conomie d'\u00e9nergie et les commandes intelligentes de b\u00e2timent qui conviennent \u00e0 votre projet d'\u00e9clairage.","robots":{"index":"index","follow":"follow","max-snippet":"max-snippet:-1","max-image-preview":"max-image-preview:large","max-video-preview":"max-video-preview:-1"},"canonical":"https:\/\/trojan-lighting.co.uk\/products\/","og_locale":"fr_FR","og_type":"article","og_title":"Recherchez nos produits d'\u00e9clairage - Solutions d\u2019\u00e9clairage intelligentes Trojan","og_description":"Parcourez les gammes de produits de Trojan Lighting pour trouver l'\u00e9clairage \u00e0 \u00e9conomie d'\u00e9nergie et les commandes intelligentes de b\u00e2timent qui conviennent \u00e0 votre projet d'\u00e9clairage.","og_url":"https:\/\/trojan-lighting.co.uk\/products\/","og_site_name":"Solutions d\u2019\u00e9clairage intelligentes Trojan","article_modified_time":"2025-01-03T11:28:23+00:00","og_image":[{"width":1200,"height":736,"url":"https:\/\/trojan-lighting.co.uk\/wp-content\/uploads\/2024\/12\/poplar-1200-1-png.webp","type":"image\/png"}],"twitter_card":"summary_large_image","schema":{"@context":"https:\/\/schema.org","@graph":[{"@type":"WebPage","@id":"https:\/\/trojan-lighting.co.uk\/products\/","url":"https:\/\/trojan-lighting.co.uk\/products\/","name":"Recherchez nos produits d'\u00e9clairage - Solutions d\u2019\u00e9clairage intelligentes Trojan","isPartOf":{"@id":"https:\/\/trojan-lighting.co.uk\/#website"},"primaryImageOfPage":{"@id":"https:\/\/trojan-lighting.co.uk\/products\/#primaryimage"},"image":{"@id":"https:\/\/trojan-lighting.co.uk\/products\/#primaryimage"},"thumbnailUrl":"https:\/\/trojan-lighting.co.uk\/wp-content\/uploads\/2024\/12\/poplar-1200-1-1024x628.webp","datePublished":"2024-08-10T14:24:34+00:00","dateModified":"2025-01-03T11:28:23+00:00","description":"Parcourez les gammes de produits de Trojan Lighting pour trouver l'\u00e9clairage \u00e0 \u00e9conomie d'\u00e9nergie et les commandes intelligentes de b\u00e2timent qui conviennent \u00e0 votre projet d'\u00e9clairage.","breadcrumb":{"@id":"https:\/\/trojan-lighting.co.uk\/products\/#breadcrumb"},"inLanguage":"fr-FR","potentialAction":[{"@type":"ReadAction","target":["https:\/\/trojan-lighting.co.uk\/products\/"]}]},{"@type":"ImageObject","inLanguage":"fr-FR","@id":"https:\/\/trojan-lighting.co.uk\/products\/#primaryimage","url":"https:\/\/trojan-lighting.co.uk\/wp-content\/uploads\/2024\/12\/poplar-1200-1-1024x628.webp","contentUrl":"https:\/\/trojan-lighting.co.uk\/wp-content\/uploads\/2024\/12\/poplar-1200-1-1024x628.webp"},{"@type":"BreadcrumbList","@id":"https:\/\/trojan-lighting.co.uk\/products\/#breadcrumb","itemListElement":[{"@type":"ListItem","position":1,"name":"Accueil","item":"https:\/\/trojan-lighting.co.uk\/fr\/accueil\/"},{"@type":"ListItem","position":2,"name":"Produits"}]},{"@type":"WebSite","@id":"https:\/\/trojan-lighting.co.uk\/#website","url":"https:\/\/trojan-lighting.co.uk\/","name":"Solutions d\u2019\u00e9clairage intelligentes Trojan","description":"\u00c0 la pointe des solutions d'\u00e9clairage","publisher":{"@id":"https:\/\/trojan-lighting.co.uk\/#organization"},"potentialAction":[{"@type":"SearchAction","target":{"@type":"EntryPoint","urlTemplate":"https:\/\/trojan-lighting.co.uk\/?s={search_term_string}"},"query-input":{"@type":"PropertyValueSpecification","valueRequired":true,"valueName":"search_term_string"}}],"inLanguage":"fr-FR"},{"@type":"Organization","@id":"https:\/\/trojan-lighting.co.uk\/#organization","name":"\u00c9clairage troyen","url":"https:\/\/trojan-lighting.co.uk\/","logo":{"@type":"ImageObject","inLanguage":"fr-FR","@id":"https:\/\/trojan-lighting.co.uk\/#\/schema\/logo\/image\/","url":"https:\/\/trojan-lighting.co.uk\/wp-content\/uploads\/2023\/03\/trojan_2-02-favicon-png.webp","contentUrl":"https:\/\/trojan-lighting.co.uk\/wp-content\/uploads\/2023\/03\/trojan_2-02-favicon-png.webp","width":780,"height":780,"caption":"\u00c9clairage troyen"},"image":{"@id":"https:\/\/trojan-lighting.co.uk\/#\/schema\/logo\/image\/"},"sameAs":["https:\/\/www.linkedin.com\/company\/trojan-lighting-solutions-limited\/"]}]}},"_links":{"self":[{"href":"https:\/\/trojan-lighting.co.uk\/fr\/wp-json\/wp\/v2\/pages\/15647","targetHints":{"allow":["GET"]}}],"collection":[{"href":"https:\/\/trojan-lighting.co.uk\/fr\/wp-json\/wp\/v2\/pages"}],"about":[{"href":"https:\/\/trojan-lighting.co.uk\/fr\/wp-json\/wp\/v2\/types\/page"}],"author":[{"embeddable":true,"href":"https:\/\/trojan-lighting.co.uk\/fr\/wp-json\/wp\/v2\/users\/5647"}],"replies":[{"embeddable":true,"href":"https:\/\/trojan-lighting.co.uk\/fr\/wp-json\/wp\/v2\/comments?post=15647"}],"version-history":[{"count":0,"href":"https:\/\/trojan-lighting.co.uk\/fr\/wp-json\/wp\/v2\/pages\/15647\/revisions"}],"wp:attachment":[{"href":"https:\/\/trojan-lighting.co.uk\/fr\/wp-json\/wp\/v2\/media?parent=15647"}],"wp:term":[{"taxonomy":"category","embeddable":true,"href":"https:\/\/trojan-lighting.co.uk\/fr\/wp-json\/wp\/v2\/categories?post=15647"},{"taxonomy":"post_tag","embeddable":true,"href":"https:\/\/trojan-lighting.co.uk\/fr\/wp-json\/wp\/v2\/tags?post=15647"}],"curies":[{"name":"wp","href":"https:\/\/api.w.org\/{rel}","templated":true}]}}