{"id":16792,"date":"2024-01-22T13:54:49","date_gmt":"2024-01-22T13:54:49","guid":{"rendered":"https:\/\/trojan-lighting.co.uk\/gamme-de-suspensions\/"},"modified":"2024-11-20T10:24:14","modified_gmt":"2024-11-20T10:24:14","slug":"gamme-de-suspensions","status":"publish","type":"page","link":"https:\/\/trojan-lighting.co.uk\/fr\/gamme-de-suspensions\/","title":{"rendered":"Gamme de suspensions"},"content":{"rendered":"\t\t<div data-elementor-type=\"wp-post\" data-elementor-id=\"16792\" class=\"elementor elementor-16792 elementor-2508\" data-elementor-post-type=\"page\">\n\t\t\t\t\t\t<section class=\"elementor-section elementor-top-section elementor-element elementor-element-b20a8e1 elementor-section-full_width elementor-section-height-min-height animated-slow elementor-section-height-default elementor-section-items-middle elementor-invisible\" data-id=\"b20a8e1\" data-element_type=\"section\" data-e-type=\"section\" data-settings=\"{&quot;background_background&quot;:&quot;classic&quot;,&quot;animation&quot;:&quot;fadeIn&quot;}\">\n\t\t\t\t\t\t\t<div class=\"elementor-background-overlay\"><\/div>\n\t\t\t\t\t\t\t<div class=\"elementor-container elementor-column-gap-default\">\n\t\t\t\t\t<div class=\"elementor-column elementor-col-100 elementor-top-column elementor-element elementor-element-6451cf5b\" data-id=\"6451cf5b\" data-element_type=\"column\" data-e-type=\"column\">\n\t\t\t<div class=\"elementor-widget-wrap elementor-element-populated\">\n\t\t\t\t\t\t<div class=\"elementor-element elementor-element-16fc47f2 elementor-widget elementor-widget-heading\" data-id=\"16fc47f2\" data-element_type=\"widget\" data-e-type=\"widget\" data-widget_type=\"heading.default\">\n\t\t\t\t<div class=\"elementor-widget-container\">\n\t\t\t\t\t<h1 class=\"elementor-heading-title elementor-size-default\">Gamme de suspensions<\/h1>\t\t\t\t<\/div>\n\t\t\t\t<\/div>\n\t\t\t\t\t<\/div>\n\t\t<\/div>\n\t\t\t\t\t<\/div>\n\t\t<\/section>\n\t\t\t\t<section class=\"elementor-section elementor-top-section elementor-element elementor-element-f9662a4 elementor-section-boxed elementor-section-height-default elementor-section-height-default\" data-id=\"f9662a4\" data-element_type=\"section\" data-e-type=\"section\">\n\t\t\t\t\t\t<div class=\"elementor-container elementor-column-gap-default\">\n\t\t\t\t\t<div class=\"elementor-column elementor-col-100 elementor-top-column elementor-element elementor-element-48c9e4b\" data-id=\"48c9e4b\" data-element_type=\"column\" data-e-type=\"column\">\n\t\t\t<div class=\"elementor-widget-wrap elementor-element-populated\">\n\t\t\t\t\t\t<div class=\"elementor-element elementor-element-eefad6a elementor-widget elementor-widget-text-editor\" data-id=\"eefad6a\" data-element_type=\"widget\" data-e-type=\"widget\" data-widget_type=\"text-editor.default\">\n\t\t\t\t<div class=\"elementor-widget-container\">\n\t\t\t\t\t\t\t\t\t<p>D\u00e9couvrez la gamme de luminaires suspendus des Solutions d&rsquo;\u00e9clairage Trojan &#8211; une solution \u00e9l\u00e9gante con\u00e7ue pour am\u00e9liorer l&rsquo;esth\u00e9tique de n&rsquo;importe quel espace. Fabriqu\u00e9s dans un souci de polyvalence, nos luminaires s&rsquo;int\u00e8grent dans divers environnements. La gamme de luminaires d\u00e9coratifs et suspendus de Trojan allie forme et fonction, offrant une solution d&rsquo;\u00e9clairage visuellement attrayante qui compl\u00e8te votre environnement.  <\/p>\n\t\t\t\t\t\t\t\t<\/div>\n\t\t\t\t<\/div>\n\t\t\t\t\t<\/div>\n\t\t<\/div>\n\t\t\t\t\t<\/div>\n\t\t<\/section>\n\t\t<div class=\"elementor-element elementor-element-504dc233 e-grid e-con-boxed e-con e-parent\" data-id=\"504dc233\" data-element_type=\"container\" data-e-type=\"container\">\n\t\t\t\t\t<div class=\"e-con-inner\">\n\t\t\t\t\t<\/div>\n\t\t\t\t<\/div>\n\t\t\t\t<section class=\"elementor-section elementor-top-section elementor-element elementor-element-6807982d elementor-section-boxed elementor-section-height-default elementor-section-height-default\" data-id=\"6807982d\" data-element_type=\"section\" data-e-type=\"section\">\n\t\t\t\t\t\t<div class=\"elementor-container elementor-column-gap-default\">\n\t\t\t\t\t<div class=\"elementor-column elementor-col-100 elementor-top-column elementor-element elementor-element-20b24e92\" data-id=\"20b24e92\" data-element_type=\"column\" data-e-type=\"column\">\n\t\t\t<div class=\"elementor-widget-wrap elementor-element-populated\">\n\t\t\t\t\t\t<div class=\"elementor-element elementor-element-5bcc0719 elementor-widget elementor-widget-spacer\" data-id=\"5bcc0719\" data-element_type=\"widget\" data-e-type=\"widget\" data-widget_type=\"spacer.default\">\n\t\t\t\t<div class=\"elementor-widget-container\">\n\t\t\t\t\t\t\t<div class=\"elementor-spacer\">\n\t\t\t<div class=\"elementor-spacer-inner\"><\/div>\n\t\t<\/div>\n\t\t\t\t\t\t<\/div>\n\t\t\t\t<\/div>\n\t\t\t\t<div class=\"elementor-element elementor-element-3b215ac9 elementor-cta--skin-classic elementor-animated-content elementor-widget elementor-widget-global elementor-global-22576 elementor-global-353 elementor-widget-call-to-action\" data-id=\"3b215ac9\" data-element_type=\"widget\" data-e-type=\"widget\" data-widget_type=\"call-to-action.default\">\n\t\t\t\t<div class=\"elementor-widget-container\">\n\t\t\t\t\t\t\t<div class=\"elementor-cta\">\n\t\t\t\t\t<div class=\"elementor-cta__bg-wrapper\">\n\t\t\t\t<div class=\"elementor-cta__bg elementor-bg\" style=\"background-image: url(https:\/\/trojan-lighting.co.uk\/wp-content\/uploads\/2023\/03\/pexels-francesco-ungaro-96381.webp);\" role=\"img\" aria-label=\"Circular lights\"><\/div>\n\t\t\t\t<div class=\"elementor-cta__bg-overlay\"><\/div>\n\t\t\t<\/div>\n\t\t\t\t\t\t\t<div class=\"elementor-cta__content\">\n\t\t\t\t\n\t\t\t\t\t\t\t\t\t<h2 class=\"elementor-cta__title elementor-cta__content-item elementor-content-item\">\n\t\t\t\t\t\tPrenez contact\t\t\t\t\t<\/h2>\n\t\t\t\t\n\t\t\t\t\t\t\t\t\t<div class=\"elementor-cta__description elementor-cta__content-item elementor-content-item\">\n\t\t\t\t\t\t<p>Contactez Trojan Lighting pour obtenir des conseils d'experts sur votre projet.<\/p>\n\t\t\t\t\t<\/div>\n\t\t\t\t\n\t\t\t\t\t\t\t\t\t<div class=\"elementor-cta__button-wrapper elementor-cta__content-item elementor-content-item \">\n\t\t\t\t\t<a class=\"elementor-cta__button elementor-button elementor-size-\" href=\"https:\/\/trojan-lighting.co.uk\/fr\/contact\/\">\n\t\t\t\t\t\tPrenez contact\t\t\t\t\t<\/a>\n\t\t\t\t\t<\/div>\n\t\t\t\t\t\t\t<\/div>\n\t\t\t\t\t\t<\/div>\n\t\t\t\t\t\t<\/div>\n\t\t\t\t<\/div>\n\t\t\t\t\t<\/div>\n\t\t<\/div>\n\t\t\t\t\t<\/div>\n\t\t<\/section>\n\t\t\t\t<\/div>\n\t\t","protected":false},"excerpt":{"rendered":"<p>D\u00e9couvrez les \u00e9clairages d\u00e9coratifs et suspendus des Solutions d&rsquo;\u00e9clairage Trojan &#8211; une solution d&rsquo;\u00e9clairage \u00e9l\u00e9gante con\u00e7ue pour am\u00e9liorer l&rsquo;esth\u00e9tique de tout espace.<\/p>\n","protected":false},"author":5647,"featured_media":12217,"parent":0,"menu_order":0,"comment_status":"closed","ping_status":"closed","template":"","meta":{"_acf_changed":false,"footnotes":""},"categories":[],"tags":[],"class_list":["post-16792","page","type-page","status-publish","has-post-thumbnail","hentry"],"acf":[],"yoast_head":"<!-- This site is optimized with the Yoast SEO plugin v27.3 - https:\/\/yoast.com\/product\/yoast-seo-wordpress\/ -->\n<title>Gamme de suspensions - Solutions d\u2019\u00e9clairage intelligentes Trojan<\/title>\n<meta name=\"robots\" content=\"index, follow, max-snippet:-1, max-image-preview:large, max-video-preview:-1\" \/>\n<link rel=\"canonical\" href=\"https:\/\/trojan-lighting.co.uk\/fr\/gamme-de-suspensions\/\" \/>\n<meta property=\"og:locale\" content=\"fr_FR\" \/>\n<meta property=\"og:type\" content=\"article\" \/>\n<meta property=\"og:title\" content=\"Gamme de suspensions - Solutions d\u2019\u00e9clairage intelligentes Trojan\" \/>\n<meta property=\"og:description\" content=\"D\u00e9couvrez les \u00e9clairages d\u00e9coratifs et suspendus des Solutions d&#039;\u00e9clairage Trojan - une solution d&#039;\u00e9clairage \u00e9l\u00e9gante con\u00e7ue pour am\u00e9liorer l&#039;esth\u00e9tique de tout espace.\" \/>\n<meta property=\"og:url\" content=\"https:\/\/trojan-lighting.co.uk\/fr\/gamme-de-suspensions\/\" \/>\n<meta property=\"og:site_name\" content=\"Solutions d\u2019\u00e9clairage intelligentes Trojan\" \/>\n<meta property=\"article:modified_time\" content=\"2024-11-20T10:24:14+00:00\" \/>\n<meta property=\"og:image\" content=\"https:\/\/trojan-lighting.co.uk\/wp-content\/uploads\/2023\/12\/eastleigh-image.png\" \/>\n\t<meta property=\"og:image:width\" content=\"533\" \/>\n\t<meta property=\"og:image:height\" content=\"523\" \/>\n\t<meta property=\"og:image:type\" content=\"image\/png\" \/>\n<meta name=\"twitter:card\" content=\"summary_large_image\" \/>\n<script type=\"application\/ld+json\" class=\"yoast-schema-graph\">{\"@context\":\"https:\\\/\\\/schema.org\",\"@graph\":[{\"@type\":\"WebPage\",\"@id\":\"https:\\\/\\\/trojan-lighting.co.uk\\\/fr\\\/gamme-de-suspensions\\\/\",\"url\":\"https:\\\/\\\/trojan-lighting.co.uk\\\/fr\\\/gamme-de-suspensions\\\/\",\"name\":\"Gamme de suspensions - Solutions d\u2019\u00e9clairage intelligentes Trojan\",\"isPartOf\":{\"@id\":\"https:\\\/\\\/trojan-lighting.co.uk\\\/#website\"},\"primaryImageOfPage\":{\"@id\":\"https:\\\/\\\/trojan-lighting.co.uk\\\/fr\\\/gamme-de-suspensions\\\/#primaryimage\"},\"image\":{\"@id\":\"https:\\\/\\\/trojan-lighting.co.uk\\\/fr\\\/gamme-de-suspensions\\\/#primaryimage\"},\"thumbnailUrl\":\"https:\\\/\\\/trojan-lighting.co.uk\\\/wp-content\\\/uploads\\\/2023\\\/12\\\/eastleigh-image-png.webp\",\"datePublished\":\"2024-01-22T13:54:49+00:00\",\"dateModified\":\"2024-11-20T10:24:14+00:00\",\"breadcrumb\":{\"@id\":\"https:\\\/\\\/trojan-lighting.co.uk\\\/fr\\\/gamme-de-suspensions\\\/#breadcrumb\"},\"inLanguage\":\"fr-FR\",\"potentialAction\":[{\"@type\":\"ReadAction\",\"target\":[\"https:\\\/\\\/trojan-lighting.co.uk\\\/fr\\\/gamme-de-suspensions\\\/\"]}]},{\"@type\":\"ImageObject\",\"inLanguage\":\"fr-FR\",\"@id\":\"https:\\\/\\\/trojan-lighting.co.uk\\\/fr\\\/gamme-de-suspensions\\\/#primaryimage\",\"url\":\"https:\\\/\\\/trojan-lighting.co.uk\\\/wp-content\\\/uploads\\\/2023\\\/12\\\/eastleigh-image-png.webp\",\"contentUrl\":\"https:\\\/\\\/trojan-lighting.co.uk\\\/wp-content\\\/uploads\\\/2023\\\/12\\\/eastleigh-image-png.webp\",\"width\":533,\"height\":523},{\"@type\":\"BreadcrumbList\",\"@id\":\"https:\\\/\\\/trojan-lighting.co.uk\\\/fr\\\/gamme-de-suspensions\\\/#breadcrumb\",\"itemListElement\":[{\"@type\":\"ListItem\",\"position\":1,\"name\":\"Accueil\",\"item\":\"https:\\\/\\\/trojan-lighting.co.uk\\\/fr\\\/accueil\\\/\"},{\"@type\":\"ListItem\",\"position\":2,\"name\":\"Gamme de suspensions\"}]},{\"@type\":\"WebSite\",\"@id\":\"https:\\\/\\\/trojan-lighting.co.uk\\\/#website\",\"url\":\"https:\\\/\\\/trojan-lighting.co.uk\\\/\",\"name\":\"Solutions d\u2019\u00e9clairage intelligentes Trojan\",\"description\":\"\u00c0 la pointe des solutions d'\u00e9clairage\",\"publisher\":{\"@id\":\"https:\\\/\\\/trojan-lighting.co.uk\\\/#organization\"},\"potentialAction\":[{\"@type\":\"SearchAction\",\"target\":{\"@type\":\"EntryPoint\",\"urlTemplate\":\"https:\\\/\\\/trojan-lighting.co.uk\\\/?s={search_term_string}\"},\"query-input\":{\"@type\":\"PropertyValueSpecification\",\"valueRequired\":true,\"valueName\":\"search_term_string\"}}],\"inLanguage\":\"fr-FR\"},{\"@type\":\"Organization\",\"@id\":\"https:\\\/\\\/trojan-lighting.co.uk\\\/#organization\",\"name\":\"\u00c9clairage troyen\",\"url\":\"https:\\\/\\\/trojan-lighting.co.uk\\\/\",\"logo\":{\"@type\":\"ImageObject\",\"inLanguage\":\"fr-FR\",\"@id\":\"https:\\\/\\\/trojan-lighting.co.uk\\\/#\\\/schema\\\/logo\\\/image\\\/\",\"url\":\"https:\\\/\\\/trojan-lighting.co.uk\\\/wp-content\\\/uploads\\\/2023\\\/03\\\/trojan_2-02-favicon-png.webp\",\"contentUrl\":\"https:\\\/\\\/trojan-lighting.co.uk\\\/wp-content\\\/uploads\\\/2023\\\/03\\\/trojan_2-02-favicon-png.webp\",\"width\":780,\"height\":780,\"caption\":\"\u00c9clairage troyen\"},\"image\":{\"@id\":\"https:\\\/\\\/trojan-lighting.co.uk\\\/#\\\/schema\\\/logo\\\/image\\\/\"},\"sameAs\":[\"https:\\\/\\\/www.linkedin.com\\\/company\\\/trojan-lighting-solutions-limited\\\/\"]}]}<\/script>\n<!-- \/ Yoast SEO plugin. -->","yoast_head_json":{"title":"Gamme de suspensions - Solutions d\u2019\u00e9clairage intelligentes Trojan","robots":{"index":"index","follow":"follow","max-snippet":"max-snippet:-1","max-image-preview":"max-image-preview:large","max-video-preview":"max-video-preview:-1"},"canonical":"https:\/\/trojan-lighting.co.uk\/fr\/gamme-de-suspensions\/","og_locale":"fr_FR","og_type":"article","og_title":"Gamme de suspensions - Solutions d\u2019\u00e9clairage intelligentes Trojan","og_description":"D\u00e9couvrez les \u00e9clairages d\u00e9coratifs et suspendus des Solutions d'\u00e9clairage Trojan - une solution d'\u00e9clairage \u00e9l\u00e9gante con\u00e7ue pour am\u00e9liorer l'esth\u00e9tique de tout espace.","og_url":"https:\/\/trojan-lighting.co.uk\/fr\/gamme-de-suspensions\/","og_site_name":"Solutions d\u2019\u00e9clairage intelligentes Trojan","article_modified_time":"2024-11-20T10:24:14+00:00","og_image":[{"width":533,"height":523,"url":"https:\/\/trojan-lighting.co.uk\/wp-content\/uploads\/2023\/12\/eastleigh-image.png","type":"image\/png"}],"twitter_card":"summary_large_image","schema":{"@context":"https:\/\/schema.org","@graph":[{"@type":"WebPage","@id":"https:\/\/trojan-lighting.co.uk\/fr\/gamme-de-suspensions\/","url":"https:\/\/trojan-lighting.co.uk\/fr\/gamme-de-suspensions\/","name":"Gamme de suspensions - Solutions d\u2019\u00e9clairage intelligentes Trojan","isPartOf":{"@id":"https:\/\/trojan-lighting.co.uk\/#website"},"primaryImageOfPage":{"@id":"https:\/\/trojan-lighting.co.uk\/fr\/gamme-de-suspensions\/#primaryimage"},"image":{"@id":"https:\/\/trojan-lighting.co.uk\/fr\/gamme-de-suspensions\/#primaryimage"},"thumbnailUrl":"https:\/\/trojan-lighting.co.uk\/wp-content\/uploads\/2023\/12\/eastleigh-image-png.webp","datePublished":"2024-01-22T13:54:49+00:00","dateModified":"2024-11-20T10:24:14+00:00","breadcrumb":{"@id":"https:\/\/trojan-lighting.co.uk\/fr\/gamme-de-suspensions\/#breadcrumb"},"inLanguage":"fr-FR","potentialAction":[{"@type":"ReadAction","target":["https:\/\/trojan-lighting.co.uk\/fr\/gamme-de-suspensions\/"]}]},{"@type":"ImageObject","inLanguage":"fr-FR","@id":"https:\/\/trojan-lighting.co.uk\/fr\/gamme-de-suspensions\/#primaryimage","url":"https:\/\/trojan-lighting.co.uk\/wp-content\/uploads\/2023\/12\/eastleigh-image-png.webp","contentUrl":"https:\/\/trojan-lighting.co.uk\/wp-content\/uploads\/2023\/12\/eastleigh-image-png.webp","width":533,"height":523},{"@type":"BreadcrumbList","@id":"https:\/\/trojan-lighting.co.uk\/fr\/gamme-de-suspensions\/#breadcrumb","itemListElement":[{"@type":"ListItem","position":1,"name":"Accueil","item":"https:\/\/trojan-lighting.co.uk\/fr\/accueil\/"},{"@type":"ListItem","position":2,"name":"Gamme de suspensions"}]},{"@type":"WebSite","@id":"https:\/\/trojan-lighting.co.uk\/#website","url":"https:\/\/trojan-lighting.co.uk\/","name":"Solutions d\u2019\u00e9clairage intelligentes Trojan","description":"\u00c0 la pointe des solutions d'\u00e9clairage","publisher":{"@id":"https:\/\/trojan-lighting.co.uk\/#organization"},"potentialAction":[{"@type":"SearchAction","target":{"@type":"EntryPoint","urlTemplate":"https:\/\/trojan-lighting.co.uk\/?s={search_term_string}"},"query-input":{"@type":"PropertyValueSpecification","valueRequired":true,"valueName":"search_term_string"}}],"inLanguage":"fr-FR"},{"@type":"Organization","@id":"https:\/\/trojan-lighting.co.uk\/#organization","name":"\u00c9clairage troyen","url":"https:\/\/trojan-lighting.co.uk\/","logo":{"@type":"ImageObject","inLanguage":"fr-FR","@id":"https:\/\/trojan-lighting.co.uk\/#\/schema\/logo\/image\/","url":"https:\/\/trojan-lighting.co.uk\/wp-content\/uploads\/2023\/03\/trojan_2-02-favicon-png.webp","contentUrl":"https:\/\/trojan-lighting.co.uk\/wp-content\/uploads\/2023\/03\/trojan_2-02-favicon-png.webp","width":780,"height":780,"caption":"\u00c9clairage troyen"},"image":{"@id":"https:\/\/trojan-lighting.co.uk\/#\/schema\/logo\/image\/"},"sameAs":["https:\/\/www.linkedin.com\/company\/trojan-lighting-solutions-limited\/"]}]}},"_links":{"self":[{"href":"https:\/\/trojan-lighting.co.uk\/fr\/wp-json\/wp\/v2\/pages\/16792","targetHints":{"allow":["GET"]}}],"collection":[{"href":"https:\/\/trojan-lighting.co.uk\/fr\/wp-json\/wp\/v2\/pages"}],"about":[{"href":"https:\/\/trojan-lighting.co.uk\/fr\/wp-json\/wp\/v2\/types\/page"}],"author":[{"embeddable":true,"href":"https:\/\/trojan-lighting.co.uk\/fr\/wp-json\/wp\/v2\/users\/5647"}],"replies":[{"embeddable":true,"href":"https:\/\/trojan-lighting.co.uk\/fr\/wp-json\/wp\/v2\/comments?post=16792"}],"version-history":[{"count":0,"href":"https:\/\/trojan-lighting.co.uk\/fr\/wp-json\/wp\/v2\/pages\/16792\/revisions"}],"wp:featuredmedia":[{"embeddable":true,"href":"https:\/\/trojan-lighting.co.uk\/fr\/wp-json\/wp\/v2\/media\/12217"}],"wp:attachment":[{"href":"https:\/\/trojan-lighting.co.uk\/fr\/wp-json\/wp\/v2\/media?parent=16792"}],"wp:term":[{"taxonomy":"category","embeddable":true,"href":"https:\/\/trojan-lighting.co.uk\/fr\/wp-json\/wp\/v2\/categories?post=16792"},{"taxonomy":"post_tag","embeddable":true,"href":"https:\/\/trojan-lighting.co.uk\/fr\/wp-json\/wp\/v2\/tags?post=16792"}],"curies":[{"name":"wp","href":"https:\/\/api.w.org\/{rel}","templated":true}]}}