{"id":17272,"date":"2024-01-15T15:18:27","date_gmt":"2024-01-15T15:18:27","guid":{"rendered":"https:\/\/trojan-lighting.co.uk\/eclairage-de-secours-pour-les-hopitaux\/"},"modified":"2024-11-20T10:40:31","modified_gmt":"2024-11-20T10:40:31","slug":"eclairage-de-secours-pour-les-hopitaux","status":"publish","type":"page","link":"https:\/\/trojan-lighting.co.uk\/fr\/secteurs\/eclairage-de-secours-pour-les-hopitaux\/","title":{"rendered":"\u00c9clairage de secours pour les h\u00f4pitaux"},"content":{"rendered":"\t\t<div data-elementor-type=\"wp-post\" data-elementor-id=\"17272\" class=\"elementor elementor-17272 elementor-2187\" data-elementor-post-type=\"page\">\n\t\t\t\t\t\t<section class=\"elementor-section elementor-top-section elementor-element elementor-element-52b81a82 elementor-section-full_width elementor-section-height-min-height animated-slow elementor-section-height-default elementor-section-items-middle elementor-invisible\" data-id=\"52b81a82\" data-element_type=\"section\" data-e-type=\"section\" data-settings=\"{&quot;background_background&quot;:&quot;classic&quot;,&quot;animation&quot;:&quot;fadeIn&quot;}\">\n\t\t\t\t\t\t\t<div class=\"elementor-background-overlay\"><\/div>\n\t\t\t\t\t\t\t<div class=\"elementor-container elementor-column-gap-default\">\n\t\t\t\t\t<div class=\"elementor-column elementor-col-100 elementor-top-column elementor-element elementor-element-24da21d\" data-id=\"24da21d\" data-element_type=\"column\" data-e-type=\"column\">\n\t\t\t<div class=\"elementor-widget-wrap elementor-element-populated\">\n\t\t\t\t\t\t<div class=\"elementor-element elementor-element-2a8c4b9 elementor-widget elementor-widget-heading\" data-id=\"2a8c4b9\" data-element_type=\"widget\" data-e-type=\"widget\" data-widget_type=\"heading.default\">\n\t\t\t\t<div class=\"elementor-widget-container\">\n\t\t\t\t\t<h1 class=\"elementor-heading-title elementor-size-default\">\u00c9clairage de secours pour les h\u00f4pitaux<\/h1>\t\t\t\t<\/div>\n\t\t\t\t<\/div>\n\t\t\t\t\t<\/div>\n\t\t<\/div>\n\t\t\t\t\t<\/div>\n\t\t<\/section>\n\t\t\t\t<section class=\"elementor-section elementor-top-section elementor-element elementor-element-ca65a1b elementor-section-boxed elementor-section-height-default elementor-section-height-default\" data-id=\"ca65a1b\" data-element_type=\"section\" data-e-type=\"section\">\n\t\t\t\t\t\t<div class=\"elementor-container elementor-column-gap-default\">\n\t\t\t\t\t<div class=\"elementor-column elementor-col-100 elementor-top-column elementor-element elementor-element-33e621a\" data-id=\"33e621a\" data-element_type=\"column\" data-e-type=\"column\">\n\t\t\t<div class=\"elementor-widget-wrap elementor-element-populated\">\n\t\t\t\t\t\t<div class=\"elementor-element elementor-element-8c730c3 elementor-widget elementor-widget-spacer\" data-id=\"8c730c3\" data-element_type=\"widget\" data-e-type=\"widget\" data-widget_type=\"spacer.default\">\n\t\t\t\t<div class=\"elementor-widget-container\">\n\t\t\t\t\t\t\t<div class=\"elementor-spacer\">\n\t\t\t<div class=\"elementor-spacer-inner\"><\/div>\n\t\t<\/div>\n\t\t\t\t\t\t<\/div>\n\t\t\t\t<\/div>\n\t\t\t\t\t<\/div>\n\t\t<\/div>\n\t\t\t\t\t<\/div>\n\t\t<\/section>\n\t\t\t\t<section class=\"elementor-section elementor-top-section elementor-element elementor-element-a869e6d elementor-section-boxed elementor-section-height-default elementor-section-height-default\" data-id=\"a869e6d\" data-element_type=\"section\" data-e-type=\"section\">\n\t\t\t\t\t\t<div class=\"elementor-container elementor-column-gap-default\">\n\t\t\t\t\t<div class=\"elementor-column elementor-col-100 elementor-top-column elementor-element elementor-element-8632479\" data-id=\"8632479\" data-element_type=\"column\" data-e-type=\"column\">\n\t\t\t<div class=\"elementor-widget-wrap elementor-element-populated\">\n\t\t\t\t\t\t<div class=\"elementor-element elementor-element-8cd40b0 elementor-widget elementor-widget-text-editor\" data-id=\"8cd40b0\" data-element_type=\"widget\" data-e-type=\"widget\" data-widget_type=\"text-editor.default\">\n\t\t\t\t<div class=\"elementor-widget-container\">\n\t\t\t\t\t\t\t\t\t<p>Chez Trojan, nous comprenons le r\u00f4le critique que joue l&rsquo;\u00e9clairage de secours dans l&rsquo;environnement des soins de sant\u00e9, o\u00f9 la s\u00e9curit\u00e9 et la fiabilit\u00e9 sont primordiales. Notre gamme de produits et de services est sp\u00e9cialement con\u00e7ue pour r\u00e9pondre aux besoins uniques des h\u00f4pitaux, garantissant un environnement s\u00fbr et bien \u00e9clair\u00e9, m\u00eame dans les situations les plus difficiles. <\/p>\n<p>D\u00e9couvrez nos solutions d&rsquo;\u00e9clairage de secours de pointe, m\u00e9ticuleusement con\u00e7ues pour r\u00e9pondre aux exigences sp\u00e9cifiques des \u00e9tablissements hospitaliers. Des chambres de patients aux couloirs en passant par les zones de soins intensifs, nos produits garantissent une visibilit\u00e9 optimale en cas de panne de courant ou d&rsquo;urgence. <\/p>\n<p><strong>Caract\u00e9ristiques principales :<\/strong><\/p>\n<ul>\n<li><strong>Technologie avanc\u00e9e :<\/strong> B\u00e9n\u00e9ficiez des derni\u00e8res technologies en mati\u00e8re de LED et de piles, pour un \u00e9clairage durable et \u00e9conome en \u00e9nergie.<\/li>\n<li><strong>Solutions personnalis\u00e9es :<\/strong> Nos produits peuvent \u00eatre adapt\u00e9s \u00e0 l&rsquo;agencement et aux sp\u00e9cifications de votre h\u00f4pital, garantissant une int\u00e9gration transparente avec l&rsquo;infrastructure existante.<\/li>\n<li><strong>Conformit\u00e9 et certification :<\/strong> Soyez rassur\u00e9 en sachant que nos syst\u00e8mes d&rsquo;\u00e9clairage de secours sont conformes \u00e0 toutes les r\u00e9glementations et normes pertinentes, favorisant ainsi un environnement de soins de sant\u00e9 s\u00fbr et s\u00e9curis\u00e9.\n<\/li>\n<\/ul>\n<p>Les Solutions d&rsquo;\u00e9clairage Trojan ne se contentent pas de fournir des produits ; nous offrons des services complets pour r\u00e9pondre aux besoins de votre h\u00f4pital en mati\u00e8re d&rsquo;\u00e9clairage de secours. Notre \u00e9quipe d&rsquo;experts s&rsquo;engage \u00e0 veiller \u00e0 ce que vos syst\u00e8mes d&rsquo;\u00e9clairage de secours soient non seulement install\u00e9s correctement, mais aussi test\u00e9s et entretenus r\u00e9guli\u00e8rement pour des performances optimales. <\/p>\n\t\t\t\t\t\t\t\t<\/div>\n\t\t\t\t<\/div>\n\t\t\t\t<div class=\"elementor-element elementor-element-5593063 elementor-widget elementor-widget-heading\" data-id=\"5593063\" data-element_type=\"widget\" data-e-type=\"widget\" data-widget_type=\"heading.default\">\n\t\t\t\t<div class=\"elementor-widget-container\">\n\t\t\t\t\t<h2 class=\"elementor-heading-title elementor-size-default\">Nos produits d'\u00e9clairage de secours pour les h\u00f4pitaux<\/h2>\t\t\t\t<\/div>\n\t\t\t\t<\/div>\n\t\t\t\t\t<\/div>\n\t\t<\/div>\n\t\t\t\t\t<\/div>\n\t\t<\/section>\n\t\t\t\t<section class=\"elementor-section elementor-top-section elementor-element elementor-element-1966a89 elementor-section-boxed elementor-section-height-default elementor-section-height-default\" data-id=\"1966a89\" data-element_type=\"section\" data-e-type=\"section\">\n\t\t\t\t\t\t<div class=\"elementor-container elementor-column-gap-default\">\n\t\t\t\t\t<div class=\"elementor-column elementor-col-100 elementor-top-column elementor-element elementor-element-e55a2d2\" data-id=\"e55a2d2\" data-element_type=\"column\" data-e-type=\"column\">\n\t\t\t<div class=\"elementor-widget-wrap elementor-element-populated\">\n\t\t\t\t\t\t\t<\/div>\n\t\t<\/div>\n\t\t\t\t\t<\/div>\n\t\t<\/section>\n\t\t\t\t<section class=\"elementor-section elementor-top-section elementor-element elementor-element-f4ac323 elementor-section-boxed elementor-section-height-default elementor-section-height-default\" data-id=\"f4ac323\" data-element_type=\"section\" data-e-type=\"section\">\n\t\t\t\t\t\t<div class=\"elementor-container elementor-column-gap-default\">\n\t\t\t\t\t<div class=\"elementor-column elementor-col-100 elementor-top-column elementor-element elementor-element-321df469\" data-id=\"321df469\" data-element_type=\"column\" data-e-type=\"column\">\n\t\t\t<div class=\"elementor-widget-wrap elementor-element-populated\">\n\t\t\t\t\t\t<div class=\"elementor-element elementor-element-628a496 elementor-widget elementor-widget-spacer\" data-id=\"628a496\" data-element_type=\"widget\" data-e-type=\"widget\" data-widget_type=\"spacer.default\">\n\t\t\t\t<div class=\"elementor-widget-container\">\n\t\t\t\t\t\t\t<div class=\"elementor-spacer\">\n\t\t\t<div class=\"elementor-spacer-inner\"><\/div>\n\t\t<\/div>\n\t\t\t\t\t\t<\/div>\n\t\t\t\t<\/div>\n\t\t\t\t<div class=\"elementor-element elementor-element-3d508c12 elementor-cta--skin-classic elementor-animated-content elementor-widget elementor-widget-global elementor-global-22576 elementor-global-353 elementor-widget-call-to-action\" data-id=\"3d508c12\" data-element_type=\"widget\" data-e-type=\"widget\" data-widget_type=\"call-to-action.default\">\n\t\t\t\t<div class=\"elementor-widget-container\">\n\t\t\t\t\t\t\t<div class=\"elementor-cta\">\n\t\t\t\t\t<div class=\"elementor-cta__bg-wrapper\">\n\t\t\t\t<div class=\"elementor-cta__bg elementor-bg\" style=\"background-image: url(https:\/\/trojan-lighting.co.uk\/wp-content\/uploads\/2023\/03\/pexels-francesco-ungaro-96381.webp);\" role=\"img\" aria-label=\"Circular lights\"><\/div>\n\t\t\t\t<div class=\"elementor-cta__bg-overlay\"><\/div>\n\t\t\t<\/div>\n\t\t\t\t\t\t\t<div class=\"elementor-cta__content\">\n\t\t\t\t\n\t\t\t\t\t\t\t\t\t<h2 class=\"elementor-cta__title elementor-cta__content-item elementor-content-item\">\n\t\t\t\t\t\tPrenez contact\t\t\t\t\t<\/h2>\n\t\t\t\t\n\t\t\t\t\t\t\t\t\t<div class=\"elementor-cta__description elementor-cta__content-item elementor-content-item\">\n\t\t\t\t\t\t<p>Contactez Trojan Lighting pour obtenir des conseils d'experts sur votre projet.<\/p>\n\t\t\t\t\t<\/div>\n\t\t\t\t\n\t\t\t\t\t\t\t\t\t<div class=\"elementor-cta__button-wrapper elementor-cta__content-item elementor-content-item \">\n\t\t\t\t\t<a class=\"elementor-cta__button elementor-button elementor-size-\" href=\"https:\/\/trojan-lighting.co.uk\/fr\/contact\/\">\n\t\t\t\t\t\tPrenez contact\t\t\t\t\t<\/a>\n\t\t\t\t\t<\/div>\n\t\t\t\t\t\t\t<\/div>\n\t\t\t\t\t\t<\/div>\n\t\t\t\t\t\t<\/div>\n\t\t\t\t<\/div>\n\t\t\t\t\t<\/div>\n\t\t<\/div>\n\t\t\t\t\t<\/div>\n\t\t<\/section>\n\t\t\t\t<\/div>\n\t\t","protected":false},"excerpt":{"rendered":"<p>Notre gamme de produits et de services est sp\u00e9cialement con\u00e7ue pour r\u00e9pondre aux besoins uniques des h\u00f4pitaux, garantissant un environnement s\u00fbr et bien \u00e9clair\u00e9, m\u00eame dans les situations les plus difficiles.<\/p>\n","protected":false},"author":5647,"featured_media":12130,"parent":22113,"menu_order":0,"comment_status":"closed","ping_status":"closed","template":"","meta":{"_acf_changed":false,"footnotes":""},"categories":[],"tags":[],"class_list":["post-17272","page","type-page","status-publish","has-post-thumbnail","hentry"],"acf":[],"yoast_head":"<!-- This site is optimized with the Yoast SEO plugin v27.4 - https:\/\/yoast.com\/product\/yoast-seo-wordpress\/ -->\n<title>\u00c9clairage de secours pour les h\u00f4pitaux - Trojan Lighting Solutions<\/title>\n<meta name=\"description\" content=\"Notre gamme de produits est sp\u00e9cialement con\u00e7ue pour r\u00e9pondre aux besoins uniques des h\u00f4pitaux, garantissant un environnement s\u00fbr et bien \u00e9clair\u00e9.\" \/>\n<meta name=\"robots\" content=\"index, follow, max-snippet:-1, max-image-preview:large, max-video-preview:-1\" \/>\n<link rel=\"canonical\" href=\"https:\/\/trojan-lighting.co.uk\/fr\/secteurs\/eclairage-de-secours-pour-les-hopitaux\/\" \/>\n<meta property=\"og:locale\" content=\"fr_FR\" \/>\n<meta property=\"og:type\" content=\"article\" \/>\n<meta property=\"og:title\" content=\"\u00c9clairage de secours pour les h\u00f4pitaux - Trojan Lighting Solutions\" \/>\n<meta property=\"og:description\" content=\"Notre gamme de produits est sp\u00e9cialement con\u00e7ue pour r\u00e9pondre aux besoins uniques des h\u00f4pitaux, garantissant un environnement s\u00fbr et bien \u00e9clair\u00e9.\" \/>\n<meta property=\"og:url\" content=\"https:\/\/trojan-lighting.co.uk\/fr\/secteurs\/eclairage-de-secours-pour-les-hopitaux\/\" \/>\n<meta property=\"og:site_name\" content=\"Solutions d\u2019\u00e9clairage intelligentes Trojan\" \/>\n<meta property=\"article:modified_time\" content=\"2024-11-20T10:40:31+00:00\" \/>\n<meta property=\"og:image\" content=\"https:\/\/trojan-lighting.co.uk\/wp-content\/uploads\/2023\/11\/hallgate-image.png\" \/>\n\t<meta property=\"og:image:width\" content=\"947\" \/>\n\t<meta property=\"og:image:height\" content=\"673\" \/>\n\t<meta property=\"og:image:type\" content=\"image\/png\" \/>\n<meta name=\"twitter:card\" content=\"summary_large_image\" \/>\n<script type=\"application\/ld+json\" class=\"yoast-schema-graph\">{\"@context\":\"https:\\\/\\\/schema.org\",\"@graph\":[{\"@type\":\"WebPage\",\"@id\":\"https:\\\/\\\/trojan-lighting.co.uk\\\/fr\\\/secteurs\\\/eclairage-de-secours-pour-les-hopitaux\\\/\",\"url\":\"https:\\\/\\\/trojan-lighting.co.uk\\\/fr\\\/secteurs\\\/eclairage-de-secours-pour-les-hopitaux\\\/\",\"name\":\"\u00c9clairage de secours pour les h\u00f4pitaux - Trojan Lighting Solutions\",\"isPartOf\":{\"@id\":\"https:\\\/\\\/trojan-lighting.co.uk\\\/#website\"},\"primaryImageOfPage\":{\"@id\":\"https:\\\/\\\/trojan-lighting.co.uk\\\/fr\\\/secteurs\\\/eclairage-de-secours-pour-les-hopitaux\\\/#primaryimage\"},\"image\":{\"@id\":\"https:\\\/\\\/trojan-lighting.co.uk\\\/fr\\\/secteurs\\\/eclairage-de-secours-pour-les-hopitaux\\\/#primaryimage\"},\"thumbnailUrl\":\"https:\\\/\\\/trojan-lighting.co.uk\\\/wp-content\\\/uploads\\\/2023\\\/11\\\/hallgate-image-png.webp\",\"datePublished\":\"2024-01-15T15:18:27+00:00\",\"dateModified\":\"2024-11-20T10:40:31+00:00\",\"description\":\"Notre gamme de produits est sp\u00e9cialement con\u00e7ue pour r\u00e9pondre aux besoins uniques des h\u00f4pitaux, garantissant un environnement s\u00fbr et bien \u00e9clair\u00e9.\",\"breadcrumb\":{\"@id\":\"https:\\\/\\\/trojan-lighting.co.uk\\\/fr\\\/secteurs\\\/eclairage-de-secours-pour-les-hopitaux\\\/#breadcrumb\"},\"inLanguage\":\"fr-FR\",\"potentialAction\":[{\"@type\":\"ReadAction\",\"target\":[\"https:\\\/\\\/trojan-lighting.co.uk\\\/fr\\\/secteurs\\\/eclairage-de-secours-pour-les-hopitaux\\\/\"]}]},{\"@type\":\"ImageObject\",\"inLanguage\":\"fr-FR\",\"@id\":\"https:\\\/\\\/trojan-lighting.co.uk\\\/fr\\\/secteurs\\\/eclairage-de-secours-pour-les-hopitaux\\\/#primaryimage\",\"url\":\"https:\\\/\\\/trojan-lighting.co.uk\\\/wp-content\\\/uploads\\\/2023\\\/11\\\/hallgate-image-png.webp\",\"contentUrl\":\"https:\\\/\\\/trojan-lighting.co.uk\\\/wp-content\\\/uploads\\\/2023\\\/11\\\/hallgate-image-png.webp\",\"width\":947,\"height\":673},{\"@type\":\"BreadcrumbList\",\"@id\":\"https:\\\/\\\/trojan-lighting.co.uk\\\/fr\\\/secteurs\\\/eclairage-de-secours-pour-les-hopitaux\\\/#breadcrumb\",\"itemListElement\":[{\"@type\":\"ListItem\",\"position\":1,\"name\":\"Accueil\",\"item\":\"https:\\\/\\\/trojan-lighting.co.uk\\\/fr\\\/accueil\\\/\"},{\"@type\":\"ListItem\",\"position\":2,\"name\":\"Secteurs\",\"item\":\"https:\\\/\\\/trojan-lighting.co.uk\\\/fr\\\/secteurs\\\/\"},{\"@type\":\"ListItem\",\"position\":3,\"name\":\"\u00c9clairage de secours pour les h\u00f4pitaux\"}]},{\"@type\":\"WebSite\",\"@id\":\"https:\\\/\\\/trojan-lighting.co.uk\\\/#website\",\"url\":\"https:\\\/\\\/trojan-lighting.co.uk\\\/\",\"name\":\"Solutions d\u2019\u00e9clairage intelligentes Trojan\",\"description\":\"\u00c0 la pointe des solutions d'\u00e9clairage\",\"publisher\":{\"@id\":\"https:\\\/\\\/trojan-lighting.co.uk\\\/#organization\"},\"potentialAction\":[{\"@type\":\"SearchAction\",\"target\":{\"@type\":\"EntryPoint\",\"urlTemplate\":\"https:\\\/\\\/trojan-lighting.co.uk\\\/?s={search_term_string}\"},\"query-input\":{\"@type\":\"PropertyValueSpecification\",\"valueRequired\":true,\"valueName\":\"search_term_string\"}}],\"inLanguage\":\"fr-FR\"},{\"@type\":\"Organization\",\"@id\":\"https:\\\/\\\/trojan-lighting.co.uk\\\/#organization\",\"name\":\"\u00c9clairage troyen\",\"url\":\"https:\\\/\\\/trojan-lighting.co.uk\\\/\",\"logo\":{\"@type\":\"ImageObject\",\"inLanguage\":\"fr-FR\",\"@id\":\"https:\\\/\\\/trojan-lighting.co.uk\\\/#\\\/schema\\\/logo\\\/image\\\/\",\"url\":\"https:\\\/\\\/trojan-lighting.co.uk\\\/wp-content\\\/uploads\\\/2023\\\/03\\\/trojan_2-02-favicon-png.webp\",\"contentUrl\":\"https:\\\/\\\/trojan-lighting.co.uk\\\/wp-content\\\/uploads\\\/2023\\\/03\\\/trojan_2-02-favicon-png.webp\",\"width\":780,\"height\":780,\"caption\":\"\u00c9clairage troyen\"},\"image\":{\"@id\":\"https:\\\/\\\/trojan-lighting.co.uk\\\/#\\\/schema\\\/logo\\\/image\\\/\"},\"sameAs\":[\"https:\\\/\\\/www.linkedin.com\\\/company\\\/trojan-lighting-solutions-limited\\\/\"]}]}<\/script>\n<!-- \/ Yoast SEO plugin. -->","yoast_head_json":{"title":"\u00c9clairage de secours pour les h\u00f4pitaux - Trojan Lighting Solutions","description":"Notre gamme de produits est sp\u00e9cialement con\u00e7ue pour r\u00e9pondre aux besoins uniques des h\u00f4pitaux, garantissant un environnement s\u00fbr et bien \u00e9clair\u00e9.","robots":{"index":"index","follow":"follow","max-snippet":"max-snippet:-1","max-image-preview":"max-image-preview:large","max-video-preview":"max-video-preview:-1"},"canonical":"https:\/\/trojan-lighting.co.uk\/fr\/secteurs\/eclairage-de-secours-pour-les-hopitaux\/","og_locale":"fr_FR","og_type":"article","og_title":"\u00c9clairage de secours pour les h\u00f4pitaux - Trojan Lighting Solutions","og_description":"Notre gamme de produits est sp\u00e9cialement con\u00e7ue pour r\u00e9pondre aux besoins uniques des h\u00f4pitaux, garantissant un environnement s\u00fbr et bien \u00e9clair\u00e9.","og_url":"https:\/\/trojan-lighting.co.uk\/fr\/secteurs\/eclairage-de-secours-pour-les-hopitaux\/","og_site_name":"Solutions d\u2019\u00e9clairage intelligentes Trojan","article_modified_time":"2024-11-20T10:40:31+00:00","og_image":[{"width":947,"height":673,"url":"https:\/\/trojan-lighting.co.uk\/wp-content\/uploads\/2023\/11\/hallgate-image.png","type":"image\/png"}],"twitter_card":"summary_large_image","schema":{"@context":"https:\/\/schema.org","@graph":[{"@type":"WebPage","@id":"https:\/\/trojan-lighting.co.uk\/fr\/secteurs\/eclairage-de-secours-pour-les-hopitaux\/","url":"https:\/\/trojan-lighting.co.uk\/fr\/secteurs\/eclairage-de-secours-pour-les-hopitaux\/","name":"\u00c9clairage de secours pour les h\u00f4pitaux - Trojan Lighting Solutions","isPartOf":{"@id":"https:\/\/trojan-lighting.co.uk\/#website"},"primaryImageOfPage":{"@id":"https:\/\/trojan-lighting.co.uk\/fr\/secteurs\/eclairage-de-secours-pour-les-hopitaux\/#primaryimage"},"image":{"@id":"https:\/\/trojan-lighting.co.uk\/fr\/secteurs\/eclairage-de-secours-pour-les-hopitaux\/#primaryimage"},"thumbnailUrl":"https:\/\/trojan-lighting.co.uk\/wp-content\/uploads\/2023\/11\/hallgate-image-png.webp","datePublished":"2024-01-15T15:18:27+00:00","dateModified":"2024-11-20T10:40:31+00:00","description":"Notre gamme de produits est sp\u00e9cialement con\u00e7ue pour r\u00e9pondre aux besoins uniques des h\u00f4pitaux, garantissant un environnement s\u00fbr et bien \u00e9clair\u00e9.","breadcrumb":{"@id":"https:\/\/trojan-lighting.co.uk\/fr\/secteurs\/eclairage-de-secours-pour-les-hopitaux\/#breadcrumb"},"inLanguage":"fr-FR","potentialAction":[{"@type":"ReadAction","target":["https:\/\/trojan-lighting.co.uk\/fr\/secteurs\/eclairage-de-secours-pour-les-hopitaux\/"]}]},{"@type":"ImageObject","inLanguage":"fr-FR","@id":"https:\/\/trojan-lighting.co.uk\/fr\/secteurs\/eclairage-de-secours-pour-les-hopitaux\/#primaryimage","url":"https:\/\/trojan-lighting.co.uk\/wp-content\/uploads\/2023\/11\/hallgate-image-png.webp","contentUrl":"https:\/\/trojan-lighting.co.uk\/wp-content\/uploads\/2023\/11\/hallgate-image-png.webp","width":947,"height":673},{"@type":"BreadcrumbList","@id":"https:\/\/trojan-lighting.co.uk\/fr\/secteurs\/eclairage-de-secours-pour-les-hopitaux\/#breadcrumb","itemListElement":[{"@type":"ListItem","position":1,"name":"Accueil","item":"https:\/\/trojan-lighting.co.uk\/fr\/accueil\/"},{"@type":"ListItem","position":2,"name":"Secteurs","item":"https:\/\/trojan-lighting.co.uk\/fr\/secteurs\/"},{"@type":"ListItem","position":3,"name":"\u00c9clairage de secours pour les h\u00f4pitaux"}]},{"@type":"WebSite","@id":"https:\/\/trojan-lighting.co.uk\/#website","url":"https:\/\/trojan-lighting.co.uk\/","name":"Solutions d\u2019\u00e9clairage intelligentes Trojan","description":"\u00c0 la pointe des solutions d'\u00e9clairage","publisher":{"@id":"https:\/\/trojan-lighting.co.uk\/#organization"},"potentialAction":[{"@type":"SearchAction","target":{"@type":"EntryPoint","urlTemplate":"https:\/\/trojan-lighting.co.uk\/?s={search_term_string}"},"query-input":{"@type":"PropertyValueSpecification","valueRequired":true,"valueName":"search_term_string"}}],"inLanguage":"fr-FR"},{"@type":"Organization","@id":"https:\/\/trojan-lighting.co.uk\/#organization","name":"\u00c9clairage troyen","url":"https:\/\/trojan-lighting.co.uk\/","logo":{"@type":"ImageObject","inLanguage":"fr-FR","@id":"https:\/\/trojan-lighting.co.uk\/#\/schema\/logo\/image\/","url":"https:\/\/trojan-lighting.co.uk\/wp-content\/uploads\/2023\/03\/trojan_2-02-favicon-png.webp","contentUrl":"https:\/\/trojan-lighting.co.uk\/wp-content\/uploads\/2023\/03\/trojan_2-02-favicon-png.webp","width":780,"height":780,"caption":"\u00c9clairage troyen"},"image":{"@id":"https:\/\/trojan-lighting.co.uk\/#\/schema\/logo\/image\/"},"sameAs":["https:\/\/www.linkedin.com\/company\/trojan-lighting-solutions-limited\/"]}]}},"_links":{"self":[{"href":"https:\/\/trojan-lighting.co.uk\/fr\/wp-json\/wp\/v2\/pages\/17272","targetHints":{"allow":["GET"]}}],"collection":[{"href":"https:\/\/trojan-lighting.co.uk\/fr\/wp-json\/wp\/v2\/pages"}],"about":[{"href":"https:\/\/trojan-lighting.co.uk\/fr\/wp-json\/wp\/v2\/types\/page"}],"author":[{"embeddable":true,"href":"https:\/\/trojan-lighting.co.uk\/fr\/wp-json\/wp\/v2\/users\/5647"}],"replies":[{"embeddable":true,"href":"https:\/\/trojan-lighting.co.uk\/fr\/wp-json\/wp\/v2\/comments?post=17272"}],"version-history":[{"count":0,"href":"https:\/\/trojan-lighting.co.uk\/fr\/wp-json\/wp\/v2\/pages\/17272\/revisions"}],"up":[{"embeddable":true,"href":"https:\/\/trojan-lighting.co.uk\/fr\/wp-json\/wp\/v2\/pages\/22113"}],"wp:featuredmedia":[{"embeddable":true,"href":"https:\/\/trojan-lighting.co.uk\/fr\/wp-json\/wp\/v2\/media\/12130"}],"wp:attachment":[{"href":"https:\/\/trojan-lighting.co.uk\/fr\/wp-json\/wp\/v2\/media?parent=17272"}],"wp:term":[{"taxonomy":"category","embeddable":true,"href":"https:\/\/trojan-lighting.co.uk\/fr\/wp-json\/wp\/v2\/categories?post=17272"},{"taxonomy":"post_tag","embeddable":true,"href":"https:\/\/trojan-lighting.co.uk\/fr\/wp-json\/wp\/v2\/tags?post=17272"}],"curies":[{"name":"wp","href":"https:\/\/api.w.org\/{rel}","templated":true}]}}