{"id":18077,"date":"2024-01-21T10:24:22","date_gmt":"2024-01-21T10:24:22","guid":{"rendered":"https:\/\/trojan-lighting.co.uk\/eclairage-anti-ligature\/"},"modified":"2024-11-20T10:26:45","modified_gmt":"2024-11-20T10:26:45","slug":"eclairage-anti-ligature","status":"publish","type":"page","link":"https:\/\/trojan-lighting.co.uk\/fr\/eclairage-anti-ligature\/","title":{"rendered":"Eclairage anti-ligature"},"content":{"rendered":"\t\t<div data-elementor-type=\"wp-post\" data-elementor-id=\"18077\" class=\"elementor elementor-18077 elementor-2447\" data-elementor-post-type=\"page\">\n\t\t\t\t\t\t<section class=\"elementor-section elementor-top-section elementor-element elementor-element-b20a8e1 elementor-section-full_width elementor-section-height-min-height animated-slow elementor-section-height-default elementor-section-items-middle elementor-invisible\" data-id=\"b20a8e1\" data-element_type=\"section\" data-e-type=\"section\" data-settings=\"{&quot;background_background&quot;:&quot;classic&quot;,&quot;animation&quot;:&quot;fadeIn&quot;}\">\n\t\t\t\t\t\t\t<div class=\"elementor-background-overlay\"><\/div>\n\t\t\t\t\t\t\t<div class=\"elementor-container elementor-column-gap-default\">\n\t\t\t\t\t<div class=\"elementor-column elementor-col-100 elementor-top-column elementor-element elementor-element-6451cf5b\" data-id=\"6451cf5b\" data-element_type=\"column\" data-e-type=\"column\">\n\t\t\t<div class=\"elementor-widget-wrap elementor-element-populated\">\n\t\t\t\t\t\t<div class=\"elementor-element elementor-element-16fc47f2 elementor-widget elementor-widget-heading\" data-id=\"16fc47f2\" data-element_type=\"widget\" data-e-type=\"widget\" data-widget_type=\"heading.default\">\n\t\t\t\t<div class=\"elementor-widget-container\">\n\t\t\t\t\t<h1 class=\"elementor-heading-title elementor-size-default\">Eclairage anti-ligature<\/h1>\t\t\t\t<\/div>\n\t\t\t\t<\/div>\n\t\t\t\t\t<\/div>\n\t\t<\/div>\n\t\t\t\t\t<\/div>\n\t\t<\/section>\n\t\t\t\t<section class=\"elementor-section elementor-top-section elementor-element elementor-element-15058bb elementor-section-boxed elementor-section-height-default elementor-section-height-default\" data-id=\"15058bb\" data-element_type=\"section\" data-e-type=\"section\">\n\t\t\t\t\t\t<div class=\"elementor-container elementor-column-gap-default\">\n\t\t\t\t\t<div class=\"elementor-column elementor-col-100 elementor-top-column elementor-element elementor-element-bc3dfff\" data-id=\"bc3dfff\" data-element_type=\"column\" data-e-type=\"column\">\n\t\t\t<div class=\"elementor-widget-wrap elementor-element-populated\">\n\t\t\t\t\t\t<div class=\"elementor-element elementor-element-c888f9e elementor-widget elementor-widget-text-editor\" data-id=\"c888f9e\" data-element_type=\"widget\" data-e-type=\"widget\" data-widget_type=\"text-editor.default\">\n\t\t\t\t<div class=\"elementor-widget-container\">\n\t\t\t\t\t\t\t\t\t<p>D\u00e9couvrez la gamme d&rsquo;\u00e9clairages anti-ligature des Solutions d&rsquo;\u00e9clairage Trojan &#8211; une solution ax\u00e9e sur la s\u00e9curit\u00e9 con\u00e7ue pour les environnements o\u00f9 la s\u00e9curit\u00e9 est primordiale. Con\u00e7us avec le souci du d\u00e9tail, nos \u00e9clairages anti-ligature donnent la priorit\u00e9 \u00e0 la s\u00e9curit\u00e9 en minimisant les points de ligature. Id\u00e9ale pour les installations s\u00e9curis\u00e9es telles que les \u00e9tablissements de sant\u00e9 et les \u00e9tablissements p\u00e9nitentiaires, la gamme d&rsquo;\u00e9clairage anti-ligature de Trojan allie fonctionnalit\u00e9 et bien-\u00eatre de l&rsquo;utilisateur.  <\/p>\n\t\t\t\t\t\t\t\t<\/div>\n\t\t\t\t<\/div>\n\t\t\t\t\t<\/div>\n\t\t<\/div>\n\t\t\t\t\t<\/div>\n\t\t<\/section>\n\t\t<div class=\"elementor-element elementor-element-8b3383a e-grid e-con-boxed e-con e-parent\" data-id=\"8b3383a\" data-element_type=\"container\" data-e-type=\"container\">\n\t\t\t\t\t<div class=\"e-con-inner\">\n\t\t\t\t<div class=\"elementor-element elementor-element-754aa104 elementor-posts--align-center elementor-widget__width-initial elementor-grid-3 elementor-grid-tablet-2 elementor-grid-mobile-1 elementor-posts--thumbnail-top elementor-widget elementor-widget-posts\" data-id=\"754aa104\" data-element_type=\"widget\" data-e-type=\"widget\" data-settings=\"{&quot;classic_columns&quot;:&quot;3&quot;,&quot;classic_columns_tablet&quot;:&quot;2&quot;,&quot;classic_columns_mobile&quot;:&quot;1&quot;,&quot;classic_row_gap&quot;:{&quot;unit&quot;:&quot;px&quot;,&quot;size&quot;:35,&quot;sizes&quot;:[]},&quot;classic_row_gap_widescreen&quot;:{&quot;unit&quot;:&quot;px&quot;,&quot;size&quot;:&quot;&quot;,&quot;sizes&quot;:[]},&quot;classic_row_gap_laptop&quot;:{&quot;unit&quot;:&quot;px&quot;,&quot;size&quot;:&quot;&quot;,&quot;sizes&quot;:[]},&quot;classic_row_gap_tablet_extra&quot;:{&quot;unit&quot;:&quot;px&quot;,&quot;size&quot;:&quot;&quot;,&quot;sizes&quot;:[]},&quot;classic_row_gap_tablet&quot;:{&quot;unit&quot;:&quot;px&quot;,&quot;size&quot;:&quot;&quot;,&quot;sizes&quot;:[]},&quot;classic_row_gap_mobile_extra&quot;:{&quot;unit&quot;:&quot;px&quot;,&quot;size&quot;:&quot;&quot;,&quot;sizes&quot;:[]},&quot;classic_row_gap_mobile&quot;:{&quot;unit&quot;:&quot;px&quot;,&quot;size&quot;:&quot;&quot;,&quot;sizes&quot;:[]}}\" data-widget_type=\"posts.classic\">\n\t\t\t\t<div class=\"elementor-widget-container\">\n\t\t\t\t\t\t\t<div class=\"elementor-posts-container elementor-posts elementor-posts--skin-classic elementor-grid\" role=\"list\">\n\t\t\t\t<article class=\"elementor-post elementor-grid-item post-22045 page type-page status-publish has-post-thumbnail hentry tag-anti-ligature-lighting\" role=\"listitem\">\n\t\t\t\t<a class=\"elementor-post__thumbnail__link\" href=\"https:\/\/trojan-lighting.co.uk\/fr\/gamme-commerciale-a-encastrer-et-a-fixer-au-mur\/gamme-earhart\/\" tabindex=\"-1\" >\n\t\t\t<div class=\"elementor-post__thumbnail\"><img fetchpriority=\"high\" decoding=\"async\" width=\"300\" height=\"300\" src=\"https:\/\/trojan-lighting.co.uk\/wp-content\/uploads\/2025\/05\/earhart-300x300.webp\" class=\"attachment-medium size-medium wp-image-39028\" alt=\"earhart bulkhead\" srcset=\"https:\/\/trojan-lighting.co.uk\/wp-content\/uploads\/2025\/05\/earhart-300x300.webp 300w, https:\/\/trojan-lighting.co.uk\/wp-content\/uploads\/2025\/05\/earhart-150x150.webp 150w, https:\/\/trojan-lighting.co.uk\/wp-content\/uploads\/2025\/05\/earhart-100x100.webp 100w, https:\/\/trojan-lighting.co.uk\/wp-content\/uploads\/2025\/05\/earhart.webp 500w\" sizes=\"(max-width: 300px) 100vw, 300px\" \/><\/div>\n\t\t<\/a>\n\t\t\t\t<div class=\"elementor-post__text\">\n\t\t\t\t<h3 class=\"elementor-post__title\">\n\t\t\t<a href=\"https:\/\/trojan-lighting.co.uk\/fr\/gamme-commerciale-a-encastrer-et-a-fixer-au-mur\/gamme-earhart\/\" >\n\t\t\t\tGamme Earhart\t\t\t<\/a>\n\t\t<\/h3>\n\t\t\t\t<\/div>\n\t\t\t\t<\/article>\n\t\t\t\t<\/div>\n\t\t\n\t\t\t\t\t\t<\/div>\n\t\t\t\t<\/div>\n\t\t\t\t\t<\/div>\n\t\t\t\t<\/div>\n\t\t\t\t<section class=\"elementor-section elementor-top-section elementor-element elementor-element-5a5a7bc7 elementor-section-boxed elementor-section-height-default elementor-section-height-default\" data-id=\"5a5a7bc7\" data-element_type=\"section\" data-e-type=\"section\">\n\t\t\t\t\t\t<div class=\"elementor-container elementor-column-gap-default\">\n\t\t\t\t\t<div class=\"elementor-column elementor-col-100 elementor-top-column elementor-element elementor-element-783100c3\" data-id=\"783100c3\" data-element_type=\"column\" data-e-type=\"column\">\n\t\t\t<div class=\"elementor-widget-wrap elementor-element-populated\">\n\t\t\t\t\t\t<div class=\"elementor-element elementor-element-22fb610a elementor-widget elementor-widget-spacer\" data-id=\"22fb610a\" data-element_type=\"widget\" data-e-type=\"widget\" data-widget_type=\"spacer.default\">\n\t\t\t\t<div class=\"elementor-widget-container\">\n\t\t\t\t\t\t\t<div class=\"elementor-spacer\">\n\t\t\t<div class=\"elementor-spacer-inner\"><\/div>\n\t\t<\/div>\n\t\t\t\t\t\t<\/div>\n\t\t\t\t<\/div>\n\t\t\t\t<div class=\"elementor-element elementor-element-5c3cca37 elementor-cta--skin-classic elementor-animated-content elementor-widget elementor-widget-global elementor-global-22576 elementor-global-353 elementor-widget-call-to-action\" data-id=\"5c3cca37\" data-element_type=\"widget\" data-e-type=\"widget\" data-widget_type=\"call-to-action.default\">\n\t\t\t\t<div class=\"elementor-widget-container\">\n\t\t\t\t\t\t\t<div class=\"elementor-cta\">\n\t\t\t\t\t<div class=\"elementor-cta__bg-wrapper\">\n\t\t\t\t<div class=\"elementor-cta__bg elementor-bg\" style=\"background-image: url(https:\/\/trojan-lighting.co.uk\/wp-content\/uploads\/2023\/03\/pexels-francesco-ungaro-96381.webp);\" role=\"img\" aria-label=\"Circular lights\"><\/div>\n\t\t\t\t<div class=\"elementor-cta__bg-overlay\"><\/div>\n\t\t\t<\/div>\n\t\t\t\t\t\t\t<div class=\"elementor-cta__content\">\n\t\t\t\t\n\t\t\t\t\t\t\t\t\t<h2 class=\"elementor-cta__title elementor-cta__content-item elementor-content-item\">\n\t\t\t\t\t\tPrenez contact\t\t\t\t\t<\/h2>\n\t\t\t\t\n\t\t\t\t\t\t\t\t\t<div class=\"elementor-cta__description elementor-cta__content-item elementor-content-item\">\n\t\t\t\t\t\t<p>Contactez Trojan Lighting pour obtenir des conseils d'experts sur votre projet.<\/p>\n\t\t\t\t\t<\/div>\n\t\t\t\t\n\t\t\t\t\t\t\t\t\t<div class=\"elementor-cta__button-wrapper elementor-cta__content-item elementor-content-item \">\n\t\t\t\t\t<a class=\"elementor-cta__button elementor-button elementor-size-\" href=\"https:\/\/trojan-lighting.co.uk\/fr\/contact\/\">\n\t\t\t\t\t\tPrenez contact\t\t\t\t\t<\/a>\n\t\t\t\t\t<\/div>\n\t\t\t\t\t\t\t<\/div>\n\t\t\t\t\t\t<\/div>\n\t\t\t\t\t\t<\/div>\n\t\t\t\t<\/div>\n\t\t\t\t\t<\/div>\n\t\t<\/div>\n\t\t\t\t\t<\/div>\n\t\t<\/section>\n\t\t\t\t<\/div>\n\t\t","protected":false},"excerpt":{"rendered":"<p>D\u00e9couvrez la gamme d&rsquo;\u00e9clairage anti-ligature des Solutions d&rsquo;\u00e9clairage Trojan &#8211; une solution ax\u00e9e sur la s\u00e9curit\u00e9 con\u00e7ue pour les environnements o\u00f9 la s\u00e9curit\u00e9 est primordiale.<\/p>\n","protected":false},"author":5647,"featured_media":12424,"parent":0,"menu_order":0,"comment_status":"closed","ping_status":"closed","template":"","meta":{"_acf_changed":false,"footnotes":""},"categories":[],"tags":[],"class_list":["post-18077","page","type-page","status-publish","has-post-thumbnail","hentry"],"acf":[],"yoast_head":"<!-- This site is optimized with the Yoast SEO plugin v27.3 - https:\/\/yoast.com\/product\/yoast-seo-wordpress\/ -->\n<title>Eclairage anti-ligature - Solutions d\u2019\u00e9clairage intelligentes Trojan<\/title>\n<meta name=\"robots\" content=\"index, follow, max-snippet:-1, max-image-preview:large, max-video-preview:-1\" \/>\n<link rel=\"canonical\" href=\"https:\/\/trojan-lighting.co.uk\/fr\/eclairage-anti-ligature\/\" \/>\n<meta property=\"og:locale\" content=\"fr_FR\" \/>\n<meta property=\"og:type\" content=\"article\" \/>\n<meta property=\"og:title\" content=\"Eclairage anti-ligature - Solutions d\u2019\u00e9clairage intelligentes Trojan\" \/>\n<meta property=\"og:description\" content=\"D\u00e9couvrez la gamme d&#039;\u00e9clairage anti-ligature des Solutions d&#039;\u00e9clairage Trojan - une solution ax\u00e9e sur la s\u00e9curit\u00e9 con\u00e7ue pour les environnements o\u00f9 la s\u00e9curit\u00e9 est primordiale.\" \/>\n<meta property=\"og:url\" content=\"https:\/\/trojan-lighting.co.uk\/fr\/eclairage-anti-ligature\/\" \/>\n<meta property=\"og:site_name\" content=\"Solutions d\u2019\u00e9clairage intelligentes Trojan\" \/>\n<meta property=\"article:modified_time\" content=\"2024-11-20T10:26:45+00:00\" \/>\n<meta property=\"og:image\" content=\"https:\/\/trojan-lighting.co.uk\/wp-content\/uploads\/2024\/01\/Essington-AL-image.png\" \/>\n\t<meta property=\"og:image:width\" content=\"802\" \/>\n\t<meta property=\"og:image:height\" content=\"461\" \/>\n\t<meta property=\"og:image:type\" content=\"image\/png\" \/>\n<meta name=\"twitter:card\" content=\"summary_large_image\" \/>\n<script type=\"application\/ld+json\" class=\"yoast-schema-graph\">{\"@context\":\"https:\\\/\\\/schema.org\",\"@graph\":[{\"@type\":\"WebPage\",\"@id\":\"https:\\\/\\\/trojan-lighting.co.uk\\\/fr\\\/eclairage-anti-ligature\\\/\",\"url\":\"https:\\\/\\\/trojan-lighting.co.uk\\\/fr\\\/eclairage-anti-ligature\\\/\",\"name\":\"Eclairage anti-ligature - Solutions d\u2019\u00e9clairage intelligentes Trojan\",\"isPartOf\":{\"@id\":\"https:\\\/\\\/trojan-lighting.co.uk\\\/#website\"},\"primaryImageOfPage\":{\"@id\":\"https:\\\/\\\/trojan-lighting.co.uk\\\/fr\\\/eclairage-anti-ligature\\\/#primaryimage\"},\"image\":{\"@id\":\"https:\\\/\\\/trojan-lighting.co.uk\\\/fr\\\/eclairage-anti-ligature\\\/#primaryimage\"},\"thumbnailUrl\":\"https:\\\/\\\/trojan-lighting.co.uk\\\/wp-content\\\/uploads\\\/2024\\\/01\\\/Essington-AL-image-png.webp\",\"datePublished\":\"2024-01-21T10:24:22+00:00\",\"dateModified\":\"2024-11-20T10:26:45+00:00\",\"breadcrumb\":{\"@id\":\"https:\\\/\\\/trojan-lighting.co.uk\\\/fr\\\/eclairage-anti-ligature\\\/#breadcrumb\"},\"inLanguage\":\"fr-FR\",\"potentialAction\":[{\"@type\":\"ReadAction\",\"target\":[\"https:\\\/\\\/trojan-lighting.co.uk\\\/fr\\\/eclairage-anti-ligature\\\/\"]}]},{\"@type\":\"ImageObject\",\"inLanguage\":\"fr-FR\",\"@id\":\"https:\\\/\\\/trojan-lighting.co.uk\\\/fr\\\/eclairage-anti-ligature\\\/#primaryimage\",\"url\":\"https:\\\/\\\/trojan-lighting.co.uk\\\/wp-content\\\/uploads\\\/2024\\\/01\\\/Essington-AL-image-png.webp\",\"contentUrl\":\"https:\\\/\\\/trojan-lighting.co.uk\\\/wp-content\\\/uploads\\\/2024\\\/01\\\/Essington-AL-image-png.webp\",\"width\":802,\"height\":461,\"caption\":\"Essington lighting range\"},{\"@type\":\"BreadcrumbList\",\"@id\":\"https:\\\/\\\/trojan-lighting.co.uk\\\/fr\\\/eclairage-anti-ligature\\\/#breadcrumb\",\"itemListElement\":[{\"@type\":\"ListItem\",\"position\":1,\"name\":\"Accueil\",\"item\":\"https:\\\/\\\/trojan-lighting.co.uk\\\/fr\\\/accueil\\\/\"},{\"@type\":\"ListItem\",\"position\":2,\"name\":\"Eclairage anti-ligature\"}]},{\"@type\":\"WebSite\",\"@id\":\"https:\\\/\\\/trojan-lighting.co.uk\\\/#website\",\"url\":\"https:\\\/\\\/trojan-lighting.co.uk\\\/\",\"name\":\"Solutions d\u2019\u00e9clairage intelligentes Trojan\",\"description\":\"\u00c0 la pointe des solutions d'\u00e9clairage\",\"publisher\":{\"@id\":\"https:\\\/\\\/trojan-lighting.co.uk\\\/#organization\"},\"potentialAction\":[{\"@type\":\"SearchAction\",\"target\":{\"@type\":\"EntryPoint\",\"urlTemplate\":\"https:\\\/\\\/trojan-lighting.co.uk\\\/?s={search_term_string}\"},\"query-input\":{\"@type\":\"PropertyValueSpecification\",\"valueRequired\":true,\"valueName\":\"search_term_string\"}}],\"inLanguage\":\"fr-FR\"},{\"@type\":\"Organization\",\"@id\":\"https:\\\/\\\/trojan-lighting.co.uk\\\/#organization\",\"name\":\"\u00c9clairage troyen\",\"url\":\"https:\\\/\\\/trojan-lighting.co.uk\\\/\",\"logo\":{\"@type\":\"ImageObject\",\"inLanguage\":\"fr-FR\",\"@id\":\"https:\\\/\\\/trojan-lighting.co.uk\\\/#\\\/schema\\\/logo\\\/image\\\/\",\"url\":\"https:\\\/\\\/trojan-lighting.co.uk\\\/wp-content\\\/uploads\\\/2023\\\/03\\\/trojan_2-02-favicon-png.webp\",\"contentUrl\":\"https:\\\/\\\/trojan-lighting.co.uk\\\/wp-content\\\/uploads\\\/2023\\\/03\\\/trojan_2-02-favicon-png.webp\",\"width\":780,\"height\":780,\"caption\":\"\u00c9clairage troyen\"},\"image\":{\"@id\":\"https:\\\/\\\/trojan-lighting.co.uk\\\/#\\\/schema\\\/logo\\\/image\\\/\"},\"sameAs\":[\"https:\\\/\\\/www.linkedin.com\\\/company\\\/trojan-lighting-solutions-limited\\\/\"]}]}<\/script>\n<!-- \/ Yoast SEO plugin. -->","yoast_head_json":{"title":"Eclairage anti-ligature - Solutions d\u2019\u00e9clairage intelligentes Trojan","robots":{"index":"index","follow":"follow","max-snippet":"max-snippet:-1","max-image-preview":"max-image-preview:large","max-video-preview":"max-video-preview:-1"},"canonical":"https:\/\/trojan-lighting.co.uk\/fr\/eclairage-anti-ligature\/","og_locale":"fr_FR","og_type":"article","og_title":"Eclairage anti-ligature - Solutions d\u2019\u00e9clairage intelligentes Trojan","og_description":"D\u00e9couvrez la gamme d'\u00e9clairage anti-ligature des Solutions d'\u00e9clairage Trojan - une solution ax\u00e9e sur la s\u00e9curit\u00e9 con\u00e7ue pour les environnements o\u00f9 la s\u00e9curit\u00e9 est primordiale.","og_url":"https:\/\/trojan-lighting.co.uk\/fr\/eclairage-anti-ligature\/","og_site_name":"Solutions d\u2019\u00e9clairage intelligentes Trojan","article_modified_time":"2024-11-20T10:26:45+00:00","og_image":[{"width":802,"height":461,"url":"https:\/\/trojan-lighting.co.uk\/wp-content\/uploads\/2024\/01\/Essington-AL-image.png","type":"image\/png"}],"twitter_card":"summary_large_image","schema":{"@context":"https:\/\/schema.org","@graph":[{"@type":"WebPage","@id":"https:\/\/trojan-lighting.co.uk\/fr\/eclairage-anti-ligature\/","url":"https:\/\/trojan-lighting.co.uk\/fr\/eclairage-anti-ligature\/","name":"Eclairage anti-ligature - Solutions d\u2019\u00e9clairage intelligentes Trojan","isPartOf":{"@id":"https:\/\/trojan-lighting.co.uk\/#website"},"primaryImageOfPage":{"@id":"https:\/\/trojan-lighting.co.uk\/fr\/eclairage-anti-ligature\/#primaryimage"},"image":{"@id":"https:\/\/trojan-lighting.co.uk\/fr\/eclairage-anti-ligature\/#primaryimage"},"thumbnailUrl":"https:\/\/trojan-lighting.co.uk\/wp-content\/uploads\/2024\/01\/Essington-AL-image-png.webp","datePublished":"2024-01-21T10:24:22+00:00","dateModified":"2024-11-20T10:26:45+00:00","breadcrumb":{"@id":"https:\/\/trojan-lighting.co.uk\/fr\/eclairage-anti-ligature\/#breadcrumb"},"inLanguage":"fr-FR","potentialAction":[{"@type":"ReadAction","target":["https:\/\/trojan-lighting.co.uk\/fr\/eclairage-anti-ligature\/"]}]},{"@type":"ImageObject","inLanguage":"fr-FR","@id":"https:\/\/trojan-lighting.co.uk\/fr\/eclairage-anti-ligature\/#primaryimage","url":"https:\/\/trojan-lighting.co.uk\/wp-content\/uploads\/2024\/01\/Essington-AL-image-png.webp","contentUrl":"https:\/\/trojan-lighting.co.uk\/wp-content\/uploads\/2024\/01\/Essington-AL-image-png.webp","width":802,"height":461,"caption":"Essington lighting range"},{"@type":"BreadcrumbList","@id":"https:\/\/trojan-lighting.co.uk\/fr\/eclairage-anti-ligature\/#breadcrumb","itemListElement":[{"@type":"ListItem","position":1,"name":"Accueil","item":"https:\/\/trojan-lighting.co.uk\/fr\/accueil\/"},{"@type":"ListItem","position":2,"name":"Eclairage anti-ligature"}]},{"@type":"WebSite","@id":"https:\/\/trojan-lighting.co.uk\/#website","url":"https:\/\/trojan-lighting.co.uk\/","name":"Solutions d\u2019\u00e9clairage intelligentes Trojan","description":"\u00c0 la pointe des solutions d'\u00e9clairage","publisher":{"@id":"https:\/\/trojan-lighting.co.uk\/#organization"},"potentialAction":[{"@type":"SearchAction","target":{"@type":"EntryPoint","urlTemplate":"https:\/\/trojan-lighting.co.uk\/?s={search_term_string}"},"query-input":{"@type":"PropertyValueSpecification","valueRequired":true,"valueName":"search_term_string"}}],"inLanguage":"fr-FR"},{"@type":"Organization","@id":"https:\/\/trojan-lighting.co.uk\/#organization","name":"\u00c9clairage troyen","url":"https:\/\/trojan-lighting.co.uk\/","logo":{"@type":"ImageObject","inLanguage":"fr-FR","@id":"https:\/\/trojan-lighting.co.uk\/#\/schema\/logo\/image\/","url":"https:\/\/trojan-lighting.co.uk\/wp-content\/uploads\/2023\/03\/trojan_2-02-favicon-png.webp","contentUrl":"https:\/\/trojan-lighting.co.uk\/wp-content\/uploads\/2023\/03\/trojan_2-02-favicon-png.webp","width":780,"height":780,"caption":"\u00c9clairage troyen"},"image":{"@id":"https:\/\/trojan-lighting.co.uk\/#\/schema\/logo\/image\/"},"sameAs":["https:\/\/www.linkedin.com\/company\/trojan-lighting-solutions-limited\/"]}]}},"_links":{"self":[{"href":"https:\/\/trojan-lighting.co.uk\/fr\/wp-json\/wp\/v2\/pages\/18077","targetHints":{"allow":["GET"]}}],"collection":[{"href":"https:\/\/trojan-lighting.co.uk\/fr\/wp-json\/wp\/v2\/pages"}],"about":[{"href":"https:\/\/trojan-lighting.co.uk\/fr\/wp-json\/wp\/v2\/types\/page"}],"author":[{"embeddable":true,"href":"https:\/\/trojan-lighting.co.uk\/fr\/wp-json\/wp\/v2\/users\/5647"}],"replies":[{"embeddable":true,"href":"https:\/\/trojan-lighting.co.uk\/fr\/wp-json\/wp\/v2\/comments?post=18077"}],"version-history":[{"count":0,"href":"https:\/\/trojan-lighting.co.uk\/fr\/wp-json\/wp\/v2\/pages\/18077\/revisions"}],"wp:featuredmedia":[{"embeddable":true,"href":"https:\/\/trojan-lighting.co.uk\/fr\/wp-json\/wp\/v2\/media\/12424"}],"wp:attachment":[{"href":"https:\/\/trojan-lighting.co.uk\/fr\/wp-json\/wp\/v2\/media?parent=18077"}],"wp:term":[{"taxonomy":"category","embeddable":true,"href":"https:\/\/trojan-lighting.co.uk\/fr\/wp-json\/wp\/v2\/categories?post=18077"},{"taxonomy":"post_tag","embeddable":true,"href":"https:\/\/trojan-lighting.co.uk\/fr\/wp-json\/wp\/v2\/tags?post=18077"}],"curies":[{"name":"wp","href":"https:\/\/api.w.org\/{rel}","templated":true}]}}