{"id":22122,"date":"2023-03-15T07:50:43","date_gmt":"2023-03-15T07:50:43","guid":{"rendered":"https:\/\/trojan-lighting.co.uk\/solutions-financees\/"},"modified":"2025-02-20T14:42:00","modified_gmt":"2025-02-20T14:42:00","slug":"solutions-financees","status":"publish","type":"page","link":"https:\/\/trojan-lighting.co.uk\/fr\/solutions-financees\/","title":{"rendered":"Solutions financ\u00e9es"},"content":{"rendered":"\t\t<div data-elementor-type=\"wp-post\" data-elementor-id=\"22122\" class=\"elementor elementor-22122 elementor-212\" data-elementor-post-type=\"page\">\n\t\t\t\t<div class=\"elementor-element elementor-element-afffbce e-flex e-con-boxed e-con e-parent\" data-id=\"afffbce\" data-element_type=\"container\" data-e-type=\"container\" data-settings=\"{&quot;background_background&quot;:&quot;classic&quot;}\">\n\t\t\t\t\t<div class=\"e-con-inner\">\n\t\t<div class=\"elementor-element elementor-element-760de1e6 e-con-full e-flex e-con e-child\" data-id=\"760de1e6\" data-element_type=\"container\" data-e-type=\"container\">\n\t\t\t\t<div class=\"elementor-element elementor-element-19891e06 elementor-widget elementor-widget-text-editor\" data-id=\"19891e06\" data-element_type=\"widget\" data-e-type=\"widget\" data-widget_type=\"text-editor.default\">\n\t\t\t\t<div class=\"elementor-widget-container\">\n\t\t\t\t\t\t\t\t\t<h1><strong>Solutions financ\u00e9es<\/strong><\/h1>\n\t\t\t\t\t\t\t\t<\/div>\n\t\t\t\t<\/div>\n\t\t\t\t<div class=\"elementor-element elementor-element-4e369955 elementor-widget-widescreen__width-initial elementor-widget elementor-widget-text-editor\" data-id=\"4e369955\" data-element_type=\"widget\" data-e-type=\"widget\" data-widget_type=\"text-editor.default\">\n\t\t\t\t<div class=\"elementor-widget-container\">\n\t\t\t\t\t\t\t\t\t<p>Passez \u00e0 un \u00e9clairage \u00e9conome en \u00e9nergie sans frais initiaux gr\u00e2ce aux solutions financ\u00e9es par Trojan Lighting. Nous nous sommes associ\u00e9s \u00e0 ELS pour offrir des options de location flexibles, rendant les mises \u00e0 niveau de l\u2019\u00e9clairage LED abordables. Qu\u2019il s\u2019agisse de financement de r\u00e9novations, de financement d\u2019\u00e9clairage d\u2019entreprise ou de solutions d\u2019\u00e9clairage de projet, nous vous aidons \u00e0 r\u00e9duire les co\u00fbts tout en am\u00e9liorant l\u2019efficacit\u00e9.  <\/p>\n\t\t\t\t\t\t\t\t<\/div>\n\t\t\t\t<\/div>\n\t\t\t\t<\/div>\n\t\t<div class=\"elementor-element elementor-element-75c00a81 e-con-full e-flex e-con e-child\" data-id=\"75c00a81\" data-element_type=\"container\" data-e-type=\"container\">\n\t\t\t\t<div class=\"elementor-element elementor-element-4e0e7441 elementor-widget elementor-widget-image\" data-id=\"4e0e7441\" data-element_type=\"widget\" data-e-type=\"widget\" data-widget_type=\"image.default\">\n\t\t\t\t<div class=\"elementor-widget-container\">\n\t\t\t\t\t\t\t\t\t\t\t\t\t\t\t<img fetchpriority=\"high\" decoding=\"async\" width=\"800\" height=\"259\" src=\"https:\/\/trojan-lighting.co.uk\/wp-content\/uploads\/2025\/01\/trojan_2-01-1024x332.webp\" class=\"attachment-large size-large wp-image-31896\" alt=\"trojan logo white\" srcset=\"https:\/\/trojan-lighting.co.uk\/wp-content\/uploads\/2025\/01\/trojan_2-01-1024x332.webp 1024w, https:\/\/trojan-lighting.co.uk\/wp-content\/uploads\/2025\/01\/trojan_2-01-png-600x194.webp 600w, https:\/\/trojan-lighting.co.uk\/wp-content\/uploads\/2025\/01\/trojan_2-01-300x97.webp 300w, https:\/\/trojan-lighting.co.uk\/wp-content\/uploads\/2025\/01\/trojan_2-01-768x249.webp 768w, https:\/\/trojan-lighting.co.uk\/wp-content\/uploads\/2025\/01\/trojan_2-01-1536x497.webp 1536w, https:\/\/trojan-lighting.co.uk\/wp-content\/uploads\/2025\/01\/trojan_2-01-2048x663.webp 2048w\" sizes=\"(max-width: 800px) 100vw, 800px\" \/>\t\t\t\t\t\t\t\t\t\t\t\t\t\t\t<\/div>\n\t\t\t\t<\/div>\n\t\t\t\t<div class=\"elementor-element elementor-element-9646d12 elementor-widget elementor-widget-image\" data-id=\"9646d12\" data-element_type=\"widget\" data-e-type=\"widget\" data-widget_type=\"image.default\">\n\t\t\t\t<div class=\"elementor-widget-container\">\n\t\t\t\t\t\t\t\t\t\t\t\t\t\t\t<img decoding=\"async\" width=\"800\" height=\"344\" src=\"https:\/\/trojan-lighting.co.uk\/wp-content\/uploads\/2024\/10\/els-logo-1-1024x440.png\" class=\"attachment-large size-large wp-image-19069\" alt=\"\" srcset=\"https:\/\/trojan-lighting.co.uk\/wp-content\/uploads\/2024\/10\/els-logo-1-1024x440.png 1024w, https:\/\/trojan-lighting.co.uk\/wp-content\/uploads\/2024\/10\/els-logo-1-600x258.webp 600w, https:\/\/trojan-lighting.co.uk\/wp-content\/uploads\/2024\/10\/els-logo-1-300x129.png 300w, https:\/\/trojan-lighting.co.uk\/wp-content\/uploads\/2024\/10\/els-logo-1-768x330.png 768w, https:\/\/trojan-lighting.co.uk\/wp-content\/uploads\/2024\/10\/els-logo-1-1536x659.png 1536w, https:\/\/trojan-lighting.co.uk\/wp-content\/uploads\/2024\/10\/els-logo-1-2048x879.png 2048w\" sizes=\"(max-width: 800px) 100vw, 800px\" \/>\t\t\t\t\t\t\t\t\t\t\t\t\t\t\t<\/div>\n\t\t\t\t<\/div>\n\t\t\t\t<\/div>\n\t\t\t\t\t<\/div>\n\t\t\t\t<\/div>\n\t\t<div class=\"elementor-element elementor-element-2cfb727 e-flex e-con-boxed e-con e-parent\" data-id=\"2cfb727\" data-element_type=\"container\" data-e-type=\"container\">\n\t\t\t\t\t<div class=\"e-con-inner\">\n\t\t\t\t<div class=\"elementor-element elementor-element-7471798 elementor-widget elementor-widget-text-editor\" data-id=\"7471798\" data-element_type=\"widget\" data-e-type=\"widget\" data-widget_type=\"text-editor.default\">\n\t\t\t\t<div class=\"elementor-widget-container\">\n\t\t\t\t\t\t\t\t\t<h3>Pourquoi choisir Trojan Lighting &amp; ELS ?<\/h3>\n<ul>\n<li><strong>Pas de frais initiaux<\/strong> : Commencez \u00e0 mettre \u00e0 niveau l\u2019\u00e9clairage de votre entreprise d\u00e8s aujourd\u2019hui sans aucun investissement initial. Nos solutions de location vous permettent d\u2019\u00e9taler le co\u00fbt dans le temps, ce qui facilite la gestion de votre budget tout en profitant des avantages imm\u00e9diats d\u2019un espace bien \u00e9clair\u00e9 et \u00e9conome en \u00e9nergie gr\u00e2ce \u00e0 l\u2019utilisation d\u2019un \u00e9clairage LED. Cela signifie \u00e9galement que les entreprises conservent leur capital pour d\u2019autres investissements, \u00e9vitant ainsi la pression des co\u00fbts initiaux \u00e9lev\u00e9s. Les paiements de location sont souvent d\u00e9ductibles \u00e0 100 % des imp\u00f4ts, ce qui r\u00e9duit les b\u00e9n\u00e9fices imposables et la charge financi\u00e8re globale.\n<\/li>\n<li><strong>Retours imm\u00e9diats<\/strong> : L\u2019\u00e9clairage LED peut r\u00e9duire la consommation d\u2019\u00e9nergie jusqu\u2019\u00e0 <strong>65 %,<\/strong> ce qui r\u00e9duit consid\u00e9rablement les co\u00fbts d\u2019exploitation. Gr\u00e2ce \u00e0 la r\u00e9duction des factures d\u2019\u00e9nergie, beaucoup de nos clients constatent que les \u00e9conomies r\u00e9alis\u00e9es d\u00e9passent souvent les paiements de location, ce qui rend l\u2019accord <strong>positif<\/strong> d\u00e8s le premier jour.\n<\/li>\n<li><strong>Options de location flexibles<\/strong> : Nous nous sommes associ\u00e9s \u00e0 ELS parce qu\u2019ils sont sp\u00e9cialis\u00e9s dans le financement de l\u2019\u00e9clairage LED, en proposant des accords sur mesure qui s\u2019alignent sur vos cycles budg\u00e9taires et vos objectifs financiers. Leur expertise vous permet de prendre le contr\u00f4le de la mise \u00e0 niveau tout en b\u00e9n\u00e9ficiant de solutions \u00e9co\u00e9nerg\u00e9tiques.  Les accords de location peuvent \u00eatre adapt\u00e9s aux besoins de l\u2019entreprise, ce qui permet une mise en \u0153uvre progressive sur plusieurs sites.\n<\/li>\n<li><strong>Soutenez vos objectifs de durabilit\u00e9<\/strong> : Le passage \u00e0 un \u00e9clairage LED \u00e9conome en \u00e9nergie \u00e0 l\u2019aide du financement ELS r\u00e9duit non seulement votre empreinte carbone, mais acc\u00e9l\u00e8re \u00e9galement votre progression vers les objectifs de durabilit\u00e9. En utilisant des options de financement flexibles, vous pouvez mettre \u00e0 niveau plus t\u00f4t et commencer \u00e0 contribuer \u00e0 un avenir plus vert tout en profitant d\u2019\u00e9conomies d\u2019\u00e9nergie imm\u00e9diates.\n<\/li>\n<\/ul>\n<h3>Approuv\u00e9 par la cha\u00eene d\u2019approvisionnement du NHS<\/h3>\n<p>Les partenaires financiers d\u2019ELS sont inscrits sur le NHS Finance Solutions Framework, donc si vous \u00eates une organisation du NHS, vous pouvez \u00eatre s\u00fbr que toutes les solutions de location sont fournies par un fournisseur approuv\u00e9. <\/p>\n<h3>Des solutions d\u2019\u00e9clairage qui travaillent pour vous<\/h3>\n<p>Que vous am\u00e9lioriez l\u2019\u00e9clairage d\u2019\u00e9coles, d\u2019\u00e9tablissements de soins de sant\u00e9, d\u2019espaces de vente au d\u00e9tail ou de sites industriels, notre financement de l\u2019\u00e9clairage commercial rend cela simple et abordable. De la conception \u00e0 l\u2019installation et \u00e0 l\u2019entretien, notre \u00e9quipe et ELS vous guideront \u00e0 chaque \u00e9tape du processus pour assurer une transition en douceur vers un \u00e9clairage moderne et performant. <\/p>\n<h3>Comment cela fonctionne-t-il ?<\/h3>\n<ol>\n<li> <strong> Consultation et conception<\/strong> : Nos experts \u00e9valueront votre \u00e9clairage actuel et concevront une solution sur mesure pour r\u00e9pondre \u00e0 vos besoins.<\/li>\n<li> <strong> Accord de financement<\/strong> : Avec ELS, vous \u00e9laborerez un plan de location adapt\u00e9 \u00e0 votre budget &#8211; aucun paiement initial n\u2019est requis.<\/li>\n<li> <strong> Installation et soutien continu<\/strong> : Nous nous occuperons de l\u2019installation et fournirons un soutien continu pour nous assurer que votre \u00e9clairage continue de fonctionner \u00e0 son meilleur.<\/li>\n<\/ol>\n<h3>D\u00e9couvrez combien vous pouvez \u00e9conomiser<\/h3>\n<p>Entrez le co\u00fbt de votre projet ci-dessous, appuyez sur Retour et voyez combien vous pourriez \u00e9conomiser avec une solution lou\u00e9e. Combin\u00e9 aux \u00e9conomies que vous r\u00e9aliserez en utilisant la derni\u00e8re technologie LED, l\u2019utilisation de notre solution financ\u00e9e est un moyen facile d\u2019\u00e9conomiser de l\u2019argent. <\/p>\n\t\t\t\t\t\t\t\t<\/div>\n\t\t\t\t<\/div>\n\t\t\t\t<div class=\"elementor-element elementor-element-02015ee elementor-widget elementor-widget-html\" data-id=\"02015ee\" data-element_type=\"widget\" data-e-type=\"widget\" data-widget_type=\"html.default\">\n\t\t\t\t<div class=\"elementor-widget-container\">\n\t\t\t\t\t<iframe scrolling=\"no\" height=\"600px\" src=\"https:\/\/designer.spreadsheetweb.com\/a\/els-quote-calculator-for-testing\"><\/iframe>\t\t\t\t<\/div>\n\t\t\t\t<\/div>\n\t\t\t\t<div class=\"elementor-element elementor-element-60dfc98 elementor-widget elementor-widget-text-editor\" data-id=\"60dfc98\" data-element_type=\"widget\" data-e-type=\"widget\" data-widget_type=\"text-editor.default\">\n\t\t\t\t<div class=\"elementor-widget-container\">\n\t\t\t\t\t\t\t\t\t<h3>Pr\u00eat \u00e0 faire le changement&nbsp;?<\/h3>\n<p>Transformez votre espace d\u00e8s aujourd\u2019hui avec Trojan Lighting et ELS. <a href=\"https:\/\/trojan-lighting.co.uk\/fr\/contact\/\">Contactez-nous d\u00e8s maintenant<\/a> pour commencer \u00e0 \u00e9conomiser sur les co\u00fbts d\u2019\u00e9nergie tout en profitant d\u2019un \u00e9clairage plus lumineux et plus efficace.<\/p>\n\t\t\t\t\t\t\t\t<\/div>\n\t\t\t\t<\/div>\n\t\t\t\t\t<\/div>\n\t\t\t\t<\/div>\n\t\t<div class=\"elementor-element elementor-element-18827fc e-flex e-con-boxed e-con e-parent\" data-id=\"18827fc\" data-element_type=\"container\" data-e-type=\"container\">\n\t\t\t\t\t<div class=\"e-con-inner\">\n\t\t\t\t\t<\/div>\n\t\t\t\t<\/div>\n\t\t<div class=\"elementor-element elementor-element-0024b3d e-flex e-con-boxed e-con e-parent\" data-id=\"0024b3d\" data-element_type=\"container\" data-e-type=\"container\">\n\t\t\t\t\t<div class=\"e-con-inner\">\n\t\t<div class=\"elementor-element elementor-element-f019570 e-con-full e-flex e-con e-child\" data-id=\"f019570\" data-element_type=\"container\" data-e-type=\"container\">\n\t\t\t\t<div class=\"elementor-element elementor-element-0f974df elementor-cta--skin-classic elementor-animated-content elementor-widget elementor-widget-call-to-action\" data-id=\"0f974df\" data-element_type=\"widget\" data-e-type=\"widget\" data-widget_type=\"call-to-action.default\">\n\t\t\t\t<div class=\"elementor-widget-container\">\n\t\t\t\t\t\t\t<div class=\"elementor-cta\">\n\t\t\t\t\t<div class=\"elementor-cta__bg-wrapper\">\n\t\t\t\t<div class=\"elementor-cta__bg elementor-bg\" style=\"background-image: url(https:\/\/trojan-lighting.co.uk\/wp-content\/uploads\/2023\/03\/pexels-francesco-ungaro-96381.webp);\" role=\"img\" aria-label=\"Circular lights\"><\/div>\n\t\t\t\t<div class=\"elementor-cta__bg-overlay\"><\/div>\n\t\t\t<\/div>\n\t\t\t\t\t\t\t<div class=\"elementor-cta__content\">\n\t\t\t\t\n\t\t\t\t\t\t\t\t\t<h2 class=\"elementor-cta__title elementor-cta__content-item elementor-content-item\">\n\t\t\t\t\t\tPrenez contact\t\t\t\t\t<\/h2>\n\t\t\t\t\n\t\t\t\t\t\t\t\t\t<div class=\"elementor-cta__description elementor-cta__content-item elementor-content-item\">\n\t\t\t\t\t\t<p>Contactez Trojan Lighting pour obtenir des conseils d'experts sur votre projet.<\/p>\n\t\t\t\t\t<\/div>\n\t\t\t\t\n\t\t\t\t\t\t\t\t\t<div class=\"elementor-cta__button-wrapper elementor-cta__content-item elementor-content-item \">\n\t\t\t\t\t<a class=\"elementor-cta__button elementor-button elementor-size-\" href=\"https:\/\/trojan-lighting.co.uk\/fr\/contact\/\">\n\t\t\t\t\t\tPrenez contact\t\t\t\t\t<\/a>\n\t\t\t\t\t<\/div>\n\t\t\t\t\t\t\t<\/div>\n\t\t\t\t\t\t<\/div>\n\t\t\t\t\t\t<\/div>\n\t\t\t\t<\/div>\n\t\t\t\t<\/div>\n\t\t\t\t\t<\/div>\n\t\t\t\t<\/div>\n\t\t\t\t<\/div>\n\t\t","protected":false},"excerpt":{"rendered":"<p>Solutions financ\u00e9es Passez \u00e0 un \u00e9clairage \u00e9conome en \u00e9nergie sans frais initiaux gr\u00e2ce aux solutions financ\u00e9es par Trojan Lighting. Nous nous sommes associ\u00e9s \u00e0 ELS pour offrir des options de location flexibles, rendant les mises \u00e0 niveau de l\u2019\u00e9clairage LED abordables. Qu\u2019il s\u2019agisse de financement de r\u00e9novations, de financement d\u2019\u00e9clairage d\u2019entreprise ou de solutions d\u2019\u00e9clairage [&hellip;]<\/p>\n","protected":false},"author":5647,"featured_media":21358,"parent":0,"menu_order":0,"comment_status":"closed","ping_status":"closed","template":"","meta":{"_acf_changed":false,"footnotes":""},"categories":[],"tags":[],"class_list":["post-22122","page","type-page","status-publish","has-post-thumbnail","hentry"],"acf":[],"yoast_head":"<!-- This site is optimized with the Yoast SEO plugin v27.4 - https:\/\/yoast.com\/product\/yoast-seo-wordpress\/ -->\n<title>Financez votre projet d\u2019\u00e9clairage avec - financement Solutions d\u2019\u00e9clairage intelligentes Trojan<\/title>\n<meta name=\"description\" content=\"Vous souhaitez passer \u00e0 l\u2019\u00e9clairage LED dans votre entreprise ? Nos solutions de financement de l\u2019\u00e9clairage LED rendent cela simple et abordable.\" \/>\n<meta name=\"robots\" content=\"index, follow, max-snippet:-1, max-image-preview:large, max-video-preview:-1\" \/>\n<link rel=\"canonical\" href=\"https:\/\/trojan-lighting.co.uk\/fr\/solutions-financees\/\" \/>\n<meta property=\"og:locale\" content=\"fr_FR\" \/>\n<meta property=\"og:type\" content=\"article\" \/>\n<meta property=\"og:title\" content=\"Financez votre projet d\u2019\u00e9clairage avec - financement Solutions d\u2019\u00e9clairage intelligentes Trojan\" \/>\n<meta property=\"og:description\" content=\"Vous souhaitez passer \u00e0 l\u2019\u00e9clairage LED dans votre entreprise ? Nos solutions de financement de l\u2019\u00e9clairage LED rendent cela simple et abordable.\" \/>\n<meta property=\"og:url\" content=\"https:\/\/trojan-lighting.co.uk\/fr\/solutions-financees\/\" \/>\n<meta property=\"og:site_name\" content=\"Solutions d\u2019\u00e9clairage intelligentes Trojan\" \/>\n<meta property=\"article:modified_time\" content=\"2025-02-20T14:42:00+00:00\" \/>\n<meta property=\"og:image\" content=\"https:\/\/trojan-lighting.co.uk\/wp-content\/uploads\/2024\/11\/lighting-survey.webp\" \/>\n\t<meta property=\"og:image:width\" content=\"1024\" \/>\n\t<meta property=\"og:image:height\" content=\"1020\" \/>\n\t<meta property=\"og:image:type\" content=\"image\/jpeg\" \/>\n<meta name=\"twitter:card\" content=\"summary_large_image\" \/>\n<script type=\"application\/ld+json\" class=\"yoast-schema-graph\">{\"@context\":\"https:\\\/\\\/schema.org\",\"@graph\":[{\"@type\":\"WebPage\",\"@id\":\"https:\\\/\\\/trojan-lighting.co.uk\\\/fr\\\/solutions-financees\\\/\",\"url\":\"https:\\\/\\\/trojan-lighting.co.uk\\\/fr\\\/solutions-financees\\\/\",\"name\":\"Financez votre projet d\u2019\u00e9clairage avec - financement Solutions d\u2019\u00e9clairage intelligentes Trojan\",\"isPartOf\":{\"@id\":\"https:\\\/\\\/trojan-lighting.co.uk\\\/#website\"},\"primaryImageOfPage\":{\"@id\":\"https:\\\/\\\/trojan-lighting.co.uk\\\/fr\\\/solutions-financees\\\/#primaryimage\"},\"image\":{\"@id\":\"https:\\\/\\\/trojan-lighting.co.uk\\\/fr\\\/solutions-financees\\\/#primaryimage\"},\"thumbnailUrl\":\"https:\\\/\\\/trojan-lighting.co.uk\\\/wp-content\\\/uploads\\\/2024\\\/11\\\/lighting-survey.webp\",\"datePublished\":\"2023-03-15T07:50:43+00:00\",\"dateModified\":\"2025-02-20T14:42:00+00:00\",\"description\":\"Vous souhaitez passer \u00e0 l\u2019\u00e9clairage LED dans votre entreprise ? Nos solutions de financement de l\u2019\u00e9clairage LED rendent cela simple et abordable.\",\"breadcrumb\":{\"@id\":\"https:\\\/\\\/trojan-lighting.co.uk\\\/fr\\\/solutions-financees\\\/#breadcrumb\"},\"inLanguage\":\"fr-FR\",\"potentialAction\":[{\"@type\":\"ReadAction\",\"target\":[\"https:\\\/\\\/trojan-lighting.co.uk\\\/fr\\\/solutions-financees\\\/\"]}]},{\"@type\":\"ImageObject\",\"inLanguage\":\"fr-FR\",\"@id\":\"https:\\\/\\\/trojan-lighting.co.uk\\\/fr\\\/solutions-financees\\\/#primaryimage\",\"url\":\"https:\\\/\\\/trojan-lighting.co.uk\\\/wp-content\\\/uploads\\\/2024\\\/11\\\/lighting-survey.webp\",\"contentUrl\":\"https:\\\/\\\/trojan-lighting.co.uk\\\/wp-content\\\/uploads\\\/2024\\\/11\\\/lighting-survey.webp\",\"width\":1024,\"height\":1020},{\"@type\":\"BreadcrumbList\",\"@id\":\"https:\\\/\\\/trojan-lighting.co.uk\\\/fr\\\/solutions-financees\\\/#breadcrumb\",\"itemListElement\":[{\"@type\":\"ListItem\",\"position\":1,\"name\":\"Accueil\",\"item\":\"https:\\\/\\\/trojan-lighting.co.uk\\\/fr\\\/accueil\\\/\"},{\"@type\":\"ListItem\",\"position\":2,\"name\":\"Solutions financ\u00e9es\"}]},{\"@type\":\"WebSite\",\"@id\":\"https:\\\/\\\/trojan-lighting.co.uk\\\/#website\",\"url\":\"https:\\\/\\\/trojan-lighting.co.uk\\\/\",\"name\":\"Solutions d\u2019\u00e9clairage intelligentes Trojan\",\"description\":\"\u00c0 la pointe des solutions d'\u00e9clairage\",\"publisher\":{\"@id\":\"https:\\\/\\\/trojan-lighting.co.uk\\\/#organization\"},\"potentialAction\":[{\"@type\":\"SearchAction\",\"target\":{\"@type\":\"EntryPoint\",\"urlTemplate\":\"https:\\\/\\\/trojan-lighting.co.uk\\\/?s={search_term_string}\"},\"query-input\":{\"@type\":\"PropertyValueSpecification\",\"valueRequired\":true,\"valueName\":\"search_term_string\"}}],\"inLanguage\":\"fr-FR\"},{\"@type\":\"Organization\",\"@id\":\"https:\\\/\\\/trojan-lighting.co.uk\\\/#organization\",\"name\":\"\u00c9clairage troyen\",\"url\":\"https:\\\/\\\/trojan-lighting.co.uk\\\/\",\"logo\":{\"@type\":\"ImageObject\",\"inLanguage\":\"fr-FR\",\"@id\":\"https:\\\/\\\/trojan-lighting.co.uk\\\/#\\\/schema\\\/logo\\\/image\\\/\",\"url\":\"https:\\\/\\\/trojan-lighting.co.uk\\\/wp-content\\\/uploads\\\/2023\\\/03\\\/trojan_2-02-favicon-png.webp\",\"contentUrl\":\"https:\\\/\\\/trojan-lighting.co.uk\\\/wp-content\\\/uploads\\\/2023\\\/03\\\/trojan_2-02-favicon-png.webp\",\"width\":780,\"height\":780,\"caption\":\"\u00c9clairage troyen\"},\"image\":{\"@id\":\"https:\\\/\\\/trojan-lighting.co.uk\\\/#\\\/schema\\\/logo\\\/image\\\/\"},\"sameAs\":[\"https:\\\/\\\/www.linkedin.com\\\/company\\\/trojan-lighting-solutions-limited\\\/\"]}]}<\/script>\n<!-- \/ Yoast SEO plugin. -->","yoast_head_json":{"title":"Financez votre projet d\u2019\u00e9clairage avec - financement Solutions d\u2019\u00e9clairage intelligentes Trojan","description":"Vous souhaitez passer \u00e0 l\u2019\u00e9clairage LED dans votre entreprise ? Nos solutions de financement de l\u2019\u00e9clairage LED rendent cela simple et abordable.","robots":{"index":"index","follow":"follow","max-snippet":"max-snippet:-1","max-image-preview":"max-image-preview:large","max-video-preview":"max-video-preview:-1"},"canonical":"https:\/\/trojan-lighting.co.uk\/fr\/solutions-financees\/","og_locale":"fr_FR","og_type":"article","og_title":"Financez votre projet d\u2019\u00e9clairage avec - financement Solutions d\u2019\u00e9clairage intelligentes Trojan","og_description":"Vous souhaitez passer \u00e0 l\u2019\u00e9clairage LED dans votre entreprise ? Nos solutions de financement de l\u2019\u00e9clairage LED rendent cela simple et abordable.","og_url":"https:\/\/trojan-lighting.co.uk\/fr\/solutions-financees\/","og_site_name":"Solutions d\u2019\u00e9clairage intelligentes Trojan","article_modified_time":"2025-02-20T14:42:00+00:00","og_image":[{"width":1024,"height":1020,"url":"https:\/\/trojan-lighting.co.uk\/wp-content\/uploads\/2024\/11\/lighting-survey.webp","type":"image\/jpeg"}],"twitter_card":"summary_large_image","schema":{"@context":"https:\/\/schema.org","@graph":[{"@type":"WebPage","@id":"https:\/\/trojan-lighting.co.uk\/fr\/solutions-financees\/","url":"https:\/\/trojan-lighting.co.uk\/fr\/solutions-financees\/","name":"Financez votre projet d\u2019\u00e9clairage avec - financement Solutions d\u2019\u00e9clairage intelligentes Trojan","isPartOf":{"@id":"https:\/\/trojan-lighting.co.uk\/#website"},"primaryImageOfPage":{"@id":"https:\/\/trojan-lighting.co.uk\/fr\/solutions-financees\/#primaryimage"},"image":{"@id":"https:\/\/trojan-lighting.co.uk\/fr\/solutions-financees\/#primaryimage"},"thumbnailUrl":"https:\/\/trojan-lighting.co.uk\/wp-content\/uploads\/2024\/11\/lighting-survey.webp","datePublished":"2023-03-15T07:50:43+00:00","dateModified":"2025-02-20T14:42:00+00:00","description":"Vous souhaitez passer \u00e0 l\u2019\u00e9clairage LED dans votre entreprise ? Nos solutions de financement de l\u2019\u00e9clairage LED rendent cela simple et abordable.","breadcrumb":{"@id":"https:\/\/trojan-lighting.co.uk\/fr\/solutions-financees\/#breadcrumb"},"inLanguage":"fr-FR","potentialAction":[{"@type":"ReadAction","target":["https:\/\/trojan-lighting.co.uk\/fr\/solutions-financees\/"]}]},{"@type":"ImageObject","inLanguage":"fr-FR","@id":"https:\/\/trojan-lighting.co.uk\/fr\/solutions-financees\/#primaryimage","url":"https:\/\/trojan-lighting.co.uk\/wp-content\/uploads\/2024\/11\/lighting-survey.webp","contentUrl":"https:\/\/trojan-lighting.co.uk\/wp-content\/uploads\/2024\/11\/lighting-survey.webp","width":1024,"height":1020},{"@type":"BreadcrumbList","@id":"https:\/\/trojan-lighting.co.uk\/fr\/solutions-financees\/#breadcrumb","itemListElement":[{"@type":"ListItem","position":1,"name":"Accueil","item":"https:\/\/trojan-lighting.co.uk\/fr\/accueil\/"},{"@type":"ListItem","position":2,"name":"Solutions financ\u00e9es"}]},{"@type":"WebSite","@id":"https:\/\/trojan-lighting.co.uk\/#website","url":"https:\/\/trojan-lighting.co.uk\/","name":"Solutions d\u2019\u00e9clairage intelligentes Trojan","description":"\u00c0 la pointe des solutions d'\u00e9clairage","publisher":{"@id":"https:\/\/trojan-lighting.co.uk\/#organization"},"potentialAction":[{"@type":"SearchAction","target":{"@type":"EntryPoint","urlTemplate":"https:\/\/trojan-lighting.co.uk\/?s={search_term_string}"},"query-input":{"@type":"PropertyValueSpecification","valueRequired":true,"valueName":"search_term_string"}}],"inLanguage":"fr-FR"},{"@type":"Organization","@id":"https:\/\/trojan-lighting.co.uk\/#organization","name":"\u00c9clairage troyen","url":"https:\/\/trojan-lighting.co.uk\/","logo":{"@type":"ImageObject","inLanguage":"fr-FR","@id":"https:\/\/trojan-lighting.co.uk\/#\/schema\/logo\/image\/","url":"https:\/\/trojan-lighting.co.uk\/wp-content\/uploads\/2023\/03\/trojan_2-02-favicon-png.webp","contentUrl":"https:\/\/trojan-lighting.co.uk\/wp-content\/uploads\/2023\/03\/trojan_2-02-favicon-png.webp","width":780,"height":780,"caption":"\u00c9clairage troyen"},"image":{"@id":"https:\/\/trojan-lighting.co.uk\/#\/schema\/logo\/image\/"},"sameAs":["https:\/\/www.linkedin.com\/company\/trojan-lighting-solutions-limited\/"]}]}},"_links":{"self":[{"href":"https:\/\/trojan-lighting.co.uk\/fr\/wp-json\/wp\/v2\/pages\/22122","targetHints":{"allow":["GET"]}}],"collection":[{"href":"https:\/\/trojan-lighting.co.uk\/fr\/wp-json\/wp\/v2\/pages"}],"about":[{"href":"https:\/\/trojan-lighting.co.uk\/fr\/wp-json\/wp\/v2\/types\/page"}],"author":[{"embeddable":true,"href":"https:\/\/trojan-lighting.co.uk\/fr\/wp-json\/wp\/v2\/users\/5647"}],"replies":[{"embeddable":true,"href":"https:\/\/trojan-lighting.co.uk\/fr\/wp-json\/wp\/v2\/comments?post=22122"}],"version-history":[{"count":0,"href":"https:\/\/trojan-lighting.co.uk\/fr\/wp-json\/wp\/v2\/pages\/22122\/revisions"}],"wp:featuredmedia":[{"embeddable":true,"href":"https:\/\/trojan-lighting.co.uk\/fr\/wp-json\/wp\/v2\/media\/21358"}],"wp:attachment":[{"href":"https:\/\/trojan-lighting.co.uk\/fr\/wp-json\/wp\/v2\/media?parent=22122"}],"wp:term":[{"taxonomy":"category","embeddable":true,"href":"https:\/\/trojan-lighting.co.uk\/fr\/wp-json\/wp\/v2\/categories?post=22122"},{"taxonomy":"post_tag","embeddable":true,"href":"https:\/\/trojan-lighting.co.uk\/fr\/wp-json\/wp\/v2\/tags?post=22122"}],"curies":[{"name":"wp","href":"https:\/\/api.w.org\/{rel}","templated":true}]}}