{"id":22142,"date":"2023-09-08T14:10:06","date_gmt":"2023-09-08T14:10:06","guid":{"rendered":"https:\/\/trojan-lighting.co.uk\/gamme-commerciale-a-encastrer-et-a-fixer-au-mur\/"},"modified":"2024-11-20T10:41:14","modified_gmt":"2024-11-20T10:41:14","slug":"gamme-commerciale-a-encastrer-et-a-fixer-au-mur","status":"publish","type":"page","link":"https:\/\/trojan-lighting.co.uk\/fr\/gamme-commerciale-a-encastrer-et-a-fixer-au-mur\/","title":{"rendered":"Gamme commerciale \u00e0 encastrer et \u00e0 fixer au mur"},"content":{"rendered":"\t\t<div data-elementor-type=\"wp-post\" data-elementor-id=\"22142\" class=\"elementor elementor-22142 elementor-1211\" data-elementor-post-type=\"page\">\n\t\t\t\t\t\t<section class=\"elementor-section elementor-top-section elementor-element elementor-element-b20a8e1 elementor-section-full_width elementor-section-height-min-height animated-slow elementor-section-height-default elementor-section-items-middle elementor-invisible\" data-id=\"b20a8e1\" data-element_type=\"section\" data-e-type=\"section\" data-settings=\"{&quot;background_background&quot;:&quot;classic&quot;,&quot;animation&quot;:&quot;fadeIn&quot;}\">\n\t\t\t\t\t\t\t<div class=\"elementor-background-overlay\"><\/div>\n\t\t\t\t\t\t\t<div class=\"elementor-container elementor-column-gap-default\">\n\t\t\t\t\t<div class=\"elementor-column elementor-col-100 elementor-top-column elementor-element elementor-element-6451cf5b\" data-id=\"6451cf5b\" data-element_type=\"column\" data-e-type=\"column\">\n\t\t\t<div class=\"elementor-widget-wrap elementor-element-populated\">\n\t\t\t\t\t\t<div class=\"elementor-element elementor-element-16fc47f2 elementor-widget elementor-widget-heading\" data-id=\"16fc47f2\" data-element_type=\"widget\" data-e-type=\"widget\" data-widget_type=\"heading.default\">\n\t\t\t\t<div class=\"elementor-widget-container\">\n\t\t\t\t\t<h1 class=\"elementor-heading-title elementor-size-default\">Gamme commerciale \u00e0 encastrer et \u00e0 fixer au mur<\/h1>\t\t\t\t<\/div>\n\t\t\t\t<\/div>\n\t\t\t\t\t<\/div>\n\t\t<\/div>\n\t\t\t\t\t<\/div>\n\t\t<\/section>\n\t\t\t\t<section class=\"elementor-section elementor-top-section elementor-element elementor-element-f9662a4 elementor-section-boxed elementor-section-height-default elementor-section-height-default\" data-id=\"f9662a4\" data-element_type=\"section\" data-e-type=\"section\">\n\t\t\t\t\t\t<div class=\"elementor-container elementor-column-gap-default\">\n\t\t\t\t\t<div class=\"elementor-column elementor-col-100 elementor-top-column elementor-element elementor-element-48c9e4b\" data-id=\"48c9e4b\" data-element_type=\"column\" data-e-type=\"column\">\n\t\t\t<div class=\"elementor-widget-wrap elementor-element-populated\">\n\t\t\t\t\t\t<div class=\"elementor-element elementor-element-eefad6a elementor-widget elementor-widget-text-editor\" data-id=\"eefad6a\" data-element_type=\"widget\" data-e-type=\"widget\" data-widget_type=\"text-editor.default\">\n\t\t\t\t<div class=\"elementor-widget-container\">\n\t\t\t\t\t\t\t\t\t<p>Pr\u00e9sentation de la gamme d\u2019\u00e9clairage commercial pour cloisons et appliques murales de Trojan Lighting Solutions &#8211; un \u00e9clairage pratique et durable pour divers environnements. Con\u00e7us pour r\u00e9sister \u00e0 l\u2019\u00e9preuve du temps, nos feux de cloison apportent de l\u2019efficacit\u00e9 \u00e0 des environnements vari\u00e9s. La gamme d\u2019\u00e9clairage de cloison de Trojan est votre choix fiable pour un \u00e9clairage simple et efficace.  <\/p>\n\t\t\t\t\t\t\t\t<\/div>\n\t\t\t\t<\/div>\n\t\t\t\t\t<\/div>\n\t\t<\/div>\n\t\t\t\t\t<\/div>\n\t\t<\/section>\n\t\t<div class=\"elementor-element elementor-element-21837900 e-flex e-con-boxed e-con e-parent\" data-id=\"21837900\" data-element_type=\"container\" data-e-type=\"container\">\n\t\t\t\t\t<div class=\"e-con-inner\">\n\t\t\t\t\t<\/div>\n\t\t\t\t<\/div>\n\t\t\t\t<\/div>\n\t\t","protected":false},"excerpt":{"rendered":"<p>Pr\u00e9sentation de la gamme d\u2019\u00e9clairage de cloison de Trojan Lighting Solutions : un \u00e9clairage pratique et durable pour divers environnements.<\/p>\n","protected":false},"author":5647,"featured_media":12217,"parent":0,"menu_order":0,"comment_status":"closed","ping_status":"closed","template":"","meta":{"_acf_changed":false,"footnotes":""},"categories":[],"tags":[],"class_list":["post-22142","page","type-page","status-publish","has-post-thumbnail","hentry"],"acf":[],"yoast_head":"<!-- This site is optimized with the Yoast SEO plugin v27.3 - https:\/\/yoast.com\/product\/yoast-seo-wordpress\/ -->\n<title>Gamme commerciale \u00e0 encastrer et \u00e0 fixer au mur - Solutions d\u2019\u00e9clairage intelligentes Trojan<\/title>\n<meta name=\"robots\" content=\"index, follow, max-snippet:-1, max-image-preview:large, max-video-preview:-1\" \/>\n<link rel=\"canonical\" href=\"https:\/\/trojan-lighting.co.uk\/fr\/gamme-commerciale-a-encastrer-et-a-fixer-au-mur\/\" \/>\n<meta property=\"og:locale\" content=\"fr_FR\" \/>\n<meta property=\"og:type\" content=\"article\" \/>\n<meta property=\"og:title\" content=\"Gamme commerciale \u00e0 encastrer et \u00e0 fixer au mur - Solutions d\u2019\u00e9clairage intelligentes Trojan\" \/>\n<meta property=\"og:description\" content=\"Pr\u00e9sentation de la gamme d\u2019\u00e9clairage de cloison de Trojan Lighting Solutions : un \u00e9clairage pratique et durable pour divers environnements.\" \/>\n<meta property=\"og:url\" content=\"https:\/\/trojan-lighting.co.uk\/fr\/gamme-commerciale-a-encastrer-et-a-fixer-au-mur\/\" \/>\n<meta property=\"og:site_name\" content=\"Solutions d\u2019\u00e9clairage intelligentes Trojan\" \/>\n<meta property=\"article:modified_time\" content=\"2024-11-20T10:41:14+00:00\" \/>\n<meta property=\"og:image\" content=\"https:\/\/trojan-lighting.co.uk\/wp-content\/uploads\/2023\/12\/eastleigh-image.png\" \/>\n\t<meta property=\"og:image:width\" content=\"533\" \/>\n\t<meta property=\"og:image:height\" content=\"523\" \/>\n\t<meta property=\"og:image:type\" content=\"image\/png\" \/>\n<meta name=\"twitter:card\" content=\"summary_large_image\" \/>\n<script type=\"application\/ld+json\" class=\"yoast-schema-graph\">{\"@context\":\"https:\\\/\\\/schema.org\",\"@graph\":[{\"@type\":\"WebPage\",\"@id\":\"https:\\\/\\\/trojan-lighting.co.uk\\\/fr\\\/gamme-commerciale-a-encastrer-et-a-fixer-au-mur\\\/\",\"url\":\"https:\\\/\\\/trojan-lighting.co.uk\\\/fr\\\/gamme-commerciale-a-encastrer-et-a-fixer-au-mur\\\/\",\"name\":\"Gamme commerciale \u00e0 encastrer et \u00e0 fixer au mur - Solutions d\u2019\u00e9clairage intelligentes Trojan\",\"isPartOf\":{\"@id\":\"https:\\\/\\\/trojan-lighting.co.uk\\\/#website\"},\"primaryImageOfPage\":{\"@id\":\"https:\\\/\\\/trojan-lighting.co.uk\\\/fr\\\/gamme-commerciale-a-encastrer-et-a-fixer-au-mur\\\/#primaryimage\"},\"image\":{\"@id\":\"https:\\\/\\\/trojan-lighting.co.uk\\\/fr\\\/gamme-commerciale-a-encastrer-et-a-fixer-au-mur\\\/#primaryimage\"},\"thumbnailUrl\":\"https:\\\/\\\/trojan-lighting.co.uk\\\/wp-content\\\/uploads\\\/2023\\\/12\\\/eastleigh-image-png.webp\",\"datePublished\":\"2023-09-08T14:10:06+00:00\",\"dateModified\":\"2024-11-20T10:41:14+00:00\",\"breadcrumb\":{\"@id\":\"https:\\\/\\\/trojan-lighting.co.uk\\\/fr\\\/gamme-commerciale-a-encastrer-et-a-fixer-au-mur\\\/#breadcrumb\"},\"inLanguage\":\"fr-FR\",\"potentialAction\":[{\"@type\":\"ReadAction\",\"target\":[\"https:\\\/\\\/trojan-lighting.co.uk\\\/fr\\\/gamme-commerciale-a-encastrer-et-a-fixer-au-mur\\\/\"]}]},{\"@type\":\"ImageObject\",\"inLanguage\":\"fr-FR\",\"@id\":\"https:\\\/\\\/trojan-lighting.co.uk\\\/fr\\\/gamme-commerciale-a-encastrer-et-a-fixer-au-mur\\\/#primaryimage\",\"url\":\"https:\\\/\\\/trojan-lighting.co.uk\\\/wp-content\\\/uploads\\\/2023\\\/12\\\/eastleigh-image-png.webp\",\"contentUrl\":\"https:\\\/\\\/trojan-lighting.co.uk\\\/wp-content\\\/uploads\\\/2023\\\/12\\\/eastleigh-image-png.webp\",\"width\":533,\"height\":523},{\"@type\":\"BreadcrumbList\",\"@id\":\"https:\\\/\\\/trojan-lighting.co.uk\\\/fr\\\/gamme-commerciale-a-encastrer-et-a-fixer-au-mur\\\/#breadcrumb\",\"itemListElement\":[{\"@type\":\"ListItem\",\"position\":1,\"name\":\"Accueil\",\"item\":\"https:\\\/\\\/trojan-lighting.co.uk\\\/fr\\\/accueil\\\/\"},{\"@type\":\"ListItem\",\"position\":2,\"name\":\"Gamme commerciale \u00e0 encastrer et \u00e0 fixer au mur\"}]},{\"@type\":\"WebSite\",\"@id\":\"https:\\\/\\\/trojan-lighting.co.uk\\\/#website\",\"url\":\"https:\\\/\\\/trojan-lighting.co.uk\\\/\",\"name\":\"Solutions d\u2019\u00e9clairage intelligentes Trojan\",\"description\":\"\u00c0 la pointe des solutions d'\u00e9clairage\",\"publisher\":{\"@id\":\"https:\\\/\\\/trojan-lighting.co.uk\\\/#organization\"},\"potentialAction\":[{\"@type\":\"SearchAction\",\"target\":{\"@type\":\"EntryPoint\",\"urlTemplate\":\"https:\\\/\\\/trojan-lighting.co.uk\\\/?s={search_term_string}\"},\"query-input\":{\"@type\":\"PropertyValueSpecification\",\"valueRequired\":true,\"valueName\":\"search_term_string\"}}],\"inLanguage\":\"fr-FR\"},{\"@type\":\"Organization\",\"@id\":\"https:\\\/\\\/trojan-lighting.co.uk\\\/#organization\",\"name\":\"\u00c9clairage troyen\",\"url\":\"https:\\\/\\\/trojan-lighting.co.uk\\\/\",\"logo\":{\"@type\":\"ImageObject\",\"inLanguage\":\"fr-FR\",\"@id\":\"https:\\\/\\\/trojan-lighting.co.uk\\\/#\\\/schema\\\/logo\\\/image\\\/\",\"url\":\"https:\\\/\\\/trojan-lighting.co.uk\\\/wp-content\\\/uploads\\\/2023\\\/03\\\/trojan_2-02-favicon-png.webp\",\"contentUrl\":\"https:\\\/\\\/trojan-lighting.co.uk\\\/wp-content\\\/uploads\\\/2023\\\/03\\\/trojan_2-02-favicon-png.webp\",\"width\":780,\"height\":780,\"caption\":\"\u00c9clairage troyen\"},\"image\":{\"@id\":\"https:\\\/\\\/trojan-lighting.co.uk\\\/#\\\/schema\\\/logo\\\/image\\\/\"},\"sameAs\":[\"https:\\\/\\\/www.linkedin.com\\\/company\\\/trojan-lighting-solutions-limited\\\/\"]}]}<\/script>\n<!-- \/ Yoast SEO plugin. -->","yoast_head_json":{"title":"Gamme commerciale \u00e0 encastrer et \u00e0 fixer au mur - Solutions d\u2019\u00e9clairage intelligentes Trojan","robots":{"index":"index","follow":"follow","max-snippet":"max-snippet:-1","max-image-preview":"max-image-preview:large","max-video-preview":"max-video-preview:-1"},"canonical":"https:\/\/trojan-lighting.co.uk\/fr\/gamme-commerciale-a-encastrer-et-a-fixer-au-mur\/","og_locale":"fr_FR","og_type":"article","og_title":"Gamme commerciale \u00e0 encastrer et \u00e0 fixer au mur - Solutions d\u2019\u00e9clairage intelligentes Trojan","og_description":"Pr\u00e9sentation de la gamme d\u2019\u00e9clairage de cloison de Trojan Lighting Solutions : un \u00e9clairage pratique et durable pour divers environnements.","og_url":"https:\/\/trojan-lighting.co.uk\/fr\/gamme-commerciale-a-encastrer-et-a-fixer-au-mur\/","og_site_name":"Solutions d\u2019\u00e9clairage intelligentes Trojan","article_modified_time":"2024-11-20T10:41:14+00:00","og_image":[{"width":533,"height":523,"url":"https:\/\/trojan-lighting.co.uk\/wp-content\/uploads\/2023\/12\/eastleigh-image.png","type":"image\/png"}],"twitter_card":"summary_large_image","schema":{"@context":"https:\/\/schema.org","@graph":[{"@type":"WebPage","@id":"https:\/\/trojan-lighting.co.uk\/fr\/gamme-commerciale-a-encastrer-et-a-fixer-au-mur\/","url":"https:\/\/trojan-lighting.co.uk\/fr\/gamme-commerciale-a-encastrer-et-a-fixer-au-mur\/","name":"Gamme commerciale \u00e0 encastrer et \u00e0 fixer au mur - Solutions d\u2019\u00e9clairage intelligentes Trojan","isPartOf":{"@id":"https:\/\/trojan-lighting.co.uk\/#website"},"primaryImageOfPage":{"@id":"https:\/\/trojan-lighting.co.uk\/fr\/gamme-commerciale-a-encastrer-et-a-fixer-au-mur\/#primaryimage"},"image":{"@id":"https:\/\/trojan-lighting.co.uk\/fr\/gamme-commerciale-a-encastrer-et-a-fixer-au-mur\/#primaryimage"},"thumbnailUrl":"https:\/\/trojan-lighting.co.uk\/wp-content\/uploads\/2023\/12\/eastleigh-image-png.webp","datePublished":"2023-09-08T14:10:06+00:00","dateModified":"2024-11-20T10:41:14+00:00","breadcrumb":{"@id":"https:\/\/trojan-lighting.co.uk\/fr\/gamme-commerciale-a-encastrer-et-a-fixer-au-mur\/#breadcrumb"},"inLanguage":"fr-FR","potentialAction":[{"@type":"ReadAction","target":["https:\/\/trojan-lighting.co.uk\/fr\/gamme-commerciale-a-encastrer-et-a-fixer-au-mur\/"]}]},{"@type":"ImageObject","inLanguage":"fr-FR","@id":"https:\/\/trojan-lighting.co.uk\/fr\/gamme-commerciale-a-encastrer-et-a-fixer-au-mur\/#primaryimage","url":"https:\/\/trojan-lighting.co.uk\/wp-content\/uploads\/2023\/12\/eastleigh-image-png.webp","contentUrl":"https:\/\/trojan-lighting.co.uk\/wp-content\/uploads\/2023\/12\/eastleigh-image-png.webp","width":533,"height":523},{"@type":"BreadcrumbList","@id":"https:\/\/trojan-lighting.co.uk\/fr\/gamme-commerciale-a-encastrer-et-a-fixer-au-mur\/#breadcrumb","itemListElement":[{"@type":"ListItem","position":1,"name":"Accueil","item":"https:\/\/trojan-lighting.co.uk\/fr\/accueil\/"},{"@type":"ListItem","position":2,"name":"Gamme commerciale \u00e0 encastrer et \u00e0 fixer au mur"}]},{"@type":"WebSite","@id":"https:\/\/trojan-lighting.co.uk\/#website","url":"https:\/\/trojan-lighting.co.uk\/","name":"Solutions d\u2019\u00e9clairage intelligentes Trojan","description":"\u00c0 la pointe des solutions d'\u00e9clairage","publisher":{"@id":"https:\/\/trojan-lighting.co.uk\/#organization"},"potentialAction":[{"@type":"SearchAction","target":{"@type":"EntryPoint","urlTemplate":"https:\/\/trojan-lighting.co.uk\/?s={search_term_string}"},"query-input":{"@type":"PropertyValueSpecification","valueRequired":true,"valueName":"search_term_string"}}],"inLanguage":"fr-FR"},{"@type":"Organization","@id":"https:\/\/trojan-lighting.co.uk\/#organization","name":"\u00c9clairage troyen","url":"https:\/\/trojan-lighting.co.uk\/","logo":{"@type":"ImageObject","inLanguage":"fr-FR","@id":"https:\/\/trojan-lighting.co.uk\/#\/schema\/logo\/image\/","url":"https:\/\/trojan-lighting.co.uk\/wp-content\/uploads\/2023\/03\/trojan_2-02-favicon-png.webp","contentUrl":"https:\/\/trojan-lighting.co.uk\/wp-content\/uploads\/2023\/03\/trojan_2-02-favicon-png.webp","width":780,"height":780,"caption":"\u00c9clairage troyen"},"image":{"@id":"https:\/\/trojan-lighting.co.uk\/#\/schema\/logo\/image\/"},"sameAs":["https:\/\/www.linkedin.com\/company\/trojan-lighting-solutions-limited\/"]}]}},"_links":{"self":[{"href":"https:\/\/trojan-lighting.co.uk\/fr\/wp-json\/wp\/v2\/pages\/22142","targetHints":{"allow":["GET"]}}],"collection":[{"href":"https:\/\/trojan-lighting.co.uk\/fr\/wp-json\/wp\/v2\/pages"}],"about":[{"href":"https:\/\/trojan-lighting.co.uk\/fr\/wp-json\/wp\/v2\/types\/page"}],"author":[{"embeddable":true,"href":"https:\/\/trojan-lighting.co.uk\/fr\/wp-json\/wp\/v2\/users\/5647"}],"replies":[{"embeddable":true,"href":"https:\/\/trojan-lighting.co.uk\/fr\/wp-json\/wp\/v2\/comments?post=22142"}],"version-history":[{"count":0,"href":"https:\/\/trojan-lighting.co.uk\/fr\/wp-json\/wp\/v2\/pages\/22142\/revisions"}],"wp:featuredmedia":[{"embeddable":true,"href":"https:\/\/trojan-lighting.co.uk\/fr\/wp-json\/wp\/v2\/media\/12217"}],"wp:attachment":[{"href":"https:\/\/trojan-lighting.co.uk\/fr\/wp-json\/wp\/v2\/media?parent=22142"}],"wp:term":[{"taxonomy":"category","embeddable":true,"href":"https:\/\/trojan-lighting.co.uk\/fr\/wp-json\/wp\/v2\/categories?post=22142"},{"taxonomy":"post_tag","embeddable":true,"href":"https:\/\/trojan-lighting.co.uk\/fr\/wp-json\/wp\/v2\/tags?post=22142"}],"curies":[{"name":"wp","href":"https:\/\/api.w.org\/{rel}","templated":true}]}}