{"id":43611,"date":"2025-07-01T13:36:57","date_gmt":"2025-07-01T12:36:57","guid":{"rendered":"https:\/\/trojan-lighting.co.uk\/rse\/"},"modified":"2025-07-09T13:55:11","modified_gmt":"2025-07-09T12:55:11","slug":"rse","status":"publish","type":"page","link":"https:\/\/trojan-lighting.co.uk\/fr\/rse\/","title":{"rendered":"RSE"},"content":{"rendered":"\t\t<div data-elementor-type=\"wp-post\" data-elementor-id=\"43611\" class=\"elementor elementor-43611 elementor-42904\" data-elementor-post-type=\"page\">\n\t\t\t\t<div class=\"elementor-element elementor-element-303d9a72 e-flex e-con-boxed e-con e-parent\" data-id=\"303d9a72\" data-element_type=\"container\" data-e-type=\"container\" data-settings=\"{&quot;background_background&quot;:&quot;classic&quot;}\">\n\t\t\t\t\t<div class=\"e-con-inner\">\n\t\t<div class=\"elementor-element elementor-element-11c94b1f e-con-full e-flex e-con e-child\" data-id=\"11c94b1f\" data-element_type=\"container\" data-e-type=\"container\">\n\t\t\t\t<div class=\"elementor-element elementor-element-326cb09a elementor-widget elementor-widget-text-editor\" data-id=\"326cb09a\" data-element_type=\"widget\" data-e-type=\"widget\" data-widget_type=\"text-editor.default\">\n\t\t\t\t<div class=\"elementor-widget-container\">\n\t\t\t\t\t\t\t\t\t<h1><strong>Notre engagement envers la communaut\u00e9 et la responsabilit\u00e9<\/strong><\/h1>\t\t\t\t\t\t\t\t<\/div>\n\t\t\t\t<\/div>\n\t\t\t\t<div class=\"elementor-element elementor-element-6e7b4788 elementor-widget-widescreen__width-initial elementor-widget elementor-widget-text-editor\" data-id=\"6e7b4788\" data-element_type=\"widget\" data-e-type=\"widget\" data-widget_type=\"text-editor.default\">\n\t\t\t\t<div class=\"elementor-widget-container\">\n\t\t\t\t\t\t\t\t\t<p>Chez Trojan Lighting Solutions, nous pensons que les entreprises doivent refl\u00e9ter les valeurs des personnes qui les sous-tendent. La responsabilit\u00e9 sociale d\u2019entreprise est au c\u0153ur de notre mode de fonctionnement. Nous soutenons les initiatives locales, r\u00e9duisons notre impact environnemental et cherchons des moyens pratiques d\u2019utiliser nos comp\u00e9tences et nos ressources pour aider les autres.  <\/p>\t\t\t\t\t\t\t\t<\/div>\n\t\t\t\t<\/div>\n\t\t\t\t<\/div>\n\t\t<div class=\"elementor-element elementor-element-455987b3 e-con-full e-flex e-con e-child\" data-id=\"455987b3\" data-element_type=\"container\" data-e-type=\"container\">\n\t\t\t\t<div class=\"elementor-element elementor-element-6e7fd2f1 elementor-widget elementor-widget-image\" data-id=\"6e7fd2f1\" data-element_type=\"widget\" data-e-type=\"widget\" data-widget_type=\"image.default\">\n\t\t\t\t<div class=\"elementor-widget-container\">\n\t\t\t\t\t\t\t\t\t\t\t\t\t\t\t<img fetchpriority=\"high\" decoding=\"async\" width=\"780\" height=\"780\" src=\"https:\/\/trojan-lighting.co.uk\/wp-content\/uploads\/2023\/03\/trojan_2-02-favicon-png.webp\" class=\"attachment-large size-large wp-image-11353\" alt=\"\" srcset=\"https:\/\/trojan-lighting.co.uk\/wp-content\/uploads\/2023\/03\/trojan_2-02-favicon-png.webp 780w, https:\/\/trojan-lighting.co.uk\/wp-content\/uploads\/2023\/03\/trojan_2-02-favicon-300x300.png 300w, https:\/\/trojan-lighting.co.uk\/wp-content\/uploads\/2023\/03\/trojan_2-02-favicon-100x100.webp 100w, https:\/\/trojan-lighting.co.uk\/wp-content\/uploads\/2023\/03\/trojan_2-02-favicon-600x600.webp 600w, https:\/\/trojan-lighting.co.uk\/wp-content\/uploads\/2023\/03\/trojan_2-02-favicon-150x150.png 150w, https:\/\/trojan-lighting.co.uk\/wp-content\/uploads\/2023\/03\/trojan_2-02-favicon-768x768.png 768w\" sizes=\"(max-width: 780px) 100vw, 780px\" \/>\t\t\t\t\t\t\t\t\t\t\t\t\t\t\t<\/div>\n\t\t\t\t<\/div>\n\t\t\t\t<\/div>\n\t\t\t\t\t<\/div>\n\t\t\t\t<\/div>\n\t\t<div class=\"elementor-element elementor-element-c66bfb2 e-flex e-con-boxed e-con e-parent\" data-id=\"c66bfb2\" data-element_type=\"container\" data-e-type=\"container\">\n\t\t\t\t\t<div class=\"e-con-inner\">\n\t\t\t\t<div class=\"elementor-element elementor-element-b718fc0 elementor-widget__width-inherit elementor-widget elementor-widget-text-editor\" data-id=\"b718fc0\" data-element_type=\"widget\" data-e-type=\"widget\" data-widget_type=\"text-editor.default\">\n\t\t\t\t<div class=\"elementor-widget-container\">\n\t\t\t\t\t\t\t\t\t<h2 data-start=\"489\" data-end=\"521\">Soutenir des causes locales<\/h2><p data-start=\"523\" data-end=\"642\">Nous sponsorisons r\u00e9guli\u00e8rement des \u00e9quipes locales et des individus qui refl\u00e8tent les valeurs que nous admirons : l\u2019engagement, le travail acharn\u00e9 et l\u2019ambition.<\/p><ul data-start=\"644\" data-end=\"949\"><li data-start=\"644\" data-end=\"798\"><p data-start=\"646\" data-end=\"798\"><strong data-start=\"646\" data-end=\"681\">Wigan Aces Junior Football Club<\/strong><br data-start=\"681\" data-end=\"684\">Nous aidons \u00e0 couvrir le co\u00fbt de la location du mat\u00e9riel, de l\u2019\u00e9quipement et du terrain, offrant ainsi aux jeunes joueurs un meilleur environnement pour s\u2019entra\u00eener, jouer et grandir.<\/p><\/li><li data-start=\"800\" data-end=\"949\"><p data-start=\"802\" data-end=\"949\"><strong data-start=\"802\" data-end=\"823\">Leo Jenson Racing<\/strong><br data-start=\"823\" data-end=\"826\">Nous soutenons le pilote de karting prometteur Leo Jenson. Sa concentration et son dynamisme repr\u00e9sentent le genre de talent que nous sommes fiers de soutenir. <\/p><\/li><\/ul><h2 data-start=\"951\" data-end=\"983\">Redonner \u00e0 la communaut\u00e9<\/h2><p data-start=\"985\" data-end=\"1052\">Nous soutenons \u00e9galement des causes qui ont un impact direct sur la vie des gens.<\/p><ul data-start=\"1054\" data-end=\"1400\"><li data-start=\"1054\" data-end=\"1223\"><p data-start=\"1056\" data-end=\"1223\"><a href=\"https:\/\/doingitforduncan.uk\/\" target=\"_blank\" rel=\"noopener\"><strong data-start=\"1056\" data-end=\"1079\">Le faire pour Duncan<\/strong><\/a><br data-start=\"1079\" data-end=\"1082\">Nous avons contribu\u00e9 \u00e0 la marche caritative \u00e0 la m\u00e9moire de Duncan Browne, qui a permis de recueillir plus de 9 000 \u00a3 pour le Centre Walton afin de soutenir les soins neurologiques.<\/p><\/li><li data-start=\"1225\" data-end=\"1400\"><p data-start=\"1227\" data-end=\"1400\"><strong data-start=\"1227\" data-end=\"1256\">Standish Moins de 5 ans Cr\u00e8che<\/strong><br data-start=\"1256\" data-end=\"1259\">Nous avons fourni une mise \u00e0 niveau compl\u00e8te de l\u2019\u00e9clairage LED gratuitement. Le nouveau syst\u00e8me a am\u00e9lior\u00e9 le confort, la visibilit\u00e9 et la consommation d\u2019\u00e9nergie des enfants et du personnel. <\/p><\/li><li data-start=\"1225\" data-end=\"1400\"><a href=\"https:\/\/www.actionforchildren.org.uk\/\" target=\"_blank\" rel=\"noopener\">Action pour les enfants<\/a><br>Nous soutenons constamment cet important organisme de bienfaisance qui offre des services essentiels aux jeunes vuln\u00e9rables et milite pour un changement syst\u00e9mique.<\/li><\/ul>\t\t\t\t\t\t\t\t<\/div>\n\t\t\t\t<\/div>\n\t\t\t\t\t<\/div>\n\t\t\t\t<\/div>\n\t\t\t\t<\/div>\n\t\t","protected":false},"excerpt":{"rendered":"<p>D\u00e9couvrez comment Trojan Lighting soutient les communaut\u00e9s locales, les initiatives pour les jeunes et la durabilit\u00e9 gr\u00e2ce \u00e0 des efforts pratiques et continus en mati\u00e8re de responsabilit\u00e9 d\u2019entreprise.<\/p>\n","protected":false},"author":5647,"featured_media":26552,"parent":0,"menu_order":0,"comment_status":"closed","ping_status":"closed","template":"","meta":{"_acf_changed":false,"footnotes":""},"categories":[],"tags":[],"class_list":["post-43611","page","type-page","status-publish","has-post-thumbnail","hentry"],"acf":[],"yoast_head":"<!-- This site is optimized with the Yoast SEO plugin v27.3 - https:\/\/yoast.com\/product\/yoast-seo-wordpress\/ -->\n<title>L\u2019engagement de Trojan Lighting envers la communaut\u00e9 et la responsabilit\u00e9<\/title>\n<meta name=\"description\" content=\"D\u00e9couvrez comment Trojan Lighting soutient les communaut\u00e9s locales et les initiatives des jeunes par le biais d\u2019efforts pratiques et continus en mati\u00e8re de responsabilit\u00e9 d\u2019entreprise.\" \/>\n<meta name=\"robots\" content=\"index, follow, max-snippet:-1, max-image-preview:large, max-video-preview:-1\" \/>\n<link rel=\"canonical\" href=\"https:\/\/trojan-lighting.co.uk\/fr\/rse\/\" \/>\n<meta property=\"og:locale\" content=\"fr_FR\" \/>\n<meta property=\"og:type\" content=\"article\" \/>\n<meta property=\"og:title\" content=\"L\u2019engagement de Trojan Lighting envers la communaut\u00e9 et la responsabilit\u00e9\" \/>\n<meta property=\"og:description\" content=\"D\u00e9couvrez comment Trojan Lighting soutient les communaut\u00e9s locales et les initiatives des jeunes par le biais d\u2019efforts pratiques et continus en mati\u00e8re de responsabilit\u00e9 d\u2019entreprise.\" \/>\n<meta property=\"og:url\" content=\"https:\/\/trojan-lighting.co.uk\/fr\/rse\/\" \/>\n<meta property=\"og:site_name\" content=\"Solutions d\u2019\u00e9clairage intelligentes Trojan\" \/>\n<meta property=\"article:modified_time\" content=\"2025-07-09T12:55:11+00:00\" \/>\n<meta property=\"og:image\" content=\"https:\/\/trojan-lighting.co.uk\/wp-content\/uploads\/2024\/12\/brent-cross-troughs-after.webp\" \/>\n\t<meta property=\"og:image:width\" content=\"1600\" \/>\n\t<meta property=\"og:image:height\" content=\"1200\" \/>\n\t<meta property=\"og:image:type\" content=\"image\/jpeg\" \/>\n<meta name=\"twitter:card\" content=\"summary_large_image\" \/>\n<script type=\"application\/ld+json\" class=\"yoast-schema-graph\">{\"@context\":\"https:\\\/\\\/schema.org\",\"@graph\":[{\"@type\":\"WebPage\",\"@id\":\"https:\\\/\\\/trojan-lighting.co.uk\\\/fr\\\/rse\\\/\",\"url\":\"https:\\\/\\\/trojan-lighting.co.uk\\\/fr\\\/rse\\\/\",\"name\":\"L\u2019engagement de Trojan Lighting envers la communaut\u00e9 et la responsabilit\u00e9\",\"isPartOf\":{\"@id\":\"https:\\\/\\\/trojan-lighting.co.uk\\\/#website\"},\"primaryImageOfPage\":{\"@id\":\"https:\\\/\\\/trojan-lighting.co.uk\\\/fr\\\/rse\\\/#primaryimage\"},\"image\":{\"@id\":\"https:\\\/\\\/trojan-lighting.co.uk\\\/fr\\\/rse\\\/#primaryimage\"},\"thumbnailUrl\":\"https:\\\/\\\/trojan-lighting.co.uk\\\/wp-content\\\/uploads\\\/2024\\\/12\\\/brent-cross-troughs-after.webp\",\"datePublished\":\"2025-07-01T12:36:57+00:00\",\"dateModified\":\"2025-07-09T12:55:11+00:00\",\"description\":\"D\u00e9couvrez comment Trojan Lighting soutient les communaut\u00e9s locales et les initiatives des jeunes par le biais d\u2019efforts pratiques et continus en mati\u00e8re de responsabilit\u00e9 d\u2019entreprise.\",\"breadcrumb\":{\"@id\":\"https:\\\/\\\/trojan-lighting.co.uk\\\/fr\\\/rse\\\/#breadcrumb\"},\"inLanguage\":\"fr-FR\",\"potentialAction\":[{\"@type\":\"ReadAction\",\"target\":[\"https:\\\/\\\/trojan-lighting.co.uk\\\/fr\\\/rse\\\/\"]}]},{\"@type\":\"ImageObject\",\"inLanguage\":\"fr-FR\",\"@id\":\"https:\\\/\\\/trojan-lighting.co.uk\\\/fr\\\/rse\\\/#primaryimage\",\"url\":\"https:\\\/\\\/trojan-lighting.co.uk\\\/wp-content\\\/uploads\\\/2024\\\/12\\\/brent-cross-troughs-after.webp\",\"contentUrl\":\"https:\\\/\\\/trojan-lighting.co.uk\\\/wp-content\\\/uploads\\\/2024\\\/12\\\/brent-cross-troughs-after.webp\",\"width\":1600,\"height\":1200,\"caption\":\"New Brent Cross lighting\"},{\"@type\":\"BreadcrumbList\",\"@id\":\"https:\\\/\\\/trojan-lighting.co.uk\\\/fr\\\/rse\\\/#breadcrumb\",\"itemListElement\":[{\"@type\":\"ListItem\",\"position\":1,\"name\":\"Accueil\",\"item\":\"https:\\\/\\\/trojan-lighting.co.uk\\\/fr\\\/accueil\\\/\"},{\"@type\":\"ListItem\",\"position\":2,\"name\":\"RSE\"}]},{\"@type\":\"WebSite\",\"@id\":\"https:\\\/\\\/trojan-lighting.co.uk\\\/#website\",\"url\":\"https:\\\/\\\/trojan-lighting.co.uk\\\/\",\"name\":\"Solutions d\u2019\u00e9clairage intelligentes Trojan\",\"description\":\"\u00c0 la pointe des solutions d'\u00e9clairage\",\"publisher\":{\"@id\":\"https:\\\/\\\/trojan-lighting.co.uk\\\/#organization\"},\"potentialAction\":[{\"@type\":\"SearchAction\",\"target\":{\"@type\":\"EntryPoint\",\"urlTemplate\":\"https:\\\/\\\/trojan-lighting.co.uk\\\/?s={search_term_string}\"},\"query-input\":{\"@type\":\"PropertyValueSpecification\",\"valueRequired\":true,\"valueName\":\"search_term_string\"}}],\"inLanguage\":\"fr-FR\"},{\"@type\":\"Organization\",\"@id\":\"https:\\\/\\\/trojan-lighting.co.uk\\\/#organization\",\"name\":\"\u00c9clairage troyen\",\"url\":\"https:\\\/\\\/trojan-lighting.co.uk\\\/\",\"logo\":{\"@type\":\"ImageObject\",\"inLanguage\":\"fr-FR\",\"@id\":\"https:\\\/\\\/trojan-lighting.co.uk\\\/#\\\/schema\\\/logo\\\/image\\\/\",\"url\":\"https:\\\/\\\/trojan-lighting.co.uk\\\/wp-content\\\/uploads\\\/2023\\\/03\\\/trojan_2-02-favicon-png.webp\",\"contentUrl\":\"https:\\\/\\\/trojan-lighting.co.uk\\\/wp-content\\\/uploads\\\/2023\\\/03\\\/trojan_2-02-favicon-png.webp\",\"width\":780,\"height\":780,\"caption\":\"\u00c9clairage troyen\"},\"image\":{\"@id\":\"https:\\\/\\\/trojan-lighting.co.uk\\\/#\\\/schema\\\/logo\\\/image\\\/\"},\"sameAs\":[\"https:\\\/\\\/www.linkedin.com\\\/company\\\/trojan-lighting-solutions-limited\\\/\"]}]}<\/script>\n<!-- \/ Yoast SEO plugin. -->","yoast_head_json":{"title":"L\u2019engagement de Trojan Lighting envers la communaut\u00e9 et la responsabilit\u00e9","description":"D\u00e9couvrez comment Trojan Lighting soutient les communaut\u00e9s locales et les initiatives des jeunes par le biais d\u2019efforts pratiques et continus en mati\u00e8re de responsabilit\u00e9 d\u2019entreprise.","robots":{"index":"index","follow":"follow","max-snippet":"max-snippet:-1","max-image-preview":"max-image-preview:large","max-video-preview":"max-video-preview:-1"},"canonical":"https:\/\/trojan-lighting.co.uk\/fr\/rse\/","og_locale":"fr_FR","og_type":"article","og_title":"L\u2019engagement de Trojan Lighting envers la communaut\u00e9 et la responsabilit\u00e9","og_description":"D\u00e9couvrez comment Trojan Lighting soutient les communaut\u00e9s locales et les initiatives des jeunes par le biais d\u2019efforts pratiques et continus en mati\u00e8re de responsabilit\u00e9 d\u2019entreprise.","og_url":"https:\/\/trojan-lighting.co.uk\/fr\/rse\/","og_site_name":"Solutions d\u2019\u00e9clairage intelligentes Trojan","article_modified_time":"2025-07-09T12:55:11+00:00","og_image":[{"width":1600,"height":1200,"url":"https:\/\/trojan-lighting.co.uk\/wp-content\/uploads\/2024\/12\/brent-cross-troughs-after.webp","type":"image\/jpeg"}],"twitter_card":"summary_large_image","schema":{"@context":"https:\/\/schema.org","@graph":[{"@type":"WebPage","@id":"https:\/\/trojan-lighting.co.uk\/fr\/rse\/","url":"https:\/\/trojan-lighting.co.uk\/fr\/rse\/","name":"L\u2019engagement de Trojan Lighting envers la communaut\u00e9 et la responsabilit\u00e9","isPartOf":{"@id":"https:\/\/trojan-lighting.co.uk\/#website"},"primaryImageOfPage":{"@id":"https:\/\/trojan-lighting.co.uk\/fr\/rse\/#primaryimage"},"image":{"@id":"https:\/\/trojan-lighting.co.uk\/fr\/rse\/#primaryimage"},"thumbnailUrl":"https:\/\/trojan-lighting.co.uk\/wp-content\/uploads\/2024\/12\/brent-cross-troughs-after.webp","datePublished":"2025-07-01T12:36:57+00:00","dateModified":"2025-07-09T12:55:11+00:00","description":"D\u00e9couvrez comment Trojan Lighting soutient les communaut\u00e9s locales et les initiatives des jeunes par le biais d\u2019efforts pratiques et continus en mati\u00e8re de responsabilit\u00e9 d\u2019entreprise.","breadcrumb":{"@id":"https:\/\/trojan-lighting.co.uk\/fr\/rse\/#breadcrumb"},"inLanguage":"fr-FR","potentialAction":[{"@type":"ReadAction","target":["https:\/\/trojan-lighting.co.uk\/fr\/rse\/"]}]},{"@type":"ImageObject","inLanguage":"fr-FR","@id":"https:\/\/trojan-lighting.co.uk\/fr\/rse\/#primaryimage","url":"https:\/\/trojan-lighting.co.uk\/wp-content\/uploads\/2024\/12\/brent-cross-troughs-after.webp","contentUrl":"https:\/\/trojan-lighting.co.uk\/wp-content\/uploads\/2024\/12\/brent-cross-troughs-after.webp","width":1600,"height":1200,"caption":"New Brent Cross lighting"},{"@type":"BreadcrumbList","@id":"https:\/\/trojan-lighting.co.uk\/fr\/rse\/#breadcrumb","itemListElement":[{"@type":"ListItem","position":1,"name":"Accueil","item":"https:\/\/trojan-lighting.co.uk\/fr\/accueil\/"},{"@type":"ListItem","position":2,"name":"RSE"}]},{"@type":"WebSite","@id":"https:\/\/trojan-lighting.co.uk\/#website","url":"https:\/\/trojan-lighting.co.uk\/","name":"Solutions d\u2019\u00e9clairage intelligentes Trojan","description":"\u00c0 la pointe des solutions d'\u00e9clairage","publisher":{"@id":"https:\/\/trojan-lighting.co.uk\/#organization"},"potentialAction":[{"@type":"SearchAction","target":{"@type":"EntryPoint","urlTemplate":"https:\/\/trojan-lighting.co.uk\/?s={search_term_string}"},"query-input":{"@type":"PropertyValueSpecification","valueRequired":true,"valueName":"search_term_string"}}],"inLanguage":"fr-FR"},{"@type":"Organization","@id":"https:\/\/trojan-lighting.co.uk\/#organization","name":"\u00c9clairage troyen","url":"https:\/\/trojan-lighting.co.uk\/","logo":{"@type":"ImageObject","inLanguage":"fr-FR","@id":"https:\/\/trojan-lighting.co.uk\/#\/schema\/logo\/image\/","url":"https:\/\/trojan-lighting.co.uk\/wp-content\/uploads\/2023\/03\/trojan_2-02-favicon-png.webp","contentUrl":"https:\/\/trojan-lighting.co.uk\/wp-content\/uploads\/2023\/03\/trojan_2-02-favicon-png.webp","width":780,"height":780,"caption":"\u00c9clairage troyen"},"image":{"@id":"https:\/\/trojan-lighting.co.uk\/#\/schema\/logo\/image\/"},"sameAs":["https:\/\/www.linkedin.com\/company\/trojan-lighting-solutions-limited\/"]}]}},"_links":{"self":[{"href":"https:\/\/trojan-lighting.co.uk\/fr\/wp-json\/wp\/v2\/pages\/43611","targetHints":{"allow":["GET"]}}],"collection":[{"href":"https:\/\/trojan-lighting.co.uk\/fr\/wp-json\/wp\/v2\/pages"}],"about":[{"href":"https:\/\/trojan-lighting.co.uk\/fr\/wp-json\/wp\/v2\/types\/page"}],"author":[{"embeddable":true,"href":"https:\/\/trojan-lighting.co.uk\/fr\/wp-json\/wp\/v2\/users\/5647"}],"replies":[{"embeddable":true,"href":"https:\/\/trojan-lighting.co.uk\/fr\/wp-json\/wp\/v2\/comments?post=43611"}],"version-history":[{"count":1,"href":"https:\/\/trojan-lighting.co.uk\/fr\/wp-json\/wp\/v2\/pages\/43611\/revisions"}],"predecessor-version":[{"id":43612,"href":"https:\/\/trojan-lighting.co.uk\/fr\/wp-json\/wp\/v2\/pages\/43611\/revisions\/43612"}],"wp:featuredmedia":[{"embeddable":true,"href":"https:\/\/trojan-lighting.co.uk\/fr\/wp-json\/wp\/v2\/media\/26552"}],"wp:attachment":[{"href":"https:\/\/trojan-lighting.co.uk\/fr\/wp-json\/wp\/v2\/media?parent=43611"}],"wp:term":[{"taxonomy":"category","embeddable":true,"href":"https:\/\/trojan-lighting.co.uk\/fr\/wp-json\/wp\/v2\/categories?post=43611"},{"taxonomy":"post_tag","embeddable":true,"href":"https:\/\/trojan-lighting.co.uk\/fr\/wp-json\/wp\/v2\/tags?post=43611"}],"curies":[{"name":"wp","href":"https:\/\/api.w.org\/{rel}","templated":true}]}}