{"id":34299,"date":"2025-02-12T09:14:39","date_gmt":"2025-02-12T09:14:39","guid":{"rendered":"https:\/\/trojan-lighting.co.uk\/fabrikant-van-led-verlichting\/"},"modified":"2025-02-12T09:29:23","modified_gmt":"2025-02-12T09:29:23","slug":"fabrikant-van-led-verlichting","status":"publish","type":"page","link":"https:\/\/trojan-lighting.co.uk\/nl\/fabrikant-van-led-verlichting\/","title":{"rendered":"Fabrikant van LED-verlichting"},"content":{"rendered":"\t\t<div data-elementor-type=\"wp-post\" data-elementor-id=\"34299\" class=\"elementor elementor-34299 elementor-34274\" data-elementor-post-type=\"page\">\n\t\t\t\t<div class=\"elementor-element elementor-element-303d9a72 e-flex e-con-boxed e-con e-parent\" data-id=\"303d9a72\" data-element_type=\"container\" data-e-type=\"container\" data-settings=\"{&quot;background_background&quot;:&quot;classic&quot;}\">\n\t\t\t\t\t<div class=\"e-con-inner\">\n\t\t<div class=\"elementor-element elementor-element-11c94b1f e-con-full e-flex e-con e-child\" data-id=\"11c94b1f\" data-element_type=\"container\" data-e-type=\"container\">\n\t\t\t\t<div class=\"elementor-element elementor-element-326cb09a elementor-widget elementor-widget-text-editor\" data-id=\"326cb09a\" data-element_type=\"widget\" data-e-type=\"widget\" data-widget_type=\"text-editor.default\">\n\t\t\t\t<div class=\"elementor-widget-container\">\n\t\t\t\t\t\t\t\t\t<h1><strong>Professionele fabrikant van LED-verlichting<\/strong><\/h1>\n\t\t\t\t\t\t\t\t<\/div>\n\t\t\t\t<\/div>\n\t\t\t\t<div class=\"elementor-element elementor-element-6e7b4788 elementor-widget-widescreen__width-initial elementor-widget elementor-widget-text-editor\" data-id=\"6e7b4788\" data-element_type=\"widget\" data-e-type=\"widget\" data-widget_type=\"text-editor.default\">\n\t\t\t\t<div class=\"elementor-widget-container\">\n\t\t\t\t\t\t\t\t\t<p>Bij Trojan Lighting zijn we gespecialiseerd in hoogwaardige LED-verlichtingsoplossingen die zijn ontworpen voor commerci\u00eble, industri\u00eble en publieke projecten. Als professionele fabrikant van LED-verlichting leveren wij hoogwaardige producten die helpen bij het leveren van effici\u00ebnte, kosteneffectieve en duurzame verlichtingssystemen. Of u nu een bestaande installatie upgradet of verlichting specificeert voor een nieuw project, ons uitgebreide productassortiment en onze deskundige ondersteuning maken ons tot een betrouwbare partner in de branche.  <\/p>\n\t\t\t\t\t\t\t\t<\/div>\n\t\t\t\t<\/div>\n\t\t\t\t<\/div>\n\t\t<div class=\"elementor-element elementor-element-455987b3 e-con-full e-flex e-con e-child\" data-id=\"455987b3\" data-element_type=\"container\" data-e-type=\"container\">\n\t\t\t\t<div class=\"elementor-element elementor-element-6e7fd2f1 elementor-widget elementor-widget-image\" data-id=\"6e7fd2f1\" data-element_type=\"widget\" data-e-type=\"widget\" data-widget_type=\"image.default\">\n\t\t\t\t<div class=\"elementor-widget-container\">\n\t\t\t\t\t\t\t\t\t\t\t\t\t\t\t<img fetchpriority=\"high\" decoding=\"async\" width=\"800\" height=\"638\" src=\"https:\/\/trojan-lighting.co.uk\/wp-content\/uploads\/2024\/12\/hero-1200-1024x816.webp\" class=\"attachment-large size-large wp-image-28928\" alt=\"Retail lighting product ranges\" srcset=\"https:\/\/trojan-lighting.co.uk\/wp-content\/uploads\/2024\/12\/hero-1200-1024x816.webp 1024w, https:\/\/trojan-lighting.co.uk\/wp-content\/uploads\/2024\/12\/hero-1200-png-600x478.webp 600w, https:\/\/trojan-lighting.co.uk\/wp-content\/uploads\/2024\/12\/hero-1200-300x239.webp 300w, https:\/\/trojan-lighting.co.uk\/wp-content\/uploads\/2024\/12\/hero-1200-768x612.webp 768w, https:\/\/trojan-lighting.co.uk\/wp-content\/uploads\/2024\/12\/hero-1200-png.webp 1200w\" sizes=\"(max-width: 800px) 100vw, 800px\" \/>\t\t\t\t\t\t\t\t\t\t\t\t\t\t\t<\/div>\n\t\t\t\t<\/div>\n\t\t\t\t<\/div>\n\t\t\t\t\t<\/div>\n\t\t\t\t<\/div>\n\t\t<div class=\"elementor-element elementor-element-c66bfb2 e-flex e-con-boxed e-con e-parent\" data-id=\"c66bfb2\" data-element_type=\"container\" data-e-type=\"container\">\n\t\t\t\t\t<div class=\"e-con-inner\">\n\t\t\t\t<div class=\"elementor-element elementor-element-b718fc0 elementor-widget__width-inherit elementor-widget elementor-widget-text-editor\" data-id=\"b718fc0\" data-element_type=\"widget\" data-e-type=\"widget\" data-widget_type=\"text-editor.default\">\n\t\t\t\t<div class=\"elementor-widget-container\">\n\t\t\t\t\t\t\t\t\t<h2 data-start=\"651\" data-end=\"712\">Waarom werken met een in het fabrikant van LED-verlichting?<\/h2>\n<p data-start=\"713\" data-end=\"1064\">Als u kiest voor een in het Verenigd Koninkrijk gevestigde fabrikant van LED-verlichting, bent u er zeker van dat u producten ontvangt die zijn ontworpen om te voldoen aan de Britse normen, met snelle levertijden en voortdurende ondersteuning. We werken nauw samen met elektriciens, facilitair managers en bestekschrijvers om ervoor te zorgen dat onze oplossingen voldoen aan de exacte vereisten van elk project, van ontwerp tot installatie.<\/p>\n<p data-start=\"1066\" data-end=\"1173\">We bieden een volledig scala aan oplossingen, waaronder:<\/p>\n<ul data-start=\"1174\" data-end=\"1598\">\n<li data-start=\"1174\" data-end=\"1254\"><a href=\"https:\/\/trojan-lighting.co.uk\/nl\/producten\/architecturale-verlichting\/\">Architecturale LED-verlichting<\/a> voor kantoren, winkelruimtes en openbare gebouwen<\/li>\n<li data-start=\"1255\" data-end=\"1349\"><a href=\"https:\/\/trojan-lighting.co.uk\/nl\/producten\/commerciele-verlichting\/\">Commerci\u00eble LED-verlichting<\/a> ontworpen voor zorg, onderwijs en huisvesting<\/li>\n<li data-start=\"1255\" data-end=\"1349\"><a href=\"https:\/\/trojan-lighting.co.uk\/nl\/noodverlichting\/\">Noodverlichtingssystemen<\/a> met zelftest- en bewakingsmogelijkheden<\/li>\n<li data-start=\"1431\" data-end=\"1509\"><a href=\"https:\/\/trojan-lighting.co.uk\/nl\/intelligente-gebouwen\/\">Slimme verlichtingsregelingen<\/a> voor energie-effici\u00ebntie en geautomatiseerd beheer<\/li>\n<li data-start=\"1510\" data-end=\"1598\"><a href=\"https:\/\/trojan-lighting.co.uk\/nl\/sectors\/retrofit-solutions\/\">Retrofit-oplossingen<\/a> die verouderde verlichting upgraden en tegelijkertijd afval en kosten verminderen<\/li>\n<\/ul>\n<h3 data-start=\"1600\" data-end=\"1661\">Ons assortiment commerci\u00eble en architecturale LED-verlichting<\/h3>\n<p data-start=\"1662\" data-end=\"2027\">Trojan Lighting is een van de toonaangevende fabrikanten van commerci\u00eble verlichting in het Verenigd Koninkrijk en biedt een brede selectie van commerci\u00eble verlichtingsoplossingen voor alle soorten ruimtes. Of u nu energie-effici\u00ebnte LED-panelen, industri\u00eble LED-verlichting voor magazijnen of duurzame schotten voor openbare ruimtes nodig heeft, wij hebben de expertise en producten om aan uw behoeften te voldoen. <\/p>\n<p data-start=\"2029\" data-end=\"2052\">Onze <a href=\"https:\/\/trojan-lighting.co.uk\/nl\/producten\/\">producten<\/a> omvatten:<\/p>\n<ul data-start=\"2053\" data-end=\"2565\">\n<li data-start=\"2053\" data-end=\"2150\">Downlights en inbouwarmaturen \u2013 Ideaal voor kantoor-, winkel- en horecaomgevingen<\/li>\n<li data-start=\"2151\" data-end=\"2246\">High-bay en low-bay industri\u00eble verlichting \u2013 Gebouwd voor productie- en magazijnruimtes<\/li>\n<li data-start=\"2247\" data-end=\"2362\">Schotten en noodverlichting \u2013 Duurzame oplossingen voor openbare ruimtes en naleving van veiligheidsvoorschriften<\/li>\n<li data-start=\"2363\" data-end=\"2454\">Railverlichting &amp; modulaire systemen \u2013 Veelzijdige opties voor aanpasbare verlichtingsschema&#8217;s<\/li>\n<li data-start=\"2455\" data-end=\"2565\">LED-buitenverlichting \u2013 Weerbestendige oplossingen voor parkeergarages, paden en architecturale toepassingen<\/li>\n<\/ul>\n<h3 data-start=\"2567\" data-end=\"2618\">Betrouwbare leveranciers van LED-verlichting in het VK<\/h3>\n<p data-start=\"2619\" data-end=\"3258\">Trojan Lighting is meer dan alleen een fabrikant &#8211; we zijn ook een vertrouwde leverancier van LED-verlichting in het Verenigd Koninkrijk. We werken samen met elektriciens, facilitair managers en inkoopteams om de beste LED-verlichtingsoplossingen te bieden, die zorgen voor:<br \/>\u2705 Energiebesparing \u2013 Onze LED-oplossingen verlagen de bedrijfskosten aanzienlijk en verbeteren de duurzaamheid<br \/>\u2705 Lange levensduur van het product \u2013 tot 100.000 uur (L90\/B10) voor minder onderhoud<br \/>\u2705 Geavanceerde slimme bedieningselementen \u2013 Integratie met gebouwbeheersystemen voor betere effici\u00ebntie<br \/>\u2705 Volledig conforme ontwerpen \u2013 Voldoet aan BS 5266, EN 12464-1 en andere <a href=\"https:\/\/www.cibse.org\/\">verlichtingsnormen<\/a> in het VK en de EU <\/p>\n<p data-start=\"3260\" data-end=\"3490\">Als een van de meest innovatieve leveranciers van commerci\u00eble verlichting in de branche ontwikkelen we voortdurend nieuwe technologie\u00ebn om de effici\u00ebntie te verbeteren, de veiligheid te verbeteren en de best mogelijke verlichtingservaring voor eindgebruikers te bieden.<\/p>\n<h3 data-start=\"3492\" data-end=\"3566\">Heeft u een betrouwbare fabrikant van LED-verlichting nodig voor uw volgende project?<\/h3>\n<p data-start=\"3567\" data-end=\"3913\">Als u op zoek bent naar een commerci\u00eble of industri\u00eble fabrikant van LED-verlichting die deskundige ondersteuning, hoogwaardige producten en duurzame oplossingen biedt, dan is Trojan Lighting er om u te helpen. Of u nu op maat gemaakte verlichtingsontwerpen, energiebesparende retrofit-oplossingen of een betrouwbare leverancier van LED-verlichting in het VK nodig heeft, wij hebben het voor u. <\/p>\n\t\t\t\t\t\t\t\t<\/div>\n\t\t\t\t<\/div>\n\t\t\t\t\t<\/div>\n\t\t\t\t<\/div>\n\t\t<div class=\"elementor-element elementor-element-a8deec e-flex e-con-boxed e-con e-parent\" data-id=\"a8deec\" data-element_type=\"container\" data-e-type=\"container\" data-settings=\"{&quot;background_background&quot;:&quot;classic&quot;}\">\n\t\t\t\t\t<div class=\"e-con-inner\">\n\t\t\t\t<div class=\"elementor-element elementor-element-16565cef elementor-widget elementor-widget-heading\" data-id=\"16565cef\" data-element_type=\"widget\" data-e-type=\"widget\" data-widget_type=\"heading.default\">\n\t\t\t\t<div class=\"elementor-widget-container\">\n\t\t\t\t\t<h1 class=\"elementor-heading-title elementor-size-default\">Verlichtingsproducten<\/h1>\t\t\t\t<\/div>\n\t\t\t\t<\/div>\n\t\t<div class=\"elementor-element elementor-element-81798c7 e-con-full e-flex e-con e-child\" data-id=\"81798c7\" data-element_type=\"container\" data-e-type=\"container\">\n\t\t<div class=\"elementor-element elementor-element-5e239481 e-con-full e-flex e-con e-child\" data-id=\"5e239481\" data-element_type=\"container\" data-e-type=\"container\" data-settings=\"{&quot;background_background&quot;:&quot;classic&quot;}\">\n\t\t\t\t<div class=\"elementor-element elementor-element-399386b4 elementor-widget elementor-widget-image\" data-id=\"399386b4\" data-element_type=\"widget\" data-e-type=\"widget\" data-widget_type=\"image.default\">\n\t\t\t\t<div class=\"elementor-widget-container\">\n\t\t\t\t\t\t\t\t\t\t\t\t\t\t\t\t<a href=\"https:\/\/trojan-lighting.co.uk\/nl\/producten\/architecturale-verlichting\/\">\n\t\t\t\t\t\t\t<img decoding=\"async\" width=\"800\" height=\"491\" src=\"https:\/\/trojan-lighting.co.uk\/wp-content\/uploads\/2024\/12\/poplar-1200-1-1024x628.webp\" class=\"attachment-large size-large wp-image-28834\" alt=\"architectural range\" srcset=\"https:\/\/trojan-lighting.co.uk\/wp-content\/uploads\/2024\/12\/poplar-1200-1-1024x628.webp 1024w, https:\/\/trojan-lighting.co.uk\/wp-content\/uploads\/2024\/12\/poplar-1200-1-png-600x368.webp 600w, https:\/\/trojan-lighting.co.uk\/wp-content\/uploads\/2024\/12\/poplar-1200-1-300x184.webp 300w, https:\/\/trojan-lighting.co.uk\/wp-content\/uploads\/2024\/12\/poplar-1200-1-768x471.webp 768w, https:\/\/trojan-lighting.co.uk\/wp-content\/uploads\/2024\/12\/poplar-1200-1-png.webp 1200w\" sizes=\"(max-width: 800px) 100vw, 800px\" \/>\t\t\t\t\t\t\t\t<\/a>\n\t\t\t\t\t\t\t\t\t\t\t\t\t\t\t<\/div>\n\t\t\t\t<\/div>\n\t\t\t\t<div class=\"elementor-element elementor-element-5ec0a841 elementor-widget elementor-widget-text-editor\" data-id=\"5ec0a841\" data-element_type=\"widget\" data-e-type=\"widget\" data-widget_type=\"text-editor.default\">\n\t\t\t\t<div class=\"elementor-widget-container\">\n\t\t\t\t\t\t\t\t\t<p style=\"text-align: center;\">Architecturale verlichting<\/p>\n\t\t\t\t\t\t\t\t<\/div>\n\t\t\t\t<\/div>\n\t\t\t\t<div class=\"elementor-element elementor-element-7d9f9750 elementor-widget elementor-widget-text-editor\" data-id=\"7d9f9750\" data-element_type=\"widget\" data-e-type=\"widget\" data-widget_type=\"text-editor.default\">\n\t\t\t\t<div class=\"elementor-widget-container\">\n\t\t\t\t\t\t\t\t\t<p style=\"text-align: center;\"><a href=\"https:\/\/trojan-lighting.co.uk\/nl\/producten\/architecturale-verlichting\/\">Bekijk het assortiment<\/a><\/p>\n\t\t\t\t\t\t\t\t<\/div>\n\t\t\t\t<\/div>\n\t\t\t\t<\/div>\n\t\t<div class=\"elementor-element elementor-element-af4d064 e-con-full e-flex e-con e-child\" data-id=\"af4d064\" data-element_type=\"container\" data-e-type=\"container\" data-settings=\"{&quot;background_background&quot;:&quot;classic&quot;}\">\n\t\t\t\t<div class=\"elementor-element elementor-element-17b087bf elementor-widget elementor-widget-image\" data-id=\"17b087bf\" data-element_type=\"widget\" data-e-type=\"widget\" data-widget_type=\"image.default\">\n\t\t\t\t<div class=\"elementor-widget-container\">\n\t\t\t\t\t\t\t\t\t\t\t\t\t\t\t\t<a href=\"https:\/\/trojan-lighting.co.uk\/nl\/producten\/commerciele-verlichting\/\">\n\t\t\t\t\t\t\t<img decoding=\"async\" width=\"800\" height=\"491\" src=\"https:\/\/trojan-lighting.co.uk\/wp-content\/uploads\/2024\/12\/range-1200-1024x628.webp\" class=\"attachment-large size-large wp-image-28830\" alt=\"range-1200\" srcset=\"https:\/\/trojan-lighting.co.uk\/wp-content\/uploads\/2024\/12\/range-1200-1024x628.webp 1024w, https:\/\/trojan-lighting.co.uk\/wp-content\/uploads\/2024\/12\/range-1200-png-600x368.webp 600w, https:\/\/trojan-lighting.co.uk\/wp-content\/uploads\/2024\/12\/range-1200-300x184.webp 300w, https:\/\/trojan-lighting.co.uk\/wp-content\/uploads\/2024\/12\/range-1200-768x471.webp 768w, https:\/\/trojan-lighting.co.uk\/wp-content\/uploads\/2024\/12\/range-1200-png.webp 1200w\" sizes=\"(max-width: 800px) 100vw, 800px\" \/>\t\t\t\t\t\t\t\t<\/a>\n\t\t\t\t\t\t\t\t\t\t\t\t\t\t\t<\/div>\n\t\t\t\t<\/div>\n\t\t\t\t<div class=\"elementor-element elementor-element-6a96d42 elementor-widget elementor-widget-text-editor\" data-id=\"6a96d42\" data-element_type=\"widget\" data-e-type=\"widget\" data-widget_type=\"text-editor.default\">\n\t\t\t\t<div class=\"elementor-widget-container\">\n\t\t\t\t\t\t\t\t\t<p style=\"text-align: center;\">Commerci\u00eble verlichting<\/p>\n\t\t\t\t\t\t\t\t<\/div>\n\t\t\t\t<\/div>\n\t\t\t\t<div class=\"elementor-element elementor-element-7d9b89b2 elementor-widget elementor-widget-text-editor\" data-id=\"7d9b89b2\" data-element_type=\"widget\" data-e-type=\"widget\" data-widget_type=\"text-editor.default\">\n\t\t\t\t<div class=\"elementor-widget-container\">\n\t\t\t\t\t\t\t\t\t<p style=\"text-align: center;\"><a href=\"https:\/\/trojan-lighting.co.uk\/nl\/producten\/commerciele-verlichting\/\">Bekijk het assortiment<\/a><\/p>\n\t\t\t\t\t\t\t\t<\/div>\n\t\t\t\t<\/div>\n\t\t\t\t<\/div>\n\t\t\t\t<\/div>\n\t\t\t\t\t<\/div>\n\t\t\t\t<\/div>\n\t\t\t\t<\/div>\n\t\t","protected":false},"excerpt":{"rendered":"<p>Bij Trojan Lighting zijn we gespecialiseerd in hoogwaardige LED-verlichtingsoplossingen die zijn ontworpen voor commerci\u00eble, industri\u00eble en publieke projecten.<\/p>\n","protected":false},"author":5647,"featured_media":26551,"parent":0,"menu_order":0,"comment_status":"closed","ping_status":"closed","template":"","meta":{"_acf_changed":false,"footnotes":""},"categories":[],"tags":[],"class_list":["post-34299","page","type-page","status-publish","has-post-thumbnail","hentry"],"acf":[],"yoast_head":"<!-- This site is optimized with the Yoast SEO plugin v27.4 - https:\/\/yoast.com\/product\/yoast-seo-wordpress\/ -->\n<title>Trojan Lighting Solutions - een professionele fabrikant van LED-verlichting<\/title>\n<meta name=\"description\" content=\"Bij Trojan Lighting zijn we gespecialiseerd in hoogwaardige LED-verlichtingsoplossingen die zijn ontworpen voor commerci\u00eble, industri\u00eble en publieke sectorprojecten.\" \/>\n<meta name=\"robots\" content=\"index, follow, max-snippet:-1, max-image-preview:large, max-video-preview:-1\" \/>\n<link rel=\"canonical\" href=\"https:\/\/trojan-lighting.co.uk\/nl\/fabrikant-van-led-verlichting\/\" \/>\n<meta property=\"og:locale\" content=\"nl_NL\" \/>\n<meta property=\"og:type\" content=\"article\" \/>\n<meta property=\"og:title\" content=\"Trojan Lighting Solutions - een professionele fabrikant van LED-verlichting\" \/>\n<meta property=\"og:description\" content=\"Bij Trojan Lighting zijn we gespecialiseerd in hoogwaardige LED-verlichtingsoplossingen die zijn ontworpen voor commerci\u00eble, industri\u00eble en publieke sectorprojecten.\" \/>\n<meta property=\"og:url\" content=\"https:\/\/trojan-lighting.co.uk\/nl\/fabrikant-van-led-verlichting\/\" \/>\n<meta property=\"og:site_name\" content=\"Trojan Intelligente Verlichtingsoplossingen\" \/>\n<meta property=\"article:modified_time\" content=\"2025-02-12T09:29:23+00:00\" \/>\n<meta property=\"og:image\" content=\"https:\/\/trojan-lighting.co.uk\/wp-content\/uploads\/2024\/12\/brent-cross-troughs-after.webp\" \/>\n\t<meta property=\"og:image:width\" content=\"1600\" \/>\n\t<meta property=\"og:image:height\" content=\"1200\" \/>\n\t<meta property=\"og:image:type\" content=\"image\/jpeg\" \/>\n<meta name=\"twitter:card\" content=\"summary_large_image\" \/>\n<script type=\"application\/ld+json\" class=\"yoast-schema-graph\">{\"@context\":\"https:\\\/\\\/schema.org\",\"@graph\":[{\"@type\":\"WebPage\",\"@id\":\"https:\\\/\\\/trojan-lighting.co.uk\\\/nl\\\/fabrikant-van-led-verlichting\\\/\",\"url\":\"https:\\\/\\\/trojan-lighting.co.uk\\\/nl\\\/fabrikant-van-led-verlichting\\\/\",\"name\":\"Trojan Lighting Solutions - een professionele fabrikant van LED-verlichting\",\"isPartOf\":{\"@id\":\"https:\\\/\\\/trojan-lighting.co.uk\\\/#website\"},\"primaryImageOfPage\":{\"@id\":\"https:\\\/\\\/trojan-lighting.co.uk\\\/nl\\\/fabrikant-van-led-verlichting\\\/#primaryimage\"},\"image\":{\"@id\":\"https:\\\/\\\/trojan-lighting.co.uk\\\/nl\\\/fabrikant-van-led-verlichting\\\/#primaryimage\"},\"thumbnailUrl\":\"https:\\\/\\\/trojan-lighting.co.uk\\\/wp-content\\\/uploads\\\/2024\\\/12\\\/brent-cross-troughs-after.webp\",\"datePublished\":\"2025-02-12T09:14:39+00:00\",\"dateModified\":\"2025-02-12T09:29:23+00:00\",\"description\":\"Bij Trojan Lighting zijn we gespecialiseerd in hoogwaardige LED-verlichtingsoplossingen die zijn ontworpen voor commerci\u00eble, industri\u00eble en publieke sectorprojecten.\",\"breadcrumb\":{\"@id\":\"https:\\\/\\\/trojan-lighting.co.uk\\\/nl\\\/fabrikant-van-led-verlichting\\\/#breadcrumb\"},\"inLanguage\":\"nl-NL\",\"potentialAction\":[{\"@type\":\"ReadAction\",\"target\":[\"https:\\\/\\\/trojan-lighting.co.uk\\\/nl\\\/fabrikant-van-led-verlichting\\\/\"]}]},{\"@type\":\"ImageObject\",\"inLanguage\":\"nl-NL\",\"@id\":\"https:\\\/\\\/trojan-lighting.co.uk\\\/nl\\\/fabrikant-van-led-verlichting\\\/#primaryimage\",\"url\":\"https:\\\/\\\/trojan-lighting.co.uk\\\/wp-content\\\/uploads\\\/2024\\\/12\\\/brent-cross-troughs-after.webp\",\"contentUrl\":\"https:\\\/\\\/trojan-lighting.co.uk\\\/wp-content\\\/uploads\\\/2024\\\/12\\\/brent-cross-troughs-after.webp\",\"width\":1600,\"height\":1200,\"caption\":\"New Brent Cross lighting\"},{\"@type\":\"BreadcrumbList\",\"@id\":\"https:\\\/\\\/trojan-lighting.co.uk\\\/nl\\\/fabrikant-van-led-verlichting\\\/#breadcrumb\",\"itemListElement\":[{\"@type\":\"ListItem\",\"position\":1,\"name\":\"Home\",\"item\":\"https:\\\/\\\/trojan-lighting.co.uk\\\/nl\\\/home\\\/\"},{\"@type\":\"ListItem\",\"position\":2,\"name\":\"Fabrikant van LED-verlichting\"}]},{\"@type\":\"WebSite\",\"@id\":\"https:\\\/\\\/trojan-lighting.co.uk\\\/#website\",\"url\":\"https:\\\/\\\/trojan-lighting.co.uk\\\/\",\"name\":\"Trojan Intelligente Verlichtingsoplossingen\",\"description\":\"In de voorhoede van verlichtingsoplossingen\",\"publisher\":{\"@id\":\"https:\\\/\\\/trojan-lighting.co.uk\\\/#organization\"},\"potentialAction\":[{\"@type\":\"SearchAction\",\"target\":{\"@type\":\"EntryPoint\",\"urlTemplate\":\"https:\\\/\\\/trojan-lighting.co.uk\\\/?s={search_term_string}\"},\"query-input\":{\"@type\":\"PropertyValueSpecification\",\"valueRequired\":true,\"valueName\":\"search_term_string\"}}],\"inLanguage\":\"nl-NL\"},{\"@type\":\"Organization\",\"@id\":\"https:\\\/\\\/trojan-lighting.co.uk\\\/#organization\",\"name\":\"Trojaanse Verlichting\",\"url\":\"https:\\\/\\\/trojan-lighting.co.uk\\\/\",\"logo\":{\"@type\":\"ImageObject\",\"inLanguage\":\"nl-NL\",\"@id\":\"https:\\\/\\\/trojan-lighting.co.uk\\\/#\\\/schema\\\/logo\\\/image\\\/\",\"url\":\"https:\\\/\\\/trojan-lighting.co.uk\\\/wp-content\\\/uploads\\\/2023\\\/03\\\/trojan_2-02-favicon-png.webp\",\"contentUrl\":\"https:\\\/\\\/trojan-lighting.co.uk\\\/wp-content\\\/uploads\\\/2023\\\/03\\\/trojan_2-02-favicon-png.webp\",\"width\":780,\"height\":780,\"caption\":\"Trojaanse Verlichting\"},\"image\":{\"@id\":\"https:\\\/\\\/trojan-lighting.co.uk\\\/#\\\/schema\\\/logo\\\/image\\\/\"},\"sameAs\":[\"https:\\\/\\\/www.linkedin.com\\\/company\\\/trojan-lighting-solutions-limited\\\/\"]}]}<\/script>\n<!-- \/ Yoast SEO plugin. -->","yoast_head_json":{"title":"Trojan Lighting Solutions - een professionele fabrikant van LED-verlichting","description":"Bij Trojan Lighting zijn we gespecialiseerd in hoogwaardige LED-verlichtingsoplossingen die zijn ontworpen voor commerci\u00eble, industri\u00eble en publieke sectorprojecten.","robots":{"index":"index","follow":"follow","max-snippet":"max-snippet:-1","max-image-preview":"max-image-preview:large","max-video-preview":"max-video-preview:-1"},"canonical":"https:\/\/trojan-lighting.co.uk\/nl\/fabrikant-van-led-verlichting\/","og_locale":"nl_NL","og_type":"article","og_title":"Trojan Lighting Solutions - een professionele fabrikant van LED-verlichting","og_description":"Bij Trojan Lighting zijn we gespecialiseerd in hoogwaardige LED-verlichtingsoplossingen die zijn ontworpen voor commerci\u00eble, industri\u00eble en publieke sectorprojecten.","og_url":"https:\/\/trojan-lighting.co.uk\/nl\/fabrikant-van-led-verlichting\/","og_site_name":"Trojan Intelligente Verlichtingsoplossingen","article_modified_time":"2025-02-12T09:29:23+00:00","og_image":[{"width":1600,"height":1200,"url":"https:\/\/trojan-lighting.co.uk\/wp-content\/uploads\/2024\/12\/brent-cross-troughs-after.webp","type":"image\/jpeg"}],"twitter_card":"summary_large_image","schema":{"@context":"https:\/\/schema.org","@graph":[{"@type":"WebPage","@id":"https:\/\/trojan-lighting.co.uk\/nl\/fabrikant-van-led-verlichting\/","url":"https:\/\/trojan-lighting.co.uk\/nl\/fabrikant-van-led-verlichting\/","name":"Trojan Lighting Solutions - een professionele fabrikant van LED-verlichting","isPartOf":{"@id":"https:\/\/trojan-lighting.co.uk\/#website"},"primaryImageOfPage":{"@id":"https:\/\/trojan-lighting.co.uk\/nl\/fabrikant-van-led-verlichting\/#primaryimage"},"image":{"@id":"https:\/\/trojan-lighting.co.uk\/nl\/fabrikant-van-led-verlichting\/#primaryimage"},"thumbnailUrl":"https:\/\/trojan-lighting.co.uk\/wp-content\/uploads\/2024\/12\/brent-cross-troughs-after.webp","datePublished":"2025-02-12T09:14:39+00:00","dateModified":"2025-02-12T09:29:23+00:00","description":"Bij Trojan Lighting zijn we gespecialiseerd in hoogwaardige LED-verlichtingsoplossingen die zijn ontworpen voor commerci\u00eble, industri\u00eble en publieke sectorprojecten.","breadcrumb":{"@id":"https:\/\/trojan-lighting.co.uk\/nl\/fabrikant-van-led-verlichting\/#breadcrumb"},"inLanguage":"nl-NL","potentialAction":[{"@type":"ReadAction","target":["https:\/\/trojan-lighting.co.uk\/nl\/fabrikant-van-led-verlichting\/"]}]},{"@type":"ImageObject","inLanguage":"nl-NL","@id":"https:\/\/trojan-lighting.co.uk\/nl\/fabrikant-van-led-verlichting\/#primaryimage","url":"https:\/\/trojan-lighting.co.uk\/wp-content\/uploads\/2024\/12\/brent-cross-troughs-after.webp","contentUrl":"https:\/\/trojan-lighting.co.uk\/wp-content\/uploads\/2024\/12\/brent-cross-troughs-after.webp","width":1600,"height":1200,"caption":"New Brent Cross lighting"},{"@type":"BreadcrumbList","@id":"https:\/\/trojan-lighting.co.uk\/nl\/fabrikant-van-led-verlichting\/#breadcrumb","itemListElement":[{"@type":"ListItem","position":1,"name":"Home","item":"https:\/\/trojan-lighting.co.uk\/nl\/home\/"},{"@type":"ListItem","position":2,"name":"Fabrikant van LED-verlichting"}]},{"@type":"WebSite","@id":"https:\/\/trojan-lighting.co.uk\/#website","url":"https:\/\/trojan-lighting.co.uk\/","name":"Trojan Intelligente Verlichtingsoplossingen","description":"In de voorhoede van verlichtingsoplossingen","publisher":{"@id":"https:\/\/trojan-lighting.co.uk\/#organization"},"potentialAction":[{"@type":"SearchAction","target":{"@type":"EntryPoint","urlTemplate":"https:\/\/trojan-lighting.co.uk\/?s={search_term_string}"},"query-input":{"@type":"PropertyValueSpecification","valueRequired":true,"valueName":"search_term_string"}}],"inLanguage":"nl-NL"},{"@type":"Organization","@id":"https:\/\/trojan-lighting.co.uk\/#organization","name":"Trojaanse Verlichting","url":"https:\/\/trojan-lighting.co.uk\/","logo":{"@type":"ImageObject","inLanguage":"nl-NL","@id":"https:\/\/trojan-lighting.co.uk\/#\/schema\/logo\/image\/","url":"https:\/\/trojan-lighting.co.uk\/wp-content\/uploads\/2023\/03\/trojan_2-02-favicon-png.webp","contentUrl":"https:\/\/trojan-lighting.co.uk\/wp-content\/uploads\/2023\/03\/trojan_2-02-favicon-png.webp","width":780,"height":780,"caption":"Trojaanse Verlichting"},"image":{"@id":"https:\/\/trojan-lighting.co.uk\/#\/schema\/logo\/image\/"},"sameAs":["https:\/\/www.linkedin.com\/company\/trojan-lighting-solutions-limited\/"]}]}},"_links":{"self":[{"href":"https:\/\/trojan-lighting.co.uk\/nl\/wp-json\/wp\/v2\/pages\/34299","targetHints":{"allow":["GET"]}}],"collection":[{"href":"https:\/\/trojan-lighting.co.uk\/nl\/wp-json\/wp\/v2\/pages"}],"about":[{"href":"https:\/\/trojan-lighting.co.uk\/nl\/wp-json\/wp\/v2\/types\/page"}],"author":[{"embeddable":true,"href":"https:\/\/trojan-lighting.co.uk\/nl\/wp-json\/wp\/v2\/users\/5647"}],"replies":[{"embeddable":true,"href":"https:\/\/trojan-lighting.co.uk\/nl\/wp-json\/wp\/v2\/comments?post=34299"}],"version-history":[{"count":0,"href":"https:\/\/trojan-lighting.co.uk\/nl\/wp-json\/wp\/v2\/pages\/34299\/revisions"}],"wp:featuredmedia":[{"embeddable":true,"href":"https:\/\/trojan-lighting.co.uk\/nl\/wp-json\/wp\/v2\/media\/26551"}],"wp:attachment":[{"href":"https:\/\/trojan-lighting.co.uk\/nl\/wp-json\/wp\/v2\/media?parent=34299"}],"wp:term":[{"taxonomy":"category","embeddable":true,"href":"https:\/\/trojan-lighting.co.uk\/nl\/wp-json\/wp\/v2\/categories?post=34299"},{"taxonomy":"post_tag","embeddable":true,"href":"https:\/\/trojan-lighting.co.uk\/nl\/wp-json\/wp\/v2\/tags?post=34299"}],"curies":[{"name":"wp","href":"https:\/\/api.w.org\/{rel}","templated":true}]}}